{"id":2416,"date":"2026-02-02T15:28:55","date_gmt":"2026-02-02T15:28:55","guid":{"rendered":"https:\/\/apimondia.org\/?page_id=2416"},"modified":"2026-02-02T15:33:21","modified_gmt":"2026-02-02T15:33:21","slug":"terms-and-conditions","status":"publish","type":"page","link":"https:\/\/apimondia.org\/esp\/terms-and-conditions\/","title":{"rendered":"Condiciones generales"},"content":{"rendered":"<p><em>\u00daltima actualizaci\u00f3n: 2.2.2026<\/em><\/p>\n\n\n\n<h2 class=\"wp-block-heading\" style=\"font-size:22px\">1. Introducci\u00f3n<\/h2>\n\n\n\n<p>Las presentes Condiciones Generales regulan el acceso y el uso del sitio web gestionado por <strong>Apimondia - Federaci\u00f3n Internacional de Asociaciones de Apicultores<\/strong> (\u201cApimondia\u201d, \u201cnosotros\u201d, \u201cnuestro\u201d, \u201cnos\u201d).<\/p>\n\n\n\n<p>Al acceder o utilizar este sitio web, usted acepta quedar vinculado por las presentes Condiciones Generales. Si no est\u00e1 de acuerdo, abst\u00e9ngase de utilizar el sitio web.<\/p>\n\n\n\n<h2 class=\"wp-block-heading\" style=\"font-size:22px\">2. Acerca de Apimondia<\/h2>\n\n\n\n<p>Apimondia es una organizaci\u00f3n internacional sin \u00e1nimo de lucro que facilita el intercambio de informaci\u00f3n y el di\u00e1logo en el sector ap\u00edcola mundial.<\/p>\n\n\n\n<p>Sus actividades incluyen la organizaci\u00f3n de congresos y simposios internacionales y la representaci\u00f3n de las organizaciones ap\u00edcolas mediante publicaciones y actividades de promoci\u00f3n.<\/p>\n\n\n\n<p>M\u00e1s informaci\u00f3n en:<br><a href=\"https:\/\/apimondia.org\/esp\/about\/\">https:\/\/apimondia.org\/about<\/a><\/p>\n\n\n\n<h2 class=\"wp-block-heading\" style=\"font-size:22px\">3. Uso del sitio web<\/h2>\n\n\n\n<p>El sitio web s\u00f3lo puede utilizarse con fines l\u00edcitos y de forma coherente con sus objetivos informativos y educativos.<\/p>\n\n\n\n<p>Los usuarios se comprometen a no:<\/p>\n\n\n\n<ul class=\"wp-block-list\">\n<li>utilizar indebidamente el sitio web o su contenido,<\/li>\n\n\n\n<li>interferir en su funcionamiento t\u00e9cnico o en su seguridad,<\/li>\n\n\n\n<li>intentar acceder sin autorizaci\u00f3n a las zonas administrativas,<\/li>\n\n\n\n<li>utilizar el sitio web de forma que infrinja las leyes o normativas aplicables.<\/li>\n<\/ul>\n\n\n\n<h2 class=\"wp-block-heading\" style=\"font-size:22px\">4. Contenido y propiedad intelectual<\/h2>\n\n\n\n<p>Salvo que se indique lo contrario, todos los contenidos publicados en este sitio web -incluidos textos, documentos, im\u00e1genes, gr\u00e1ficos, logotipos y publicaciones- son propiedad de <strong>propiedad de Apimondia o se utiliza bajo licencia v\u00e1lida<\/strong> y est\u00e1 protegido por derechos de autor y otras leyes de propiedad intelectual.<\/p>\n\n\n\n<p>Se facilitan contenidos y documentos para <strong>s\u00f3lo con fines informativos y educativos<\/strong>.<br>Se permite compartir sin fines comerciales <strong>con la debida atribuci\u00f3n a Apimondia<\/strong>, salvo que se indique lo contrario.<br>Cualquier uso comercial, reproducci\u00f3n, distribuci\u00f3n o modificaci\u00f3n de contenidos requiere <strong>permiso previo por escrito<\/strong> de Apimondia.<\/p>\n\n\n\n<h2 class=\"wp-block-heading\" style=\"font-size:22px\">5. Afiliaci\u00f3n<\/h2>\n\n\n\n<p>Las solicitudes de adhesi\u00f3n pueden presentarse a trav\u00e9s del sitio web.<\/p>\n\n\n\n<ul class=\"wp-block-list\">\n<li>La presentaci\u00f3n de una solicitud de afiliaci\u00f3n no implica su aceptaci\u00f3n.<\/li>\n\n\n\n<li>La aprobaci\u00f3n de la afiliaci\u00f3n se gestiona manualmente y est\u00e1 sujeta a los estatutos y reglamentos internos de Apimondia.<\/li>\n\n\n\n<li>Las cuotas de afiliaci\u00f3n, en su caso, no se tramitan a trav\u00e9s de este sitio web.<\/li>\n<\/ul>\n\n\n\n<p>Los derechos y obligaciones de los afiliados se rigen por documentos internos independientes y no est\u00e1n regulados por las presentes Condiciones Generales.<\/p>\n\n\n\n<h2 class=\"wp-block-heading\" style=\"font-size:22px\">6. Bolet\u00edn y comunicaciones<\/h2>\n\n\n\n<p>Los usuarios pueden suscribirse voluntariamente a boletines o comunicaciones informativas.<\/p>\n\n\n\n<p>El consentimiento puede retirarse en cualquier momento utilizando el enlace para darse de baja incluido en las comunicaciones o poni\u00e9ndose en contacto directamente con Apimondia.<\/p>\n\n\n\n<h2 class=\"wp-block-heading\" style=\"font-size:22px\">7. Enlaces externos<\/h2>\n\n\n\n<p>Este sitio web puede contener enlaces a sitios web de terceros con fines informativos.<\/p>\n\n\n\n<p>Apimondia no controla ni es responsable del contenido, exactitud o pr\u00e1cticas de los sitios web externos. El acceso a dichos sitios web se realiza por cuenta y riesgo del usuario.<\/p>\n\n\n\n<h2 class=\"wp-block-heading\" style=\"font-size:22px\">8. 8. Exenci\u00f3n de responsabilidad<\/h2>\n\n\n\n<p>La informaci\u00f3n publicada en este sitio web se facilita de buena fe y \u00fanicamente con fines informativos generales.<\/p>\n\n\n\n<p>Apimondia no garantiza la integridad, exactitud o fiabilidad de los contenidos y no se hace responsable de las acciones o decisiones tomadas a partir de la informaci\u00f3n publicada en este sitio web.<\/p>\n\n\n\n<h2 class=\"wp-block-heading\" style=\"font-size:22px\">9. Disponibilidad y cambios<\/h2>\n\n\n\n<p>Apimondia se reserva el derecho a modificar, actualizar o eliminar el contenido del sitio web en cualquier momento y a restringir o suspender el acceso por motivos t\u00e9cnicos u organizativos.<\/p>\n\n\n\n<p>No se garantiza que el sitio web est\u00e9 disponible sin interrupciones.<\/p>\n\n\n\n<h2 class=\"wp-block-heading\" style=\"font-size:22px\">10. Privacidad y cookies<\/h2>\n\n\n\n<p>El tratamiento de datos personales se rige por la pol\u00edtica de privacidad de Apimondia. <strong>Pol\u00edtica de privacidad<\/strong>.<br>La informaci\u00f3n relativa al uso de cookies se facilita en el <strong>Pol\u00edtica de cookies<\/strong>.<\/p>\n\n\n\n<p>Al utilizar este sitio web, usted reconoce y acepta estas pol\u00edticas.<\/p>\n\n\n\n<h2 class=\"wp-block-heading\" style=\"font-size:22px\">11. Ley aplicable y jurisdicci\u00f3n<\/h2>\n\n\n\n<p>Las presentes Condiciones Generales se rigen por la legislaci\u00f3n de <strong>Italia<\/strong>.<\/p>\n\n\n\n<p>Cualquier litigio derivado o relacionado con el uso de este sitio web se someter\u00e1 a la jurisdicci\u00f3n exclusiva del <strong>tribunales de Roma, Italia<\/strong>.<\/p>\n\n\n\n<h2 class=\"wp-block-heading\" style=\"font-size:22px\">12. Contacto<\/h2>\n\n\n\n<p>Si tiene alguna pregunta sobre estas Condiciones Generales, p\u00f3ngase en contacto con:<br><strong><a>info@apimondia.org<\/a><\/strong><\/p>\n\n\n\n<p><\/p>","protected":false},"excerpt":{"rendered":"<p>Last updated: 2.2.2026 1. Introduction These Terms &amp; Conditions govern access to and use of the website operated by Apimondia \u2013 International Federation of Beekeepers\u2019 Associations (\u201cApimondia\u201d, \u201cwe\u201d, \u201cour\u201d, \u201cus\u201d). By accessing or using this website, you agree to be bound by these Terms &amp; Conditions. If you do not agree, please refrain from using [&hellip;]<\/p>\n","protected":false},"author":2,"featured_media":0,"parent":0,"menu_order":0,"comment_status":"closed","ping_status":"closed","template":"","meta":{"footnotes":""},"class_list":["post-2416","page","type-page","status-publish","hentry"],"aioseo_notices":[],"_links":{"self":[{"href":"https:\/\/apimondia.org\/esp\/wp-json\/wp\/v2\/pages\/2416","targetHints":{"allow":["GET"]}}],"collection":[{"href":"https:\/\/apimondia.org\/esp\/wp-json\/wp\/v2\/pages"}],"about":[{"href":"https:\/\/apimondia.org\/esp\/wp-json\/wp\/v2\/types\/page"}],"author":[{"embeddable":true,"href":"https:\/\/apimondia.org\/esp\/wp-json\/wp\/v2\/users\/2"}],"replies":[{"embeddable":true,"href":"https:\/\/apimondia.org\/esp\/wp-json\/wp\/v2\/comments?post=2416"}],"version-history":[{"count":2,"href":"https:\/\/apimondia.org\/esp\/wp-json\/wp\/v2\/pages\/2416\/revisions"}],"predecessor-version":[{"id":2419,"href":"https:\/\/apimondia.org\/esp\/wp-json\/wp\/v2\/pages\/2416\/revisions\/2419"}],"wp:attachment":[{"href":"https:\/\/apimondia.org\/esp\/wp-json\/wp\/v2\/media?parent=2416"}],"curies":[{"name":"wp","href":"https:\/\/api.w.org\/{rel}","templated":true}]}}