{"id":3,"date":"2025-10-22T08:17:17","date_gmt":"2025-10-22T08:17:17","guid":{"rendered":"https:\/\/apimondia.org\/?page_id=3"},"modified":"2026-02-02T15:34:52","modified_gmt":"2026-02-02T15:34:52","slug":"privacy-policy","status":"publish","type":"page","link":"https:\/\/apimondia.org\/esp\/privacy-policy\/","title":{"rendered":"Pol\u00edtica de privacidad"},"content":{"rendered":"<p><em>\u00daltima actualizaci\u00f3n: 2.2.2026<\/em><\/p>\n\n\n\n<h2 class=\"wp-block-heading\" style=\"font-size:22px\">1. Introducci\u00f3n<\/h2>\n\n\n\n<p>Apimondia - Federaci\u00f3n Internacional de Asociaciones de Apicultores (\u2019Apimondia\u201c, \u201dnosotros\u201c, \u201dnuestro\u201c, \u201dnos\u201c) respeta su privacidad y se compromete a proteger sus datos personales.<\/p>\n\n\n\n<p>Esta Pol\u00edtica de privacidad explica c\u00f3mo recogemos, utilizamos, almacenamos y protegemos la informaci\u00f3n personal cuando visita nuestro sitio web o interact\u00faa con nosotros a trav\u00e9s de nuestros servicios en l\u00ednea.<\/p>\n\n\n\n<p>Apimondia opera a escala internacional y trata los datos personales de conformidad con la <strong>Reglamento general de protecci\u00f3n de datos de la UE (RGPD)<\/strong> y otras leyes de protecci\u00f3n de datos aplicables.<\/p>\n\n\n\n<h2 class=\"wp-block-heading\" style=\"font-size:22px\">2. Controlador de datos<\/h2>\n\n\n\n<p><strong>Apimondia - Federaci\u00f3n Internacional de Asociaciones de Apicultores<\/strong><br>Corso Vittorio Emanuele 101<br>I-00186 Roma, Italia<\/p>\n\n\n\n<p>Correo electr\u00f3nico: <strong><a>info@apimondia.org<\/a><\/strong><\/p>\n\n\n\n<p>Esta direcci\u00f3n de contacto tambi\u00e9n sirve como punto de contacto para todos los asuntos relacionados con la privacidad y la protecci\u00f3n de datos.<\/p>\n\n\n\n<h2 class=\"wp-block-heading\" style=\"font-size:22px\">3. Datos personales que recopilamos<\/h2>\n\n\n\n<p>Podemos recoger y tratar las siguientes categor\u00edas de datos personales:<\/p>\n\n\n\n<h3 class=\"wp-block-heading\" style=\"font-size:20px\">a) Formularios de contacto<\/h3>\n\n\n\n<p>Cuando se pone en contacto con nosotros a trav\u00e9s del sitio web, podemos recopilar:<\/p>\n\n\n\n<ul class=\"wp-block-list\">\n<li>Nombre y apellidos<\/li>\n\n\n\n<li>Direcci\u00f3n de correo electr\u00f3nico<\/li>\n\n\n\n<li>Pa\u00eds<\/li>\n\n\n\n<li>Contenido del mensaje<\/li>\n<\/ul>\n\n\n\n<h3 class=\"wp-block-heading\" style=\"font-size:20px\">b) Solicitudes de afiliaci\u00f3n (\u201cAfiliarse\u201d)<\/h3>\n\n\n\n<p>Al solicitar la afiliaci\u00f3n, podemos recopilar:<\/p>\n\n\n\n<ul class=\"wp-block-list\">\n<li>Nombre y apellidos<\/li>\n\n\n\n<li>Direcci\u00f3n de correo electr\u00f3nico<\/li>\n\n\n\n<li>N\u00famero de tel\u00e9fono<\/li>\n\n\n\n<li>Nombre de la organizaci\u00f3n<\/li>\n\n\n\n<li>N\u00famero de miembros de la organizaci\u00f3n<\/li>\n\n\n\n<li>Tipo de afiliaci\u00f3n<\/li>\n<\/ul>\n\n\n\n<h3 class=\"wp-block-heading\" style=\"font-size:20px\">c) Suscripci\u00f3n al bolet\u00edn<\/h3>\n\n\n\n<p>Al suscribirse a nuestro bolet\u00edn de noticias, recopilamos:<\/p>\n\n\n\n<ul class=\"wp-block-list\">\n<li>Direcci\u00f3n de correo electr\u00f3nico<\/li>\n<\/ul>\n\n\n\n<p>El suministro de datos personales es voluntario pero necesario para que podamos responder a las consultas, tramitar las solicitudes de afiliaci\u00f3n o enviar boletines informativos.<\/p>\n\n\n\n<h2 class=\"wp-block-heading\" style=\"font-size:22px\">4. Finalidad y fundamento jur\u00eddico del tratamiento<\/h2>\n\n\n\n<p>Los datos personales se tratan con los siguientes fines<\/p>\n\n\n\n<ul class=\"wp-block-list\">\n<li>Respuesta a consultas y comunicaciones<\/li>\n\n\n\n<li>Tramitaci\u00f3n de las solicitudes de afiliaci\u00f3n<\/li>\n\n\n\n<li>Gesti\u00f3n de las comunicaciones con los afiliados y las partes interesadas<\/li>\n\n\n\n<li>Env\u00edo de boletines y actualizaciones informativas (cuando se haya dado el consentimiento)<\/li>\n\n\n\n<li>Garantizar el correcto funcionamiento t\u00e9cnico del sitio web<\/li>\n<\/ul>\n\n\n\n<p>Los fundamentos jur\u00eddicos del tratamiento son<\/p>\n\n\n\n<ul class=\"wp-block-list\">\n<li><strong>Consentimiento<\/strong> (Art\u00edculo 6, apartado 1, letra a) del RGPD)<\/li>\n\n\n\n<li><strong>Intereses leg\u00edtimos<\/strong> (art\u00edculo 6, apartado 1, letra f) del RGPD), como la comunicaci\u00f3n organizativa y la administraci\u00f3n de sitios web<\/li>\n\n\n\n<li><strong>Necesidad contractual<\/strong> (art\u00edculo 6, apartado 1, letra b) del RGPD), cuando proceda en relaci\u00f3n con asuntos de afiliaci\u00f3n<\/li>\n<\/ul>\n\n\n\n<h2 class=\"wp-block-heading\" style=\"font-size:22px\">5. Cookies<\/h2>\n\n\n\n<p>Nuestro sitio web utiliza cookies que son <strong>estrictamente necesario<\/strong> para el buen funcionamiento y la seguridad del sitio web.<\/p>\n\n\n\n<p>Se implementa una soluci\u00f3n de consentimiento de cookies para informar a los usuarios sobre el uso de cookies y gestionar las preferencias de acuerdo con la normativa aplicable sobre protecci\u00f3n de datos.<\/p>\n\n\n\n<p>En este momento:<\/p>\n\n\n\n<ul class=\"wp-block-list\">\n<li>s\u00f3lo <strong>galletas esenciales<\/strong> se utilizan,<\/li>\n\n\n\n<li>no hay cookies anal\u00edticas o de marketing activas,<\/li>\n\n\n\n<li>no se utilizan cookies con fines de seguimiento o elaboraci\u00f3n de perfiles.<\/li>\n<\/ul>\n\n\n\n<p>Encontrar\u00e1 informaci\u00f3n detallada sobre las cookies utilizadas en este sitio web en nuestro <strong>Pol\u00edtica de cookies<\/strong>, accesible en:<br><a href=\"https:\/\/apimondia.org\/esp\/cookie-policy-eu\/\">https:\/\/apimondia.org\/cookie-policy-eu\/<\/a><\/p>\n\n\n\n<p>Los usuarios pueden gestionar sus preferencias de cookies en cualquier momento a trav\u00e9s de la interfaz de configuraci\u00f3n de cookies.<\/p>\n\n\n\n<h2 class=\"wp-block-heading\" style=\"font-size:22px\">6. Intercambio de datos y terceros<\/h2>\n\n\n\n<p>Apimondia hace <strong>no vender, alquilar ni comerciar con datos personales<\/strong>.<\/p>\n\n\n\n<p>Los datos personales pueden ser accesibles a proveedores de servicios de confianza \u00fanicamente con fines t\u00e9cnicos y operativos, como:<\/p>\n\n\n\n<ul class=\"wp-block-list\">\n<li>proveedores de alojamiento de sitios web,<\/li>\n\n\n\n<li>proveedores de servicios de correo electr\u00f3nico.<\/li>\n<\/ul>\n\n\n\n<p>Dichos proveedores procesan los datos personales \u00fanicamente bajo nuestras instrucciones y en cumplimiento de la legislaci\u00f3n aplicable en materia de protecci\u00f3n de datos.<\/p>\n\n\n\n<h2 class=\"wp-block-heading\" style=\"font-size:22px\">7. Transferencias internacionales de datos<\/h2>\n\n\n\n<p>Como organizaci\u00f3n internacional, es posible que algunos datos personales se procesen o se acceda a ellos fuera de la Uni\u00f3n Europea.<\/p>\n\n\n\n<p>Cuando procede, se aplican las salvaguardias adecuadas para garantizar que dichas transferencias cumplen los requisitos del RGPD y que los datos personales siguen estando adecuadamente protegidos.<\/p>\n\n\n\n<h2 class=\"wp-block-heading\" style=\"font-size:22px\">8. Conservaci\u00f3n de datos<\/h2>\n\n\n\n<p>Los datos personales s\u00f3lo se conservan durante el tiempo necesario para cumplir los fines para los que fueron recogidos, a menos que la ley exija o permita un periodo de conservaci\u00f3n m\u00e1s largo.<\/p>\n\n\n\n<h2 class=\"wp-block-heading\" style=\"font-size:22px\">9. Sus derechos<\/h2>\n\n\n\n<p>En virtud del GDPR, usted tiene derecho a:<\/p>\n\n\n\n<ul class=\"wp-block-list\">\n<li>acceder a sus datos personales,<\/li>\n\n\n\n<li>solicitar la correcci\u00f3n de datos inexactos o incompletos,<\/li>\n\n\n\n<li>solicitar la supresi\u00f3n de sus datos personales,<\/li>\n\n\n\n<li>restringir u oponerse al tratamiento,<\/li>\n\n\n\n<li>retirar el consentimiento en cualquier momento,<\/li>\n\n\n\n<li>solicitar la portabilidad de los datos.<\/li>\n<\/ul>\n\n\n\n<p>Las solicitudes pueden enviarse a <strong><a>info@apimondia.org<\/a><\/strong><\/p>\n\n\n\n<h2 class=\"wp-block-heading\" style=\"font-size:22px\">10. Seguridad de los datos<\/h2>\n\n\n\n<p>Aplicamos medidas t\u00e9cnicas y organizativas adecuadas para proteger los datos personales contra el acceso no autorizado, la p\u00e9rdida, el uso indebido o la alteraci\u00f3n.<\/p>\n\n\n\n<h2 class=\"wp-block-heading\" style=\"font-size:22px\">11. Cambios en esta pol\u00edtica de privacidad<\/h2>\n\n\n\n<p>Apimondia se reserva el derecho de actualizar esta Pol\u00edtica de Privacidad cuando sea necesario para reflejar cambios legales, t\u00e9cnicos u organizativos.<\/p>\n\n\n\n<p>Cualquier actualizaci\u00f3n se publicar\u00e1 en esta p\u00e1gina con una fecha revisada de \u201c\u00daltima actualizaci\u00f3n\u201d.<\/p>\n\n\n\n<h2 class=\"wp-block-heading\" style=\"font-size:22px\">12. Contacto<\/h2>\n\n\n\n<p>Para cualquier pregunta relativa a esta Pol\u00edtica de Privacidad o al tratamiento de datos personales, p\u00f3ngase en contacto con<br><strong><a>info@apimondia.org<\/a><\/strong><\/p>","protected":false},"excerpt":{"rendered":"<p>Last updated: 2.2.2026 1. Introduction Apimondia \u2013 International Federation of Beekeepers\u2019 Associations (\u201cApimondia\u201d, \u201cwe\u201d, \u201cour\u201d, \u201cus\u201d) respects your privacy and is committed to protecting your personal data. This Privacy Policy explains how we collect, use, store and protect personal information when you visit our website or interact with us through our online services. Apimondia operates [&hellip;]<\/p>\n","protected":false},"author":1,"featured_media":0,"parent":0,"menu_order":0,"comment_status":"closed","ping_status":"open","template":"","meta":{"footnotes":""},"class_list":["post-3","page","type-page","status-publish","hentry"],"aioseo_notices":[],"_links":{"self":[{"href":"https:\/\/apimondia.org\/esp\/wp-json\/wp\/v2\/pages\/3","targetHints":{"allow":["GET"]}}],"collection":[{"href":"https:\/\/apimondia.org\/esp\/wp-json\/wp\/v2\/pages"}],"about":[{"href":"https:\/\/apimondia.org\/esp\/wp-json\/wp\/v2\/types\/page"}],"author":[{"embeddable":true,"href":"https:\/\/apimondia.org\/esp\/wp-json\/wp\/v2\/users\/1"}],"replies":[{"embeddable":true,"href":"https:\/\/apimondia.org\/esp\/wp-json\/wp\/v2\/comments?post=3"}],"version-history":[{"count":3,"href":"https:\/\/apimondia.org\/esp\/wp-json\/wp\/v2\/pages\/3\/revisions"}],"predecessor-version":[{"id":2421,"href":"https:\/\/apimondia.org\/esp\/wp-json\/wp\/v2\/pages\/3\/revisions\/2421"}],"wp:attachment":[{"href":"https:\/\/apimondia.org\/esp\/wp-json\/wp\/v2\/media?parent=3"}],"curies":[{"name":"wp","href":"https:\/\/api.w.org\/{rel}","templated":true}]}}