{"id":9,"date":"2025-10-22T08:40:03","date_gmt":"2025-10-22T08:40:03","guid":{"rendered":"https:\/\/apimondia.org\/?page_id=9"},"modified":"2026-02-04T23:59:28","modified_gmt":"2026-02-04T23:59:28","slug":"congresses","status":"publish","type":"page","link":"https:\/\/apimondia.org\/esp\/events\/congresses\/","title":{"rendered":"Congresos"},"content":{"rendered":"<div data-elementor-type=\"wp-page\" data-elementor-id=\"9\" class=\"elementor elementor-9\" data-elementor-post-type=\"page\">\n\t\t\t\t<div class=\"elementor-element elementor-element-85fb196 e-flex e-con-boxed e-con e-parent\" data-id=\"85fb196\" data-element_type=\"container\" data-e-type=\"container\">\n\t\t\t\t\t<div class=\"e-con-inner\">\n\t\t\t\t<div class=\"elementor-element elementor-element-9fcde3d elementor-widget elementor-widget-heading\" data-id=\"9fcde3d\" data-element_type=\"widget\" data-e-type=\"widget\" data-widget_type=\"heading.default\">\n\t\t\t\t\t<h1 class=\"elementor-heading-title elementor-size-default\">Congresos internacionales Apimondia<\/h1>\t\t\t\t<\/div>\n\t\t\t\t<div class=\"elementor-element elementor-element-5694855 elementor-widget-divider--view-line elementor-widget elementor-widget-divider\" data-id=\"5694855\" data-element_type=\"widget\" data-e-type=\"widget\" data-widget_type=\"divider.default\">\n\t\t\t\t\t\t\t<div class=\"elementor-divider\">\n\t\t\t<span class=\"elementor-divider-separator\">\n\t\t\t\t\t\t<\/span>\n\t\t<\/div>\n\t\t\t\t\t\t<\/div>\n\t\t\t\t<div class=\"elementor-element elementor-element-ff734e0 elementor-widget elementor-widget-text-editor\" data-id=\"ff734e0\" data-element_type=\"widget\" data-e-type=\"widget\" data-widget_type=\"text-editor.default\">\n\t\t\t\t\t\t\t\t\t<p class=\"paragraph\">Uno de nuestros principales objetivos es facilitar el intercambio de informaci\u00f3n y los debates mediante la organizaci\u00f3n de Congresos y Simposios, en los que apicultores, cient\u00edficos, comerciantes de miel, agentes de desarrollo, t\u00e9cnicos y legisladores se re\u00fanen para escuchar, debatir y aprender unos de otros.<\/p><p class=\"paragraph\"><strong>50\u00ba Congreso de Apimondia<\/strong> se celebrar\u00e1 en <strong>Dubai en 2027<\/strong>.<\/p>\t\t\t\t\t\t\t\t<\/div>\n\t\t\t\t\t<\/div>\n\t\t\t\t<\/div>\n\t\t<div class=\"elementor-element elementor-element-0e6bdc2 e-flex e-con-boxed e-con e-parent\" data-id=\"0e6bdc2\" data-element_type=\"container\" data-e-type=\"container\">\n\t\t\t\t\t<div class=\"e-con-inner\">\n\t\t<div class=\"elementor-element elementor-element-1f712b0 e-con-full e-flex e-con e-child\" data-id=\"1f712b0\" data-element_type=\"container\" data-e-type=\"container\">\n\t\t\t\t<div class=\"elementor-element elementor-element-bcc0274 elementor-widget elementor-widget-heading\" data-id=\"bcc0274\" data-element_type=\"widget\" data-e-type=\"widget\" data-widget_type=\"heading.default\">\n\t\t\t\t\t<h2 class=\"elementor-heading-title elementor-size-default\">50\u00ba Congreso de Apimondia<\/h2>\t\t\t\t<\/div>\n\t\t\t\t<div class=\"elementor-element elementor-element-7fcb8af elementor-widget elementor-widget-text-editor\" data-id=\"7fcb8af\" data-element_type=\"widget\" data-e-type=\"widget\" data-widget_type=\"text-editor.default\">\n\t\t\t\t\t\t\t\t\t<p class=\"paragraph\">La Asociaci\u00f3n de Apicultores de los EAU, junto con la delegaci\u00f3n oficial emirat\u00ed, invita cordialmente a apicultores, investigadores, l\u00edderes del sector y entusiastas de la miel de todo el mundo a unirse a nosotros en la celebraci\u00f3n de la 50\u00aa edici\u00f3n de la\u00a0<strong>Congreso Ap\u00edcola Internacional Apimondia<\/strong>, que tendr\u00e1 lugar en\u00a0<strong>Dubai, Emiratos \u00c1rabes Unidos, en 2027<\/strong>.<\/p>\t\t\t\t\t\t\t\t<\/div>\n\t\t\t\t<div class=\"elementor-element elementor-element-6d07c10 elementor-align-left elementor-widget__width-initial elementor-widget elementor-widget-button\" data-id=\"6d07c10\" data-element_type=\"widget\" data-e-type=\"widget\" data-widget_type=\"button.default\">\n\t\t\t\t\t\t\t\t\t\t<a class=\"elementor-button elementor-button-link elementor-size-sm\" href=\"https:\/\/apimondia.org\/esp\/events\/congresses\/congress-2027\/\">\n\t\t\t\t\t\t<span class=\"elementor-button-content-wrapper\">\n\t\t\t\t\t\t\t\t\t<span class=\"elementor-button-text\">M\u00e1s informaci\u00f3n sobre el Congreso 2027<\/span>\n\t\t\t\t\t<\/span>\n\t\t\t\t\t<\/a>\n\t\t\t\t\t\t\t\t<\/div>\n\t\t\t\t<\/div>\n\t\t<div class=\"elementor-element elementor-element-5eef8a9 e-con-full e-flex e-con e-child\" data-id=\"5eef8a9\" data-element_type=\"container\" data-e-type=\"container\">\n\t\t\t\t<div class=\"elementor-element elementor-element-c6a9780 elementor-widget elementor-widget-image\" data-id=\"c6a9780\" data-element_type=\"widget\" data-e-type=\"widget\" data-widget_type=\"image.default\">\n\t\t\t\t\t\t\t\t\t\t\t\t\t\t\t\t<a href=\"https:\/\/apimondia.org\/esp\/events\/congresses\/congress-2027\/\">\n\t\t\t\t\t\t\t<img fetchpriority=\"high\" decoding=\"async\" width=\"637\" height=\"237\" src=\"https:\/\/apimondia.org\/wp-content\/uploads\/2025\/11\/logo.webp\" class=\"attachment-large size-large wp-image-1219\" alt=\"\" srcset=\"https:\/\/apimondia.org\/wp-content\/uploads\/2025\/11\/logo.webp 637w, https:\/\/apimondia.org\/wp-content\/uploads\/2025\/11\/logo-18x7.webp 18w\" sizes=\"(max-width: 637px) 100vw, 637px\" \/>\t\t\t\t\t\t\t\t<\/a>\n\t\t\t\t\t\t\t\t\t\t\t\t\t\t\t<\/div>\n\t\t\t\t<\/div>\n\t\t\t\t\t<\/div>\n\t\t\t\t<\/div>\n\t\t<div class=\"elementor-element elementor-element-b2a4a86 e-flex e-con-boxed e-con e-parent\" data-id=\"b2a4a86\" data-element_type=\"container\" data-e-type=\"container\">\n\t\t\t\t\t<div class=\"e-con-inner\">\n\t\t\t\t<div class=\"elementor-element elementor-element-b3def47 elementor-widget elementor-widget-heading\" data-id=\"b3def47\" data-element_type=\"widget\" data-e-type=\"widget\" data-widget_type=\"heading.default\">\n\t\t\t\t\t<h2 class=\"elementor-heading-title elementor-size-default\">Congresos internacionales anteriores de Apimondia<\/h2>\t\t\t\t<\/div>\n\t\t<div class=\"elementor-element elementor-element-abf741b e-grid e-con-full e-con e-child\" data-id=\"abf741b\" data-element_type=\"container\" data-e-type=\"container\">\n\t\t<div class=\"elementor-element elementor-element-1c8c876 e-con-full e-flex e-con e-child\" data-id=\"1c8c876\" data-element_type=\"container\" data-e-type=\"container\">\n\t\t\t\t<div class=\"elementor-element elementor-element-14c9bf5 elementor-widget elementor-widget-image\" data-id=\"14c9bf5\" data-element_type=\"widget\" data-e-type=\"widget\" data-widget_type=\"image.default\">\n\t\t\t\t\t\t\t\t\t\t\t\t\t\t\t<img decoding=\"async\" width=\"989\" height=\"558\" src=\"https:\/\/apimondia.org\/wp-content\/uploads\/2025\/11\/2-2.webp\" class=\"attachment-medium size-medium wp-image-1221\" alt=\"\" srcset=\"https:\/\/apimondia.org\/wp-content\/uploads\/2025\/11\/2-2.webp 989w, https:\/\/apimondia.org\/wp-content\/uploads\/2025\/11\/2-2-768x433.webp 768w, https:\/\/apimondia.org\/wp-content\/uploads\/2025\/11\/2-2-18x10.webp 18w\" sizes=\"(max-width: 989px) 100vw, 989px\" \/>\t\t\t\t\t\t\t\t\t\t\t\t\t\t\t<\/div>\n\t\t\t\t<div class=\"elementor-element elementor-element-3db84c8 elementor-widget elementor-widget-heading\" data-id=\"3db84c8\" data-element_type=\"widget\" data-e-type=\"widget\" data-widget_type=\"heading.default\">\n\t\t\t\t\t<h2 class=\"elementor-heading-title elementor-size-default\"><a href=\"https:\/\/apimondia.org\/esp\/events\/apimondia-2025\/\">49\u00ba Congreso Ap\u00edcola<\/a><\/h2>\t\t\t\t<\/div>\n\t\t\t\t<div class=\"elementor-element elementor-element-3fc9766 elementor-widget elementor-widget-text-editor\" data-id=\"3fc9766\" data-element_type=\"widget\" data-e-type=\"widget\" data-widget_type=\"text-editor.default\">\n\t\t\t\t\t\t\t\t\t<p><strong>23 - 27 septiembre 2025<\/strong><br \/>Copenhague<\/p>\t\t\t\t\t\t\t\t<\/div>\n\t\t\t\t<\/div>\n\t\t<div class=\"elementor-element elementor-element-8d92c54 e-con-full e-flex e-con e-child\" data-id=\"8d92c54\" data-element_type=\"container\" data-e-type=\"container\">\n\t\t\t\t<div class=\"elementor-element elementor-element-a351ea2 elementor-widget elementor-widget-image\" data-id=\"a351ea2\" data-element_type=\"widget\" data-e-type=\"widget\" data-widget_type=\"image.default\">\n\t\t\t\t\t\t\t\t\t\t\t\t\t\t\t<img decoding=\"async\" width=\"929\" height=\"525\" src=\"https:\/\/apimondia.org\/wp-content\/uploads\/2025\/11\/3.png\" class=\"attachment-large size-large wp-image-1222\" alt=\"\" srcset=\"https:\/\/apimondia.org\/wp-content\/uploads\/2025\/11\/3.png 929w, https:\/\/apimondia.org\/wp-content\/uploads\/2025\/11\/3-768x434.png 768w, https:\/\/apimondia.org\/wp-content\/uploads\/2025\/11\/3-18x10.png 18w\" sizes=\"(max-width: 929px) 100vw, 929px\" \/>\t\t\t\t\t\t\t\t\t\t\t\t\t\t\t<\/div>\n\t\t\t\t<div class=\"elementor-element elementor-element-4c1731e elementor-widget elementor-widget-heading\" data-id=\"4c1731e\" data-element_type=\"widget\" data-e-type=\"widget\" data-widget_type=\"heading.default\">\n\t\t\t\t\t<h2 class=\"elementor-heading-title elementor-size-default\"><a href=\"https:\/\/apimondia.org\/esp\/events\/apimondia-2023\/\">48\u00ba Congreso Ap\u00edcola<\/a><\/h2>\t\t\t\t<\/div>\n\t\t\t\t<div class=\"elementor-element elementor-element-6c5eb82 elementor-widget elementor-widget-text-editor\" data-id=\"6c5eb82\" data-element_type=\"widget\" data-e-type=\"widget\" data-widget_type=\"text-editor.default\">\n\t\t\t\t\t\t\t\t\t<p><strong>Del 4 al 8 de septiembre de 2023<\/strong><br \/>Santiago - Chile<\/p>\t\t\t\t\t\t\t\t<\/div>\n\t\t\t\t<\/div>\n\t\t<div class=\"elementor-element elementor-element-aa0e950 e-con-full e-flex e-con e-child\" data-id=\"aa0e950\" data-element_type=\"container\" data-e-type=\"container\">\n\t\t\t\t<div class=\"elementor-element elementor-element-c8166f8 elementor-widget elementor-widget-image\" data-id=\"c8166f8\" data-element_type=\"widget\" data-e-type=\"widget\" data-widget_type=\"image.default\">\n\t\t\t\t\t\t\t\t\t\t\t\t\t\t\t<img loading=\"lazy\" decoding=\"async\" width=\"353\" height=\"199\" src=\"https:\/\/apimondia.org\/wp-content\/uploads\/2025\/11\/4.png\" class=\"attachment-large size-large wp-image-1223\" alt=\"\" srcset=\"https:\/\/apimondia.org\/wp-content\/uploads\/2025\/11\/4.png 353w, https:\/\/apimondia.org\/wp-content\/uploads\/2025\/11\/4-18x10.png 18w\" sizes=\"(max-width: 353px) 100vw, 353px\" \/>\t\t\t\t\t\t\t\t\t\t\t\t\t\t\t<\/div>\n\t\t\t\t<div class=\"elementor-element elementor-element-1ef5657 elementor-widget elementor-widget-heading\" data-id=\"1ef5657\" data-element_type=\"widget\" data-e-type=\"widget\" data-widget_type=\"heading.default\">\n\t\t\t\t\t<h2 class=\"elementor-heading-title elementor-size-default\"><a href=\"https:\/\/apimondia.org\/esp\/events\/apimondia-2022\/\">47\u00ba Congreso Ap\u00edcola<\/a><\/h2>\t\t\t\t<\/div>\n\t\t\t\t<div class=\"elementor-element elementor-element-6b19491 elementor-widget elementor-widget-text-editor\" data-id=\"6b19491\" data-element_type=\"widget\" data-e-type=\"widget\" data-widget_type=\"text-editor.default\">\n\t\t\t\t\t\t\t\t\t<p><strong>24 - 28 de agosto de 2022<\/strong><br \/>Estambul - Turqu\u00eda<\/p>\t\t\t\t\t\t\t\t<\/div>\n\t\t\t\t<\/div>\n\t\t<div class=\"elementor-element elementor-element-b341b0a e-con-full e-flex e-con e-child\" data-id=\"b341b0a\" data-element_type=\"container\" data-e-type=\"container\">\n\t\t\t\t<div class=\"elementor-element elementor-element-7ac57f7 elementor-widget elementor-widget-image\" data-id=\"7ac57f7\" data-element_type=\"widget\" data-e-type=\"widget\" data-widget_type=\"image.default\">\n\t\t\t\t\t\t\t\t\t\t\t\t\t\t\t<img loading=\"lazy\" decoding=\"async\" width=\"558\" height=\"316\" src=\"https:\/\/apimondia.org\/wp-content\/uploads\/2025\/11\/5.webp\" class=\"attachment-medium size-medium wp-image-1224\" alt=\"\" srcset=\"https:\/\/apimondia.org\/wp-content\/uploads\/2025\/11\/5.webp 558w, https:\/\/apimondia.org\/wp-content\/uploads\/2025\/11\/5-18x10.webp 18w\" sizes=\"(max-width: 558px) 100vw, 558px\" \/>\t\t\t\t\t\t\t\t\t\t\t\t\t\t\t<\/div>\n\t\t\t\t<div class=\"elementor-element elementor-element-b49e3ce elementor-widget elementor-widget-heading\" data-id=\"b49e3ce\" data-element_type=\"widget\" data-e-type=\"widget\" data-widget_type=\"heading.default\">\n\t\t\t\t\t<h2 class=\"elementor-heading-title elementor-size-default\"><a href=\"https:\/\/apimondia.org\/esp\/events\/apimondia-2019\/\">46\u00ba Congreso Ap\u00edcola<\/a><\/h2>\t\t\t\t<\/div>\n\t\t\t\t<div class=\"elementor-element elementor-element-3a76c9f elementor-widget elementor-widget-text-editor\" data-id=\"3a76c9f\" data-element_type=\"widget\" data-e-type=\"widget\" data-widget_type=\"text-editor.default\">\n\t\t\t\t\t\t\t\t\t<p><strong>8 - 12 de septiembre de 2019<\/strong><br \/>Montreal - Canad\u00e1<\/p>\t\t\t\t\t\t\t\t<\/div>\n\t\t\t\t<\/div>\n\t\t<div class=\"elementor-element elementor-element-ec641fd e-con-full e-flex e-con e-child\" data-id=\"ec641fd\" data-element_type=\"container\" data-e-type=\"container\">\n\t\t\t\t<div class=\"elementor-element elementor-element-90d2e0c elementor-widget elementor-widget-image\" data-id=\"90d2e0c\" data-element_type=\"widget\" data-e-type=\"widget\" data-widget_type=\"image.default\">\n\t\t\t\t\t\t\t\t\t\t\t\t\t\t\t<img loading=\"lazy\" decoding=\"async\" width=\"1100\" height=\"619\" src=\"https:\/\/apimondia.org\/wp-content\/uploads\/2025\/11\/6.webp\" class=\"attachment-medium size-medium wp-image-1225\" alt=\"\" srcset=\"https:\/\/apimondia.org\/wp-content\/uploads\/2025\/11\/6.webp 1100w, https:\/\/apimondia.org\/wp-content\/uploads\/2025\/11\/6-768x432.webp 768w, https:\/\/apimondia.org\/wp-content\/uploads\/2025\/11\/6-18x10.webp 18w\" sizes=\"(max-width: 1100px) 100vw, 1100px\" \/>\t\t\t\t\t\t\t\t\t\t\t\t\t\t\t<\/div>\n\t\t\t\t<div class=\"elementor-element elementor-element-d8e3e53 elementor-widget elementor-widget-heading\" data-id=\"d8e3e53\" data-element_type=\"widget\" data-e-type=\"widget\" data-widget_type=\"heading.default\">\n\t\t\t\t\t<h2 class=\"elementor-heading-title elementor-size-default\"><a href=\"https:\/\/apimondia.org\/esp\/events\/apimondia-2017\/\">45\u00ba Congreso Ap\u00edcola<\/a><\/h2>\t\t\t\t<\/div>\n\t\t\t\t<div class=\"elementor-element elementor-element-f4be7b0 elementor-widget elementor-widget-text-editor\" data-id=\"f4be7b0\" data-element_type=\"widget\" data-e-type=\"widget\" data-widget_type=\"text-editor.default\">\n\t\t\t\t\t\t\t\t\t<p><strong>29 sep - 4 oct 2017<\/strong><br \/>Estambul - Turqu\u00eda<\/p>\t\t\t\t\t\t\t\t<\/div>\n\t\t\t\t<\/div>\n\t\t<div class=\"elementor-element elementor-element-3dddc51 e-con-full e-flex e-con e-child\" data-id=\"3dddc51\" data-element_type=\"container\" data-e-type=\"container\">\n\t\t\t\t<div class=\"elementor-element elementor-element-c652e45 elementor-widget elementor-widget-image\" data-id=\"c652e45\" data-element_type=\"widget\" data-e-type=\"widget\" data-widget_type=\"image.default\">\n\t\t\t\t\t\t\t\t\t\t\t\t\t\t\t<img loading=\"lazy\" decoding=\"async\" width=\"742\" height=\"419\" src=\"https:\/\/apimondia.org\/wp-content\/uploads\/2025\/11\/7.webp\" class=\"attachment-medium size-medium wp-image-1226\" alt=\"\" srcset=\"https:\/\/apimondia.org\/wp-content\/uploads\/2025\/11\/7.webp 742w, https:\/\/apimondia.org\/wp-content\/uploads\/2025\/11\/7-18x10.webp 18w\" sizes=\"(max-width: 742px) 100vw, 742px\" \/>\t\t\t\t\t\t\t\t\t\t\t\t\t\t\t<\/div>\n\t\t\t\t<div class=\"elementor-element elementor-element-86d748f elementor-widget elementor-widget-heading\" data-id=\"86d748f\" data-element_type=\"widget\" data-e-type=\"widget\" data-widget_type=\"heading.default\">\n\t\t\t\t\t<h2 class=\"elementor-heading-title elementor-size-default\"><a href=\"https:\/\/apimondia.org\/esp\/events\/apimondia-2015\/\">44\u00ba Congreso Ap\u00edcola<\/a><\/h2>\t\t\t\t<\/div>\n\t\t\t\t<div class=\"elementor-element elementor-element-e8ef975 elementor-widget elementor-widget-text-editor\" data-id=\"e8ef975\" data-element_type=\"widget\" data-e-type=\"widget\" data-widget_type=\"text-editor.default\">\n\t\t\t\t\t\t\t\t\t<p><strong>16 - 19 de septiembre de 2015<\/strong><br \/>Daejeon - Corea del Sur<\/p>\t\t\t\t\t\t\t\t<\/div>\n\t\t\t\t<\/div>\n\t\t<div class=\"elementor-element elementor-element-f5a7080 e-con-full e-flex e-con e-child\" data-id=\"f5a7080\" data-element_type=\"container\" data-e-type=\"container\">\n\t\t\t\t<div class=\"elementor-element elementor-element-772b8d1 elementor-widget elementor-widget-image\" data-id=\"772b8d1\" data-element_type=\"widget\" data-e-type=\"widget\" data-widget_type=\"image.default\">\n\t\t\t\t\t\t\t\t\t\t\t\t\t\t\t<img loading=\"lazy\" decoding=\"async\" width=\"598\" height=\"338\" src=\"https:\/\/apimondia.org\/wp-content\/uploads\/2025\/11\/8.webp\" class=\"attachment-medium size-medium wp-image-1227\" alt=\"\" srcset=\"https:\/\/apimondia.org\/wp-content\/uploads\/2025\/11\/8.webp 598w, https:\/\/apimondia.org\/wp-content\/uploads\/2025\/11\/8-18x10.webp 18w\" sizes=\"(max-width: 598px) 100vw, 598px\" \/>\t\t\t\t\t\t\t\t\t\t\t\t\t\t\t<\/div>\n\t\t\t\t<div class=\"elementor-element elementor-element-ac96945 elementor-widget elementor-widget-heading\" data-id=\"ac96945\" data-element_type=\"widget\" data-e-type=\"widget\" data-widget_type=\"heading.default\">\n\t\t\t\t\t<h2 class=\"elementor-heading-title elementor-size-default\"><a href=\"https:\/\/apimondia.org\/esp\/events\/apimondia-2013\/\">43\u00ba Congreso Ap\u00edcola<\/a><\/h2>\t\t\t\t<\/div>\n\t\t\t\t<div class=\"elementor-element elementor-element-fce58a4 elementor-widget elementor-widget-text-editor\" data-id=\"fce58a4\" data-element_type=\"widget\" data-e-type=\"widget\" data-widget_type=\"text-editor.default\">\n\t\t\t\t\t\t\t\t\t<p><strong>29 sep - 4 oct 2013<\/strong><br \/>Kiev - Ucrania<\/p>\t\t\t\t\t\t\t\t<\/div>\n\t\t\t\t<\/div>\n\t\t<div class=\"elementor-element elementor-element-6becc91 e-con-full e-flex e-con e-child\" data-id=\"6becc91\" data-element_type=\"container\" data-e-type=\"container\">\n\t\t\t\t<div class=\"elementor-element elementor-element-286c4ea elementor-widget elementor-widget-image\" data-id=\"286c4ea\" data-element_type=\"widget\" data-e-type=\"widget\" data-widget_type=\"image.default\">\n\t\t\t\t\t\t\t\t\t\t\t\t\t\t\t<img loading=\"lazy\" decoding=\"async\" width=\"1225\" height=\"693\" src=\"https:\/\/apimondia.org\/wp-content\/uploads\/2025\/11\/9.webp\" class=\"attachment-medium size-medium wp-image-1228\" alt=\"\" srcset=\"https:\/\/apimondia.org\/wp-content\/uploads\/2025\/11\/9.webp 1225w, https:\/\/apimondia.org\/wp-content\/uploads\/2025\/11\/9-768x434.webp 768w, https:\/\/apimondia.org\/wp-content\/uploads\/2025\/11\/9-18x10.webp 18w\" sizes=\"(max-width: 1225px) 100vw, 1225px\" \/>\t\t\t\t\t\t\t\t\t\t\t\t\t\t\t<\/div>\n\t\t\t\t<div class=\"elementor-element elementor-element-29f4408 elementor-widget elementor-widget-heading\" data-id=\"29f4408\" data-element_type=\"widget\" data-e-type=\"widget\" data-widget_type=\"heading.default\">\n\t\t\t\t\t<h2 class=\"elementor-heading-title elementor-size-default\"><a href=\"https:\/\/apimondia.org\/esp\/events\/apimondia-2011\/\">42\u00ba Congreso Ap\u00edcola<\/a><\/h2>\t\t\t\t<\/div>\n\t\t\t\t<div class=\"elementor-element elementor-element-06d1d85 elementor-widget elementor-widget-text-editor\" data-id=\"06d1d85\" data-element_type=\"widget\" data-e-type=\"widget\" data-widget_type=\"text-editor.default\">\n\t\t\t\t\t\t\t\t\t<p><strong>21 - 25 septiembre 2011<\/strong><br \/>Buenos Aires - Argentina\u00a0<\/p>\t\t\t\t\t\t\t\t<\/div>\n\t\t\t\t<\/div>\n\t\t<div class=\"elementor-element elementor-element-c14b618 e-con-full e-flex e-con e-child\" data-id=\"c14b618\" data-element_type=\"container\" data-e-type=\"container\">\n\t\t\t\t<div class=\"elementor-element elementor-element-7cc82fc elementor-widget elementor-widget-image\" data-id=\"7cc82fc\" data-element_type=\"widget\" data-e-type=\"widget\" data-widget_type=\"image.default\">\n\t\t\t\t\t\t\t\t\t\t\t\t\t\t\t<img loading=\"lazy\" decoding=\"async\" width=\"461\" height=\"260\" src=\"https:\/\/apimondia.org\/wp-content\/uploads\/2025\/11\/10.webp\" class=\"attachment-medium size-medium wp-image-1229\" alt=\"\" srcset=\"https:\/\/apimondia.org\/wp-content\/uploads\/2025\/11\/10.webp 461w, https:\/\/apimondia.org\/wp-content\/uploads\/2025\/11\/10-18x10.webp 18w\" sizes=\"(max-width: 461px) 100vw, 461px\" \/>\t\t\t\t\t\t\t\t\t\t\t\t\t\t\t<\/div>\n\t\t\t\t<div class=\"elementor-element elementor-element-eee69b4 elementor-widget elementor-widget-heading\" data-id=\"eee69b4\" data-element_type=\"widget\" data-e-type=\"widget\" data-widget_type=\"heading.default\">\n\t\t\t\t\t<h2 class=\"elementor-heading-title elementor-size-default\"><a href=\"https:\/\/apimondia.org\/esp\/events\/apimondia-2009\/\">41\u00ba Congreso Ap\u00edcola<\/a><\/h2>\t\t\t\t<\/div>\n\t\t\t\t<div class=\"elementor-element elementor-element-b7722ba elementor-widget elementor-widget-text-editor\" data-id=\"b7722ba\" data-element_type=\"widget\" data-e-type=\"widget\" data-widget_type=\"text-editor.default\">\n\t\t\t\t\t\t\t\t\t<p><strong>16 - 19 de septiembre de 2009<\/strong><br \/>Montpellier - Francia<\/p>\t\t\t\t\t\t\t\t<\/div>\n\t\t\t\t<\/div>\n\t\t<div class=\"elementor-element elementor-element-9e04c3e e-con-full e-flex e-con e-child\" data-id=\"9e04c3e\" data-element_type=\"container\" data-e-type=\"container\">\n\t\t\t\t<div class=\"elementor-element elementor-element-ca211f5 elementor-widget elementor-widget-image\" data-id=\"ca211f5\" data-element_type=\"widget\" data-e-type=\"widget\" data-widget_type=\"image.default\">\n\t\t\t\t\t\t\t\t\t\t\t\t\t\t\t<img loading=\"lazy\" decoding=\"async\" width=\"1050\" height=\"592\" src=\"https:\/\/apimondia.org\/wp-content\/uploads\/2025\/11\/11.webp\" class=\"attachment-large size-large wp-image-1230\" alt=\"\" srcset=\"https:\/\/apimondia.org\/wp-content\/uploads\/2025\/11\/11.webp 1050w, https:\/\/apimondia.org\/wp-content\/uploads\/2025\/11\/11-768x433.webp 768w, https:\/\/apimondia.org\/wp-content\/uploads\/2025\/11\/11-18x10.webp 18w\" sizes=\"(max-width: 1050px) 100vw, 1050px\" \/>\t\t\t\t\t\t\t\t\t\t\t\t\t\t\t<\/div>\n\t\t\t\t<div class=\"elementor-element elementor-element-c2cb6cc elementor-widget elementor-widget-heading\" data-id=\"c2cb6cc\" data-element_type=\"widget\" data-e-type=\"widget\" data-widget_type=\"heading.default\">\n\t\t\t\t\t<h2 class=\"elementor-heading-title elementor-size-default\"><a href=\"https:\/\/apimondia.org\/esp\/events\/apimondia-2007\/\">40\u00ba Congreso Ap\u00edcola<\/a><\/h2>\t\t\t\t<\/div>\n\t\t\t\t<div class=\"elementor-element elementor-element-786a690 elementor-widget elementor-widget-text-editor\" data-id=\"786a690\" data-element_type=\"widget\" data-e-type=\"widget\" data-widget_type=\"text-editor.default\">\n\t\t\t\t\t\t\t\t\t<p><strong>9 - 14 septiembre 2007<\/strong><br \/>Melbourne - Australia<\/p>\t\t\t\t\t\t\t\t<\/div>\n\t\t\t\t<\/div>\n\t\t\t\t<\/div>\n\t\t\t\t\t<\/div>\n\t\t\t\t<\/div>\n\t\t<div class=\"elementor-element elementor-element-9d5a86f e-flex e-con-boxed e-con e-child\" data-id=\"9d5a86f\" data-element_type=\"container\" data-e-type=\"container\">\n\t\t\t\t\t<div class=\"e-con-inner\">\n\t\t<div class=\"elementor-element elementor-element-4f37c57 e-con-full e-flex e-con e-child\" data-id=\"4f37c57\" data-element_type=\"container\" data-e-type=\"container\" data-settings=\"{&quot;background_background&quot;:&quot;classic&quot;}\">\n\t\t\t\t<div class=\"elementor-element elementor-element-a8e720f elementor-widget elementor-widget-heading\" data-id=\"a8e720f\" data-element_type=\"widget\" data-e-type=\"widget\" data-widget_type=\"heading.default\">\n\t\t\t\t\t<h2 class=\"elementor-heading-title elementor-size-default\">Candidatura para acoger un Congreso de Apimondia<\/h2>\t\t\t\t<\/div>\n\t\t\t\t<div class=\"elementor-element elementor-element-a6ef908 elementor-widget-divider--view-line elementor-widget elementor-widget-divider\" data-id=\"a6ef908\" data-element_type=\"widget\" data-e-type=\"widget\" data-widget_type=\"divider.default\">\n\t\t\t\t\t\t\t<div class=\"elementor-divider\">\n\t\t\t<span class=\"elementor-divider-separator\">\n\t\t\t\t\t\t<\/span>\n\t\t<\/div>\n\t\t\t\t\t\t<\/div>\n\t\t\t\t<div class=\"elementor-element elementor-element-b602df7 elementor-widget elementor-widget-text-editor\" data-id=\"b602df7\" data-element_type=\"widget\" data-e-type=\"widget\" data-widget_type=\"text-editor.default\">\n\t\t\t\t\t\t\t\t\t<p>Aprenda a preparar y presentar con \u00e9xito una candidatura para albergar un futuro Congreso de Apimondia.<\/p>\t\t\t\t\t\t\t\t<\/div>\n\t\t\t\t<div class=\"elementor-element elementor-element-6dda58f elementor-align-center elementor-widget__width-initial elementor-widget elementor-widget-button\" data-id=\"6dda58f\" data-element_type=\"widget\" data-e-type=\"widget\" data-widget_type=\"button.default\">\n\t\t\t\t\t\t\t\t\t\t<a class=\"elementor-button elementor-button-link elementor-size-sm\" href=\"https:\/\/apimondia.org\/wp-content\/uploads\/2025\/12\/apimondia_guidelines_congress.pdf\">\n\t\t\t\t\t\t<span class=\"elementor-button-content-wrapper\">\n\t\t\t\t\t\t<span class=\"elementor-button-icon\">\n\t\t\t\t<svg aria-hidden=\"true\" class=\"e-font-icon-svg e-fas-download\" viewbox=\"0 0 512 512\" xmlns=\"http:\/\/www.w3.org\/2000\/svg\"><path d=\"M216 0h80c13.3 0 24 10.7 24 24v168h87.7c17.8 0 26.7 21.5 14.1 34.1L269.7 378.3c-7.5 7.5-19.8 7.5-27.3 0L90.1 226.1c-12.6-12.6-3.7-34.1 14.1-34.1H192V24c0-13.3 10.7-24 24-24zm296 376v112c0 13.3-10.7 24-24 24H24c-13.3 0-24-10.7-24-24V376c0-13.3 10.7-24 24-24h146.7l49 49c20.1 20.1 52.5 20.1 72.6 0l49-49H488c13.3 0 24 10.7 24 24zm-124 88c0-11-9-20-20-20s-20 9-20 20 9 20 20 20 20-9 20-20zm64 0c0-11-9-20-20-20s-20 9-20 20 9 20 20 20 20-9 20-20z\"><\/path><\/svg>\t\t\t<\/span>\n\t\t\t\t\t\t\t\t\t<span class=\"elementor-button-text\">Directrices<\/span>\n\t\t\t\t\t<\/span>\n\t\t\t\t\t<\/a>\n\t\t\t\t\t\t\t\t<\/div>\n\t\t\t\t<\/div>\n\t\t\t\t\t<\/div>\n\t\t\t\t<\/div>\n\t\t\t\t<\/div>","protected":false},"excerpt":{"rendered":"<p>Apimondia International Congresses One of our main objectives is to facilitate the exchange of information and discussions by organizing Congresses and Symposia, where beekeepers, scientists, honey-traders, agents for development, technicians and legislators meet to listen, discuss and learn from one another. The 50th Apimondia Congress will be held in Dubai in 2027. 50th Apimondia Congress [&hellip;]<\/p>\n","protected":false},"author":1,"featured_media":0,"parent":1491,"menu_order":0,"comment_status":"closed","ping_status":"closed","template":"","meta":{"footnotes":""},"class_list":["post-9","page","type-page","status-publish","hentry"],"aioseo_notices":[],"_links":{"self":[{"href":"https:\/\/apimondia.org\/esp\/wp-json\/wp\/v2\/pages\/9","targetHints":{"allow":["GET"]}}],"collection":[{"href":"https:\/\/apimondia.org\/esp\/wp-json\/wp\/v2\/pages"}],"about":[{"href":"https:\/\/apimondia.org\/esp\/wp-json\/wp\/v2\/types\/page"}],"author":[{"embeddable":true,"href":"https:\/\/apimondia.org\/esp\/wp-json\/wp\/v2\/users\/1"}],"replies":[{"embeddable":true,"href":"https:\/\/apimondia.org\/esp\/wp-json\/wp\/v2\/comments?post=9"}],"version-history":[{"count":50,"href":"https:\/\/apimondia.org\/esp\/wp-json\/wp\/v2\/pages\/9\/revisions"}],"predecessor-version":[{"id":1969,"href":"https:\/\/apimondia.org\/esp\/wp-json\/wp\/v2\/pages\/9\/revisions\/1969"}],"up":[{"embeddable":true,"href":"https:\/\/apimondia.org\/esp\/wp-json\/wp\/v2\/pages\/1491"}],"wp:attachment":[{"href":"https:\/\/apimondia.org\/esp\/wp-json\/wp\/v2\/media?parent=9"}],"curies":[{"name":"wp","href":"https:\/\/api.w.org\/{rel}","templated":true}]}}