{"id":983,"date":"2025-11-21T10:51:45","date_gmt":"2025-11-21T10:51:45","guid":{"rendered":"https:\/\/apimondia.org\/?page_id=983"},"modified":"2026-02-05T00:26:43","modified_gmt":"2026-02-05T00:26:43","slug":"bee-health","status":"publish","type":"page","link":"https:\/\/apimondia.org\/esp\/our-work\/bee-health\/","title":{"rendered":"Salud de las abejas"},"content":{"rendered":"<div data-elementor-type=\"wp-page\" data-elementor-id=\"983\" class=\"elementor elementor-983\" data-elementor-post-type=\"page\">\n\t\t\t\t<div class=\"elementor-element elementor-element-38daa4c e-flex e-con-boxed e-con e-parent\" data-id=\"38daa4c\" data-element_type=\"container\" data-e-type=\"container\">\n\t\t\t\t\t<div class=\"e-con-inner\">\n\t\t\t\t<div class=\"elementor-element elementor-element-39afc30 elementor-widget elementor-widget-heading\" data-id=\"39afc30\" data-element_type=\"widget\" data-e-type=\"widget\" data-widget_type=\"heading.default\">\n\t\t\t\t\t<h1 class=\"elementor-heading-title elementor-size-default\">Salud de las abejas<\/h1>\t\t\t\t<\/div>\n\t\t\t\t<div class=\"elementor-element elementor-element-5566bcd elementor-widget-divider--view-line elementor-widget elementor-widget-divider\" data-id=\"5566bcd\" data-element_type=\"widget\" data-e-type=\"widget\" data-widget_type=\"divider.default\">\n\t\t\t\t\t\t\t<div class=\"elementor-divider\">\n\t\t\t<span class=\"elementor-divider-separator\">\n\t\t\t\t\t\t<\/span>\n\t\t<\/div>\n\t\t\t\t\t\t<\/div>\n\t\t\t\t\t<\/div>\n\t\t\t\t<\/div>\n\t\t<div class=\"elementor-element elementor-element-dc264a5 e-flex e-con-boxed e-con e-parent\" data-id=\"dc264a5\" data-element_type=\"container\" data-e-type=\"container\">\n\t\t\t\t\t<div class=\"e-con-inner\">\n\t\t<div class=\"elementor-element elementor-element-353c7ab e-con-full e-flex e-con e-child\" data-id=\"353c7ab\" data-element_type=\"container\" data-e-type=\"container\">\n\t\t\t\t<div class=\"elementor-element elementor-element-aa85cea elementor-widget elementor-widget-heading\" data-id=\"aa85cea\" data-element_type=\"widget\" data-e-type=\"widget\" data-widget_type=\"heading.default\">\n\t\t\t\t\t<h2 class=\"elementor-heading-title elementor-size-default\">Soluciones para la salud de las abejas<\/h2>\t\t\t\t<\/div>\n\t\t\t\t<div class=\"elementor-element elementor-element-7ec588f elementor-widget__width-initial elementor-widget elementor-widget-text-editor\" data-id=\"7ec588f\" data-element_type=\"widget\" data-e-type=\"widget\" data-widget_type=\"text-editor.default\">\n\t\t\t\t\t\t\t\t\t<p>El estado de salud de las abejas mel\u00edferas debe analizarse en el contexto de la cuesti\u00f3n m\u00e1s amplia de la salud de las abejas mel\u00edferas.\u00a0<a href=\"https:\/\/pubmed.ncbi.nlm.nih.gov\/20188434\/\" target=\"_blank\" rel=\"noopener\">disminuci\u00f3n de polinizadores<\/a>\u00a0en todo el mundo. Las abejas de la miel est\u00e1n muy extendidas por todo el mundo y a menudo son el principal polinizador gestionado en la agricultura. Por ello, la buena salud de las abejas es vital para la seguridad alimentaria mundial. En efecto, los problemas de las abejas mel\u00edferas pueden repercutir en el suministro de frutas, frutos secos y hortalizas vitales para la salud humana. Por \u00faltimo, las amenazas a la salud de las abejas son numerosas y multifactoriales, y exigen que la comunidad ap\u00edcola disponga de informaci\u00f3n cient\u00edfica s\u00f3lida.\u00a0<\/p>\t\t\t\t\t\t\t\t<\/div>\n\t\t\t\t<div class=\"elementor-element elementor-element-900a295 elementor-widget elementor-widget-heading\" data-id=\"900a295\" data-element_type=\"widget\" data-e-type=\"widget\" data-widget_type=\"heading.default\">\n\t\t\t\t\t<h2 class=\"elementor-heading-title elementor-size-default\">Nuestro enfoque<\/h2>\t\t\t\t<\/div>\n\t\t\t\t<div class=\"elementor-element elementor-element-a44e3a9 elementor-widget elementor-widget-text-editor\" data-id=\"a44e3a9\" data-element_type=\"widget\" data-e-type=\"widget\" data-widget_type=\"text-editor.default\">\n\t\t\t\t\t\t\t\t\t<p>Nuestro principal objetivo es el apoyo y la potenciaci\u00f3n de todos los avances o iniciativas cient\u00edficas y t\u00e9cnicas relacionadas con la garant\u00eda de la salud de las abejas mel\u00edferas.<br \/><br \/>Prestamos atenci\u00f3n a la salud de las abejas, incluidos los siguientes aspectos: Buenas Pr\u00e1cticas Ap\u00edcolas (BPP) y Medidas de Bioseguridad en Apicultura (MBS), diagn\u00f3stico de plagas\/pat\u00f3genos, tratamiento de plagas\/pat\u00f3genos, m\u00e9todos o pr\u00e1cticas de prevenci\u00f3n de infestaciones\/infecciones por plagas\/pat\u00f3genos, salud predictiva de las abejas, cr\u00eda para la tolerancia a los pat\u00f3genos de las abejas y para la resistencia al cambio clim\u00e1tico, aspectos econ\u00f3micos y legislativos de las plagas\/pat\u00f3genos de las abejas, importaciones y exportaciones de abejas y productos ap\u00edcolas en relaci\u00f3n con cuestiones sanitarias, nutrici\u00f3n de las abejas y su relaci\u00f3n con la salud de las abejas, impacto de los productos fitosanitarios y otros factores de estr\u00e9s ambiental en la salud de las abejas, marco jur\u00eddico de la autorizaci\u00f3n de plaguicidas, relaciones globales entre agricultores y apicultores.<\/p>\t\t\t\t\t\t\t\t<\/div>\n\t\t\t\t<\/div>\n\t\t<div class=\"elementor-element elementor-element-9b7d1ce e-con-full e-flex e-con e-child\" data-id=\"9b7d1ce\" data-element_type=\"container\" data-e-type=\"container\">\n\t\t\t\t<div class=\"elementor-element elementor-element-ccc963e elementor-widget elementor-widget-heading\" data-id=\"ccc963e\" data-element_type=\"widget\" data-e-type=\"widget\" data-widget_type=\"heading.default\">\n\t\t\t\t\t<h4 class=\"elementor-heading-title elementor-size-default\">Presidente de la Comisi\u00f3n de Sanidad Ap\u00edcola de Apimondia<\/h4>\t\t\t\t<\/div>\n\t\t\t\t<div class=\"elementor-element elementor-element-b83a12d elementor-widget elementor-widget-text-editor\" data-id=\"b83a12d\" data-element_type=\"widget\" data-e-type=\"widget\" data-widget_type=\"text-editor.default\">\n\t\t\t\t\t\t\t\t\t<p><strong>Dr. Fani Hatjina<\/strong><\/p><p>Director del Instituto de Ciencia Animal y del Departamento de Apicultura<br \/>Elgo \u2018Dimitra\u2019, Grecia<\/p>\t\t\t\t\t\t\t\t<\/div>\n\t\t\t\t<div class=\"elementor-element elementor-element-04afc4e elementor-icon-list--layout-traditional elementor-list-item-link-full_width elementor-widget elementor-widget-icon-list\" data-id=\"04afc4e\" data-element_type=\"widget\" data-e-type=\"widget\" data-widget_type=\"icon-list.default\">\n\t\t\t\t\t\t\t<ul class=\"elementor-icon-list-items\">\n\t\t\t\t\t\t\t<li class=\"elementor-icon-list-item\">\n\t\t\t\t\t\t\t\t\t\t\t<span class=\"elementor-icon-list-icon\">\n\t\t\t\t\t\t\t<svg aria-hidden=\"true\" class=\"e-font-icon-svg e-fas-envelope\" viewbox=\"0 0 512 512\" xmlns=\"http:\/\/www.w3.org\/2000\/svg\"><path d=\"M502.3 190.8c3.9-3.1 9.7-.2 9.7 4.7V400c0 26.5-21.5 48-48 48H48c-26.5 0-48-21.5-48-48V195.6c0-5 5.7-7.8 9.7-4.7 22.4 17.4 52.1 39.5 154.1 113.6 21.1 15.4 56.7 47.8 92.2 47.6 35.7.3 72-32.8 92.3-47.6 102-74.1 131.6-96.3 154-113.7zM256 320c23.2.4 56.6-29.2 73.4-41.4 132.7-96.3 142.8-104.7 173.4-128.7 5.8-4.5 9.2-11.5 9.2-18.9v-19c0-26.5-21.5-48-48-48H48C21.5 64 0 85.5 0 112v19c0 7.4 3.4 14.3 9.2 18.9 30.6 23.9 40.7 32.4 173.4 128.7 16.8 12.2 50.2 41.8 73.4 41.4z\"><\/path><\/svg>\t\t\t\t\t\t<\/span>\n\t\t\t\t\t\t\t\t\t\t<span class=\"elementor-icon-list-text\">beehealth@apimondia.org<\/span>\n\t\t\t\t\t\t\t\t\t<\/li>\n\t\t\t\t\t\t<\/ul>\n\t\t\t\t\t\t<\/div>\n\t\t\t\t<div class=\"elementor-element elementor-element-2d2bd66 elementor-icon-list--layout-traditional elementor-list-item-link-full_width elementor-widget elementor-widget-icon-list\" data-id=\"2d2bd66\" data-element_type=\"widget\" data-e-type=\"widget\" data-widget_type=\"icon-list.default\">\n\t\t\t\t\t\t\t<ul class=\"elementor-icon-list-items\">\n\t\t\t\t\t\t\t<li class=\"elementor-icon-list-item\">\n\t\t\t\t\t\t\t\t\t\t\t<a href=\"https:\/\/apimondia.org\/wp-content\/uploads\/2025\/11\/bee_health_team_members_2024.pdf\">\n\n\t\t\t\t\t\t\t\t\t\t\t\t<span class=\"elementor-icon-list-icon\">\n\t\t\t\t\t\t\t<svg aria-hidden=\"true\" class=\"e-font-icon-svg e-fas-download\" viewbox=\"0 0 512 512\" xmlns=\"http:\/\/www.w3.org\/2000\/svg\"><path d=\"M216 0h80c13.3 0 24 10.7 24 24v168h87.7c17.8 0 26.7 21.5 14.1 34.1L269.7 378.3c-7.5 7.5-19.8 7.5-27.3 0L90.1 226.1c-12.6-12.6-3.7-34.1 14.1-34.1H192V24c0-13.3 10.7-24 24-24zm296 376v112c0 13.3-10.7 24-24 24H24c-13.3 0-24-10.7-24-24V376c0-13.3 10.7-24 24-24h146.7l49 49c20.1 20.1 52.5 20.1 72.6 0l49-49H488c13.3 0 24 10.7 24 24zm-124 88c0-11-9-20-20-20s-20 9-20 20 9 20 20 20 20-9 20-20zm64 0c0-11-9-20-20-20s-20 9-20 20 9 20 20 20 20-9 20-20z\"><\/path><\/svg>\t\t\t\t\t\t<\/span>\n\t\t\t\t\t\t\t\t\t\t<span class=\"elementor-icon-list-text\">Miembros de la Comisi\u00f3n<\/span>\n\t\t\t\t\t\t\t\t\t\t\t<\/a>\n\t\t\t\t\t\t\t\t\t<\/li>\n\t\t\t\t\t\t<\/ul>\n\t\t\t\t\t\t<\/div>\n\t\t\t\t<\/div>\n\t\t\t\t\t<\/div>\n\t\t\t\t<\/div>\n\t\t\t\t<\/div>","protected":false},"excerpt":{"rendered":"<p>Bee health Finding solutions for honey bee health The status of honey bee health must be viewed in the context of the larger issue of\u00a0pollinator declines\u00a0worldwide. Honey bees are widespread globally and often serve as the major managed pollinator in agriculture. Thus, good bee health is vital to global food security. The challenges faced by [&hellip;]<\/p>\n","protected":false},"author":1,"featured_media":0,"parent":10,"menu_order":0,"comment_status":"closed","ping_status":"closed","template":"","meta":{"footnotes":""},"class_list":["post-983","page","type-page","status-publish","hentry"],"aioseo_notices":[],"_links":{"self":[{"href":"https:\/\/apimondia.org\/esp\/wp-json\/wp\/v2\/pages\/983","targetHints":{"allow":["GET"]}}],"collection":[{"href":"https:\/\/apimondia.org\/esp\/wp-json\/wp\/v2\/pages"}],"about":[{"href":"https:\/\/apimondia.org\/esp\/wp-json\/wp\/v2\/types\/page"}],"author":[{"embeddable":true,"href":"https:\/\/apimondia.org\/esp\/wp-json\/wp\/v2\/users\/1"}],"replies":[{"embeddable":true,"href":"https:\/\/apimondia.org\/esp\/wp-json\/wp\/v2\/comments?post=983"}],"version-history":[{"count":25,"href":"https:\/\/apimondia.org\/esp\/wp-json\/wp\/v2\/pages\/983\/revisions"}],"predecessor-version":[{"id":2361,"href":"https:\/\/apimondia.org\/esp\/wp-json\/wp\/v2\/pages\/983\/revisions\/2361"}],"up":[{"embeddable":true,"href":"https:\/\/apimondia.org\/esp\/wp-json\/wp\/v2\/pages\/10"}],"wp:attachment":[{"href":"https:\/\/apimondia.org\/esp\/wp-json\/wp\/v2\/media?parent=983"}],"curies":[{"name":"wp","href":"https:\/\/api.w.org\/{rel}","templated":true}]}}