{"id":985,"date":"2025-11-21T10:52:24","date_gmt":"2025-11-21T10:52:24","guid":{"rendered":"https:\/\/apimondia.org\/?page_id=985"},"modified":"2026-02-08T11:24:15","modified_gmt":"2026-02-08T11:24:15","slug":"biology","status":"publish","type":"page","link":"https:\/\/apimondia.org\/esp\/our-work\/biology\/","title":{"rendered":"Biolog\u00eda"},"content":{"rendered":"<div data-elementor-type=\"wp-page\" data-elementor-id=\"985\" class=\"elementor elementor-985\" data-elementor-post-type=\"page\">\n\t\t\t\t<div class=\"elementor-element elementor-element-9f67d7f e-flex e-con-boxed e-con e-parent\" data-id=\"9f67d7f\" data-element_type=\"container\" data-e-type=\"container\">\n\t\t\t\t\t<div class=\"e-con-inner\">\n\t\t\t\t<div class=\"elementor-element elementor-element-fb9f671 elementor-widget elementor-widget-heading\" data-id=\"fb9f671\" data-element_type=\"widget\" data-e-type=\"widget\" data-widget_type=\"heading.default\">\n\t\t\t\t\t<h1 class=\"elementor-heading-title elementor-size-default\">Biolog\u00eda<\/h1>\t\t\t\t<\/div>\n\t\t\t\t<div class=\"elementor-element elementor-element-401a384 elementor-widget-divider--view-line elementor-widget elementor-widget-divider\" data-id=\"401a384\" data-element_type=\"widget\" data-e-type=\"widget\" data-widget_type=\"divider.default\">\n\t\t\t\t\t\t\t<div class=\"elementor-divider\">\n\t\t\t<span class=\"elementor-divider-separator\">\n\t\t\t\t\t\t<\/span>\n\t\t<\/div>\n\t\t\t\t\t\t<\/div>\n\t\t\t\t\t<\/div>\n\t\t\t\t<\/div>\n\t\t<div class=\"elementor-element elementor-element-2b237dd e-flex e-con-boxed e-con e-parent\" data-id=\"2b237dd\" data-element_type=\"container\" data-e-type=\"container\">\n\t\t\t\t\t<div class=\"e-con-inner\">\n\t\t<div class=\"elementor-element elementor-element-fc8e0b9 e-con-full e-flex e-con e-child\" data-id=\"fc8e0b9\" data-element_type=\"container\" data-e-type=\"container\">\n\t\t\t\t<div class=\"elementor-element elementor-element-32a005c elementor-widget elementor-widget-heading\" data-id=\"32a005c\" data-element_type=\"widget\" data-e-type=\"widget\" data-widget_type=\"heading.default\">\n\t\t\t\t\t<h2 class=\"elementor-heading-title elementor-size-default\">\u00bfPor qu\u00e9 debemos estudiar la biolog\u00eda de las abejas?<\/h2>\t\t\t\t<\/div>\n\t\t\t\t<div class=\"elementor-element elementor-element-5dba112 elementor-widget__width-initial elementor-widget elementor-widget-text-editor\" data-id=\"5dba112\" data-element_type=\"widget\" data-e-type=\"widget\" data-widget_type=\"text-editor.default\">\n\t\t\t\t\t\t\t\t\t<p>Las abejas de la miel son fundamentales como polinizadores primarios de una gran variedad de cultivos. M\u00e1s all\u00e1 de su importancia agr\u00edcola, las abejas de la miel y otros polinizadores son un componente esencial de la entomofauna, contribuyendo activamente a la reproducci\u00f3n de muchas especies de plantas silvestres. Es crucial insistir en la urgente necesidad de investigar a fondo la biolog\u00eda de las abejas para hacer frente a los acuciantes retos a los que se enfrentan estos extraordinarios insectos. Si no se abordan, estos retos medioambientales podr\u00edan tener consecuencias profundas y de largo alcance para la producci\u00f3n mundial de alimentos, debido a su considerable impacto en la polinizaci\u00f3n y la seguridad alimentaria. Por consiguiente, una inmersi\u00f3n profunda en la biolog\u00eda de las abejas constituye la piedra angular para adquirir conocimientos profundos e, idealmente, desarrollar soluciones eficaces para salvaguardar a estos polinizadores indispensables.<\/p>\t\t\t\t\t\t\t\t<\/div>\n\t\t\t\t<div class=\"elementor-element elementor-element-2bfe1c8 elementor-widget elementor-widget-heading\" data-id=\"2bfe1c8\" data-element_type=\"widget\" data-e-type=\"widget\" data-widget_type=\"heading.default\">\n\t\t\t\t\t<h2 class=\"elementor-heading-title elementor-size-default\">Nuestro enfoque<\/h2>\t\t\t\t<\/div>\n\t\t\t\t<div class=\"elementor-element elementor-element-f14d130 elementor-widget elementor-widget-text-editor\" data-id=\"f14d130\" data-element_type=\"widget\" data-e-type=\"widget\" data-widget_type=\"text-editor.default\">\n\t\t\t\t\t\t\t\t\t<p>Nuestras actividades previstas se centran en la gen\u00e9tica, la fisiolog\u00eda y el comportamiento de los polinizadores, incluidas las abejas mel\u00edferas, los abejorros, las abejas sin aguij\u00f3n, Osmia y otras Apoidea. M\u00e1s concretamente, nos proponemos organizar un simposio que haga hincapi\u00e9 en temas de investigaci\u00f3n emergentes. Pretendemos integrar estos simposios con otras comisiones de Apimondia, garantizando as\u00ed la entrega de conocimientos de investigaci\u00f3n de calidad a la comunidad ap\u00edcola mundial.<\/p>\t\t\t\t\t\t\t\t<\/div>\n\t\t\t\t<\/div>\n\t\t<div class=\"elementor-element elementor-element-e707a27 e-con-full e-flex e-con e-child\" data-id=\"e707a27\" data-element_type=\"container\" data-e-type=\"container\">\n\t\t\t\t<div class=\"elementor-element elementor-element-b14eb14 elementor-widget elementor-widget-heading\" data-id=\"b14eb14\" data-element_type=\"widget\" data-e-type=\"widget\" data-widget_type=\"heading.default\">\n\t\t\t\t\t<h4 class=\"elementor-heading-title elementor-size-default\">Presidente de la Comisi\u00f3n Cient\u00edfica de Biolog\u00eda Ap\u00edcola de Apimondia<\/h4>\t\t\t\t<\/div>\n\t\t\t\t<div class=\"elementor-element elementor-element-36e56ac elementor-widget elementor-widget-text-editor\" data-id=\"36e56ac\" data-element_type=\"widget\" data-e-type=\"widget\" data-widget_type=\"text-editor.default\">\n\t\t\t\t\t\t\t\t\t<p><strong>Dr. Gennaro Di Prisco<\/strong><\/p><p>IPSP-CNR (Consejo Nacional de Investigaci\u00f3n Italiano - Instituto para la Protecci\u00f3n Sostenible de las Plantas)<\/p>\t\t\t\t\t\t\t\t<\/div>\n\t\t\t\t<div class=\"elementor-element elementor-element-f27fff1 elementor-icon-list--layout-traditional elementor-list-item-link-full_width elementor-widget elementor-widget-icon-list\" data-id=\"f27fff1\" data-element_type=\"widget\" data-e-type=\"widget\" data-widget_type=\"icon-list.default\">\n\t\t\t\t\t\t\t<ul class=\"elementor-icon-list-items\">\n\t\t\t\t\t\t\t<li class=\"elementor-icon-list-item\">\n\t\t\t\t\t\t\t\t\t\t\t<span class=\"elementor-icon-list-icon\">\n\t\t\t\t\t\t\t<svg aria-hidden=\"true\" class=\"e-font-icon-svg e-fas-envelope\" viewbox=\"0 0 512 512\" xmlns=\"http:\/\/www.w3.org\/2000\/svg\"><path d=\"M502.3 190.8c3.9-3.1 9.7-.2 9.7 4.7V400c0 26.5-21.5 48-48 48H48c-26.5 0-48-21.5-48-48V195.6c0-5 5.7-7.8 9.7-4.7 22.4 17.4 52.1 39.5 154.1 113.6 21.1 15.4 56.7 47.8 92.2 47.6 35.7.3 72-32.8 92.3-47.6 102-74.1 131.6-96.3 154-113.7zM256 320c23.2.4 56.6-29.2 73.4-41.4 132.7-96.3 142.8-104.7 173.4-128.7 5.8-4.5 9.2-11.5 9.2-18.9v-19c0-26.5-21.5-48-48-48H48C21.5 64 0 85.5 0 112v19c0 7.4 3.4 14.3 9.2 18.9 30.6 23.9 40.7 32.4 173.4 128.7 16.8 12.2 50.2 41.8 73.4 41.4z\"><\/path><\/svg>\t\t\t\t\t\t<\/span>\n\t\t\t\t\t\t\t\t\t\t<span class=\"elementor-icon-list-text\">beebiology@apimondia.org<\/span>\n\t\t\t\t\t\t\t\t\t<\/li>\n\t\t\t\t\t\t<\/ul>\n\t\t\t\t\t\t<\/div>\n\t\t\t\t<div class=\"elementor-element elementor-element-7e3178b elementor-widget elementor-widget-heading\" data-id=\"7e3178b\" data-element_type=\"widget\" data-e-type=\"widget\" data-widget_type=\"heading.default\">\n\t\t\t\t\t<h4 class=\"elementor-heading-title elementor-size-default\">Otros miembros de la Comisi\u00f3n<\/h4>\t\t\t\t<\/div>\n\t\t\t\t<div class=\"elementor-element elementor-element-d37f1c8 elementor-widget elementor-widget-text-editor\" data-id=\"d37f1c8\" data-element_type=\"widget\" data-e-type=\"widget\" data-widget_type=\"text-editor.default\">\n\t\t\t\t\t\t\t\t\t<p><strong>Dra. Cecilia Costa<\/strong><\/p><p>Consejo de Investigaci\u00f3n y Econom\u00eda Agrarias - Agricultura y Medio Ambiente, Italia<\/p>\t\t\t\t\t\t\t\t<\/div>\n\t\t\t\t<div class=\"elementor-element elementor-element-520aa2f elementor-widget elementor-widget-text-editor\" data-id=\"520aa2f\" data-element_type=\"widget\" data-e-type=\"widget\" data-widget_type=\"text-editor.default\">\n\t\t\t\t\t\t\t\t\t<p><strong>Dra. Raquel Teixeira de Sousa<\/strong><\/p><p>Departamento de Zoolog\u00eda, Universidad de Oxford, Reino Unido<\/p>\t\t\t\t\t\t\t\t<\/div>\n\t\t\t\t<div class=\"elementor-element elementor-element-fe6ddce elementor-widget elementor-widget-text-editor\" data-id=\"fe6ddce\" data-element_type=\"widget\" data-e-type=\"widget\" data-widget_type=\"text-editor.default\">\n\t\t\t\t\t\t\t\t\t<p><strong>Rui Gon\u00e7alves<\/strong><\/p><p>Departamento de Zoolog\u00eda, Universidad de Oxford, Reino Unido<\/p>\t\t\t\t\t\t\t\t<\/div>\n\t\t\t\t<\/div>\n\t\t\t\t\t<\/div>\n\t\t\t\t<\/div>\n\t\t<div class=\"elementor-element elementor-element-2354974 e-flex e-con-boxed e-con e-parent\" data-id=\"2354974\" data-element_type=\"container\" data-e-type=\"container\">\n\t\t\t\t\t<div class=\"e-con-inner\">\n\t\t<div class=\"elementor-element elementor-element-266d79c e-con-full e-flex e-con e-child\" data-id=\"266d79c\" data-element_type=\"container\" data-e-type=\"container\" data-settings=\"{&quot;background_background&quot;:&quot;classic&quot;}\">\n\t\t\t\t<\/div>\n\t\t<div class=\"elementor-element elementor-element-7c50410 e-con-full e-flex e-con e-child\" data-id=\"7c50410\" data-element_type=\"container\" data-e-type=\"container\">\n\t\t\t\t<div class=\"elementor-element elementor-element-c24dc58 elementor-widget elementor-widget-heading\" data-id=\"c24dc58\" data-element_type=\"widget\" data-e-type=\"widget\" data-widget_type=\"heading.default\">\n\t\t\t\t\t<h2 class=\"elementor-heading-title elementor-size-default\">Temas<\/h2>\t\t\t\t<\/div>\n\t\t\t\t<div class=\"elementor-element elementor-element-a0b560d elementor-widget elementor-widget-text-editor\" data-id=\"a0b560d\" data-element_type=\"widget\" data-e-type=\"widget\" data-widget_type=\"text-editor.default\">\n\t\t\t\t\t\t\t\t\t<p><strong>Gen\u00e9tica (caracterizaci\u00f3n del genoma)<\/strong><\/p><ul><li>Conservaci\u00f3n y selecci\u00f3n de subespecies<\/li><li>Cr\u00eda e inseminaci\u00f3n artificial<\/li><li>Crioconservaci\u00f3n de germoplasma<\/li><\/ul>\t\t\t\t\t\t\t\t<\/div>\n\t\t\t\t<div class=\"elementor-element elementor-element-00eb8ab elementor-widget elementor-widget-text-editor\" data-id=\"00eb8ab\" data-element_type=\"widget\" data-e-type=\"widget\" data-widget_type=\"text-editor.default\">\n\t\t\t\t\t\t\t\t\t<p><strong>Fisiolog\u00eda (resistencia y adaptaci\u00f3n)<\/strong><\/p><ul><li>Impacto de la temperatura\/humedad<\/li><li>Valor nutritivo del alimento ap\u00edcola<\/li><li>Paisaje nutricional que modula la salud de las abejas<\/li><\/ul>\t\t\t\t\t\t\t\t<\/div>\n\t\t\t\t<div class=\"elementor-element elementor-element-e4623bf elementor-widget elementor-widget-text-editor\" data-id=\"e4623bf\" data-element_type=\"widget\" data-e-type=\"widget\" data-widget_type=\"text-editor.default\">\n\t\t\t\t\t\t\t\t\t<p><strong>Comportamiento (modulado por factores de estr\u00e9s)<\/strong><\/p><ul><li>Aprendizaje, memoria y actividad cognitiva<\/li><li>Interacci\u00f3n entre flores y polinizadores<\/li><li>Inteligencia artificial aplicada a los servicios de polinizaci\u00f3n<\/li><\/ul>\t\t\t\t\t\t\t\t<\/div>\n\t\t\t\t<\/div>\n\t\t\t\t\t<\/div>\n\t\t\t\t<\/div>\n\t\t\t\t<\/div>","protected":false},"excerpt":{"rendered":"<p>Biology Why should we study bee biology? Honey bees are pivotal as primary pollinators for a diverse range of crops. Beyond its agricultural significance, honey bees and other pollinators are an essential constituent of the entomofauna, actively contributing to the reproduction of \u00a0many wild plant species. It is crucial to emphasise the urgent need for [&hellip;]<\/p>\n","protected":false},"author":1,"featured_media":0,"parent":10,"menu_order":0,"comment_status":"closed","ping_status":"closed","template":"","meta":{"footnotes":""},"class_list":["post-985","page","type-page","status-publish","hentry"],"aioseo_notices":[],"_links":{"self":[{"href":"https:\/\/apimondia.org\/esp\/wp-json\/wp\/v2\/pages\/985","targetHints":{"allow":["GET"]}}],"collection":[{"href":"https:\/\/apimondia.org\/esp\/wp-json\/wp\/v2\/pages"}],"about":[{"href":"https:\/\/apimondia.org\/esp\/wp-json\/wp\/v2\/types\/page"}],"author":[{"embeddable":true,"href":"https:\/\/apimondia.org\/esp\/wp-json\/wp\/v2\/users\/1"}],"replies":[{"embeddable":true,"href":"https:\/\/apimondia.org\/esp\/wp-json\/wp\/v2\/comments?post=985"}],"version-history":[{"count":16,"href":"https:\/\/apimondia.org\/esp\/wp-json\/wp\/v2\/pages\/985\/revisions"}],"predecessor-version":[{"id":2618,"href":"https:\/\/apimondia.org\/esp\/wp-json\/wp\/v2\/pages\/985\/revisions\/2618"}],"up":[{"embeddable":true,"href":"https:\/\/apimondia.org\/esp\/wp-json\/wp\/v2\/pages\/10"}],"wp:attachment":[{"href":"https:\/\/apimondia.org\/esp\/wp-json\/wp\/v2\/media?parent=985"}],"curies":[{"name":"wp","href":"https:\/\/api.w.org\/{rel}","templated":true}]}}