{"id":989,"date":"2025-11-21T10:53:05","date_gmt":"2025-11-21T10:53:05","guid":{"rendered":"https:\/\/apimondia.org\/?page_id=989"},"modified":"2026-02-05T00:36:48","modified_gmt":"2026-02-05T00:36:48","slug":"pollination-and-flora","status":"publish","type":"page","link":"https:\/\/apimondia.org\/esp\/our-work\/pollination-and-flora\/","title":{"rendered":"Polinizaci\u00f3n y flora"},"content":{"rendered":"<div data-elementor-type=\"wp-page\" data-elementor-id=\"989\" class=\"elementor elementor-989\" data-elementor-post-type=\"page\">\n\t\t\t\t<div class=\"elementor-element elementor-element-b524106 e-flex e-con-boxed e-con e-parent\" data-id=\"b524106\" data-element_type=\"container\" data-e-type=\"container\">\n\t\t\t\t\t<div class=\"e-con-inner\">\n\t\t\t\t<div class=\"elementor-element elementor-element-59b670a elementor-widget elementor-widget-heading\" data-id=\"59b670a\" data-element_type=\"widget\" data-e-type=\"widget\" data-widget_type=\"heading.default\">\n\t\t\t\t\t<h1 class=\"elementor-heading-title elementor-size-default\">Polinizaci\u00f3n y flora<\/h1>\t\t\t\t<\/div>\n\t\t\t\t<div class=\"elementor-element elementor-element-558a357 elementor-widget-divider--view-line elementor-widget elementor-widget-divider\" data-id=\"558a357\" data-element_type=\"widget\" data-e-type=\"widget\" data-widget_type=\"divider.default\">\n\t\t\t\t\t\t\t<div class=\"elementor-divider\">\n\t\t\t<span class=\"elementor-divider-separator\">\n\t\t\t\t\t\t<\/span>\n\t\t<\/div>\n\t\t\t\t\t\t<\/div>\n\t\t\t\t\t<\/div>\n\t\t\t\t<\/div>\n\t\t<div class=\"elementor-element elementor-element-52aaca2 e-flex e-con-boxed e-con e-parent\" data-id=\"52aaca2\" data-element_type=\"container\" data-e-type=\"container\">\n\t\t\t\t\t<div class=\"e-con-inner\">\n\t\t<div class=\"elementor-element elementor-element-97eb3a5 e-con-full e-flex e-con e-child\" data-id=\"97eb3a5\" data-element_type=\"container\" data-e-type=\"container\">\n\t\t\t\t<div class=\"elementor-element elementor-element-8f4dd69 elementor-widget elementor-widget-heading\" data-id=\"8f4dd69\" data-element_type=\"widget\" data-e-type=\"widget\" data-widget_type=\"heading.default\">\n\t\t\t\t\t<h2 class=\"elementor-heading-title elementor-size-default\">El papel fundamental de las abejas<\/h2>\t\t\t\t<\/div>\n\t\t\t\t<div class=\"elementor-element elementor-element-362b585 elementor-widget__width-initial elementor-widget elementor-widget-text-editor\" data-id=\"362b585\" data-element_type=\"widget\" data-e-type=\"widget\" data-widget_type=\"text-editor.default\">\n\t\t\t\t\t\t\t\t\t<p>Los insectos polinizadores m\u00e1s conocidos son las abejas, especialmente la abeja mel\u00edfera (Apis mellifera), pero otras abejas Apis y no Apis (por ejemplo, los abejorros) tambi\u00e9n son excelentes polinizadores. La actividad de los polinizadores favorece los entornos ricos en vegetaci\u00f3n que conforman la mayor\u00eda de los ecosistemas terrestres. El buen funcionamiento de estos h\u00e1bitats y sus beneficios son esenciales para mantener todas las formas de vida del planeta. Una de las contribuciones m\u00e1s importantes de la naturaleza a las personas es la polinizaci\u00f3n de diversos cultivos fundamentales para el consumo humano y las econom\u00edas de muchas regiones. Sin embargo, los servicios de polinizaci\u00f3n natural est\u00e1n disminuyendo en distintas partes del mundo porque hay menos polinizadores o menos diversidad en sus comunidades. Cuando se produce un d\u00e9ficit en este \u00e1mbito, la respuesta t\u00edpica a los bajos rendimientos agr\u00edcolas resultantes es ampliar la superficie cultivada y aplicar m\u00e9todos agr\u00edcolas inadecuados. Se trata de un enfoque habitual en la intensificaci\u00f3n convencional y crea presiones medioambientales que provocan m\u00e1s p\u00e9rdidas de recursos naturales, perjudicando a\u00fan m\u00e1s a las comunidades de polinizadores.<\/p>\t\t\t\t\t\t\t\t<\/div>\n\t\t\t\t<div class=\"elementor-element elementor-element-bc8b980 elementor-widget elementor-widget-heading\" data-id=\"bc8b980\" data-element_type=\"widget\" data-e-type=\"widget\" data-widget_type=\"heading.default\">\n\t\t\t\t\t<h2 class=\"elementor-heading-title elementor-size-default\">Nuestro enfoque<\/h2>\t\t\t\t<\/div>\n\t\t\t\t<div class=\"elementor-element elementor-element-e600ced elementor-widget elementor-widget-text-editor\" data-id=\"e600ced\" data-element_type=\"widget\" data-e-type=\"widget\" data-widget_type=\"text-editor.default\">\n\t\t\t\t\t\t\t\t\t<p>Apimondia trabaja para desarrollar conocimientos te\u00f3ricos y pr\u00e1cticos sobre temas como la biolog\u00eda de las diferentes especies de polinizadores, los rasgos de comportamiento, la ecolog\u00eda de las comunidades de polinizadores, el valor tangible e intangible de sus servicios en entornos cultivados y naturales, las pr\u00e1cticas respetuosas con los polinizadores y las percepciones de los productores, entre muchos otros. Gracias a estas investigaciones, cada vez se reconoce m\u00e1s el valor de las distintas comunidades de polinizadores para la polinizaci\u00f3n de los cultivos, lo que demuestra el alcance estimado de su p\u00e9rdida y facilita la cuantificaci\u00f3n de los costes y beneficios de las pr\u00e1cticas respetuosas con los polinizadores. La importancia de preservar los h\u00e1bitats naturales de los polinizadores y aumentar la biodiversidad para reducir los insumos sint\u00e9ticos y crear un agroecosistema sano y resistente es tambi\u00e9n un \u00e1rea clave de investigaci\u00f3n.<\/p><p>Estamos avanzando en la comprensi\u00f3n de las causas y consecuencias de la mortalidad de las abejas. Esta tarea se lleva a cabo mediante el estudio de la nutrici\u00f3n y toxicolog\u00eda de las abejas, la prospecci\u00f3n de distintas regiones, la creaci\u00f3n de consorcios ap\u00edcolas y el desarrollo de proyectos de investigaci\u00f3n.<\/p><p>Toda esta informaci\u00f3n es una valiosa herramienta para dise\u00f1ar y aplicar planes de gesti\u00f3n que fomenten la presencia de polinizadores en entornos naturales y productivos. Por ejemplo, Apimondia ha contribuido a elaborar directrices y protocolos de la FAO para la evaluaci\u00f3n socioecon\u00f3mica de las pr\u00e1cticas favorables a los polinizadores y ha puesto en marcha varias iniciativas en peque\u00f1as explotaciones familiares de pa\u00edses en desarrollo.<\/p><p>Tambi\u00e9n participamos en plataformas intergubernamentales, colaborando con asociaciones de la sociedad civil y sirviendo de enlace con actores pol\u00edticos para debatir pol\u00edticas pendientes y acercar las necesidades de productores, apicultores y consumidores a los foros de debate. Algunas de las principales actividades son la participaci\u00f3n en simposios, la redacci\u00f3n de proyectos de ley de regulaci\u00f3n de la apicultura y la elaboraci\u00f3n de informes para los responsables pol\u00edticos que den una idea de la situaci\u00f3n actual de los polinizadores en todo el mundo.<\/p>\t\t\t\t\t\t\t\t<\/div>\n\t\t\t\t<\/div>\n\t\t<div class=\"elementor-element elementor-element-72dd885 e-con-full e-flex e-con e-child\" data-id=\"72dd885\" data-element_type=\"container\" data-e-type=\"container\">\n\t\t\t\t<div class=\"elementor-element elementor-element-dcbc5d2 elementor-icon-list--layout-traditional elementor-list-item-link-full_width elementor-widget elementor-widget-icon-list\" data-id=\"dcbc5d2\" data-element_type=\"widget\" data-e-type=\"widget\" data-widget_type=\"icon-list.default\">\n\t\t\t\t\t\t\t<ul class=\"elementor-icon-list-items\">\n\t\t\t\t\t\t\t<li class=\"elementor-icon-list-item\">\n\t\t\t\t\t\t\t\t\t\t\t<a href=\"https:\/\/apimondia.org\/wp-content\/uploads\/2025\/11\/pbf-comission.pdf\">\n\n\t\t\t\t\t\t\t\t\t\t\t\t<span class=\"elementor-icon-list-icon\">\n\t\t\t\t\t\t\t<svg aria-hidden=\"true\" class=\"e-font-icon-svg e-fas-download\" viewbox=\"0 0 512 512\" xmlns=\"http:\/\/www.w3.org\/2000\/svg\"><path d=\"M216 0h80c13.3 0 24 10.7 24 24v168h87.7c17.8 0 26.7 21.5 14.1 34.1L269.7 378.3c-7.5 7.5-19.8 7.5-27.3 0L90.1 226.1c-12.6-12.6-3.7-34.1 14.1-34.1H192V24c0-13.3 10.7-24 24-24zm296 376v112c0 13.3-10.7 24-24 24H24c-13.3 0-24-10.7-24-24V376c0-13.3 10.7-24 24-24h146.7l49 49c20.1 20.1 52.5 20.1 72.6 0l49-49H488c13.3 0 24 10.7 24 24zm-124 88c0-11-9-20-20-20s-20 9-20 20 9 20 20 20 20-9 20-20zm64 0c0-11-9-20-20-20s-20 9-20 20 9 20 20 20 20-9 20-20z\"><\/path><\/svg>\t\t\t\t\t\t<\/span>\n\t\t\t\t\t\t\t\t\t\t<span class=\"elementor-icon-list-text\">Miembros de la Comisi\u00f3n<\/span>\n\t\t\t\t\t\t\t\t\t\t\t<\/a>\n\t\t\t\t\t\t\t\t\t<\/li>\n\t\t\t\t\t\t<\/ul>\n\t\t\t\t\t\t<\/div>\n\t\t\t\t<\/div>\n\t\t\t\t\t<\/div>\n\t\t\t\t<\/div>\n\t\t<div class=\"elementor-element elementor-element-2a4a071 e-grid e-con-boxed e-con e-parent\" data-id=\"2a4a071\" data-element_type=\"container\" data-e-type=\"container\">\n\t\t\t\t\t<div class=\"e-con-inner\">\n\t\t<div class=\"elementor-element elementor-element-cb99625 e-con-full e-flex e-con e-child\" data-id=\"cb99625\" data-element_type=\"container\" data-e-type=\"container\">\n\t\t\t\t<div class=\"elementor-element elementor-element-6cd45f0 elementor-widget elementor-widget-heading\" data-id=\"6cd45f0\" data-element_type=\"widget\" data-e-type=\"widget\" data-widget_type=\"heading.default\">\n\t\t\t\t\t<h4 class=\"elementor-heading-title elementor-size-default\">El papel crucial de los h\u00e1bitats naturales para los polinizadores<\/h4>\t\t\t\t<\/div>\n\t\t\t\t<div class=\"elementor-element elementor-element-9b0aa03 elementor-widget elementor-widget-video\" data-id=\"9b0aa03\" data-element_type=\"widget\" data-e-type=\"widget\" data-settings=\"{&quot;youtube_url&quot;:&quot;https:\\\/\\\/www.youtube.com\\\/watch?v=2tVY1gsjxL8&quot;,&quot;lazy_load&quot;:&quot;yes&quot;,&quot;video_type&quot;:&quot;youtube&quot;,&quot;controls&quot;:&quot;yes&quot;}\" data-widget_type=\"video.default\">\n\t\t\t\t\t\t\t<div class=\"elementor-wrapper elementor-open-inline\">\n\t\t\t<div class=\"elementor-video\"><\/div>\t\t<\/div>\n\t\t\t\t\t\t<\/div>\n\t\t\t\t<\/div>\n\t\t<div class=\"elementor-element elementor-element-52c1ccd e-con-full e-flex e-con e-child\" data-id=\"52c1ccd\" data-element_type=\"container\" data-e-type=\"container\">\n\t\t\t\t<div class=\"elementor-element elementor-element-bd22e6a elementor-widget elementor-widget-heading\" data-id=\"bd22e6a\" data-element_type=\"widget\" data-e-type=\"widget\" data-widget_type=\"heading.default\">\n\t\t\t\t\t<h4 class=\"elementor-heading-title elementor-size-default\">La belleza oculta de la polinizaci\u00f3n<\/h4>\t\t\t\t<\/div>\n\t\t\t\t<div class=\"elementor-element elementor-element-19fef7e elementor-widget elementor-widget-video\" data-id=\"19fef7e\" data-element_type=\"widget\" data-e-type=\"widget\" data-settings=\"{&quot;youtube_url&quot;:&quot;https:\\\/\\\/www.youtube.com\\\/watch?v=eqsXc_aefKI&quot;,&quot;lazy_load&quot;:&quot;yes&quot;,&quot;video_type&quot;:&quot;youtube&quot;,&quot;controls&quot;:&quot;yes&quot;}\" data-widget_type=\"video.default\">\n\t\t\t\t\t\t\t<div class=\"elementor-wrapper elementor-open-inline\">\n\t\t\t<div class=\"elementor-video\"><\/div>\t\t<\/div>\n\t\t\t\t\t\t<\/div>\n\t\t\t\t<\/div>\n\t\t<div class=\"elementor-element elementor-element-48a19f6 e-con-full e-flex e-con e-child\" data-id=\"48a19f6\" data-element_type=\"container\" data-e-type=\"container\">\n\t\t\t\t<div class=\"elementor-element elementor-element-c8c7547 elementor-widget elementor-widget-heading\" data-id=\"c8c7547\" data-element_type=\"widget\" data-e-type=\"widget\" data-widget_type=\"heading.default\">\n\t\t\t\t\t<h4 class=\"elementor-heading-title elementor-size-default\">La importancia de los servicios de polinizaci\u00f3n de las abejas<\/h4>\t\t\t\t<\/div>\n\t\t\t\t<div class=\"elementor-element elementor-element-3712636 elementor-widget elementor-widget-video\" data-id=\"3712636\" data-element_type=\"widget\" data-e-type=\"widget\" data-settings=\"{&quot;youtube_url&quot;:&quot;https:\\\/\\\/www.youtube.com\\\/watch?v=U060o1XFRCE&quot;,&quot;lazy_load&quot;:&quot;yes&quot;,&quot;video_type&quot;:&quot;youtube&quot;,&quot;controls&quot;:&quot;yes&quot;}\" data-widget_type=\"video.default\">\n\t\t\t\t\t\t\t<div class=\"elementor-wrapper elementor-open-inline\">\n\t\t\t<div class=\"elementor-video\"><\/div>\t\t<\/div>\n\t\t\t\t\t\t<\/div>\n\t\t\t\t<\/div>\n\t\t\t\t\t<\/div>\n\t\t\t\t<\/div>\n\t\t<div class=\"elementor-element elementor-element-8b3eaeb e-flex e-con-boxed e-con e-parent\" data-id=\"8b3eaeb\" data-element_type=\"container\" data-e-type=\"container\">\n\t\t\t\t\t<div class=\"e-con-inner\">\n\t\t<div class=\"elementor-element elementor-element-d11d016 e-con-full e-flex e-con e-child\" data-id=\"d11d016\" data-element_type=\"container\" data-e-type=\"container\">\n\t\t<div class=\"elementor-element elementor-element-60ece76 e-con-full e-flex e-con e-child\" data-id=\"60ece76\" data-element_type=\"container\" data-e-type=\"container\" data-settings=\"{&quot;background_background&quot;:&quot;classic&quot;}\">\n\t\t\t\t<div class=\"elementor-element elementor-element-2137a92 elementor-widget elementor-widget-heading\" data-id=\"2137a92\" data-element_type=\"widget\" data-e-type=\"widget\" data-widget_type=\"heading.default\">\n\t\t\t\t\t<h2 class=\"elementor-heading-title elementor-size-default\">Directrices<\/h2>\t\t\t\t<\/div>\n\t\t\t\t<div class=\"elementor-element elementor-element-29d1fad elementor-widget-divider--view-line elementor-widget elementor-widget-divider\" data-id=\"29d1fad\" data-element_type=\"widget\" data-e-type=\"widget\" data-widget_type=\"divider.default\">\n\t\t\t\t\t\t\t<div class=\"elementor-divider\">\n\t\t\t<span class=\"elementor-divider-separator\">\n\t\t\t\t\t\t<\/span>\n\t\t<\/div>\n\t\t\t\t\t\t<\/div>\n\t\t\t\t<div class=\"elementor-element elementor-element-a0a1895 elementor-widget elementor-widget-text-editor\" data-id=\"a0a1895\" data-element_type=\"widget\" data-e-type=\"widget\" data-widget_type=\"text-editor.default\">\n\t\t\t\t\t\t\t\t\t<p>Buenas pr\u00e1cticas ap\u00edcolas para una apicultura sostenible<\/p>\t\t\t\t\t\t\t\t<\/div>\n\t\t\t\t<div class=\"elementor-element elementor-element-d7a588b elementor-align-center elementor-widget__width-initial elementor-widget elementor-widget-button\" data-id=\"d7a588b\" data-element_type=\"widget\" data-e-type=\"widget\" data-widget_type=\"button.default\">\n\t\t\t\t\t\t\t\t\t\t<a class=\"elementor-button elementor-button-link elementor-size-sm\" href=\"https:\/\/openknowledge.fao.org\/items\/44bbf61a-eec9-46fa-9d74-0f791e592571\">\n\t\t\t\t\t\t<span class=\"elementor-button-content-wrapper\">\n\t\t\t\t\t\t\t\t\t<span class=\"elementor-button-text\">M\u00e1s informaci\u00f3n<\/span>\n\t\t\t\t\t<\/span>\n\t\t\t\t\t<\/a>\n\t\t\t\t\t\t\t\t<\/div>\n\t\t\t\t<\/div>\n\t\t\t\t<\/div>\n\t\t\t\t\t<\/div>\n\t\t\t\t<\/div>\n\t\t\t\t<\/div>","protected":false},"excerpt":{"rendered":"<p>Pollination and flora The critical role of bees The best-known pollinating insects are bees, especially the honeybee (Apis mellifera), but other Apis and non-Apis bees (e.g., bumblebees) are also excellent pollinators. Pollinator activity supports the vegetation-rich environments that make up most terrestrial ecosystems. The proper functioning of these habitats and their benefits are essential for [&hellip;]<\/p>\n","protected":false},"author":1,"featured_media":0,"parent":10,"menu_order":0,"comment_status":"closed","ping_status":"closed","template":"","meta":{"footnotes":""},"class_list":["post-989","page","type-page","status-publish","hentry"],"aioseo_notices":[],"_links":{"self":[{"href":"https:\/\/apimondia.org\/esp\/wp-json\/wp\/v2\/pages\/989","targetHints":{"allow":["GET"]}}],"collection":[{"href":"https:\/\/apimondia.org\/esp\/wp-json\/wp\/v2\/pages"}],"about":[{"href":"https:\/\/apimondia.org\/esp\/wp-json\/wp\/v2\/types\/page"}],"author":[{"embeddable":true,"href":"https:\/\/apimondia.org\/esp\/wp-json\/wp\/v2\/users\/1"}],"replies":[{"embeddable":true,"href":"https:\/\/apimondia.org\/esp\/wp-json\/wp\/v2\/comments?post=989"}],"version-history":[{"count":16,"href":"https:\/\/apimondia.org\/esp\/wp-json\/wp\/v2\/pages\/989\/revisions"}],"predecessor-version":[{"id":1211,"href":"https:\/\/apimondia.org\/esp\/wp-json\/wp\/v2\/pages\/989\/revisions\/1211"}],"up":[{"embeddable":true,"href":"https:\/\/apimondia.org\/esp\/wp-json\/wp\/v2\/pages\/10"}],"wp:attachment":[{"href":"https:\/\/apimondia.org\/esp\/wp-json\/wp\/v2\/media?parent=989"}],"curies":[{"name":"wp","href":"https:\/\/api.w.org\/{rel}","templated":true}]}}