{"id":991,"date":"2025-11-21T10:53:25","date_gmt":"2025-11-21T10:53:25","guid":{"rendered":"https:\/\/apimondia.org\/?page_id=991"},"modified":"2026-02-05T15:00:27","modified_gmt":"2026-02-05T15:00:27","slug":"rural-development","status":"publish","type":"page","link":"https:\/\/apimondia.org\/esp\/our-work\/rural-development\/","title":{"rendered":"Desarrollo rural"},"content":{"rendered":"<div data-elementor-type=\"wp-page\" data-elementor-id=\"991\" class=\"elementor elementor-991\" data-elementor-post-type=\"page\">\n\t\t\t\t<div class=\"elementor-element elementor-element-02bbe5f e-flex e-con-boxed e-con e-parent\" data-id=\"02bbe5f\" data-element_type=\"container\" data-e-type=\"container\">\n\t\t\t\t\t<div class=\"e-con-inner\">\n\t\t\t\t<div class=\"elementor-element elementor-element-8f48eae elementor-widget elementor-widget-heading\" data-id=\"8f48eae\" data-element_type=\"widget\" data-e-type=\"widget\" data-widget_type=\"heading.default\">\n\t\t\t\t\t<h1 class=\"elementor-heading-title elementor-size-default\">Desarrollo rural<\/h1>\t\t\t\t<\/div>\n\t\t\t\t<div class=\"elementor-element elementor-element-5b06c1a elementor-widget-divider--view-line elementor-widget elementor-widget-divider\" data-id=\"5b06c1a\" data-element_type=\"widget\" data-e-type=\"widget\" data-widget_type=\"divider.default\">\n\t\t\t\t\t\t\t<div class=\"elementor-divider\">\n\t\t\t<span class=\"elementor-divider-separator\">\n\t\t\t\t\t\t<\/span>\n\t\t<\/div>\n\t\t\t\t\t\t<\/div>\n\t\t\t\t\t<\/div>\n\t\t\t\t<\/div>\n\t\t<div class=\"elementor-element elementor-element-6812d2f e-flex e-con-boxed e-con e-parent\" data-id=\"6812d2f\" data-element_type=\"container\" data-e-type=\"container\">\n\t\t\t\t\t<div class=\"e-con-inner\">\n\t\t<div class=\"elementor-element elementor-element-a761187 e-con-full e-flex e-con e-child\" data-id=\"a761187\" data-element_type=\"container\" data-e-type=\"container\">\n\t\t<div class=\"elementor-element elementor-element-63fff3d e-con-full e-flex e-con e-child\" data-id=\"63fff3d\" data-element_type=\"container\" data-e-type=\"container\">\n\t\t\t\t<div class=\"elementor-element elementor-element-fee6fbd elementor-widget elementor-widget-text-editor\" data-id=\"fee6fbd\" data-element_type=\"widget\" data-e-type=\"widget\" data-widget_type=\"text-editor.default\">\n\t\t\t\t\t\t\t\t\t<div class=\"paragraph\">La Comisi\u00f3n de Desarrollo Rural de Apimondia es una red acogedora que re\u00fane a personas para compartir conocimientos, intercambiar ideas y aprender unos de otros. Nos conectamos a trav\u00e9s de los Congresos y Simposios de Apimondia, as\u00ed como mediante debates continuos por correo electr\u00f3nico entre eventos. Estos encuentros atraen no s\u00f3lo a apicultores, sino tambi\u00e9n a profesionales del desarrollo y acad\u00e9micos, todos los cuales contribuyen a una comprensi\u00f3n m\u00e1s profunda de las abejas, la apicultura y el desarrollo sostenible en todo el mundo.<\/div>\t\t\t\t\t\t\t\t<\/div>\n\t\t\t\t<div class=\"elementor-element elementor-element-8c6bf6a elementor-widget__width-initial elementor-widget elementor-widget-image\" data-id=\"8c6bf6a\" data-element_type=\"widget\" data-e-type=\"widget\" data-widget_type=\"image.default\">\n\t\t\t\t\t\t\t\t\t\t\t\t\t\t\t<img fetchpriority=\"high\" decoding=\"async\" width=\"600\" height=\"450\" src=\"https:\/\/apimondia.org\/wp-content\/uploads\/2026\/01\/Traditional-Hive3.jpg\" class=\"attachment-large size-large wp-image-2357\" alt=\"\" srcset=\"https:\/\/apimondia.org\/wp-content\/uploads\/2026\/01\/Traditional-Hive3.jpg 600w, https:\/\/apimondia.org\/wp-content\/uploads\/2026\/01\/Traditional-Hive3-400x300.jpg 400w, https:\/\/apimondia.org\/wp-content\/uploads\/2026\/01\/Traditional-Hive3-16x12.jpg 16w\" sizes=\"(max-width: 600px) 100vw, 600px\" \/>\t\t\t\t\t\t\t\t\t\t\t\t\t\t\t<\/div>\n\t\t\t\t<\/div>\n\t\t\t\t<div class=\"elementor-element elementor-element-b1a73a2 elementor-widget elementor-widget-heading\" data-id=\"b1a73a2\" data-element_type=\"widget\" data-e-type=\"widget\" data-widget_type=\"heading.default\">\n\t\t\t\t\t<h2 class=\"elementor-heading-title elementor-size-default\">Nuestras actividades<\/h2>\t\t\t\t<\/div>\n\t\t\t\t<div class=\"elementor-element elementor-element-a13b4c2 elementor-widget elementor-widget-text-editor\" data-id=\"a13b4c2\" data-element_type=\"widget\" data-e-type=\"widget\" data-widget_type=\"text-editor.default\">\n\t\t\t\t\t\t\t\t\t<div class=\"paragraph\"><p>Como apicultores, muchos miembros de Apimondia reconocer\u00e1n el incre\u00edble poder de la apicultura para reducir la pobreza y mejorar la biodiversidad. La apicultura es algo m\u00e1s que la producci\u00f3n de miel: apoya los medios de subsistencia, fortalece las econom\u00edas rurales y desempe\u00f1a un papel crucial en la protecci\u00f3n de nuestro medio ambiente. Por eso Apimondia se centra en el papel y el valor de la apicultura en el desarrollo rural:<\/p><ul><li>Apoyar la apicultura como actividad de bajo coste y alto impacto para personas con recursos econ\u00f3micos limitados.<\/li><li>Fomento del uso de especies ap\u00edcolas aut\u00f3ctonas y locales<\/li><li>Fomento de pr\u00e1cticas ap\u00edcolas sostenibles que conserven las poblaciones de abejas mel\u00edferas y abejas sin aguij\u00f3n.<\/li><li>Exploraci\u00f3n de la certificaci\u00f3n ecol\u00f3gica y social para empresas ap\u00edcolas<\/li><li>Reforzar las agrupaciones de productores y las cooperativas<\/li><li>Afrontar los retos del comercio, la comercializaci\u00f3n y la pol\u00edtica<\/li><li>Destacar la importancia cultural de la apicultura<\/li><li>Reconocer la apicultura como parte de la gesti\u00f3n forestal sostenible<\/li><li>Abogar por pol\u00edticas que apoyen a los apicultores y el comercio justo<\/li><li>Demostrar el papel de la apicultura en la seguridad alimentaria y la reducci\u00f3n de la pobreza<\/li><\/ul><p>La apicultura tiene el potencial de transformar comunidades creando medios de vida sostenibles al tiempo que protege la naturaleza. A trav\u00e9s de esta Comisi\u00f3n, pretendemos inspirar y capacitar a m\u00e1s personas para que aprovechen la apicultura como herramienta para un cambio positivo.<\/p><p>Esperamos continuar estas conversaciones y trabajar juntos para apoyar a los apicultores y el desarrollo sostenible en todo el mundo.<\/p><\/div>\t\t\t\t\t\t\t\t<\/div>\n\t\t\t\t<div class=\"elementor-element elementor-element-2111aaa elementor-widget elementor-widget-image\" data-id=\"2111aaa\" data-element_type=\"widget\" data-e-type=\"widget\" data-widget_type=\"image.default\">\n\t\t\t\t\t\t\t\t\t\t\t\t\t\t\t<img decoding=\"async\" width=\"600\" height=\"450\" src=\"https:\/\/apimondia.org\/wp-content\/uploads\/2026\/01\/zDelete-2.jpg\" class=\"attachment-large size-large wp-image-2358\" alt=\"\" srcset=\"https:\/\/apimondia.org\/wp-content\/uploads\/2026\/01\/zDelete-2.jpg 600w, https:\/\/apimondia.org\/wp-content\/uploads\/2026\/01\/zDelete-2-400x300.jpg 400w, https:\/\/apimondia.org\/wp-content\/uploads\/2026\/01\/zDelete-2-16x12.jpg 16w\" sizes=\"(max-width: 600px) 100vw, 600px\" \/>\t\t\t\t\t\t\t\t\t\t\t\t\t\t\t<\/div>\n\t\t\t\t<\/div>\n\t\t<div class=\"elementor-element elementor-element-c56405b e-con-full e-flex e-con e-child\" data-id=\"c56405b\" data-element_type=\"container\" data-e-type=\"container\">\n\t\t<div class=\"elementor-element elementor-element-8f7cd1e e-con-full e-flex e-con e-child\" data-id=\"8f7cd1e\" data-element_type=\"container\" data-e-type=\"container\">\n\t\t\t\t<div class=\"elementor-element elementor-element-55e5311 elementor-widget elementor-widget-heading\" data-id=\"55e5311\" data-element_type=\"widget\" data-e-type=\"widget\" data-widget_type=\"heading.default\">\n\t\t\t\t\t<h4 class=\"elementor-heading-title elementor-size-default\">Presidente de la Comisi\u00f3n de Desarrollo Rural de Apimondia<\/h4>\t\t\t\t<\/div>\n\t\t\t\t<div class=\"elementor-element elementor-element-bcc55b2 elementor-widget elementor-widget-text-editor\" data-id=\"bcc55b2\" data-element_type=\"widget\" data-e-type=\"widget\" data-widget_type=\"text-editor.default\">\n\t\t\t\t\t\t\t\t\t<p><strong>Megan Denver<\/strong><\/p>\t\t\t\t\t\t\t\t<\/div>\n\t\t\t\t<div class=\"elementor-element elementor-element-527a57a elementor-icon-list--layout-traditional elementor-list-item-link-full_width elementor-widget elementor-widget-icon-list\" data-id=\"527a57a\" data-element_type=\"widget\" data-e-type=\"widget\" data-widget_type=\"icon-list.default\">\n\t\t\t\t\t\t\t<ul class=\"elementor-icon-list-items\">\n\t\t\t\t\t\t\t<li class=\"elementor-icon-list-item\">\n\t\t\t\t\t\t\t\t\t\t\t<span class=\"elementor-icon-list-icon\">\n\t\t\t\t\t\t\t<svg aria-hidden=\"true\" class=\"e-font-icon-svg e-fas-envelope\" viewbox=\"0 0 512 512\" xmlns=\"http:\/\/www.w3.org\/2000\/svg\"><path d=\"M502.3 190.8c3.9-3.1 9.7-.2 9.7 4.7V400c0 26.5-21.5 48-48 48H48c-26.5 0-48-21.5-48-48V195.6c0-5 5.7-7.8 9.7-4.7 22.4 17.4 52.1 39.5 154.1 113.6 21.1 15.4 56.7 47.8 92.2 47.6 35.7.3 72-32.8 92.3-47.6 102-74.1 131.6-96.3 154-113.7zM256 320c23.2.4 56.6-29.2 73.4-41.4 132.7-96.3 142.8-104.7 173.4-128.7 5.8-4.5 9.2-11.5 9.2-18.9v-19c0-26.5-21.5-48-48-48H48C21.5 64 0 85.5 0 112v19c0 7.4 3.4 14.3 9.2 18.9 30.6 23.9 40.7 32.4 173.4 128.7 16.8 12.2 50.2 41.8 73.4 41.4z\"><\/path><\/svg>\t\t\t\t\t\t<\/span>\n\t\t\t\t\t\t\t\t\t\t<span class=\"elementor-icon-list-text\">ruraldevelopment@apimondia.org<\/span>\n\t\t\t\t\t\t\t\t\t<\/li>\n\t\t\t\t\t\t<\/ul>\n\t\t\t\t\t\t<\/div>\n\t\t\t\t<\/div>\n\t\t\t\t<\/div>\n\t\t\t\t\t<\/div>\n\t\t\t\t<\/div>\n\t\t\t\t<\/div>","protected":false},"excerpt":{"rendered":"<p>Rural development The Apimondia Commission on Rural Development is a welcoming network that brings people together to share knowledge, exchange ideas, and learn from one another. We connect through Apimondia Congresses and Symposia, as well as ongoing discussions by email between events. These gatherings attract not only beekeepers but also development professionals and academics, all [&hellip;]<\/p>\n","protected":false},"author":1,"featured_media":0,"parent":10,"menu_order":0,"comment_status":"closed","ping_status":"closed","template":"","meta":{"footnotes":""},"class_list":["post-991","page","type-page","status-publish","hentry"],"aioseo_notices":[],"_links":{"self":[{"href":"https:\/\/apimondia.org\/esp\/wp-json\/wp\/v2\/pages\/991","targetHints":{"allow":["GET"]}}],"collection":[{"href":"https:\/\/apimondia.org\/esp\/wp-json\/wp\/v2\/pages"}],"about":[{"href":"https:\/\/apimondia.org\/esp\/wp-json\/wp\/v2\/types\/page"}],"author":[{"embeddable":true,"href":"https:\/\/apimondia.org\/esp\/wp-json\/wp\/v2\/users\/1"}],"replies":[{"embeddable":true,"href":"https:\/\/apimondia.org\/esp\/wp-json\/wp\/v2\/comments?post=991"}],"version-history":[{"count":19,"href":"https:\/\/apimondia.org\/esp\/wp-json\/wp\/v2\/pages\/991\/revisions"}],"predecessor-version":[{"id":2536,"href":"https:\/\/apimondia.org\/esp\/wp-json\/wp\/v2\/pages\/991\/revisions\/2536"}],"up":[{"embeddable":true,"href":"https:\/\/apimondia.org\/esp\/wp-json\/wp\/v2\/pages\/10"}],"wp:attachment":[{"href":"https:\/\/apimondia.org\/esp\/wp-json\/wp\/v2\/media?parent=991"}],"curies":[{"name":"wp","href":"https:\/\/api.w.org\/{rel}","templated":true}]}}