{"id":10,"date":"2025-10-22T08:40:03","date_gmt":"2025-10-22T08:40:03","guid":{"rendered":"https:\/\/apimondia.org\/?page_id=10"},"modified":"2026-02-05T00:19:57","modified_gmt":"2026-02-05T00:19:57","slug":"our-work","status":"publish","type":"page","link":"https:\/\/apimondia.org\/fra\/our-work\/","title":{"rendered":"Notre travail"},"content":{"rendered":"<div data-elementor-type=\"wp-page\" data-elementor-id=\"10\" class=\"elementor elementor-10\" data-elementor-post-type=\"page\">\n\t\t\t\t<div class=\"elementor-element elementor-element-b37626e e-flex e-con-boxed e-con e-parent\" data-id=\"b37626e\" data-element_type=\"container\" data-e-type=\"container\">\n\t\t\t\t\t<div class=\"e-con-inner\">\n\t\t\t\t<div class=\"elementor-element elementor-element-35dda47 elementor-widget elementor-widget-heading\" data-id=\"35dda47\" data-element_type=\"widget\" data-e-type=\"widget\" data-widget_type=\"heading.default\">\n\t\t\t\t\t<h1 class=\"elementor-heading-title elementor-size-default\">Notre travail<\/h1>\t\t\t\t<\/div>\n\t\t\t\t<div class=\"elementor-element elementor-element-69556dd elementor-widget-divider--view-line elementor-widget elementor-widget-divider\" data-id=\"69556dd\" data-element_type=\"widget\" data-e-type=\"widget\" data-widget_type=\"divider.default\">\n\t\t\t\t\t\t\t<div class=\"elementor-divider\">\n\t\t\t<span class=\"elementor-divider-separator\">\n\t\t\t\t\t\t<\/span>\n\t\t<\/div>\n\t\t\t\t\t\t<\/div>\n\t\t\t\t\t<\/div>\n\t\t\t\t<\/div>\n\t\t<div class=\"elementor-element elementor-element-a4862ff e-flex e-con-boxed e-con e-parent\" data-id=\"a4862ff\" data-element_type=\"container\" data-e-type=\"container\">\n\t\t\t\t\t<div class=\"e-con-inner\">\n\t\t\t\t<div class=\"elementor-element elementor-element-69bf885 elementor-widget elementor-widget-heading\" data-id=\"69bf885\" data-element_type=\"widget\" data-e-type=\"widget\" data-widget_type=\"heading.default\">\n\t\t\t\t\t<h2 class=\"elementor-heading-title elementor-size-default\">Apimondia compte sept commissions scientifiques<\/h2>\t\t\t\t<\/div>\n\t\t\t\t<div class=\"elementor-element elementor-element-141f7ed elementor-widget elementor-widget-text-editor\" data-id=\"141f7ed\" data-element_type=\"widget\" data-e-type=\"widget\" data-widget_type=\"text-editor.default\">\n\t\t\t\t\t\t\t\t\t<p data-start=\"426\" data-end=\"703\">Apimondia op\u00e8re par le biais de <strong data-start=\"470\" data-end=\"502\">sept commissions scientifiques<\/strong>, Chacun d'entre eux se consacre \u00e0 une discipline sp\u00e9cifique. Cette structure permet d'approfondir l'approche scientifique, d'am\u00e9liorer l'\u00e9change de connaissances et d'\u00e9laborer des recommandations d'experts qui soutiennent l'apiculture dans le monde entier.<\/p>\t\t\t\t\t\t\t\t<\/div>\n\t\t\t\t<div class=\"elementor-element elementor-element-6f4451a elementor-align-center elementor-widget__width-initial elementor-widget elementor-widget-button\" data-id=\"6f4451a\" data-element_type=\"widget\" data-e-type=\"widget\" data-widget_type=\"button.default\">\n\t\t\t\t\t\t\t\t\t\t<a class=\"elementor-button elementor-button-link elementor-size-sm\" href=\"https:\/\/apimondia.org\/fra\/commissions\/\" target=\"_blank\">\n\t\t\t\t\t\t<span class=\"elementor-button-content-wrapper\">\n\t\t\t\t\t\t\t\t\t<span class=\"elementor-button-text\">En savoir plus sur les commissions scientifiques<\/span>\n\t\t\t\t\t<\/span>\n\t\t\t\t\t<\/a>\n\t\t\t\t\t\t\t\t<\/div>\n\t\t\t\t\t<\/div>\n\t\t\t\t<\/div>\n\t\t<div class=\"elementor-element elementor-element-f81c88d e-flex e-con-boxed e-con e-parent\" data-id=\"f81c88d\" data-element_type=\"container\" data-e-type=\"container\">\n\t\t\t\t\t<div class=\"e-con-inner\">\n\t\t<div class=\"elementor-element elementor-element-6eb0102 e-con-full e-flex e-con e-child\" data-id=\"6eb0102\" data-element_type=\"container\" data-e-type=\"container\">\n\t\t\t\t<div class=\"elementor-element elementor-element-d1bb14b elementor-widget elementor-widget-heading\" data-id=\"d1bb14b\" data-element_type=\"widget\" data-e-type=\"widget\" data-widget_type=\"heading.default\">\n\t\t\t\t\t<h2 class=\"elementor-heading-title elementor-size-default\">Apimondia compte cinq commissions r\u00e9gionales<\/h2>\t\t\t\t<\/div>\n\t\t<div class=\"elementor-element elementor-element-69f446c e-con-full e-flex e-con e-child\" data-id=\"69f446c\" data-element_type=\"container\" data-e-type=\"container\">\n\t\t\t\t<div class=\"elementor-element elementor-element-2166c3a elementor-widget elementor-widget-text-editor\" data-id=\"2166c3a\" data-element_type=\"widget\" data-e-type=\"widget\" data-widget_type=\"text-editor.default\">\n\t\t\t\t\t\t\t\t\t<p>Apimondia travaille dans le monde entier par l'interm\u00e9diaire de commissions r\u00e9gionales qui soutiennent les associations apicoles nationales aupr\u00e8s de leurs gouvernements et organisations r\u00e9gionales. Ces commissions sont des outils efficaces pour aider les apiculteurs et leurs abeilles dans le monde entier. Elles sont l\u00e0 pour :<\/p><ul><li>Assurer une meilleure coop\u00e9ration avec les associations apicoles r\u00e9gionales<\/li><li>Offrir une aide aux organisations locales et promouvoir les congr\u00e8s et symposiums d'Apimondia ainsi que d'autres \u00e9v\u00e9nements r\u00e9gionaux.<\/li><li>Co-pr\u00e9sider des tables rondes lors des congr\u00e8s Apimondia<\/li><li>Promouvoir l'apiculture aupr\u00e8s du grand public<\/li><li>Encourager la cr\u00e9ation d'associations apicoles nationales dans les pays en d\u00e9veloppement<\/li><li>Analyser les besoins des communaut\u00e9s apicoles locales et coordonner les actions de secours en cas de catastrophes naturelles ou humaines.<\/li><\/ul>\t\t\t\t\t\t\t\t<\/div>\n\t\t\t\t<div class=\"elementor-element elementor-element-0a02191 elementor-align-center elementor-widget__width-initial elementor-widget elementor-widget-button\" data-id=\"0a02191\" data-element_type=\"widget\" data-e-type=\"widget\" data-widget_type=\"button.default\">\n\t\t\t\t\t\t\t\t\t\t<a class=\"elementor-button elementor-button-link elementor-size-sm\" href=\"https:\/\/apimondia.org\/fra\/our-work\/where-we-work\/\" target=\"_blank\">\n\t\t\t\t\t\t<span class=\"elementor-button-content-wrapper\">\n\t\t\t\t\t\t\t\t\t<span class=\"elementor-button-text\">En savoir plus sur notre lieu de travail<\/span>\n\t\t\t\t\t<\/span>\n\t\t\t\t\t<\/a>\n\t\t\t\t\t\t\t\t<\/div>\n\t\t\t\t<\/div>\n\t\t\t\t<\/div>\n\t\t\t\t\t<\/div>\n\t\t\t\t<\/div>\n\t\t<div class=\"elementor-element elementor-element-6dc5bde e-flex e-con-boxed e-con e-parent\" data-id=\"6dc5bde\" data-element_type=\"container\" data-e-type=\"container\">\n\t\t\t\t\t<div class=\"e-con-inner\">\n\t\t\t\t\t<\/div>\n\t\t\t\t<\/div>\n\t\t\t\t<\/div>","protected":false},"excerpt":{"rendered":"<p>Our Work Apimondia Has Seven Scientific Commissions Apimondia operates through seven Scientific Commissions, each dedicated to a specific discipline. This structure allows for deeper scientific focus, better knowledge exchange, and the development of expert recommendations that support beekeeping worldwide. More about Scientific Commissions Apimondia Has Five Regional Commissions Apimondia works across the globe through Regional [&hellip;]<\/p>\n","protected":false},"author":1,"featured_media":0,"parent":0,"menu_order":0,"comment_status":"closed","ping_status":"closed","template":"","meta":{"footnotes":""},"class_list":["post-10","page","type-page","status-publish","hentry"],"aioseo_notices":[],"_links":{"self":[{"href":"https:\/\/apimondia.org\/fra\/wp-json\/wp\/v2\/pages\/10","targetHints":{"allow":["GET"]}}],"collection":[{"href":"https:\/\/apimondia.org\/fra\/wp-json\/wp\/v2\/pages"}],"about":[{"href":"https:\/\/apimondia.org\/fra\/wp-json\/wp\/v2\/types\/page"}],"author":[{"embeddable":true,"href":"https:\/\/apimondia.org\/fra\/wp-json\/wp\/v2\/users\/1"}],"replies":[{"embeddable":true,"href":"https:\/\/apimondia.org\/fra\/wp-json\/wp\/v2\/comments?post=10"}],"version-history":[{"count":50,"href":"https:\/\/apimondia.org\/fra\/wp-json\/wp\/v2\/pages\/10\/revisions"}],"predecessor-version":[{"id":2515,"href":"https:\/\/apimondia.org\/fra\/wp-json\/wp\/v2\/pages\/10\/revisions\/2515"}],"wp:attachment":[{"href":"https:\/\/apimondia.org\/fra\/wp-json\/wp\/v2\/media?parent=10"}],"curies":[{"name":"wp","href":"https:\/\/api.w.org\/{rel}","templated":true}]}}