{"id":1476,"date":"2025-12-02T00:42:29","date_gmt":"2025-12-02T00:42:29","guid":{"rendered":"https:\/\/apimondia.org\/?page_id=1476"},"modified":"2026-02-05T01:05:28","modified_gmt":"2026-02-05T01:05:28","slug":"congress-2027","status":"publish","type":"page","link":"https:\/\/apimondia.org\/fra\/events\/congresses\/congress-2027\/","title":{"rendered":"Congr\u00e8s Apimondia 2027"},"content":{"rendered":"<div data-elementor-type=\"wp-page\" data-elementor-id=\"1476\" class=\"elementor elementor-1476\" data-elementor-post-type=\"page\">\n\t\t\t\t<div class=\"elementor-element elementor-element-bf3aa77 e-flex e-con-boxed e-con e-parent\" data-id=\"bf3aa77\" data-element_type=\"container\" data-e-type=\"container\">\n\t\t\t\t\t<div class=\"e-con-inner\">\n\t\t\t\t<div class=\"elementor-element elementor-element-1554e2a elementor-widget elementor-widget-heading\" data-id=\"1554e2a\" data-element_type=\"widget\" data-e-type=\"widget\" data-widget_type=\"heading.default\">\n\t\t\t\t\t<h1 class=\"elementor-heading-title elementor-size-default\">Congr\u00e8s Apimondia 2027<\/h1>\t\t\t\t<\/div>\n\t\t\t\t<div class=\"elementor-element elementor-element-748fcbb elementor-widget-divider--view-line elementor-widget elementor-widget-divider\" data-id=\"748fcbb\" data-element_type=\"widget\" data-e-type=\"widget\" data-widget_type=\"divider.default\">\n\t\t\t\t\t\t\t<div class=\"elementor-divider\">\n\t\t\t<span class=\"elementor-divider-separator\">\n\t\t\t\t\t\t<\/span>\n\t\t<\/div>\n\t\t\t\t\t\t<\/div>\n\t\t\t\t\t<\/div>\n\t\t\t\t<\/div>\n\t\t<div class=\"elementor-element elementor-element-65a671f e-flex e-con-boxed e-con e-parent\" data-id=\"65a671f\" data-element_type=\"container\" data-e-type=\"container\">\n\t\t\t\t\t<div class=\"e-con-inner\">\n\t\t\t\t<div class=\"elementor-element elementor-element-c670160 elementor-widget elementor-widget-heading\" data-id=\"c670160\" data-element_type=\"widget\" data-e-type=\"widget\" data-widget_type=\"heading.default\">\n\t\t\t\t\t<h2 class=\"elementor-heading-title elementor-size-default\">15-19 novembre 2027 - Duba\u00ef, \u00c9mirats arabes unis<\/h2>\t\t\t\t<\/div>\n\t\t\t\t<div class=\"elementor-element elementor-element-df9d981 elementor-widget elementor-widget-text-editor\" data-id=\"df9d981\" data-element_type=\"widget\" data-e-type=\"widget\" data-widget_type=\"text-editor.default\">\n\t\t\t\t\t\t\t\t\t<p style=\"text-align: start;\"><span style=\"text-align: justify;\">L'association des apiculteurs des \u00c9mirats arabes unis et la d\u00e9l\u00e9gation officielle \u00e9miratie invitent chaleureusement les apiculteurs, les chercheurs, les dirigeants de l'industrie et les amateurs de miel du monde entier \u00e0 se joindre \u00e0 nous pour c\u00e9l\u00e9brer la 50e \u00e9dition de la Conf\u00e9rence internationale sur le miel.&nbsp;<\/span><span style=\"font-weight: bolder; text-align: justify;\">Congr\u00e8s apicole international Apimondia<\/span><span style=\"text-align: justify;\">, La conf\u00e9rence de presse de la Commission europ\u00e9enne, qui se d\u00e9roulera en&nbsp;<\/span><span style=\"font-weight: bolder; text-align: justify;\">Duba\u00ef, \u00c9mirats arabes unis<\/span><span style=\"text-align: justify;\">.<\/span><\/p>\n<p style=\"text-align: start;\">Nous avons le plaisir d'annoncer que la&nbsp;<span style=\"font-weight: bolder;\" data-start=\"236\" data-end=\"280\">50e Congr\u00e8s apicole mondial d'APIMONDIA<\/span>&nbsp;se tiendra&nbsp;<span style=\"font-weight: bolder;\" data-start=\"294\" data-end=\"334\">du 15 au 19 novembre 2027 \u00e0 Duba\u00ef<\/span>. Cette \u00e9dition marquante du congr\u00e8s promet d'\u00eatre un rassemblement mondial vraiment sp\u00e9cial pour la communaut\u00e9 apicole.<\/p>\n<p style=\"text-align: start;\">Les scientifiques, les chercheurs, les exposants, les apiculteurs et toutes les parties prenantes du monde entier sont chaleureusement invit\u00e9s \u00e0 se joindre \u00e0 nous pour cet \u00e9v\u00e9nement historique. Le congr\u00e8s constituera une plateforme exceptionnelle pour l'\u00e9change de connaissances scientifiques, d'innovations, de bonnes pratiques et d'exp\u00e9riences dans tous les domaines de l'apiculture.<\/p>\n<p style=\"text-align: start;\">Duba\u00ef, en tant que ville d'accueil dynamique et connect\u00e9e \u00e0 l'international, offre un excellent cadre pour la collaboration, le r\u00e9seautage et l'inspiration. Les participants peuvent s'attendre \u00e0 un riche programme scientifique, \u00e0 une exposition internationale et \u00e0 de nombreuses occasions de rencontrer des coll\u00e8gues et des partenaires de tous les continents.<\/p>\n<p style=\"text-align: start;\">Nous encourageons vivement toutes les personnes int\u00e9ress\u00e9es \u00e0 participer \u00e0&nbsp;<span style=\"font-weight: bolder;\" data-start=\"1147\" data-end=\"1207\">d'inscrire ces dates dans leur agenda le plus t\u00f4t possible<\/span>&nbsp;et de commencer \u00e0 planifier leur participation \u00e0 cet \u00e9v\u00e9nement exceptionnel. De plus amples informations concernant le programme, l'inscription et les possibilit\u00e9s d'exposition seront annonc\u00e9es en temps voulu.<\/p>\n<p style=\"text-align: start;\">Nous nous r\u00e9jouissons de vous accueillir \u00e0 Duba\u00ef en 2027 !<\/p>\t\t\t\t\t\t\t\t<\/div>\n\t\t\t\t<div class=\"elementor-element elementor-element-eacbad4 elementor-widget elementor-widget-video\" data-id=\"eacbad4\" data-element_type=\"widget\" data-e-type=\"widget\" data-settings=\"{&quot;youtube_url&quot;:&quot;https:\\\/\\\/www.youtube.com\\\/watch?v=-TZ7908oMoE&quot;,&quot;video_type&quot;:&quot;youtube&quot;,&quot;controls&quot;:&quot;yes&quot;}\" data-widget_type=\"video.default\">\n\t\t\t\t\t\t\t<div class=\"elementor-wrapper elementor-open-inline\">\n\t\t\t<div class=\"elementor-video\"><\/div>\t\t<\/div>\n\t\t\t\t\t\t<\/div>\n\t\t\t\t<div class=\"elementor-element elementor-element-4da777f elementor-widget elementor-widget-text-editor\" data-id=\"4da777f\" data-element_type=\"widget\" data-e-type=\"widget\" data-widget_type=\"text-editor.default\">\n\t\t\t\t\t\t\t\t\t<p><span style=\"font-size: 1rem;\">Cette rencontre marquante r\u00e9unira la communaut\u00e9 apicole mondiale pour partager les connaissances, encourager l'innovation et c\u00e9l\u00e9brer le r\u00f4le vital des abeilles dans nos \u00e9cosyst\u00e8mes et nos \u00e9conomies. Avec en toile de fond le m\u00e9lange dynamique de tradition et de modernit\u00e9 de Duba\u00ef, les participants b\u00e9n\u00e9ficieront d'une hospitalit\u00e9 de classe mondiale, de pr\u00e9sentations de recherches novatrices et d'\u00e9changes culturels comme nulle part ailleurs.<\/span><\/p><p>Rejoignez-nous pour fa\u00e7onner l'avenir de l'apiculture - ensemble \u00e0 Duba\u00ef, en 2027 !<\/p>\t\t\t\t\t\t\t\t<\/div>\n\t\t\t\t<div class=\"elementor-element elementor-element-38fd52f elementor-align-center elementor-widget__width-initial elementor-widget elementor-widget-button\" data-id=\"38fd52f\" data-element_type=\"widget\" data-e-type=\"widget\" data-widget_type=\"button.default\">\n\t\t\t\t\t\t\t\t\t\t<a class=\"elementor-button elementor-button-link elementor-size-sm\" href=\"https:\/\/apimondia2027.org\" target=\"_blank\">\n\t\t\t\t\t\t<span class=\"elementor-button-content-wrapper\">\n\t\t\t\t\t\t\t\t\t<span class=\"elementor-button-text\">Visitez le site web du Congr\u00e8s<\/span>\n\t\t\t\t\t<\/span>\n\t\t\t\t\t<\/a>\n\t\t\t\t\t\t\t\t<\/div>\n\t\t\t\t\t<\/div>\n\t\t\t\t<\/div>\n\t\t\t\t<\/div>","protected":false},"excerpt":{"rendered":"<p>Apimondia Congress 2027 15-19 November 2027 &#8211; Dubai, United Arab Emirates The UAE Beekeepers Association, together with the official Emirati delegation, warmly invites beekeepers, researchers, industry leaders, and honey enthusiasts from around the world to join us in celebrating the 50th edition of the&nbsp;Apimondia International Apicultural Congress, set to take place in&nbsp;Dubai, United Arab Emirates. [&hellip;]<\/p>\n","protected":false},"author":2,"featured_media":0,"parent":9,"menu_order":0,"comment_status":"closed","ping_status":"closed","template":"","meta":{"footnotes":""},"class_list":["post-1476","page","type-page","status-publish","hentry"],"aioseo_notices":[],"_links":{"self":[{"href":"https:\/\/apimondia.org\/fra\/wp-json\/wp\/v2\/pages\/1476","targetHints":{"allow":["GET"]}}],"collection":[{"href":"https:\/\/apimondia.org\/fra\/wp-json\/wp\/v2\/pages"}],"about":[{"href":"https:\/\/apimondia.org\/fra\/wp-json\/wp\/v2\/types\/page"}],"author":[{"embeddable":true,"href":"https:\/\/apimondia.org\/fra\/wp-json\/wp\/v2\/users\/2"}],"replies":[{"embeddable":true,"href":"https:\/\/apimondia.org\/fra\/wp-json\/wp\/v2\/comments?post=1476"}],"version-history":[{"count":10,"href":"https:\/\/apimondia.org\/fra\/wp-json\/wp\/v2\/pages\/1476\/revisions"}],"predecessor-version":[{"id":2524,"href":"https:\/\/apimondia.org\/fra\/wp-json\/wp\/v2\/pages\/1476\/revisions\/2524"}],"up":[{"embeddable":true,"href":"https:\/\/apimondia.org\/fra\/wp-json\/wp\/v2\/pages\/9"}],"wp:attachment":[{"href":"https:\/\/apimondia.org\/fra\/wp-json\/wp\/v2\/media?parent=1476"}],"curies":[{"name":"wp","href":"https:\/\/api.w.org\/{rel}","templated":true}]}}