{"id":1491,"date":"2025-12-02T19:41:47","date_gmt":"2025-12-02T19:41:47","guid":{"rendered":"https:\/\/apimondia.org\/?page_id=1491"},"modified":"2026-02-05T15:05:27","modified_gmt":"2026-02-05T15:05:27","slug":"events","status":"publish","type":"page","link":"https:\/\/apimondia.org\/fra\/events\/","title":{"rendered":"Ev\u00e9nements"},"content":{"rendered":"<div data-elementor-type=\"wp-page\" data-elementor-id=\"1491\" class=\"elementor elementor-1491\" data-elementor-post-type=\"page\">\n\t\t\t\t<div class=\"elementor-element elementor-element-85fb196 e-flex e-con-boxed e-con e-parent\" data-id=\"85fb196\" data-element_type=\"container\" data-e-type=\"container\">\n\t\t\t\t\t<div class=\"e-con-inner\">\n\t\t\t\t<div class=\"elementor-element elementor-element-9fcde3d elementor-widget elementor-widget-heading\" data-id=\"9fcde3d\" data-element_type=\"widget\" data-e-type=\"widget\" data-widget_type=\"heading.default\">\n\t\t\t\t\t<h1 class=\"elementor-heading-title elementor-size-default\">Ev\u00e9nements<\/h1>\t\t\t\t<\/div>\n\t\t\t\t<div class=\"elementor-element elementor-element-5694855 elementor-widget-divider--view-line elementor-widget elementor-widget-divider\" data-id=\"5694855\" data-element_type=\"widget\" data-e-type=\"widget\" data-widget_type=\"divider.default\">\n\t\t\t\t\t\t\t<div class=\"elementor-divider\">\n\t\t\t<span class=\"elementor-divider-separator\">\n\t\t\t\t\t\t<\/span>\n\t\t<\/div>\n\t\t\t\t\t\t<\/div>\n\t\t\t\t\t<\/div>\n\t\t\t\t<\/div>\n\t\t<div class=\"elementor-element elementor-element-0e6bdc2 e-flex e-con-boxed e-con e-parent\" data-id=\"0e6bdc2\" data-element_type=\"container\" data-e-type=\"container\">\n\t\t\t\t\t<div class=\"e-con-inner\">\n\t\t\t\t<div class=\"elementor-element elementor-element-bcc0274 elementor-widget elementor-widget-heading\" data-id=\"bcc0274\" data-element_type=\"widget\" data-e-type=\"widget\" data-widget_type=\"heading.default\">\n\t\t\t\t\t<h2 class=\"elementor-heading-title elementor-size-default\">Congr\u00e8s apicole international Apimondia<\/h2>\t\t\t\t<\/div>\n\t\t<div class=\"elementor-element elementor-element-e840dd7 e-con-full e-flex e-con e-child\" data-id=\"e840dd7\" data-element_type=\"container\" data-e-type=\"container\">\n\t\t<div class=\"elementor-element elementor-element-1f712b0 e-con-full e-flex e-con e-child\" data-id=\"1f712b0\" data-element_type=\"container\" data-e-type=\"container\">\n\t\t\t\t<div class=\"elementor-element elementor-element-ff734e0 elementor-widget elementor-widget-text-editor\" data-id=\"ff734e0\" data-element_type=\"widget\" data-e-type=\"widget\" data-widget_type=\"text-editor.default\">\n\t\t\t\t\t\t\t\t\t<p class=\"paragraph\">L'un de nos principaux objectifs est de faciliter l'\u00e9change d'informations et les discussions en organisant des congr\u00e8s et des symposiums, o\u00f9 les apiculteurs, les scientifiques, les n\u00e9gociants en miel, les agents de d\u00e9veloppement, les techniciens et les autorit\u00e9s se rencontrent pour \u00e9couter, discuter et apprendre les uns des autres.<\/p><p class=\"paragraph\"><strong>Le 50e congr\u00e8s d'Apimondia<\/strong> se tiendra \u00e0 <strong>Duba\u00ef en 2027<\/strong>.<\/p>\t\t\t\t\t\t\t\t<\/div>\n\t\t<div class=\"elementor-element elementor-element-1e2c99b e-con-full e-flex e-con e-child\" data-id=\"1e2c99b\" data-element_type=\"container\" data-e-type=\"container\">\n\t\t\t\t<div class=\"elementor-element elementor-element-19765eb elementor-align-left elementor-widget__width-initial elementor-mobile-align-center elementor-widget elementor-widget-button\" data-id=\"19765eb\" data-element_type=\"widget\" data-e-type=\"widget\" data-widget_type=\"button.default\">\n\t\t\t\t\t\t\t\t\t\t<a class=\"elementor-button elementor-button-link elementor-size-sm\" href=\"https:\/\/apimondia.org\/fra\/events\/congresses\/congress-2027\/\">\n\t\t\t\t\t\t<span class=\"elementor-button-content-wrapper\">\n\t\t\t\t\t\t\t\t\t<span class=\"elementor-button-text\">En savoir plus sur le Congr\u00e8s 2027<\/span>\n\t\t\t\t\t<\/span>\n\t\t\t\t\t<\/a>\n\t\t\t\t\t\t\t\t<\/div>\n\t\t\t\t<div class=\"elementor-element elementor-element-6d07c10 elementor-align-left elementor-widget__width-initial elementor-mobile-align-center elementor-widget elementor-widget-button\" data-id=\"6d07c10\" data-element_type=\"widget\" data-e-type=\"widget\" data-widget_type=\"button.default\">\n\t\t\t\t\t\t\t\t\t\t<a class=\"elementor-button elementor-button-link elementor-size-sm\" href=\"https:\/\/apimondia.org\/fra\/events\/congresses\/\">\n\t\t\t\t\t\t<span class=\"elementor-button-content-wrapper\">\n\t\t\t\t\t\t\t\t\t<span class=\"elementor-button-text\">Voir tous les congr\u00e8s<\/span>\n\t\t\t\t\t<\/span>\n\t\t\t\t\t<\/a>\n\t\t\t\t\t\t\t\t<\/div>\n\t\t\t\t<\/div>\n\t\t\t\t<\/div>\n\t\t<div class=\"elementor-element elementor-element-5eef8a9 e-con-full e-flex e-con e-child\" data-id=\"5eef8a9\" data-element_type=\"container\" data-e-type=\"container\">\n\t\t\t\t<div class=\"elementor-element elementor-element-c6a9780 elementor-widget elementor-widget-image\" data-id=\"c6a9780\" data-element_type=\"widget\" data-e-type=\"widget\" data-widget_type=\"image.default\">\n\t\t\t\t\t\t\t\t\t\t\t\t\t\t\t\t<a href=\"https:\/\/apimondia.org\/fra\/congresses-events\/congress-2027\/\">\n\t\t\t\t\t\t\t<img fetchpriority=\"high\" decoding=\"async\" width=\"637\" height=\"237\" src=\"https:\/\/apimondia.org\/wp-content\/uploads\/2025\/11\/logo.webp\" class=\"attachment-large size-large wp-image-1219\" alt=\"\" srcset=\"https:\/\/apimondia.org\/wp-content\/uploads\/2025\/11\/logo.webp 637w, https:\/\/apimondia.org\/wp-content\/uploads\/2025\/11\/logo-18x7.webp 18w\" sizes=\"(max-width: 637px) 100vw, 637px\" \/>\t\t\t\t\t\t\t\t<\/a>\n\t\t\t\t\t\t\t\t\t\t\t\t\t\t\t<\/div>\n\t\t\t\t<\/div>\n\t\t\t\t<\/div>\n\t\t\t\t\t<\/div>\n\t\t\t\t<\/div>\n\t\t<div class=\"elementor-element elementor-element-1c25459 e-flex e-con-boxed e-con e-child\" data-id=\"1c25459\" data-element_type=\"container\" data-e-type=\"container\">\n\t\t\t\t\t<div class=\"e-con-inner\">\n\t\t<div class=\"elementor-element elementor-element-c3003c2 e-con-full e-flex e-con e-child\" data-id=\"c3003c2\" data-element_type=\"container\" data-e-type=\"container\" data-settings=\"{&quot;background_background&quot;:&quot;classic&quot;}\">\n\t\t\t\t<div class=\"elementor-element elementor-element-8e3ccaa elementor-widget elementor-widget-heading\" data-id=\"8e3ccaa\" data-element_type=\"widget\" data-e-type=\"widget\" data-widget_type=\"heading.default\">\n\t\t\t\t\t<h2 class=\"elementor-heading-title elementor-size-default\">Candidature \u00e0 l'organisation d'un congr\u00e8s Apimondia<\/h2>\t\t\t\t<\/div>\n\t\t\t\t<div class=\"elementor-element elementor-element-5c1e922 elementor-widget-divider--view-line elementor-widget elementor-widget-divider\" data-id=\"5c1e922\" data-element_type=\"widget\" data-e-type=\"widget\" data-widget_type=\"divider.default\">\n\t\t\t\t\t\t\t<div class=\"elementor-divider\">\n\t\t\t<span class=\"elementor-divider-separator\">\n\t\t\t\t\t\t<\/span>\n\t\t<\/div>\n\t\t\t\t\t\t<\/div>\n\t\t\t\t<div class=\"elementor-element elementor-element-ae711cf elementor-widget elementor-widget-text-editor\" data-id=\"ae711cf\" data-element_type=\"widget\" data-e-type=\"widget\" data-widget_type=\"text-editor.default\">\n\t\t\t\t\t\t\t\t\t<p>Apprenez \u00e0 pr\u00e9parer et \u00e0 soumettre une candidature gagnante pour l'organisation d'un futur congr\u00e8s Apimondia.<\/p>\t\t\t\t\t\t\t\t<\/div>\n\t\t\t\t<div class=\"elementor-element elementor-element-bf238a9 elementor-align-center elementor-widget__width-initial elementor-widget elementor-widget-button\" data-id=\"bf238a9\" data-element_type=\"widget\" data-e-type=\"widget\" data-widget_type=\"button.default\">\n\t\t\t\t\t\t\t\t\t\t<a class=\"elementor-button elementor-button-link elementor-size-sm\" href=\"https:\/\/apimondia.org\/wp-content\/uploads\/2025\/12\/apimondia_guidelines_congress.pdf\">\n\t\t\t\t\t\t<span class=\"elementor-button-content-wrapper\">\n\t\t\t\t\t\t<span class=\"elementor-button-icon\">\n\t\t\t\t<svg aria-hidden=\"true\" class=\"e-font-icon-svg e-fas-download\" viewbox=\"0 0 512 512\" xmlns=\"http:\/\/www.w3.org\/2000\/svg\"><path d=\"M216 0h80c13.3 0 24 10.7 24 24v168h87.7c17.8 0 26.7 21.5 14.1 34.1L269.7 378.3c-7.5 7.5-19.8 7.5-27.3 0L90.1 226.1c-12.6-12.6-3.7-34.1 14.1-34.1H192V24c0-13.3 10.7-24 24-24zm296 376v112c0 13.3-10.7 24-24 24H24c-13.3 0-24-10.7-24-24V376c0-13.3 10.7-24 24-24h146.7l49 49c20.1 20.1 52.5 20.1 72.6 0l49-49H488c13.3 0 24 10.7 24 24zm-124 88c0-11-9-20-20-20s-20 9-20 20 9 20 20 20 20-9 20-20zm64 0c0-11-9-20-20-20s-20 9-20 20 9 20 20 20 20-9 20-20z\"><\/path><\/svg>\t\t\t<\/span>\n\t\t\t\t\t\t\t\t\t<span class=\"elementor-button-text\">Lignes directrices<\/span>\n\t\t\t\t\t<\/span>\n\t\t\t\t\t<\/a>\n\t\t\t\t\t\t\t\t<\/div>\n\t\t\t\t<\/div>\n\t\t\t\t\t<\/div>\n\t\t\t\t<\/div>\n\t\t<div class=\"elementor-element elementor-element-8d3c22c e-flex e-con-boxed e-con e-parent\" data-id=\"8d3c22c\" data-element_type=\"container\" data-e-type=\"container\">\n\t\t\t\t\t<div class=\"e-con-inner\">\n\t\t\t\t<div class=\"elementor-element elementor-element-a1f4ab3 elementor-widget elementor-widget-heading\" data-id=\"a1f4ab3\" data-element_type=\"widget\" data-e-type=\"widget\" data-widget_type=\"heading.default\">\n\t\t\t\t\t<h2 class=\"elementor-heading-title elementor-size-default\">Symposiums Apimondia<\/h2>\t\t\t\t<\/div>\n\t\t<div class=\"elementor-element elementor-element-1d8c146 e-con-full e-flex e-con e-child\" data-id=\"1d8c146\" data-element_type=\"container\" data-e-type=\"container\">\n\t\t<div class=\"elementor-element elementor-element-2d6fd32 e-con-full e-flex e-con e-child\" data-id=\"2d6fd32\" data-element_type=\"container\" data-e-type=\"container\">\n\t\t\t\t<div class=\"elementor-element elementor-element-1108124 elementor-widget elementor-widget-text-editor\" data-id=\"1108124\" data-element_type=\"widget\" data-e-type=\"widget\" data-widget_type=\"text-editor.default\">\n\t\t\t\t\t\t\t\t\t<p data-start=\"233\" data-end=\"576\">Les symposiums d'Apimondia r\u00e9unissent des chercheurs, des apiculteurs, des sp\u00e9cialistes de l'industrie et des d\u00e9cideurs politiques pour aborder les d\u00e9fis et les opportunit\u00e9s actuels dans le domaine de l'apiculture. Ces \u00e9v\u00e9nements servent de plateformes cibl\u00e9es pour pr\u00e9senter des r\u00e9sultats scientifiques, discuter des tendances \u00e9mergentes et partager des connaissances pratiques qui soutiennent la communaut\u00e9 apicole mondiale.<\/p><p data-start=\"584\" data-end=\"958\">Chaque symposium est organis\u00e9 en coop\u00e9ration avec des partenaires locaux et met l'accent sur des sujets d'importance r\u00e9gionale et internationale - de la sant\u00e9 des abeilles, de la pollinisation et de la gestion durable \u00e0 l'innovation, aux programmes de d\u00e9veloppement et \u00e0 la politique sectorielle. Outre les contributions scientifiques, les symposiums comprennent souvent des ateliers, des visites sur le terrain et des possibilit\u00e9s d'\u00e9changes professionnels.<\/p><p data-start=\"966\" data-end=\"1120\">Explorez nos prochains symposiums, les initiatives en cours et les rapports sur les \u00e9v\u00e9nements pass\u00e9s pour rester inform\u00e9 des derniers d\u00e9veloppements qui fa\u00e7onnent l'avenir de l'apiculture.<\/p>\t\t\t\t\t\t\t\t<\/div>\n\t\t\t\t<div class=\"elementor-element elementor-element-2f701f1 elementor-align-left elementor-widget__width-initial elementor-mobile-align-center elementor-widget elementor-widget-button\" data-id=\"2f701f1\" data-element_type=\"widget\" data-e-type=\"widget\" data-widget_type=\"button.default\">\n\t\t\t\t\t\t\t\t\t\t<a class=\"elementor-button elementor-button-link elementor-size-sm\" href=\"https:\/\/apimondia.org\/fra\/events\/symposia\/\">\n\t\t\t\t\t\t<span class=\"elementor-button-content-wrapper\">\n\t\t\t\t\t\t\t\t\t<span class=\"elementor-button-text\">Voir tous les symposiums<\/span>\n\t\t\t\t\t<\/span>\n\t\t\t\t\t<\/a>\n\t\t\t\t\t\t\t\t<\/div>\n\t\t\t\t<\/div>\n\t\t<div class=\"elementor-element elementor-element-1194a6f e-con-full e-flex e-con e-child\" data-id=\"1194a6f\" data-element_type=\"container\" data-e-type=\"container\">\n\t\t\t\t<div class=\"elementor-element elementor-element-cb0f61e elementor-widget elementor-widget-image\" data-id=\"cb0f61e\" data-element_type=\"widget\" data-e-type=\"widget\" data-widget_type=\"image.default\">\n\t\t\t\t\t\t\t\t\t\t\t\t\t\t\t\t<a href=\"https:\/\/apimondia.org\/fra\/congresses-events\/congress-2027\/\">\n\t\t\t\t\t\t\t<img decoding=\"async\" width=\"1100\" height=\"502\" src=\"https:\/\/apimondia.org\/wp-content\/uploads\/2021\/09\/symposium-2021.png\" class=\"attachment-large size-large wp-image-1845\" alt=\"\" srcset=\"https:\/\/apimondia.org\/wp-content\/uploads\/2021\/09\/symposium-2021.png 1100w, https:\/\/apimondia.org\/wp-content\/uploads\/2021\/09\/symposium-2021-768x350.png 768w, https:\/\/apimondia.org\/wp-content\/uploads\/2021\/09\/symposium-2021-18x8.png 18w\" sizes=\"(max-width: 1100px) 100vw, 1100px\" \/>\t\t\t\t\t\t\t\t<\/a>\n\t\t\t\t\t\t\t\t\t\t\t\t\t\t\t<\/div>\n\t\t\t\t<\/div>\n\t\t\t\t<\/div>\n\t\t\t\t\t<\/div>\n\t\t\t\t<\/div>\n\t\t<div class=\"elementor-element elementor-element-001cacd e-flex e-con-boxed e-con e-parent\" data-id=\"001cacd\" data-element_type=\"container\" data-e-type=\"container\">\n\t\t\t\t\t<div class=\"e-con-inner\">\n\t\t\t\t<div class=\"elementor-element elementor-element-ee5a616 elementor-widget elementor-widget-heading\" data-id=\"ee5a616\" data-element_type=\"widget\" data-e-type=\"widget\" data-widget_type=\"heading.default\">\n\t\t\t\t\t<h2 class=\"elementor-heading-title elementor-size-default\">Journ\u00e9e mondiale de l'abeille<\/h2>\t\t\t\t<\/div>\n\t\t<div class=\"elementor-element elementor-element-616fa51 e-con-full e-flex e-con e-child\" data-id=\"616fa51\" data-element_type=\"container\" data-e-type=\"container\">\n\t\t<div class=\"elementor-element elementor-element-51680bb e-con-full e-flex e-con e-child\" data-id=\"51680bb\" data-element_type=\"container\" data-e-type=\"container\">\n\t\t\t\t<div class=\"elementor-element elementor-element-846e8d6 elementor-widget elementor-widget-text-editor\" data-id=\"846e8d6\" data-element_type=\"widget\" data-e-type=\"widget\" data-widget_type=\"text-editor.default\">\n\t\t\t\t\t\t\t\t\t<p data-start=\"276\" data-end=\"728\">La Journ\u00e9e mondiale de l'abeille, c\u00e9l\u00e9br\u00e9e chaque ann\u00e9e le <strong>20 mai<\/strong>, La Journ\u00e9e mondiale des pollinisateurs met en lumi\u00e8re le r\u00f4le essentiel des abeilles et des autres pollinisateurs dans la s\u00e9curit\u00e9 alimentaire, le maintien de la biodiversit\u00e9 et la pr\u00e9servation de la sant\u00e9 des \u00e9cosyst\u00e8mes. Cr\u00e9\u00e9e \u00e0 l'initiative de la Slov\u00e9nie et adopt\u00e9e par les Nations unies, elle constitue une occasion importante d'attirer l'attention sur les d\u00e9fis auxquels les pollinisateurs sont confront\u00e9s dans le monde entier, qu'il s'agisse de la perte d'habitat, du changement climatique ou des pratiques agricoles non durables.<\/p><p data-start=\"736\" data-end=\"1024\">Cette journ\u00e9e sert de plateforme pour le partage des connaissances, le renforcement de la coop\u00e9ration et la promotion de mesures pratiques qui soutiennent les apiculteurs et prot\u00e8gent les populations de pollinisateurs. En savoir plus sur les origines de la Journ\u00e9e mondiale de l'abeille, son importance mondiale et les activit\u00e9s organis\u00e9es dans le monde entier.<\/p>\t\t\t\t\t\t\t\t<\/div>\n\t\t\t\t<div class=\"elementor-element elementor-element-368353c elementor-align-left elementor-widget__width-initial elementor-mobile-align-center elementor-widget elementor-widget-button\" data-id=\"368353c\" data-element_type=\"widget\" data-e-type=\"widget\" data-widget_type=\"button.default\">\n\t\t\t\t\t\t\t\t\t\t<a class=\"elementor-button elementor-button-link elementor-size-sm\" href=\"https:\/\/apimondia.org\/fra\/events\/world-bee-day\/\">\n\t\t\t\t\t\t<span class=\"elementor-button-content-wrapper\">\n\t\t\t\t\t\t\t\t\t<span class=\"elementor-button-text\">En savoir plus<\/span>\n\t\t\t\t\t<\/span>\n\t\t\t\t\t<\/a>\n\t\t\t\t\t\t\t\t<\/div>\n\t\t\t\t<\/div>\n\t\t<div class=\"elementor-element elementor-element-c5dc1ce e-con-full e-flex e-con e-child\" data-id=\"c5dc1ce\" data-element_type=\"container\" data-e-type=\"container\">\n\t\t\t\t<div class=\"elementor-element elementor-element-d312fc4 elementor-widget elementor-widget-image\" data-id=\"d312fc4\" data-element_type=\"widget\" data-e-type=\"widget\" data-widget_type=\"image.default\">\n\t\t\t\t\t\t\t\t\t\t\t\t\t\t\t\t<a href=\"https:\/\/apimondia.org\/fra\/congresses-events\/congress-2027\/\">\n\t\t\t\t\t\t\t<img decoding=\"async\" width=\"800\" height=\"800\" src=\"https:\/\/apimondia.org\/wp-content\/uploads\/2025\/12\/wbd2_orig.webp\" class=\"attachment-large size-large wp-image-1557\" alt=\"\" srcset=\"https:\/\/apimondia.org\/wp-content\/uploads\/2025\/12\/wbd2_orig.webp 800w, https:\/\/apimondia.org\/wp-content\/uploads\/2025\/12\/wbd2_orig-768x768.webp 768w, https:\/\/apimondia.org\/wp-content\/uploads\/2025\/12\/wbd2_orig-12x12.webp 12w\" sizes=\"(max-width: 800px) 100vw, 800px\" \/>\t\t\t\t\t\t\t\t<\/a>\n\t\t\t\t\t\t\t\t\t\t\t\t\t\t\t<\/div>\n\t\t\t\t<\/div>\n\t\t\t\t<\/div>\n\t\t\t\t\t<\/div>\n\t\t\t\t<\/div>\n\t\t\t\t<\/div>","protected":false},"excerpt":{"rendered":"<p>Events Apimondia International Apicultural Congress One of our main objectives is to facilitate the exchange of information and discussions by organizing Congresses and Symposia, where beekeepers, scientists, honey-traders, agents for development, technicians and authorities meet to listen, discuss and learn from one another. The 50th Apimondia Congress will be held in Dubai in 2027. More [&hellip;]<\/p>\n","protected":false},"author":2,"featured_media":0,"parent":0,"menu_order":0,"comment_status":"closed","ping_status":"closed","template":"","meta":{"footnotes":""},"class_list":["post-1491","page","type-page","status-publish","hentry"],"aioseo_notices":[],"_links":{"self":[{"href":"https:\/\/apimondia.org\/fra\/wp-json\/wp\/v2\/pages\/1491","targetHints":{"allow":["GET"]}}],"collection":[{"href":"https:\/\/apimondia.org\/fra\/wp-json\/wp\/v2\/pages"}],"about":[{"href":"https:\/\/apimondia.org\/fra\/wp-json\/wp\/v2\/types\/page"}],"author":[{"embeddable":true,"href":"https:\/\/apimondia.org\/fra\/wp-json\/wp\/v2\/users\/2"}],"replies":[{"embeddable":true,"href":"https:\/\/apimondia.org\/fra\/wp-json\/wp\/v2\/comments?post=1491"}],"version-history":[{"count":13,"href":"https:\/\/apimondia.org\/fra\/wp-json\/wp\/v2\/pages\/1491\/revisions"}],"predecessor-version":[{"id":2539,"href":"https:\/\/apimondia.org\/fra\/wp-json\/wp\/v2\/pages\/1491\/revisions\/2539"}],"wp:attachment":[{"href":"https:\/\/apimondia.org\/fra\/wp-json\/wp\/v2\/media?parent=1491"}],"curies":[{"name":"wp","href":"https:\/\/api.w.org\/{rel}","templated":true}]}}