{"id":2416,"date":"2026-02-02T15:28:55","date_gmt":"2026-02-02T15:28:55","guid":{"rendered":"https:\/\/apimondia.org\/?page_id=2416"},"modified":"2026-02-02T15:33:21","modified_gmt":"2026-02-02T15:33:21","slug":"terms-and-conditions","status":"publish","type":"page","link":"https:\/\/apimondia.org\/fra\/terms-and-conditions\/","title":{"rendered":"Conditions g\u00e9n\u00e9rales d'utilisation"},"content":{"rendered":"<p><em>Derni\u00e8re mise \u00e0 jour : 2.2.2026<\/em><\/p>\n\n\n\n<h2 class=\"wp-block-heading\" style=\"font-size:22px\">1. Introduction<\/h2>\n\n\n\n<p>Les pr\u00e9sentes conditions g\u00e9n\u00e9rales r\u00e9gissent l'acc\u00e8s et l'utilisation du site web exploit\u00e9 par <strong>Apimondia - F\u00e9d\u00e9ration internationale des associations d'apiculteurs<\/strong> (\u201cApimondia\u201d, \u201cnous\u201d, \u201cnotre\u201d, \u201cnos\u201d).<\/p>\n\n\n\n<p>En acc\u00e9dant \u00e0 ce site web ou en l'utilisant, vous acceptez d'\u00eatre li\u00e9 par les pr\u00e9sentes conditions g\u00e9n\u00e9rales. Si vous n'\u00eates pas d'accord, veuillez vous abstenir d'utiliser le site web.<\/p>\n\n\n\n<h2 class=\"wp-block-heading\" style=\"font-size:22px\">2. \u00c0 propos d'Apimondia<\/h2>\n\n\n\n<p>Apimondia est une organisation internationale \u00e0 but non lucratif qui facilite l'\u00e9change d'informations et le dialogue au sein du secteur apicole mondial.<\/p>\n\n\n\n<p>Ses activit\u00e9s comprennent l'organisation de congr\u00e8s et de symposiums internationaux et la repr\u00e9sentation des organisations apicoles par le biais de publications et d'actions de plaidoyer.<\/p>\n\n\n\n<p>De plus amples informations sont disponibles \u00e0 l'adresse suivante<br><a href=\"https:\/\/apimondia.org\/fra\/about\/\">https:\/\/apimondia.org\/about<\/a><\/p>\n\n\n\n<h2 class=\"wp-block-heading\" style=\"font-size:22px\">3. Utilisation du site web<\/h2>\n\n\n\n<p>Le site web ne peut \u00eatre utilis\u00e9 qu'\u00e0 des fins l\u00e9gales et d'une mani\u00e8re conforme \u00e0 ses objectifs d'information et d'\u00e9ducation.<\/p>\n\n\n\n<p>Les utilisateurs s'engagent \u00e0 ne pas :<\/p>\n\n\n\n<ul class=\"wp-block-list\">\n<li>faire un usage abusif du site web ou de son contenu,<\/li>\n\n\n\n<li>interf\u00e9rer avec son fonctionnement technique ou sa s\u00e9curit\u00e9,<\/li>\n\n\n\n<li>tenter un acc\u00e8s non autoris\u00e9 aux zones administratives,<\/li>\n\n\n\n<li>utiliser le site web d'une mani\u00e8re qui enfreint les lois ou r\u00e8glements applicables.<\/li>\n<\/ul>\n\n\n\n<h2 class=\"wp-block-heading\" style=\"font-size:22px\">4. Contenu et propri\u00e9t\u00e9 intellectuelle<\/h2>\n\n\n\n<p>Sauf indication contraire, tout le contenu publi\u00e9 sur ce site web - y compris les textes, les documents, les images, les graphiques, les logos et les publications - est la propri\u00e9t\u00e9 de la Commission europ\u00e9enne. <strong>propri\u00e9t\u00e9 d'Apimondia ou est utilis\u00e9 sous licence valide<\/strong> et est prot\u00e9g\u00e9 par des droits d'auteur et d'autres lois sur la propri\u00e9t\u00e9 intellectuelle.<\/p>\n\n\n\n<p>Le contenu et les documents sont fournis pour <strong>uniquement \u00e0 des fins d'information et d'\u00e9ducation<\/strong>.<br>Le partage non commercial est autoris\u00e9 <strong>avec attribution appropri\u00e9e \u00e0 Apimondia<\/strong>, sauf indication contraire.<br>Toute utilisation, reproduction, distribution ou modification du contenu \u00e0 des fins commerciales n\u00e9cessite <strong>autorisation \u00e9crite pr\u00e9alable<\/strong> d'Apimondia.<\/p>\n\n\n\n<h2 class=\"wp-block-heading\" style=\"font-size:22px\">5. L'adh\u00e9sion<\/h2>\n\n\n\n<p>Les demandes d'adh\u00e9sion peuvent \u00eatre soumises via le site web.<\/p>\n\n\n\n<ul class=\"wp-block-list\">\n<li>L'envoi d'une demande d'adh\u00e9sion ne vaut pas acceptation.<\/li>\n\n\n\n<li>L'approbation des membres est trait\u00e9e manuellement et soumise aux statuts et r\u00e8glements internes d'Apimondia.<\/li>\n\n\n\n<li>Les cotisations, le cas \u00e9ch\u00e9ant, ne sont pas trait\u00e9es par le biais de ce site web.<\/li>\n<\/ul>\n\n\n\n<p>Les droits et obligations des membres sont r\u00e9gis par des documents internes distincts et ne sont pas r\u00e9gis par les pr\u00e9sentes conditions g\u00e9n\u00e9rales.<\/p>\n\n\n\n<h2 class=\"wp-block-heading\" style=\"font-size:22px\">6. Bulletin d'information et communications<\/h2>\n\n\n\n<p>Les utilisateurs peuvent s'abonner volontairement \u00e0 des bulletins d'information ou \u00e0 des communications informatives.<\/p>\n\n\n\n<p>Le consentement peut \u00eatre retir\u00e9 \u00e0 tout moment en utilisant le lien de d\u00e9sinscription inclus dans les communications ou en contactant Apimondia directement.<\/p>\n\n\n\n<h2 class=\"wp-block-heading\" style=\"font-size:22px\">7. Liens externes<\/h2>\n\n\n\n<p>Ce site web peut contenir des liens vers des sites web de tiers \u00e0 des fins d'information.<\/p>\n\n\n\n<p>Apimondia ne contr\u00f4le pas et n'est pas responsable du contenu, de l'exactitude ou des pratiques des sites web externes. L'acc\u00e8s \u00e0 ces sites se fait aux risques et p\u00e9rils de l'utilisateur.<\/p>\n\n\n\n<h2 class=\"wp-block-heading\" style=\"font-size:22px\">8. Clause de non-responsabilit\u00e9<\/h2>\n\n\n\n<p>Les informations publi\u00e9es sur ce site sont fournies en toute bonne foi et \u00e0 des fins d'information g\u00e9n\u00e9rale uniquement.<\/p>\n\n\n\n<p>Apimondia ne donne aucune garantie quant \u00e0 l'exhaustivit\u00e9, l'exactitude ou la fiabilit\u00e9 du contenu et ne peut \u00eatre tenue responsable des actions ou d\u00e9cisions prises sur la base des informations publi\u00e9es sur ce site web.<\/p>\n\n\n\n<h2 class=\"wp-block-heading\" style=\"font-size:22px\">9. Disponibilit\u00e9 et modifications<\/h2>\n\n\n\n<p>Apimondia se r\u00e9serve le droit de modifier, d'actualiser ou de supprimer le contenu du site web \u00e0 tout moment et de restreindre ou de suspendre l'acc\u00e8s pour des raisons techniques ou organisationnelles.<\/p>\n\n\n\n<p>Aucune garantie n'est donn\u00e9e quant \u00e0 la disponibilit\u00e9 du site web sans interruption.<\/p>\n\n\n\n<h2 class=\"wp-block-heading\" style=\"font-size:22px\">10. Vie priv\u00e9e et cookies<\/h2>\n\n\n\n<p>Le traitement des donn\u00e9es personnelles est r\u00e9gi par la politique d'Apimondia en mati\u00e8re de protection des donn\u00e9es personnelles. <strong>Politique de confidentialit\u00e9<\/strong>.<br>Des informations concernant l'utilisation des cookies sont fournies dans le site web de la Commission europ\u00e9enne. <strong>Politique en mati\u00e8re de cookies<\/strong>.<\/p>\n\n\n\n<p>En utilisant ce site web, vous reconnaissez et acceptez ces politiques.<\/p>\n\n\n\n<h2 class=\"wp-block-heading\" style=\"font-size:22px\">11. Droit applicable et juridiction<\/h2>\n\n\n\n<p>Les pr\u00e9sentes conditions g\u00e9n\u00e9rales sont r\u00e9gies par les lois suivantes <strong>Italie<\/strong>.<\/p>\n\n\n\n<p>Tout litige d\u00e9coulant de ou li\u00e9 \u00e0 l'utilisation de ce site web rel\u00e8ve de la juridiction exclusive du <strong>tribunaux de Rome, Italie<\/strong>.<\/p>\n\n\n\n<h2 class=\"wp-block-heading\" style=\"font-size:22px\">12. Contact<\/h2>\n\n\n\n<p>Pour toute question concernant les pr\u00e9sentes conditions g\u00e9n\u00e9rales, veuillez contacter :<br><strong><a>info@apimondia.org<\/a><\/strong><\/p>\n\n\n\n<p><\/p>","protected":false},"excerpt":{"rendered":"<p>Last updated: 2.2.2026 1. Introduction These Terms &amp; Conditions govern access to and use of the website operated by Apimondia \u2013 International Federation of Beekeepers\u2019 Associations (\u201cApimondia\u201d, \u201cwe\u201d, \u201cour\u201d, \u201cus\u201d). By accessing or using this website, you agree to be bound by these Terms &amp; Conditions. If you do not agree, please refrain from using [&hellip;]<\/p>\n","protected":false},"author":2,"featured_media":0,"parent":0,"menu_order":0,"comment_status":"closed","ping_status":"closed","template":"","meta":{"footnotes":""},"class_list":["post-2416","page","type-page","status-publish","hentry"],"aioseo_notices":[],"_links":{"self":[{"href":"https:\/\/apimondia.org\/fra\/wp-json\/wp\/v2\/pages\/2416","targetHints":{"allow":["GET"]}}],"collection":[{"href":"https:\/\/apimondia.org\/fra\/wp-json\/wp\/v2\/pages"}],"about":[{"href":"https:\/\/apimondia.org\/fra\/wp-json\/wp\/v2\/types\/page"}],"author":[{"embeddable":true,"href":"https:\/\/apimondia.org\/fra\/wp-json\/wp\/v2\/users\/2"}],"replies":[{"embeddable":true,"href":"https:\/\/apimondia.org\/fra\/wp-json\/wp\/v2\/comments?post=2416"}],"version-history":[{"count":2,"href":"https:\/\/apimondia.org\/fra\/wp-json\/wp\/v2\/pages\/2416\/revisions"}],"predecessor-version":[{"id":2419,"href":"https:\/\/apimondia.org\/fra\/wp-json\/wp\/v2\/pages\/2416\/revisions\/2419"}],"wp:attachment":[{"href":"https:\/\/apimondia.org\/fra\/wp-json\/wp\/v2\/media?parent=2416"}],"curies":[{"name":"wp","href":"https:\/\/api.w.org\/{rel}","templated":true}]}}