{"id":3,"date":"2025-10-22T08:17:17","date_gmt":"2025-10-22T08:17:17","guid":{"rendered":"https:\/\/apimondia.org\/?page_id=3"},"modified":"2026-02-02T15:34:52","modified_gmt":"2026-02-02T15:34:52","slug":"privacy-policy","status":"publish","type":"page","link":"https:\/\/apimondia.org\/fra\/privacy-policy\/","title":{"rendered":"Politique de confidentialit\u00e9"},"content":{"rendered":"<p><em>Derni\u00e8re mise \u00e0 jour : 2.2.2026<\/em><\/p>\n\n\n\n<h2 class=\"wp-block-heading\" style=\"font-size:22px\">1. Introduction<\/h2>\n\n\n\n<p>Apimondia - F\u00e9d\u00e9ration internationale des associations d'apiculteurs (\u2019Apimondia\u201c, \u201dnous\u201c, \u201dnotre\u201c, \u201dnos\u201c) respecte votre vie priv\u00e9e et s'engage \u00e0 prot\u00e9ger vos donn\u00e9es personnelles.<\/p>\n\n\n\n<p>La pr\u00e9sente politique de confidentialit\u00e9 explique comment nous recueillons, utilisons, stockons et prot\u00e9geons les informations personnelles lorsque vous visitez notre site web ou interagissez avec nous par le biais de nos services en ligne.<\/p>\n\n\n\n<p>Apimondia op\u00e8re \u00e0 l'\u00e9chelle internationale et traite les donn\u00e9es \u00e0 caract\u00e8re personnel conform\u00e9ment \u00e0 la <strong>R\u00e8glement g\u00e9n\u00e9ral sur la protection des donn\u00e9es (RGPD) de l'UE<\/strong> et d'autres lois applicables en mati\u00e8re de protection des donn\u00e9es.<\/p>\n\n\n\n<h2 class=\"wp-block-heading\" style=\"font-size:22px\">2. Contr\u00f4leur de donn\u00e9es<\/h2>\n\n\n\n<p><strong>Apimondia - F\u00e9d\u00e9ration internationale des associations d'apiculteurs<\/strong><br>Corso Vittorio Emanuele 101<br>I-00186 Rome, Italie<\/p>\n\n\n\n<p>Courriel : <strong><a>info@apimondia.org<\/a><\/strong><\/p>\n\n\n\n<p>Cette adresse sert \u00e9galement de point de contact pour toutes les questions relatives \u00e0 la vie priv\u00e9e et \u00e0 la protection des donn\u00e9es.<\/p>\n\n\n\n<h2 class=\"wp-block-heading\" style=\"font-size:22px\">3. Donn\u00e9es personnelles que nous collectons<\/h2>\n\n\n\n<p>Nous pouvons collecter et traiter les cat\u00e9gories de donn\u00e9es \u00e0 caract\u00e8re personnel suivantes :<\/p>\n\n\n\n<h3 class=\"wp-block-heading\" style=\"font-size:20px\">a) Formulaires de contact<\/h3>\n\n\n\n<p>Lorsque vous nous contactez par l'interm\u00e9diaire du site web, nous pouvons recueillir des informations :<\/p>\n\n\n\n<ul class=\"wp-block-list\">\n<li>Pr\u00e9nom et nom de famille<\/li>\n\n\n\n<li>Adresse \u00e9lectronique<\/li>\n\n\n\n<li>Pays<\/li>\n\n\n\n<li>Contenu du message<\/li>\n<\/ul>\n\n\n\n<h3 class=\"wp-block-heading\" style=\"font-size:20px\">b) Demandes d'adh\u00e9sion (\u201cDevenir membre\u201d)<\/h3>\n\n\n\n<p>Lors d'une demande d'adh\u00e9sion, nous pouvons recueillir des informations :<\/p>\n\n\n\n<ul class=\"wp-block-list\">\n<li>Pr\u00e9nom et nom de famille<\/li>\n\n\n\n<li>Adresse \u00e9lectronique<\/li>\n\n\n\n<li>Num\u00e9ro de t\u00e9l\u00e9phone<\/li>\n\n\n\n<li>Nom de l'organisation<\/li>\n\n\n\n<li>Nombre de membres de l'organisation<\/li>\n\n\n\n<li>Type d'adh\u00e9sion<\/li>\n<\/ul>\n\n\n\n<h3 class=\"wp-block-heading\" style=\"font-size:20px\">c) Abonnement au bulletin d'information<\/h3>\n\n\n\n<p>Lorsque vous vous inscrivez \u00e0 notre bulletin d'information, nous recueillons des informations :<\/p>\n\n\n\n<ul class=\"wp-block-list\">\n<li>Adresse \u00e9lectronique<\/li>\n<\/ul>\n\n\n\n<p>La fourniture de donn\u00e9es personnelles est volontaire mais n\u00e9cessaire pour nous permettre de r\u00e9pondre aux demandes de renseignements, de traiter les demandes d'adh\u00e9sion ou d'envoyer des bulletins d'information.<\/p>\n\n\n\n<h2 class=\"wp-block-heading\" style=\"font-size:22px\">4. Finalit\u00e9 et base juridique du traitement<\/h2>\n\n\n\n<p>Les donn\u00e9es \u00e0 caract\u00e8re personnel sont trait\u00e9es aux fins suivantes :<\/p>\n\n\n\n<ul class=\"wp-block-list\">\n<li>R\u00e9pondre aux demandes de renseignements et aux communications<\/li>\n\n\n\n<li>Traitement des demandes d'adh\u00e9sion<\/li>\n\n\n\n<li>Gestion de la communication avec les membres et les parties int\u00e9ress\u00e9es<\/li>\n\n\n\n<li>Envoi de bulletins d'information et de mises \u00e0 jour informatives (lorsque le consentement a \u00e9t\u00e9 donn\u00e9)<\/li>\n\n\n\n<li>Assurer le bon fonctionnement technique du site web<\/li>\n<\/ul>\n\n\n\n<p>Les bases juridiques du traitement sont les suivantes :<\/p>\n\n\n\n<ul class=\"wp-block-list\">\n<li><strong>Consentement<\/strong> (Article 6, paragraphe 1, point a), du RGPD)<\/li>\n\n\n\n<li><strong>Int\u00e9r\u00eats l\u00e9gitimes<\/strong> (article 6, paragraphe 1, point f), du RGPD), tels que la communication organisationnelle et l'administration du site web<\/li>\n\n\n\n<li><strong>N\u00e9cessit\u00e9 contractuelle<\/strong> (article 6, paragraphe 1, point b), du RGPD), le cas \u00e9ch\u00e9ant en ce qui concerne les questions d'adh\u00e9sion<\/li>\n<\/ul>\n\n\n\n<h2 class=\"wp-block-heading\" style=\"font-size:22px\">5. Cookies<\/h2>\n\n\n\n<p>Notre site web utilise des cookies qui sont <strong>strictement n\u00e9cessaire<\/strong> pour le bon fonctionnement et la s\u00e9curit\u00e9 du site web.<\/p>\n\n\n\n<p>Une solution de consentement aux cookies est mise en \u0153uvre pour informer les utilisateurs de l'utilisation des cookies et pour g\u00e9rer les pr\u00e9f\u00e9rences conform\u00e9ment aux r\u00e9glementations applicables en mati\u00e8re de protection des donn\u00e9es.<\/p>\n\n\n\n<p>En ce moment :<\/p>\n\n\n\n<ul class=\"wp-block-list\">\n<li>seulement <strong>biscuits essentiels<\/strong> sont utilis\u00e9s,<\/li>\n\n\n\n<li>aucun cookie d'analyse ou de marketing n'est actif,<\/li>\n\n\n\n<li>aucun cookie n'est utilis\u00e9 \u00e0 des fins de suivi ou de profilage.<\/li>\n<\/ul>\n\n\n\n<p>Des informations d\u00e9taill\u00e9es sur les cookies utilis\u00e9s sur ce site web sont disponibles dans notre rubrique <strong>Politique en mati\u00e8re de cookies<\/strong>, accessible \u00e0 l'adresse suivante<br><a href=\"https:\/\/apimondia.org\/fra\/cookie-policy-eu\/\">https:\/\/apimondia.org\/cookie-policy-eu\/<\/a><\/p>\n\n\n\n<p>Les utilisateurs peuvent g\u00e9rer leurs pr\u00e9f\u00e9rences en mati\u00e8re de cookies \u00e0 tout moment via l'interface de param\u00e9trage des cookies.<\/p>\n\n\n\n<h2 class=\"wp-block-heading\" style=\"font-size:22px\">6. Partage des donn\u00e9es et tiers<\/h2>\n\n\n\n<p>Apimondia fait <strong>ne pas vendre, louer ou \u00e9changer des donn\u00e9es \u00e0 caract\u00e8re personnel<\/strong>.<\/p>\n\n\n\n<p>Les donn\u00e9es personnelles peuvent \u00eatre accessibles \u00e0 des prestataires de services de confiance uniquement \u00e0 des fins techniques et op\u00e9rationnelles, telles que<\/p>\n\n\n\n<ul class=\"wp-block-list\">\n<li>les fournisseurs d'h\u00e9bergement de sites web,<\/li>\n\n\n\n<li>les fournisseurs de services de courrier \u00e9lectronique.<\/li>\n<\/ul>\n\n\n\n<p>Ces fournisseurs ne traitent les donn\u00e9es \u00e0 caract\u00e8re personnel que selon nos instructions et dans le respect des lois applicables en mati\u00e8re de protection des donn\u00e9es.<\/p>\n\n\n\n<h2 class=\"wp-block-heading\" style=\"font-size:22px\">7. Transferts internationaux de donn\u00e9es<\/h2>\n\n\n\n<p>En tant qu'organisation internationale, certaines donn\u00e9es personnelles peuvent \u00eatre trait\u00e9es ou consult\u00e9es en dehors de l'Union europ\u00e9enne.<\/p>\n\n\n\n<p>Le cas \u00e9ch\u00e9ant, des garanties appropri\u00e9es sont appliqu\u00e9es pour s'assurer que ces transferts sont conformes aux exigences du GDPR et que les donn\u00e9es \u00e0 caract\u00e8re personnel restent prot\u00e9g\u00e9es de mani\u00e8re ad\u00e9quate.<\/p>\n\n\n\n<h2 class=\"wp-block-heading\" style=\"font-size:22px\">8. Conservation des donn\u00e9es<\/h2>\n\n\n\n<p>Les donn\u00e9es \u00e0 caract\u00e8re personnel sont conserv\u00e9es aussi longtemps que n\u00e9cessaire pour atteindre les objectifs pour lesquels elles ont \u00e9t\u00e9 collect\u00e9es, \u00e0 moins qu'une p\u00e9riode de conservation plus longue ne soit requise ou autoris\u00e9e par la loi.<\/p>\n\n\n\n<h2 class=\"wp-block-heading\" style=\"font-size:22px\">9. Vos droits<\/h2>\n\n\n\n<p>En vertu du GDPR, vous avez le droit de :<\/p>\n\n\n\n<ul class=\"wp-block-list\">\n<li>acc\u00e9der \u00e0 vos donn\u00e9es personnelles,<\/li>\n\n\n\n<li>demander la correction de donn\u00e9es inexactes ou incompl\u00e8tes,<\/li>\n\n\n\n<li>demander la suppression de vos donn\u00e9es personnelles,<\/li>\n\n\n\n<li>restreindre le traitement ou s'y opposer,<\/li>\n\n\n\n<li>retirer son consentement \u00e0 tout moment,<\/li>\n\n\n\n<li>demander la portabilit\u00e9 des donn\u00e9es.<\/li>\n<\/ul>\n\n\n\n<p>Les demandes peuvent \u00eatre adress\u00e9es \u00e0 <strong><a>info@apimondia.org<\/a><\/strong><\/p>\n\n\n\n<h2 class=\"wp-block-heading\" style=\"font-size:22px\">10. S\u00e9curit\u00e9 des donn\u00e9es<\/h2>\n\n\n\n<p>Nous mettons en \u0153uvre des mesures techniques et organisationnelles appropri\u00e9es pour prot\u00e9ger les donn\u00e9es \u00e0 caract\u00e8re personnel contre l'acc\u00e8s non autoris\u00e9, la perte, l'utilisation abusive ou l'alt\u00e9ration.<\/p>\n\n\n\n<h2 class=\"wp-block-heading\" style=\"font-size:22px\">11. Modifications de la pr\u00e9sente politique de protection de la vie priv\u00e9e<\/h2>\n\n\n\n<p>Apimondia se r\u00e9serve le droit de mettre \u00e0 jour cette politique de confidentialit\u00e9 si n\u00e9cessaire pour refl\u00e9ter les changements juridiques, techniques ou organisationnels.<\/p>\n\n\n\n<p>Toute mise \u00e0 jour sera publi\u00e9e sur cette page avec une nouvelle date de \u201cderni\u00e8re mise \u00e0 jour\u201d.<\/p>\n\n\n\n<h2 class=\"wp-block-heading\" style=\"font-size:22px\">12. Contact<\/h2>\n\n\n\n<p>Pour toute question concernant la pr\u00e9sente politique de confidentialit\u00e9 ou le traitement des donn\u00e9es \u00e0 caract\u00e8re personnel, veuillez contacter :<br><strong><a>info@apimondia.org<\/a><\/strong><\/p>","protected":false},"excerpt":{"rendered":"<p>Last updated: 2.2.2026 1. Introduction Apimondia \u2013 International Federation of Beekeepers\u2019 Associations (\u201cApimondia\u201d, \u201cwe\u201d, \u201cour\u201d, \u201cus\u201d) respects your privacy and is committed to protecting your personal data. This Privacy Policy explains how we collect, use, store and protect personal information when you visit our website or interact with us through our online services. Apimondia operates [&hellip;]<\/p>\n","protected":false},"author":1,"featured_media":0,"parent":0,"menu_order":0,"comment_status":"closed","ping_status":"open","template":"","meta":{"footnotes":""},"class_list":["post-3","page","type-page","status-publish","hentry"],"aioseo_notices":[],"_links":{"self":[{"href":"https:\/\/apimondia.org\/fra\/wp-json\/wp\/v2\/pages\/3","targetHints":{"allow":["GET"]}}],"collection":[{"href":"https:\/\/apimondia.org\/fra\/wp-json\/wp\/v2\/pages"}],"about":[{"href":"https:\/\/apimondia.org\/fra\/wp-json\/wp\/v2\/types\/page"}],"author":[{"embeddable":true,"href":"https:\/\/apimondia.org\/fra\/wp-json\/wp\/v2\/users\/1"}],"replies":[{"embeddable":true,"href":"https:\/\/apimondia.org\/fra\/wp-json\/wp\/v2\/comments?post=3"}],"version-history":[{"count":3,"href":"https:\/\/apimondia.org\/fra\/wp-json\/wp\/v2\/pages\/3\/revisions"}],"predecessor-version":[{"id":2421,"href":"https:\/\/apimondia.org\/fra\/wp-json\/wp\/v2\/pages\/3\/revisions\/2421"}],"wp:attachment":[{"href":"https:\/\/apimondia.org\/fra\/wp-json\/wp\/v2\/media?parent=3"}],"curies":[{"name":"wp","href":"https:\/\/api.w.org\/{rel}","templated":true}]}}