{"id":743,"date":"2025-11-12T10:17:37","date_gmt":"2025-11-12T10:17:37","guid":{"rendered":"https:\/\/apimondia.org\/?page_id=743"},"modified":"2026-03-10T09:31:06","modified_gmt":"2026-03-10T09:31:06","slug":"buzz-of-transformation","status":"publish","type":"page","link":"https:\/\/apimondia.org\/fra\/buzz-of-transformation\/","title":{"rendered":"Le buzz de la transformation"},"content":{"rendered":"<div data-elementor-type=\"wp-page\" data-elementor-id=\"743\" class=\"elementor elementor-743\" data-elementor-post-type=\"page\">\n\t\t\t\t<div class=\"elementor-element elementor-element-e6fe6f0 e-flex e-con-boxed e-con e-parent\" data-id=\"e6fe6f0\" data-element_type=\"container\" data-e-type=\"container\">\n\t\t\t\t\t<div class=\"e-con-inner\">\n\t\t\t\t<div class=\"elementor-element elementor-element-aca56e6 elementor-widget elementor-widget-heading\" data-id=\"aca56e6\" data-element_type=\"widget\" data-e-type=\"widget\" data-widget_type=\"heading.default\">\n\t\t\t\t\t<h1 class=\"elementor-heading-title elementor-size-default\">Le buzz de la transformation<\/h1>\t\t\t\t<\/div>\n\t\t\t\t<div class=\"elementor-element elementor-element-0e31c88 elementor-widget-divider--view-line elementor-widget elementor-widget-divider\" data-id=\"0e31c88\" data-element_type=\"widget\" data-e-type=\"widget\" data-widget_type=\"divider.default\">\n\t\t\t\t\t\t\t<div class=\"elementor-divider\">\n\t\t\t<span class=\"elementor-divider-separator\">\n\t\t\t\t\t\t<\/span>\n\t\t<\/div>\n\t\t\t\t\t\t<\/div>\n\t\t\t\t<div class=\"elementor-element elementor-element-516874c elementor-widget elementor-widget-text-editor\" data-id=\"516874c\" data-element_type=\"widget\" data-e-type=\"widget\" data-widget_type=\"text-editor.default\">\n\t\t\t\t\t\t\t\t\t<p>Une s\u00e9rie documentaire mondiale inspirante c\u00e9l\u00e9brant la fa\u00e7on dont des personnes ordinaires r\u00e9alisent des choses extraordinaires gr\u00e2ce \u00e0 leur connexion avec les abeilles...<\/p>\t\t\t\t\t\t\t\t<\/div>\n\t\t\t\t\t<\/div>\n\t\t\t\t<\/div>\n\t\t<div class=\"elementor-element elementor-element-a37cd1a e-flex e-con-boxed e-con e-parent\" data-id=\"a37cd1a\" data-element_type=\"container\" data-e-type=\"container\">\n\t\t\t\t\t<div class=\"e-con-inner\">\n\t\t\t\t<div class=\"elementor-element elementor-element-6084e34 elementor-widget elementor-widget-heading\" data-id=\"6084e34\" data-element_type=\"widget\" data-e-type=\"widget\" data-widget_type=\"heading.default\">\n\t\t\t\t\t<h2 class=\"elementor-heading-title elementor-size-default\">Un documentaire sur les abeilles, les hommes, la biodiversit\u00e9 et notre avenir<\/h2>\t\t\t\t<\/div>\n\t\t\t\t<div class=\"elementor-element elementor-element-85234b9 elementor-widget elementor-widget-text-editor\" data-id=\"85234b9\" data-element_type=\"widget\" data-e-type=\"widget\" data-widget_type=\"text-editor.default\">\n\t\t\t\t\t\t\t\t\t<p><em>Le buzz de la transformation<\/em> est une s\u00e9rie documentaire r\u00e9volutionnaire qui explore les liens profonds entre les abeilles, les \u00e9cosyst\u00e8mes et la qu\u00eate de l'humanit\u00e9 pour un avenir durable. Gr\u00e2ce \u00e0 une cin\u00e9matographie \u00e9poustouflante et \u00e0 une narration captivante, le film mettra en lumi\u00e8re les d\u00e9fis auxquels sont confront\u00e9s les pollinisateurs, la fragilit\u00e9 de la biodiversit\u00e9 et les solutions audacieuses qui peuvent nous mener vers un \u00e9quilibre \u00e9cologique.<\/p>\t\t\t\t\t\t\t\t<\/div>\n\t\t\t\t<div class=\"elementor-element elementor-element-deeee91 elementor-widget elementor-widget-image\" data-id=\"deeee91\" data-element_type=\"widget\" data-e-type=\"widget\" data-widget_type=\"image.default\">\n\t\t\t\t\t\t\t\t\t\t\t\t\t\t\t\t<a href=\"https:\/\/www.youtube.com\/watch?v=--QlvP4QYhI&#038;t=8s\">\n\t\t\t\t\t\t\t<img fetchpriority=\"high\" decoding=\"async\" width=\"860\" height=\"485\" src=\"https:\/\/apimondia.org\/wp-content\/uploads\/2026\/03\/Posnetek-zaslona-2026-03-10-102601.png\" class=\"attachment-large size-large wp-image-2817\" alt=\"\" srcset=\"https:\/\/apimondia.org\/wp-content\/uploads\/2026\/03\/Posnetek-zaslona-2026-03-10-102601.png 860w, https:\/\/apimondia.org\/wp-content\/uploads\/2026\/03\/Posnetek-zaslona-2026-03-10-102601-768x433.png 768w, https:\/\/apimondia.org\/wp-content\/uploads\/2026\/03\/Posnetek-zaslona-2026-03-10-102601-18x10.png 18w\" sizes=\"(max-width: 860px) 100vw, 860px\" \/>\t\t\t\t\t\t\t\t<\/a>\n\t\t\t\t\t\t\t\t\t\t\t\t\t\t\t<\/div>\n\t\t\t\t<div class=\"elementor-element elementor-element-3b05bd8 elementor-widget elementor-widget-text-editor\" data-id=\"3b05bd8\" data-element_type=\"widget\" data-e-type=\"widget\" data-widget_type=\"text-editor.default\">\n\t\t\t\t\t\t\t\t\t<p><em>R\u00e9alis\u00e9e par une \u00e9quipe diversifi\u00e9e de cin\u00e9astes talentueux originaires de tous les continents, la s\u00e9rie met en avant des perspectives locales uniques, offrant une vue kal\u00e9idoscopique du lien qui unit l'humanit\u00e9 \u00e0 ces pollinisateurs vitaux.<\/em><\/p>\n<p>Au fond, la T<em>e buzz de la transformation<\/em> est un appel \u00e0 l'action. Il met en lumi\u00e8re des personnes et des communaut\u00e9s inspirantes qui red\u00e9finissent leur relation avec la nature, en restaurant des habitats, en remodelant l'agriculture et en d\u00e9fendant un avenir o\u00f9 les humains et les pollinisateurs prosp\u00e8rent. Ce film ne se contente pas d'informer ; il suscite l'espoir et donne aux spectateurs la possibilit\u00e9 de participer au changement.<\/p>\t\t\t\t\t\t\t\t<\/div>\n\t\t\t\t<div class=\"elementor-element elementor-element-3353ba1 elementor-widget elementor-widget-heading\" data-id=\"3353ba1\" data-element_type=\"widget\" data-e-type=\"widget\" data-widget_type=\"heading.default\">\n\t\t\t\t\t<h2 class=\"elementor-heading-title elementor-size-default\">L'importance de ce projet<\/h2>\t\t\t\t<\/div>\n\t\t\t\t<div class=\"elementor-element elementor-element-99d5bc9 elementor-widget elementor-widget-text-editor\" data-id=\"99d5bc9\" data-element_type=\"widget\" data-e-type=\"widget\" data-widget_type=\"text-editor.default\">\n\t\t\t\t\t\t\t\t\t<p>Le d\u00e9clin des pollinisateurs n'est pas seulement une crise environnementale : c'est une menace directe pour la s\u00e9curit\u00e9 alimentaire mondiale, la stabilit\u00e9 \u00e9conomique et la beaut\u00e9 naturelle de notre monde. Sans les abeilles, des \u00e9cosyst\u00e8mes entiers s'effondrent et les fondements m\u00eames de l'agriculture sont menac\u00e9s. Pourtant, au milieu de ces d\u00e9fis,\u00a0<em>Le buzz de la transformation<\/em>\u00a0met en \u00e9vidence une v\u00e9rit\u00e9 puissante : des solutions existent, et elles commencent avec nous.<\/p><p>Soutenir ce projet, c'est amplifier un message crucial \u00e0 un moment crucial. C'est donner la parole \u00e0 ceux qui sont en premi\u00e8re ligne de la conservation, sensibiliser \u00e0 l'importance de la biodiversit\u00e9 et inspirer des actions significatives \u00e0 l'\u00e9chelle locale et mondiale. Votre soutien permettra de donner vie \u00e0 cette histoire vitale, d'atteindre des publics dans le monde entier et de catalyser des changements r\u00e9els pour les pollinisateurs et la plan\u00e8te.<br \/>Rejoignez-nous pour faire\u00a0<em>Le buzz de la transformation<\/em>\u00a0plus qu'un simple film - aidez-nous \u00e0 en faire un mouvement. Car en prot\u00e9geant les abeilles, nous prot\u00e9geons l'avenir.<\/p>\t\t\t\t\t\t\t\t<\/div>\n\t\t\t\t\t<\/div>\n\t\t\t\t<\/div>\n\t\t<div class=\"elementor-element elementor-element-bba70e7 e-flex e-con-boxed e-con e-parent\" data-id=\"bba70e7\" data-element_type=\"container\" data-e-type=\"container\">\n\t\t\t\t\t<div class=\"e-con-inner\">\n\t\t<div class=\"elementor-element elementor-element-a14710f e-con-full e-flex e-con e-child\" data-id=\"a14710f\" data-element_type=\"container\" data-e-type=\"container\" data-settings=\"{&quot;background_background&quot;:&quot;classic&quot;}\">\n\t\t\t\t<div class=\"elementor-element elementor-element-243c287 elementor-widget elementor-widget-heading\" data-id=\"243c287\" data-element_type=\"widget\" data-e-type=\"widget\" data-widget_type=\"heading.default\">\n\t\t\t\t\t<h2 class=\"elementor-heading-title elementor-size-default\">Rejoignez-nous pour soutenir le Buzz de la transformation<\/h2>\t\t\t\t<\/div>\n\t\t\t\t<div class=\"elementor-element elementor-element-9eea49d elementor-widget elementor-widget-text-editor\" data-id=\"9eea49d\" data-element_type=\"widget\" data-e-type=\"widget\" data-widget_type=\"text-editor.default\">\n\t\t\t\t\t\t\t\t\t<p>Votre contribution permettra de donner vie \u00e0 cette histoire puissante et d'inspirer une action mondiale pour prot\u00e9ger les abeilles, la biodiversit\u00e9 et notre avenir.<\/p>\t\t\t\t\t\t\t\t<\/div>\n\t\t<div class=\"elementor-element elementor-element-9f6ae4a e-con-full e-flex e-con e-child\" data-id=\"9f6ae4a\" data-element_type=\"container\" data-e-type=\"container\">\n\t\t\t\t<div class=\"elementor-element elementor-element-a15ec77 elementor-align-center elementor-widget__width-initial elementor-widget elementor-widget-button\" data-id=\"a15ec77\" data-element_type=\"widget\" data-e-type=\"widget\" data-widget_type=\"button.default\">\n\t\t\t\t\t\t\t\t\t\t<a class=\"elementor-button elementor-button-link elementor-size-sm\" href=\"https:\/\/buzzoftransformation.com\/\">\n\t\t\t\t\t\t<span class=\"elementor-button-content-wrapper\">\n\t\t\t\t\t\t\t\t\t<span class=\"elementor-button-text\">En savoir plus et s'impliquer<\/span>\n\t\t\t\t\t<\/span>\n\t\t\t\t\t<\/a>\n\t\t\t\t\t\t\t\t<\/div>\n\t\t\t\t<div class=\"elementor-element elementor-element-acdfea1 elementor-align-center elementor-widget__width-initial elementor-widget elementor-widget-button\" data-id=\"acdfea1\" data-element_type=\"widget\" data-e-type=\"widget\" data-widget_type=\"button.default\">\n\t\t\t\t\t\t\t\t\t\t<a class=\"elementor-button elementor-button-link elementor-size-sm\" href=\"https:\/\/www.gofundme.com\/f\/RealHoneyMatters\">\n\t\t\t\t\t\t<span class=\"elementor-button-content-wrapper\">\n\t\t\t\t\t\t\t\t\t<span class=\"elementor-button-text\">Faire un don aux \u00c9tats-Unis et dans le monde<\/span>\n\t\t\t\t\t<\/span>\n\t\t\t\t\t<\/a>\n\t\t\t\t\t\t\t\t<\/div>\n\t\t\t\t<div class=\"elementor-element elementor-element-b0f5cc2 elementor-align-center elementor-widget__width-initial elementor-widget elementor-widget-button\" data-id=\"b0f5cc2\" data-element_type=\"widget\" data-e-type=\"widget\" data-widget_type=\"button.default\">\n\t\t\t\t\t\t\t\t\t\t<a class=\"elementor-button elementor-button-link elementor-size-sm\" href=\"https:\/\/www.gofundme.com\/f\/buzzoftransformation\">\n\t\t\t\t\t\t<span class=\"elementor-button-content-wrapper\">\n\t\t\t\t\t\t\t\t\t<span class=\"elementor-button-text\">Faire un don \u00e0 l'UE<\/span>\n\t\t\t\t\t<\/span>\n\t\t\t\t\t<\/a>\n\t\t\t\t\t\t\t\t<\/div>\n\t\t\t\t<\/div>\n\t\t\t\t<\/div>\n\t\t\t\t\t<\/div>\n\t\t\t\t<\/div>\n\t\t<div class=\"elementor-element elementor-element-5522b23 e-flex e-con-boxed e-con e-parent\" data-id=\"5522b23\" data-element_type=\"container\" data-e-type=\"container\">\n\t\t\t\t\t<div class=\"e-con-inner\">\n\t\t\t\t<div class=\"elementor-element elementor-element-8631912 elementor-widget elementor-widget-heading\" data-id=\"8631912\" data-element_type=\"widget\" data-e-type=\"widget\" data-widget_type=\"heading.default\">\n\t\t\t\t\t<h2 class=\"elementor-heading-title elementor-size-default\">Partenaires<\/h2>\t\t\t\t<\/div>\n\t\t<div class=\"elementor-element elementor-element-21eb688 e-grid e-con-full e-con e-child\" data-id=\"21eb688\" data-element_type=\"container\" data-e-type=\"container\">\n\t\t\t\t<div class=\"elementor-element elementor-element-8bac5e8 e-transform elementor-widget elementor-widget-image\" data-id=\"8bac5e8\" data-element_type=\"widget\" data-e-type=\"widget\" data-settings=\"{&quot;_transform_scale_effect_hover&quot;:{&quot;unit&quot;:&quot;px&quot;,&quot;size&quot;:1.03,&quot;sizes&quot;:[]},&quot;_transform_scale_effect_hover_tablet&quot;:{&quot;unit&quot;:&quot;px&quot;,&quot;size&quot;:&quot;&quot;,&quot;sizes&quot;:[]},&quot;_transform_scale_effect_hover_mobile&quot;:{&quot;unit&quot;:&quot;px&quot;,&quot;size&quot;:&quot;&quot;,&quot;sizes&quot;:[]}}\" data-widget_type=\"image.default\">\n\t\t\t\t\t\t\t\t\t\t\t\t\t\t\t\t<a href=\"https:\/\/www.linkedin.com\/company\/q4film\/\">\n\t\t\t\t\t\t\t<img decoding=\"async\" width=\"800\" height=\"600\" src=\"https:\/\/apimondia.org\/wp-content\/uploads\/2025\/11\/q4film_orig.webp\" class=\"attachment-large size-large wp-image-746\" alt=\"\" srcset=\"https:\/\/apimondia.org\/wp-content\/uploads\/2025\/11\/q4film_orig.webp 800w, https:\/\/apimondia.org\/wp-content\/uploads\/2025\/11\/q4film_orig-400x300.webp 400w, https:\/\/apimondia.org\/wp-content\/uploads\/2025\/11\/q4film_orig-768x576.webp 768w, https:\/\/apimondia.org\/wp-content\/uploads\/2025\/11\/q4film_orig-16x12.webp 16w\" sizes=\"(max-width: 800px) 100vw, 800px\" \/>\t\t\t\t\t\t\t\t<\/a>\n\t\t\t\t\t\t\t\t\t\t\t\t\t\t\t<\/div>\n\t\t\t\t<div class=\"elementor-element elementor-element-ea65495 e-transform elementor-widget elementor-widget-image\" data-id=\"ea65495\" data-element_type=\"widget\" data-e-type=\"widget\" data-settings=\"{&quot;_transform_scale_effect_hover&quot;:{&quot;unit&quot;:&quot;px&quot;,&quot;size&quot;:1.03,&quot;sizes&quot;:[]},&quot;_transform_scale_effect_hover_tablet&quot;:{&quot;unit&quot;:&quot;px&quot;,&quot;size&quot;:&quot;&quot;,&quot;sizes&quot;:[]},&quot;_transform_scale_effect_hover_mobile&quot;:{&quot;unit&quot;:&quot;px&quot;,&quot;size&quot;:&quot;&quot;,&quot;sizes&quot;:[]}}\" data-widget_type=\"image.default\">\n\t\t\t\t\t\t\t\t\t\t\t\t\t\t\t\t<a href=\"https:\/\/www.goodify.com\/\">\n\t\t\t\t\t\t\t<img decoding=\"async\" width=\"800\" height=\"600\" src=\"https:\/\/apimondia.org\/wp-content\/uploads\/2025\/11\/goodify_orig.webp\" class=\"attachment-large size-large wp-image-747\" alt=\"\" srcset=\"https:\/\/apimondia.org\/wp-content\/uploads\/2025\/11\/goodify_orig.webp 800w, https:\/\/apimondia.org\/wp-content\/uploads\/2025\/11\/goodify_orig-400x300.webp 400w, https:\/\/apimondia.org\/wp-content\/uploads\/2025\/11\/goodify_orig-768x576.webp 768w, https:\/\/apimondia.org\/wp-content\/uploads\/2025\/11\/goodify_orig-16x12.webp 16w\" sizes=\"(max-width: 800px) 100vw, 800px\" \/>\t\t\t\t\t\t\t\t<\/a>\n\t\t\t\t\t\t\t\t\t\t\t\t\t\t\t<\/div>\n\t\t\t\t<div class=\"elementor-element elementor-element-eee79a7 e-transform elementor-widget elementor-widget-image\" data-id=\"eee79a7\" data-element_type=\"widget\" data-e-type=\"widget\" data-settings=\"{&quot;_transform_scale_effect_hover&quot;:{&quot;unit&quot;:&quot;px&quot;,&quot;size&quot;:1.03,&quot;sizes&quot;:[]},&quot;_transform_scale_effect_hover_tablet&quot;:{&quot;unit&quot;:&quot;px&quot;,&quot;size&quot;:&quot;&quot;,&quot;sizes&quot;:[]},&quot;_transform_scale_effect_hover_mobile&quot;:{&quot;unit&quot;:&quot;px&quot;,&quot;size&quot;:&quot;&quot;,&quot;sizes&quot;:[]}}\" data-widget_type=\"image.default\">\n\t\t\t\t\t\t\t\t\t\t\t\t\t\t\t\t<a href=\"https:\/\/apimondia.org\/fra\/\">\n\t\t\t\t\t\t\t<img loading=\"lazy\" decoding=\"async\" width=\"800\" height=\"600\" src=\"https:\/\/apimondia.org\/wp-content\/uploads\/2025\/11\/apimondia_orig.webp\" class=\"attachment-large size-large wp-image-748\" alt=\"\" srcset=\"https:\/\/apimondia.org\/wp-content\/uploads\/2025\/11\/apimondia_orig.webp 800w, https:\/\/apimondia.org\/wp-content\/uploads\/2025\/11\/apimondia_orig-400x300.webp 400w, https:\/\/apimondia.org\/wp-content\/uploads\/2025\/11\/apimondia_orig-768x576.webp 768w, https:\/\/apimondia.org\/wp-content\/uploads\/2025\/11\/apimondia_orig-16x12.webp 16w\" sizes=\"(max-width: 800px) 100vw, 800px\" \/>\t\t\t\t\t\t\t\t<\/a>\n\t\t\t\t\t\t\t\t\t\t\t\t\t\t\t<\/div>\n\t\t\t\t<div class=\"elementor-element elementor-element-43f2c53 e-transform elementor-widget elementor-widget-image\" data-id=\"43f2c53\" data-element_type=\"widget\" data-e-type=\"widget\" data-settings=\"{&quot;_transform_scale_effect_hover&quot;:{&quot;unit&quot;:&quot;px&quot;,&quot;size&quot;:1.03,&quot;sizes&quot;:[]},&quot;_transform_scale_effect_hover_tablet&quot;:{&quot;unit&quot;:&quot;px&quot;,&quot;size&quot;:&quot;&quot;,&quot;sizes&quot;:[]},&quot;_transform_scale_effect_hover_mobile&quot;:{&quot;unit&quot;:&quot;px&quot;,&quot;size&quot;:&quot;&quot;,&quot;sizes&quot;:[]}}\" data-widget_type=\"image.default\">\n\t\t\t\t\t\t\t\t\t\t\t\t\t\t\t\t<a href=\"https:\/\/www.greenwish.com\/\">\n\t\t\t\t\t\t\t<img loading=\"lazy\" decoding=\"async\" width=\"800\" height=\"600\" src=\"https:\/\/apimondia.org\/wp-content\/uploads\/2025\/11\/greenwish_orig.webp\" class=\"attachment-large size-large wp-image-749\" alt=\"\" srcset=\"https:\/\/apimondia.org\/wp-content\/uploads\/2025\/11\/greenwish_orig.webp 800w, https:\/\/apimondia.org\/wp-content\/uploads\/2025\/11\/greenwish_orig-400x300.webp 400w, https:\/\/apimondia.org\/wp-content\/uploads\/2025\/11\/greenwish_orig-768x576.webp 768w, https:\/\/apimondia.org\/wp-content\/uploads\/2025\/11\/greenwish_orig-16x12.webp 16w\" sizes=\"(max-width: 800px) 100vw, 800px\" \/>\t\t\t\t\t\t\t\t<\/a>\n\t\t\t\t\t\t\t\t\t\t\t\t\t\t\t<\/div>\n\t\t\t\t<div class=\"elementor-element elementor-element-7f089ee e-transform elementor-widget elementor-widget-image\" data-id=\"7f089ee\" data-element_type=\"widget\" data-e-type=\"widget\" data-settings=\"{&quot;_transform_scale_effect_hover&quot;:{&quot;unit&quot;:&quot;px&quot;,&quot;size&quot;:1.03,&quot;sizes&quot;:[]},&quot;_transform_scale_effect_hover_tablet&quot;:{&quot;unit&quot;:&quot;px&quot;,&quot;size&quot;:&quot;&quot;,&quot;sizes&quot;:[]},&quot;_transform_scale_effect_hover_mobile&quot;:{&quot;unit&quot;:&quot;px&quot;,&quot;size&quot;:&quot;&quot;,&quot;sizes&quot;:[]}}\" data-widget_type=\"image.default\">\n\t\t\t\t\t\t\t\t\t\t\t\t\t\t\t\t<a href=\"https:\/\/www.izslt.it\/eng\/\">\n\t\t\t\t\t\t\t<img loading=\"lazy\" decoding=\"async\" width=\"800\" height=\"600\" src=\"https:\/\/apimondia.org\/wp-content\/uploads\/2025\/11\/izs_orig.webp\" class=\"attachment-large size-large wp-image-750\" alt=\"\" srcset=\"https:\/\/apimondia.org\/wp-content\/uploads\/2025\/11\/izs_orig.webp 800w, https:\/\/apimondia.org\/wp-content\/uploads\/2025\/11\/izs_orig-400x300.webp 400w, https:\/\/apimondia.org\/wp-content\/uploads\/2025\/11\/izs_orig-768x576.webp 768w, https:\/\/apimondia.org\/wp-content\/uploads\/2025\/11\/izs_orig-16x12.webp 16w\" sizes=\"(max-width: 800px) 100vw, 800px\" \/>\t\t\t\t\t\t\t\t<\/a>\n\t\t\t\t\t\t\t\t\t\t\t\t\t\t\t<\/div>\n\t\t\t\t<\/div>\n\t\t\t\t\t<\/div>\n\t\t\t\t<\/div>\n\t\t\t\t<\/div>","protected":false},"excerpt":{"rendered":"<p>The Buzz of Transformation An inspiring global documentary series celebrating how ordinary people achieve the extraordinary through their connection with bees&#8230; A documentary about bees, people, biodiversity, and our future The Buzz of Transformation is a groundbreaking documentary series that explores the deep connections between bees, ecosystems, and humanity\u2019s quest for a sustainable future. Through [&hellip;]<\/p>\n","protected":false},"author":1,"featured_media":1535,"parent":0,"menu_order":0,"comment_status":"closed","ping_status":"closed","template":"","meta":{"footnotes":""},"class_list":["post-743","page","type-page","status-publish","has-post-thumbnail","hentry"],"aioseo_notices":[],"_links":{"self":[{"href":"https:\/\/apimondia.org\/fra\/wp-json\/wp\/v2\/pages\/743","targetHints":{"allow":["GET"]}}],"collection":[{"href":"https:\/\/apimondia.org\/fra\/wp-json\/wp\/v2\/pages"}],"about":[{"href":"https:\/\/apimondia.org\/fra\/wp-json\/wp\/v2\/types\/page"}],"author":[{"embeddable":true,"href":"https:\/\/apimondia.org\/fra\/wp-json\/wp\/v2\/users\/1"}],"replies":[{"embeddable":true,"href":"https:\/\/apimondia.org\/fra\/wp-json\/wp\/v2\/comments?post=743"}],"version-history":[{"count":48,"href":"https:\/\/apimondia.org\/fra\/wp-json\/wp\/v2\/pages\/743\/revisions"}],"predecessor-version":[{"id":2823,"href":"https:\/\/apimondia.org\/fra\/wp-json\/wp\/v2\/pages\/743\/revisions\/2823"}],"wp:featuredmedia":[{"embeddable":true,"href":"https:\/\/apimondia.org\/fra\/wp-json\/wp\/v2\/media\/1535"}],"wp:attachment":[{"href":"https:\/\/apimondia.org\/fra\/wp-json\/wp\/v2\/media?parent=743"}],"curies":[{"name":"wp","href":"https:\/\/api.w.org\/{rel}","templated":true}]}}