{"id":8,"date":"2025-10-22T08:40:03","date_gmt":"2025-10-22T08:40:03","guid":{"rendered":"https:\/\/apimondia.org\/?page_id=8"},"modified":"2026-02-04T23:41:06","modified_gmt":"2026-02-04T23:41:06","slug":"about","status":"publish","type":"page","link":"https:\/\/apimondia.org\/fra\/about\/","title":{"rendered":"A propos de"},"content":{"rendered":"<div data-elementor-type=\"wp-page\" data-elementor-id=\"8\" class=\"elementor elementor-8\" data-elementor-post-type=\"page\">\n\t\t\t\t<div class=\"elementor-element elementor-element-54ff855 e-flex e-con-boxed e-con e-parent\" data-id=\"54ff855\" data-element_type=\"container\" data-e-type=\"container\">\n\t\t\t\t\t<div class=\"e-con-inner\">\n\t\t\t\t<div class=\"elementor-element elementor-element-dde3c98 elementor-widget elementor-widget-heading\" data-id=\"dde3c98\" data-element_type=\"widget\" data-e-type=\"widget\" data-widget_type=\"heading.default\">\n\t\t\t\t\t<h1 class=\"elementor-heading-title elementor-size-default\">A propos de<\/h1>\t\t\t\t<\/div>\n\t\t\t\t<div class=\"elementor-element elementor-element-7cd2eb5 elementor-widget-divider--view-line elementor-widget elementor-widget-divider\" data-id=\"7cd2eb5\" data-element_type=\"widget\" data-e-type=\"widget\" data-widget_type=\"divider.default\">\n\t\t\t\t\t\t\t<div class=\"elementor-divider\">\n\t\t\t<span class=\"elementor-divider-separator\">\n\t\t\t\t\t\t<\/span>\n\t\t<\/div>\n\t\t\t\t\t\t<\/div>\n\t\t\t\t\t<\/div>\n\t\t\t\t<\/div>\n\t\t<div class=\"elementor-element elementor-element-ceb785f e-flex e-con-boxed e-con e-parent\" data-id=\"ceb785f\" data-element_type=\"container\" data-e-type=\"container\">\n\t\t\t\t\t<div class=\"e-con-inner\">\n\t\t\t\t<div class=\"elementor-element elementor-element-566fc31 elementor-widget elementor-widget-heading\" data-id=\"566fc31\" data-element_type=\"widget\" data-e-type=\"widget\" data-widget_type=\"heading.default\">\n\t\t\t\t\t<h2 class=\"elementor-heading-title elementor-size-default\">Apimondia est la F\u00e9d\u00e9ration internationale des associations d'apiculteurs.<\/h2>\t\t\t\t<\/div>\n\t\t<div class=\"elementor-element elementor-element-a02e622 e-con-full e-flex e-con e-child\" data-id=\"a02e622\" data-element_type=\"container\" data-e-type=\"container\">\n\t\t<div class=\"elementor-element elementor-element-e8bfbb4 e-con-full e-flex e-con e-child\" data-id=\"e8bfbb4\" data-element_type=\"container\" data-e-type=\"container\">\n\t\t\t\t<div class=\"elementor-element elementor-element-0ac0103 elementor-widget elementor-widget-text-editor\" data-id=\"0ac0103\" data-element_type=\"widget\" data-e-type=\"widget\" data-widget_type=\"text-editor.default\">\n\t\t\t\t\t\t\t\t\t<p><strong>Notre principal objectif est de faciliter l'\u00e9change d'informations et les discussions en organisant des congr\u00e8s et des symposiums o\u00f9 les apiculteurs, les scientifiques, les n\u00e9gociants en miel, les agents de d\u00e9veloppement, les techniciens et les l\u00e9gislateurs se rencontrent pour \u00e9couter, discuter et apprendre les uns des autres. Apimondia vise \u00e9galement \u00e0 constituer la voix officielle des organisations apicoles mondiales sur les questions qui leur incombent par le biais de publications, d'actions de plaidoyer et de repr\u00e9sentation du secteur aupr\u00e8s des autorit\u00e9s et autres institutions concern\u00e9es. <\/strong><\/p><p>L'apiculture est une activit\u00e9 agricole qui n\u00e9cessite tr\u00e8s peu d'investissements et qui peut \u00eatre pratiqu\u00e9e presque partout dans les zones rurales ou p\u00e9riurbaines. Elle fait partie des productions agricoles qui ne n\u00e9cessitent pas de terres. Cependant, elle n\u00e9cessite un bon savoir-faire pour g\u00e9rer les colonies d'abeilles et faire des choix de pratiques adapt\u00e9es \u00e0 l'environnement. Il est n\u00e9cessaire d'avoir de bonnes connaissances et c'est pourquoi l'int\u00e9gration des apiculteurs et le transfert de connaissances sont extr\u00eamement importants.<\/p><p>Les apiculteurs se regroupent au sein de diff\u00e9rentes organisations et \u00e0 diff\u00e9rents niveaux. Ces associations sont reli\u00e9es au niveau mondial \u00e0 des f\u00e9d\u00e9rations r\u00e9gionales et, enfin, \u00e0 Apimondia, la F\u00e9d\u00e9ration internationale des associations d'apiculteurs.<\/p><p>Apimondia est une organisation non gouvernementale qui rassemble des apiculteurs, des fabricants de mat\u00e9riel apicole et un large \u00e9ventail de scientifiques impliqu\u00e9s dans l'apiculture, l'apith\u00e9rapie, la pollinisation, le d\u00e9veloppement et l'\u00e9conomie.<\/p>\t\t\t\t\t\t\t\t<\/div>\n\t\t\t\t<\/div>\n\t\t<div class=\"elementor-element elementor-element-d0d92ac e-con-full e-flex e-con e-child\" data-id=\"d0d92ac\" data-element_type=\"container\" data-e-type=\"container\" data-settings=\"{&quot;background_background&quot;:&quot;classic&quot;}\">\n\t\t\t\t<\/div>\n\t\t\t\t<\/div>\n\t\t\t\t\t<\/div>\n\t\t\t\t<\/div>\n\t\t<div class=\"elementor-element elementor-element-dfff77f e-flex e-con-boxed e-con e-parent\" data-id=\"dfff77f\" data-element_type=\"container\" data-e-type=\"container\">\n\t\t\t\t\t<div class=\"e-con-inner\">\n\t\t<div class=\"elementor-element elementor-element-615aa16 e-con-full e-flex e-con e-child\" data-id=\"615aa16\" data-element_type=\"container\" data-e-type=\"container\" data-settings=\"{&quot;background_background&quot;:&quot;classic&quot;}\">\n\t\t\t\t<div class=\"elementor-element elementor-element-7abdbf8 elementor-widget elementor-widget-heading\" data-id=\"7abdbf8\" data-element_type=\"widget\" data-e-type=\"widget\" data-widget_type=\"heading.default\">\n\t\t\t\t\t<h2 class=\"elementor-heading-title elementor-size-default\">Apimondia existe pour promouvoir le d\u00e9veloppement scientifique, technique, \u00e9cologique, social et \u00e9conomique de l'apiculture.<\/h2>\t\t\t\t<\/div>\n\t\t\t\t<\/div>\n\t\t\t\t\t<\/div>\n\t\t\t\t<\/div>\n\t\t<div class=\"elementor-element elementor-element-9533856 e-flex e-con-boxed e-con e-parent\" data-id=\"9533856\" data-element_type=\"container\" data-e-type=\"container\">\n\t\t\t\t\t<div class=\"e-con-inner\">\n\t\t\t\t<div class=\"elementor-element elementor-element-26c4670 elementor-widget elementor-widget-text-editor\" data-id=\"26c4670\" data-element_type=\"widget\" data-e-type=\"widget\" data-widget_type=\"text-editor.default\">\n\t\t\t\t\t\t\t\t\t<p>En 1893, le Comit\u00e9 international des\u00a0<a href=\"https:\/\/apimondia.org\/fra\/events\/congresses\/\">Congr\u00e8s apicole<\/a>\u00a0a \u00e9t\u00e9 cr\u00e9\u00e9 et a organis\u00e9 en 1897 le premier congr\u00e8s international d'apiculture \u00e0 Bruxelles, dans le cadre de l'exposition universelle. L'assistance \u00e9tait nombreuse, avec 636 participants. \u00c0 la m\u00eame \u00e9poque, l'Exposition apicole internationale se tient \u00e0 Tervueren avec 339 exposants venus de 10 pays europ\u00e9ens.<\/p><p>Depuis lors, Apimondia promeut le transfert de connaissances et organise des \u00e9v\u00e9nements pour les apiculteurs ainsi que les congr\u00e8s apicoles internationaux bisannuels, qui sont les plus grands rassemblements internationaux de toutes les personnes impliqu\u00e9es dans l'apiculture.<\/p>\t\t\t\t\t\t\t\t<\/div>\n\t\t\t\t<div class=\"elementor-element elementor-element-f2b9059 elementor-align-center elementor-widget__width-initial elementor-widget elementor-widget-button\" data-id=\"f2b9059\" data-element_type=\"widget\" data-e-type=\"widget\" data-widget_type=\"button.default\">\n\t\t\t\t\t\t\t\t\t\t<a class=\"elementor-button elementor-button-link elementor-size-sm\" href=\"https:\/\/apimondia.org\/wp-content\/uploads\/2025\/11\/statutes_2024-en.doc\" target=\"_blank\">\n\t\t\t\t\t\t<span class=\"elementor-button-content-wrapper\">\n\t\t\t\t\t\t<span class=\"elementor-button-icon\">\n\t\t\t\t<svg aria-hidden=\"true\" class=\"e-font-icon-svg e-fas-download\" viewbox=\"0 0 512 512\" xmlns=\"http:\/\/www.w3.org\/2000\/svg\"><path d=\"M216 0h80c13.3 0 24 10.7 24 24v168h87.7c17.8 0 26.7 21.5 14.1 34.1L269.7 378.3c-7.5 7.5-19.8 7.5-27.3 0L90.1 226.1c-12.6-12.6-3.7-34.1 14.1-34.1H192V24c0-13.3 10.7-24 24-24zm296 376v112c0 13.3-10.7 24-24 24H24c-13.3 0-24-10.7-24-24V376c0-13.3 10.7-24 24-24h146.7l49 49c20.1 20.1 52.5 20.1 72.6 0l49-49H488c13.3 0 24 10.7 24 24zm-124 88c0-11-9-20-20-20s-20 9-20 20 9 20 20 20 20-9 20-20zm64 0c0-11-9-20-20-20s-20 9-20 20 9 20 20 20 20-9 20-20z\"><\/path><\/svg>\t\t\t<\/span>\n\t\t\t\t\t\t\t\t\t<span class=\"elementor-button-text\">Statuts d'Apimondia<\/span>\n\t\t\t\t\t<\/span>\n\t\t\t\t\t<\/a>\n\t\t\t\t\t\t\t\t<\/div>\n\t\t<div class=\"elementor-element elementor-element-e5c916d e-con-full e-flex e-con e-child\" data-id=\"e5c916d\" data-element_type=\"container\" data-e-type=\"container\">\n\t\t<div class=\"elementor-element elementor-element-e6cb33c e-con-full e-flex e-con e-child\" data-id=\"e6cb33c\" data-element_type=\"container\" data-e-type=\"container\" data-settings=\"{&quot;background_background&quot;:&quot;classic&quot;}\">\n\t\t\t\t<div class=\"elementor-element elementor-element-20d9ae4 elementor-widget elementor-widget-heading\" data-id=\"20d9ae4\" data-element_type=\"widget\" data-e-type=\"widget\" data-widget_type=\"heading.default\">\n\t\t\t\t\t<h2 class=\"elementor-heading-title elementor-size-default\">S'impliquer<\/h2>\t\t\t\t<\/div>\n\t\t\t\t<div class=\"elementor-element elementor-element-921f274 elementor-widget-divider--view-line elementor-widget elementor-widget-divider\" data-id=\"921f274\" data-element_type=\"widget\" data-e-type=\"widget\" data-widget_type=\"divider.default\">\n\t\t\t\t\t\t\t<div class=\"elementor-divider\">\n\t\t\t<span class=\"elementor-divider-separator\">\n\t\t\t\t\t\t<\/span>\n\t\t<\/div>\n\t\t\t\t\t\t<\/div>\n\t\t\t\t<div class=\"elementor-element elementor-element-d1f6078 elementor-widget elementor-widget-text-editor\" data-id=\"d1f6078\" data-element_type=\"widget\" data-e-type=\"widget\" data-widget_type=\"text-editor.default\">\n\t\t\t\t\t\t\t\t\t<p>Faites partie de notre communaut\u00e9 apicole mondiale et contribuez \u00e0 fa\u00e7onner l'avenir de l'apiculture.<\/p>\t\t\t\t\t\t\t\t<\/div>\n\t\t\t\t<div class=\"elementor-element elementor-element-41cf5de elementor-align-center elementor-widget__width-initial elementor-widget elementor-widget-button\" data-id=\"41cf5de\" data-element_type=\"widget\" data-e-type=\"widget\" data-widget_type=\"button.default\">\n\t\t\t\t\t\t\t\t\t\t<a class=\"elementor-button elementor-button-link elementor-size-sm\" href=\"https:\/\/apimondia.org\/fra\/get-involved\/\">\n\t\t\t\t\t\t<span class=\"elementor-button-content-wrapper\">\n\t\t\t\t\t\t<span class=\"elementor-button-icon\">\n\t\t\t\t<svg aria-hidden=\"true\" class=\"e-font-icon-svg e-fas-user-plus\" viewbox=\"0 0 640 512\" xmlns=\"http:\/\/www.w3.org\/2000\/svg\"><path d=\"M624 208h-64v-64c0-8.8-7.2-16-16-16h-32c-8.8 0-16 7.2-16 16v64h-64c-8.8 0-16 7.2-16 16v32c0 8.8 7.2 16 16 16h64v64c0 8.8 7.2 16 16 16h32c8.8 0 16-7.2 16-16v-64h64c8.8 0 16-7.2 16-16v-32c0-8.8-7.2-16-16-16zm-400 48c70.7 0 128-57.3 128-128S294.7 0 224 0 96 57.3 96 128s57.3 128 128 128zm89.6 32h-16.7c-22.2 10.2-46.9 16-72.9 16s-50.6-5.8-72.9-16h-16.7C60.2 288 0 348.2 0 422.4V464c0 26.5 21.5 48 48 48h352c26.5 0 48-21.5 48-48v-41.6c0-74.2-60.2-134.4-134.4-134.4z\"><\/path><\/svg>\t\t\t<\/span>\n\t\t\t\t\t\t\t\t\t<span class=\"elementor-button-text\">Rejoignez-nous<\/span>\n\t\t\t\t\t<\/span>\n\t\t\t\t\t<\/a>\n\t\t\t\t\t\t\t\t<\/div>\n\t\t\t\t<\/div>\n\t\t\t\t<\/div>\n\t\t\t\t\t<\/div>\n\t\t\t\t<\/div>\n\t\t\t\t<\/div>","protected":false},"excerpt":{"rendered":"<p>About Apimondia is the International Federation of Beekeepers\u2019 Associations Our main objective is to facilitate the exchange of information and discussions by organizing Congresses and Symposium where beekeepers, scientists, honey-traders, agents for development, technicians and legislators meet to listen, discuss and learn from one another. Apimondia also aims to constitute the official voice of global [&hellip;]<\/p>\n","protected":false},"author":1,"featured_media":368,"parent":0,"menu_order":0,"comment_status":"closed","ping_status":"closed","template":"","meta":{"footnotes":""},"class_list":["post-8","page","type-page","status-publish","has-post-thumbnail","hentry"],"aioseo_notices":[],"_links":{"self":[{"href":"https:\/\/apimondia.org\/fra\/wp-json\/wp\/v2\/pages\/8","targetHints":{"allow":["GET"]}}],"collection":[{"href":"https:\/\/apimondia.org\/fra\/wp-json\/wp\/v2\/pages"}],"about":[{"href":"https:\/\/apimondia.org\/fra\/wp-json\/wp\/v2\/types\/page"}],"author":[{"embeddable":true,"href":"https:\/\/apimondia.org\/fra\/wp-json\/wp\/v2\/users\/1"}],"replies":[{"embeddable":true,"href":"https:\/\/apimondia.org\/fra\/wp-json\/wp\/v2\/comments?post=8"}],"version-history":[{"count":66,"href":"https:\/\/apimondia.org\/fra\/wp-json\/wp\/v2\/pages\/8\/revisions"}],"predecessor-version":[{"id":2512,"href":"https:\/\/apimondia.org\/fra\/wp-json\/wp\/v2\/pages\/8\/revisions\/2512"}],"wp:featuredmedia":[{"embeddable":true,"href":"https:\/\/apimondia.org\/fra\/wp-json\/wp\/v2\/media\/368"}],"wp:attachment":[{"href":"https:\/\/apimondia.org\/fra\/wp-json\/wp\/v2\/media?parent=8"}],"curies":[{"name":"wp","href":"https:\/\/api.w.org\/{rel}","templated":true}]}}