{"id":88,"date":"2025-10-22T11:43:01","date_gmt":"2025-10-22T11:43:01","guid":{"rendered":"https:\/\/apimondia.org\/?page_id=88"},"modified":"2026-02-05T00:22:27","modified_gmt":"2026-02-05T00:22:27","slug":"apitherapy","status":"publish","type":"page","link":"https:\/\/apimondia.org\/fra\/our-work\/apitherapy\/","title":{"rendered":"Apith\u00e9rapie"},"content":{"rendered":"<div data-elementor-type=\"wp-page\" data-elementor-id=\"88\" class=\"elementor elementor-88\" data-elementor-post-type=\"page\">\n\t\t\t\t<div class=\"elementor-element elementor-element-dbc2b48 e-flex e-con-boxed e-con e-parent\" data-id=\"dbc2b48\" data-element_type=\"container\" data-e-type=\"container\">\n\t\t\t\t\t<div class=\"e-con-inner\">\n\t\t\t\t<div class=\"elementor-element elementor-element-670156d elementor-widget elementor-widget-heading\" data-id=\"670156d\" data-element_type=\"widget\" data-e-type=\"widget\" data-widget_type=\"heading.default\">\n\t\t\t\t\t<h1 class=\"elementor-heading-title elementor-size-default\">Apith\u00e9rapie<\/h1>\t\t\t\t<\/div>\n\t\t\t\t<div class=\"elementor-element elementor-element-4e4ed9e elementor-widget-divider--view-line elementor-widget elementor-widget-divider\" data-id=\"4e4ed9e\" data-element_type=\"widget\" data-e-type=\"widget\" data-widget_type=\"divider.default\">\n\t\t\t\t\t\t\t<div class=\"elementor-divider\">\n\t\t\t<span class=\"elementor-divider-separator\">\n\t\t\t\t\t\t<\/span>\n\t\t<\/div>\n\t\t\t\t\t\t<\/div>\n\t\t\t\t\t<\/div>\n\t\t\t\t<\/div>\n\t\t<div class=\"elementor-element elementor-element-6fe55de e-flex e-con-boxed e-con e-parent\" data-id=\"6fe55de\" data-element_type=\"container\" data-e-type=\"container\">\n\t\t\t\t\t<div class=\"e-con-inner\">\n\t\t<div class=\"elementor-element elementor-element-73ce6e3 e-con-full e-flex e-con e-child\" data-id=\"73ce6e3\" data-element_type=\"container\" data-e-type=\"container\">\n\t\t<div class=\"elementor-element elementor-element-7266629 e-con-full e-flex e-con e-child\" data-id=\"7266629\" data-element_type=\"container\" data-e-type=\"container\">\n\t\t\t\t<div class=\"elementor-element elementor-element-de69932 elementor-widget elementor-widget-heading\" data-id=\"de69932\" data-element_type=\"widget\" data-e-type=\"widget\" data-widget_type=\"heading.default\">\n\t\t\t\t\t<h2 class=\"elementor-heading-title elementor-size-default\">L'importance de l'apith\u00e9rapie<\/h2>\t\t\t\t<\/div>\n\t\t\t\t<div class=\"elementor-element elementor-element-22e4de3 elementor-widget__width-initial elementor-widget elementor-widget-text-editor\" data-id=\"22e4de3\" data-element_type=\"widget\" data-e-type=\"widget\" data-widget_type=\"text-editor.default\">\n\t\t\t\t\t\t\t\t\t<p>L'apith\u00e9rapie est une approche m\u00e9dicale naturelle et une composante reconnue de la m\u00e9decine int\u00e9grative. Elle est bas\u00e9e sur l'utilisation de produits issus de la ruche.<\/p><p>Dans diff\u00e9rentes parties du monde, l'apith\u00e9rapie est pratiqu\u00e9e et r\u00e9glement\u00e9e de diverses mani\u00e8res. Le terme <em>apith\u00e9rapie<\/em> a \u00e9t\u00e9 invent\u00e9 aux \u00c9tats-Unis en 1935 par le Dr Bodog F. Beck. \u00c0 l'\u00e9poque, ce terme d\u00e9signait sp\u00e9cifiquement la th\u00e9rapie par le venin d'abeille utilisant des piq\u00fbres directes d'abeilles. Plus tard, le concept d'apith\u00e9rapie s'est \u00e9largi et comprend aujourd'hui l'utilisation du miel, du pollen, du pain d'abeille, de la propolis, de la gel\u00e9e royale, de la cire d'abeille, du venin d'abeille, des larves de faux-bourdons et de reines, des abeilles ouvri\u00e8res s\u00e9ch\u00e9es, des larves de papillons de nuit, de l'air de la ruche et de tous les autres effets r\u00e9sultant de la proximit\u00e9 d'une colonie d'abeilles, comme par exemple les sons et les vibrations.<\/p><p>Faisant partie de la m\u00e9decine int\u00e9grative, l'apith\u00e9rapie est r\u00e9glement\u00e9e diff\u00e9remment d'un pays \u00e0 l'autre. Dans certains pays, apr\u00e8s avoir obtenu un dipl\u00f4me universitaire de m\u00e9decine, les chercheurs peuvent poursuivre des \u00e9tudes de doctorat dans le domaine de l'apith\u00e9rapie. Dans d'autres pays, les universit\u00e9s de m\u00e9decine proposent des cours d'apith\u00e9rapie, tandis qu'ailleurs, diverses universit\u00e9s offrent des programmes de formation compl\u00e9mentaire ou continue. Dans certaines r\u00e9gions, l'apith\u00e9rapie est pratiqu\u00e9e dans le cadre de la profession de naturopathe.<\/p><p>La recherche, y compris les essais cliniques contr\u00f4l\u00e9s et randomis\u00e9s, a montr\u00e9 les effets positifs de l'apith\u00e9rapie, y compris pendant la p\u00e9riode COVID-19.<\/p><p>M\u00e9thode th\u00e9rapeutique naturelle, l'apith\u00e9rapie peut apporter des b\u00e9n\u00e9fices importants aux personnes de tous \u00e2ges, de l'enfant \u00e0 l'adulte en passant par la personne \u00e2g\u00e9e. Son application s'\u00e9tend de l'usage quotidien (<em>api-nutrition<\/em>) par la pr\u00e9vention, le traitement et la r\u00e9adaptation.<\/p><p>Le d\u00e9veloppement des connaissances en apith\u00e9rapie couvre tous les niveaux : la recherche fondamentale, l'\u00e9tude des propri\u00e9t\u00e9s des produits apicoles, les \u00e9tudes de cas et les essais cliniques. Ces activit\u00e9s augmentent la valeur des produits apicoles et contribuent \u00e0 une meilleure appr\u00e9ciation du travail des apiculteurs.<\/p><p>Notre approche repose sur le savoir collectif des organisations membres d'Apimondia dans le monde entier. En reliant des exp\u00e9riences et des expertises diverses, nous favorisons la synergie - l\u00e0 o\u00f9 les connaissances combin\u00e9es cr\u00e9ent une plus grande valeur que les contributions individuelles seules.<\/p>\t\t\t\t\t\t\t\t<\/div>\n\t\t\t\t<div class=\"elementor-element elementor-element-e6d5c65 elementor-widget elementor-widget-heading\" data-id=\"e6d5c65\" data-element_type=\"widget\" data-e-type=\"widget\" data-widget_type=\"heading.default\">\n\t\t\t\t\t<h2 class=\"elementor-heading-title elementor-size-default\">Notre approche<\/h2>\t\t\t\t<\/div>\n\t\t\t\t<div class=\"elementor-element elementor-element-6623638 elementor-widget elementor-widget-text-editor\" data-id=\"6623638\" data-element_type=\"widget\" data-e-type=\"widget\" data-widget_type=\"text-editor.default\">\n\t\t\t\t\t\t\t\t\t<p>Notre mission est d'aider les gens \u00e0 acqu\u00e9rir des connaissances fiables et fond\u00e9es sur des preuves concernant l'apith\u00e9rapie en tant qu'approche naturelle de la sant\u00e9. Nous souhaitons faire conna\u00eetre et appr\u00e9cier les produits de la ruche et leur r\u00f4le dans la sant\u00e9, l'\u00e9quilibre et la long\u00e9vit\u00e9 des hommes et des animaux, en harmonie avec la vision de l'Organisation mondiale de la sant\u00e9 en mati\u00e8re de m\u00e9decine int\u00e9grative.<\/p>\t\t\t\t\t\t\t\t<\/div>\n\t\t\t\t<div class=\"elementor-element elementor-element-2d54c57 elementor-widget elementor-widget-heading\" data-id=\"2d54c57\" data-element_type=\"widget\" data-e-type=\"widget\" data-widget_type=\"heading.default\">\n\t\t\t\t\t<h2 class=\"elementor-heading-title elementor-size-default\">Nos valeurs<\/h2>\t\t\t\t<\/div>\n\t\t\t\t<div class=\"elementor-element elementor-element-1a9fb51 elementor-widget elementor-widget-text-editor\" data-id=\"1a9fb51\" data-element_type=\"widget\" data-e-type=\"widget\" data-widget_type=\"text-editor.default\">\n\t\t\t\t\t\t\t\t\t<ul><li>Nous valorisons l'int\u00e9grit\u00e9 scientifique et les connaissances fond\u00e9es sur des donn\u00e9es probantes, tout en respectant la sagesse des pratiques traditionnelles.<\/li><li>Nous croyons en une utilisation responsable et \u00e9thique des produits de la ruche, dans le respect de la nature, des abeilles et de la biodiversit\u00e9.<\/li><li>Nous soutenons la collaboration entre les chercheurs, les professionnels de la sant\u00e9, les apiculteurs et les \u00e9ducateurs du monde entier.<\/li><li>Nous nous engageons en faveur de l'\u00e9ducation, de la transparence et du partage des connaissances au profit de la sant\u00e9 humaine et animale.<\/li><li>Nous reconnaissons et honorons le travail des apiculteurs, dont le d\u00e9vouement est essentiel \u00e0 la qualit\u00e9 et \u00e0 la durabilit\u00e9 de l'apith\u00e9rapie.<\/li><\/ul>\t\t\t\t\t\t\t\t<\/div>\n\t\t\t\t<div class=\"elementor-element elementor-element-149a649 elementor-widget elementor-widget-image\" data-id=\"149a649\" data-element_type=\"widget\" data-e-type=\"widget\" data-widget_type=\"image.default\">\n\t\t\t\t\t\t\t\t\t\t\t\t\t\t\t<img fetchpriority=\"high\" decoding=\"async\" width=\"600\" height=\"600\" src=\"https:\/\/apimondia.org\/wp-content\/uploads\/2026\/01\/apitherapy-3-2.png\" class=\"attachment-large size-large wp-image-2369\" alt=\"\" srcset=\"https:\/\/apimondia.org\/wp-content\/uploads\/2026\/01\/apitherapy-3-2.png 600w, https:\/\/apimondia.org\/wp-content\/uploads\/2026\/01\/apitherapy-3-2-12x12.png 12w\" sizes=\"(max-width: 600px) 100vw, 600px\" \/>\t\t\t\t\t\t\t\t\t\t\t\t\t\t\t<\/div>\n\t\t\t\t<div class=\"elementor-element elementor-element-de391f8 elementor-widget elementor-widget-heading\" data-id=\"de391f8\" data-element_type=\"widget\" data-e-type=\"widget\" data-widget_type=\"heading.default\">\n\t\t\t\t\t<h2 class=\"elementor-heading-title elementor-size-default\">Les effets de l'apith\u00e9rapie<\/h2>\t\t\t\t<\/div>\n\t\t\t\t<div class=\"elementor-element elementor-element-f9d415f elementor-widget elementor-widget-text-editor\" data-id=\"f9d415f\" data-element_type=\"widget\" data-e-type=\"widget\" data-widget_type=\"text-editor.default\">\n\t\t\t\t\t\t\t\t\t<p>Les effets de l'apith\u00e9rapie peuvent \u00eatre class\u00e9s en plusieurs niveaux :<\/p><ol><li><strong>Essais cliniques.<\/strong>Ces essais utilisent des observations tr\u00e8s pr\u00e9cises et des donn\u00e9es de patients statistiquement significatives pour prouver l'efficacit\u00e9 d'une m\u00e9thode de traitement.<\/li><li><strong>\u00c9tudes de cas.<\/strong>Ces effets se manifestent chez des patients pour lesquels le th\u00e9rapeute traite un ou plusieurs cas individuels.<\/li><li><strong>Exp\u00e9riences animales.<\/strong>On observe ici un m\u00e9canisme d'action ou d'efficacit\u00e9 sp\u00e9cifique.<\/li><li><strong>Observations traditionnelles\/folk.<\/strong>Il s'agit de cas trouv\u00e9s dans la litt\u00e9rature populaire ou ayant une base historique. Ils sont similaires \u00e0 la cat\u00e9gorie des m\u00e9dicaments traditionnels \u00e0 base de plantes de l'UE, o\u00f9 l'indication est bas\u00e9e sur une utilisation bien \u00e9tablie, g\u00e9n\u00e9ralement connue et r\u00e9pandue depuis plus de 15 ans (comme le th\u00e9 \u00e0 la camomille).<\/li><li><strong>Observations sur des cultures cellulaires ou des lign\u00e9es g\u00e9n\u00e9tiques.<\/strong>Ces \u00e9tudes constituent le pilier fondamental de toutes les exp\u00e9riences de niveau sup\u00e9rieur.<\/li><\/ol><p>Le niveau scientifique le plus \u00e9lev\u00e9 est repr\u00e9sent\u00e9 par\u00a0<strong>examens syst\u00e9matiques<\/strong>, qui filtrent et tirent des conclusions en soumettant \u00e0 une critique d\u00e9taill\u00e9e des essais cliniques r\u00e9p\u00e9t\u00e9s portant sur le m\u00eame ph\u00e9nom\u00e8ne - id\u00e9alement men\u00e9s de mani\u00e8re ind\u00e9pendante sur plusieurs sites. Dans ce cas, une enqu\u00eate organisationnelle v\u00e9ritablement ind\u00e9pendante pourrait fournir une garantie.<\/p><p>L'apith\u00e9rapie est \u00e9troitement li\u00e9e \u00e0 d'autres domaines des abeilles et de l'apiculture. Seule l'apith\u00e9rapie permet d'obtenir d'excellents r\u00e9sultats en mati\u00e8re de sant\u00e9 :<\/p><ul><li><strong>Mati\u00e8res premi\u00e8res de haute qualit\u00e9<\/strong>(Qualit\u00e9),<\/li><li><strong>Des produits correctement pr\u00e9par\u00e9s,<\/strong><\/li><li>Mati\u00e8res premi\u00e8res produites par\u00a0<strong>des abeilles saines et exemptes de contamination<\/strong>(sant\u00e9) dans un\u00a0<strong>un environnement adapt\u00e9 et s\u00fbr<\/strong>\u00a0(D\u00e9veloppement rural) de\u00a0<strong>fleurs non contamin\u00e9es<\/strong>\u00a0(pollinisation).<\/li><\/ul><p>Par cons\u00e9quent, les applications apith\u00e9rapeutiques requi\u00e8rent une large base de connaissances, en plus du respect des diff\u00e9rentes r\u00e9glementations l\u00e9gales en vigueur dans chaque pays.<\/p>\t\t\t\t\t\t\t\t<\/div>\n\t\t\t\t<div class=\"elementor-element elementor-element-98498b0 elementor-widget elementor-widget-image\" data-id=\"98498b0\" data-element_type=\"widget\" data-e-type=\"widget\" data-widget_type=\"image.default\">\n\t\t\t\t\t\t\t\t\t\t\t\t\t\t\t<img decoding=\"async\" width=\"600\" height=\"600\" src=\"https:\/\/apimondia.org\/wp-content\/uploads\/2026\/01\/apitherapy-2-3.png\" class=\"attachment-large size-large wp-image-2370\" alt=\"\" srcset=\"https:\/\/apimondia.org\/wp-content\/uploads\/2026\/01\/apitherapy-2-3.png 600w, https:\/\/apimondia.org\/wp-content\/uploads\/2026\/01\/apitherapy-2-3-12x12.png 12w\" sizes=\"(max-width: 600px) 100vw, 600px\" \/>\t\t\t\t\t\t\t\t\t\t\t\t\t\t\t<\/div>\n\t\t\t\t<\/div>\n\t\t<div class=\"elementor-element elementor-element-12df1ff e-con-full e-flex e-con e-child\" data-id=\"12df1ff\" data-element_type=\"container\" data-e-type=\"container\">\n\t\t\t\t<div class=\"elementor-element elementor-element-8194dff elementor-widget elementor-widget-heading\" data-id=\"8194dff\" data-element_type=\"widget\" data-e-type=\"widget\" data-widget_type=\"heading.default\">\n\t\t\t\t\t<h4 class=\"elementor-heading-title elementor-size-default\">Pr\u00e9sident de la commission Apimondia sur l'apith\u00e9rapie<\/h4>\t\t\t\t<\/div>\n\t\t\t\t<div class=\"elementor-element elementor-element-71f47c0 elementor-widget elementor-widget-text-editor\" data-id=\"71f47c0\" data-element_type=\"widget\" data-e-type=\"widget\" data-widget_type=\"text-editor.default\">\n\t\t\t\t\t\t\t\t\t<p><strong>Dr J\u00e1nos K\u00f6rmendy-R\u00e1cz<\/strong><br \/>Vice-pr\u00e9sident du comit\u00e9 de sp\u00e9cialit\u00e9 de l'apith\u00e9rapie \u00e0 la F\u00e9d\u00e9ration mondiale des associations de m\u00e9decine chinoise.<br \/>Pr\u00e9sident de l'Association hongroise d'apith\u00e9rapie<\/p><p>Hongrie<\/p>\t\t\t\t\t\t\t\t<\/div>\n\t\t\t\t<div class=\"elementor-element elementor-element-f2e2b45 elementor-icon-list--layout-traditional elementor-list-item-link-full_width elementor-widget elementor-widget-icon-list\" data-id=\"f2e2b45\" data-element_type=\"widget\" data-e-type=\"widget\" data-widget_type=\"icon-list.default\">\n\t\t\t\t\t\t\t<ul class=\"elementor-icon-list-items\">\n\t\t\t\t\t\t\t<li class=\"elementor-icon-list-item\">\n\t\t\t\t\t\t\t\t\t\t\t<span class=\"elementor-icon-list-icon\">\n\t\t\t\t\t\t\t<svg aria-hidden=\"true\" class=\"e-font-icon-svg e-fas-envelope\" viewbox=\"0 0 512 512\" xmlns=\"http:\/\/www.w3.org\/2000\/svg\"><path d=\"M502.3 190.8c3.9-3.1 9.7-.2 9.7 4.7V400c0 26.5-21.5 48-48 48H48c-26.5 0-48-21.5-48-48V195.6c0-5 5.7-7.8 9.7-4.7 22.4 17.4 52.1 39.5 154.1 113.6 21.1 15.4 56.7 47.8 92.2 47.6 35.7.3 72-32.8 92.3-47.6 102-74.1 131.6-96.3 154-113.7zM256 320c23.2.4 56.6-29.2 73.4-41.4 132.7-96.3 142.8-104.7 173.4-128.7 5.8-4.5 9.2-11.5 9.2-18.9v-19c0-26.5-21.5-48-48-48H48C21.5 64 0 85.5 0 112v19c0 7.4 3.4 14.3 9.2 18.9 30.6 23.9 40.7 32.4 173.4 128.7 16.8 12.2 50.2 41.8 73.4 41.4z\"><\/path><\/svg>\t\t\t\t\t\t<\/span>\n\t\t\t\t\t\t\t\t\t\t<span class=\"elementor-icon-list-text\">apitherapy@apimondia.org<\/span>\n\t\t\t\t\t\t\t\t\t<\/li>\n\t\t\t\t\t\t<\/ul>\n\t\t\t\t\t\t<\/div>\n\t\t\t\t<div class=\"elementor-element elementor-element-87dc52f elementor-widget elementor-widget-heading\" data-id=\"87dc52f\" data-element_type=\"widget\" data-e-type=\"widget\" data-widget_type=\"heading.default\">\n\t\t\t\t\t<h4 class=\"elementor-heading-title elementor-size-default\">Membres de la Commission<\/h4>\t\t\t\t<\/div>\n\t\t\t\t<div class=\"elementor-element elementor-element-a803dcf elementor-widget elementor-widget-text-editor\" data-id=\"a803dcf\" data-element_type=\"widget\" data-e-type=\"widget\" data-widget_type=\"text-editor.default\">\n\t\t\t\t\t\t\t\t\t<p><strong>Cristina Mateescu PhD.<\/strong><\/p><p>2015 - 2023 Pr\u00e9sident de la Commission Scientifique d'Apith\u00e9rapie d'APIMONDIA<br \/>2016 - Institut national de recherche et de d\u00e9veloppement des bioressources alimentaires - IBA Bucarest<br \/>2011 - 2015 vice-pr\u00e9sident de la Commission scientifique de l'apith\u00e9rapie<br \/>2010 - Institut de recherche et de d\u00e9veloppement apicole<\/p>\t\t\t\t\t\t\t\t<\/div>\n\t\t\t\t<div class=\"elementor-element elementor-element-46ed94c elementor-widget elementor-widget-text-editor\" data-id=\"46ed94c\" data-element_type=\"widget\" data-e-type=\"widget\" data-widget_type=\"text-editor.default\">\n\t\t\t\t\t\t\t\t\t<p><strong>Prof. Li Wanyao<\/strong><\/p><p>Professeur de m\u00e9decine traditionnelle chinoise, Universit\u00e9 de m\u00e9decine chinoise de Guangzhou, directeur de th\u00e8se.<\/p>\t\t\t\t\t\t\t\t<\/div>\n\t\t\t\t<div class=\"elementor-element elementor-element-f5b453f elementor-widget elementor-widget-text-editor\" data-id=\"f5b453f\" data-element_type=\"widget\" data-e-type=\"widget\" data-widget_type=\"text-editor.default\">\n\t\t\t\t\t\t\t\t\t<p><strong>Prof. dr. Badiaa Lyoussi<\/strong><br \/>Chef du Laboratoire des substances naturelles, de la pharmacologie, de l'environnement, de la mod\u00e9lisation, de la sant\u00e9 et de la qualit\u00e9 de vie (SNAMOPEQ), <br \/>Universit\u00e9 Sidi Mohamed Ben Abdallah, F\u00e8s<\/p>\t\t\t\t\t\t\t\t<\/div>\n\t\t\t\t<div class=\"elementor-element elementor-element-7495fd1 elementor-widget elementor-widget-text-editor\" data-id=\"7495fd1\" data-element_type=\"widget\" data-e-type=\"widget\" data-widget_type=\"text-editor.default\">\n\t\t\t\t\t\t\t\t\t<p><strong>dr. MD. Cristina Aosan<\/strong><\/p>\t\t\t\t\t\t\t\t<\/div>\n\t\t\t\t<div class=\"elementor-element elementor-element-72bbe58 elementor-widget elementor-widget-text-editor\" data-id=\"72bbe58\" data-element_type=\"widget\" data-e-type=\"widget\" data-widget_type=\"text-editor.default\">\n\t\t\t\t\t\t\t\t\t<p><strong>Dr. Nicolas Cardinault PhD. <\/strong><br \/>Doctorat en nutrition humaine \u00e0 la facult\u00e9 de m\u00e9decine de Clermont-ferrand, France<\/p>\t\t\t\t\t\t\t\t<\/div>\n\t\t\t\t<div class=\"elementor-element elementor-element-0ae17ac elementor-widget elementor-widget-text-editor\" data-id=\"0ae17ac\" data-element_type=\"widget\" data-e-type=\"widget\" data-widget_type=\"text-editor.default\">\n\t\t\t\t\t\t\t\t\t<p><strong>Prof. adjoint Dr. Ali Timu\u00e7in Atayo\u011flu<\/strong><br \/>Universit\u00e9 Medipol, Istanbul<\/p>\t\t\t\t\t\t\t\t<\/div>\n\t\t\t\t<div class=\"elementor-element elementor-element-e6bdc2c elementor-widget elementor-widget-text-editor\" data-id=\"e6bdc2c\" data-element_type=\"widget\" data-e-type=\"widget\" data-widget_type=\"text-editor.default\">\n\t\t\t\t\t\t\t\t\t<p><strong>Dr. Vet. Mar\u00eda Alejandra L\u00f3pez Pazos <\/strong><br \/>M\u00e9decin v\u00e9t\u00e9rinaire<br \/>Dipl\u00f4me de m\u00e9decine chinoise ; apith\u00e9rapeute<\/p>\t\t\t\t\t\t\t\t<\/div>\n\t\t\t\t<div class=\"elementor-element elementor-element-7952761 elementor-icon-list--layout-traditional elementor-list-item-link-full_width elementor-widget elementor-widget-icon-list\" data-id=\"7952761\" data-element_type=\"widget\" data-e-type=\"widget\" data-widget_type=\"icon-list.default\">\n\t\t\t\t\t\t\t<ul class=\"elementor-icon-list-items\">\n\t\t\t\t\t\t\t<li class=\"elementor-icon-list-item\">\n\t\t\t\t\t\t\t\t\t\t\t<a href=\"https:\/\/apys.info\/index.php\/scientific-commission-on-apitherapy\/\">\n\n\t\t\t\t\t\t\t\t\t\t\t\t<span class=\"elementor-icon-list-icon\">\n\t\t\t\t\t\t\t<svg aria-hidden=\"true\" class=\"e-font-icon-svg e-fas-link\" viewbox=\"0 0 512 512\" xmlns=\"http:\/\/www.w3.org\/2000\/svg\"><path d=\"M326.612 185.391c59.747 59.809 58.927 155.698.36 214.59-.11.12-.24.25-.36.37l-67.2 67.2c-59.27 59.27-155.699 59.262-214.96 0-59.27-59.26-59.27-155.7 0-214.96l37.106-37.106c9.84-9.84 26.786-3.3 27.294 10.606.648 17.722 3.826 35.527 9.69 52.721 1.986 5.822.567 12.262-3.783 16.612l-13.087 13.087c-28.026 28.026-28.905 73.66-1.155 101.96 28.024 28.579 74.086 28.749 102.325.51l67.2-67.19c28.191-28.191 28.073-73.757 0-101.83-3.701-3.694-7.429-6.564-10.341-8.569a16.037 16.037 0 0 1-6.947-12.606c-.396-10.567 3.348-21.456 11.698-29.806l21.054-21.055c5.521-5.521 14.182-6.199 20.584-1.731a152.482 152.482 0 0 1 20.522 17.197zM467.547 44.449c-59.261-59.262-155.69-59.27-214.96 0l-67.2 67.2c-.12.12-.25.25-.36.37-58.566 58.892-59.387 154.781.36 214.59a152.454 152.454 0 0 0 20.521 17.196c6.402 4.468 15.064 3.789 20.584-1.731l21.054-21.055c8.35-8.35 12.094-19.239 11.698-29.806a16.037 16.037 0 0 0-6.947-12.606c-2.912-2.005-6.64-4.875-10.341-8.569-28.073-28.073-28.191-73.639 0-101.83l67.2-67.19c28.239-28.239 74.3-28.069 102.325.51 27.75 28.3 26.872 73.934-1.155 101.96l-13.087 13.087c-4.35 4.35-5.769 10.79-3.783 16.612 5.864 17.194 9.042 34.999 9.69 52.721.509 13.906 17.454 20.446 27.294 10.606l37.106-37.106c59.271-59.259 59.271-155.699.001-214.959z\"><\/path><\/svg>\t\t\t\t\t\t<\/span>\n\t\t\t\t\t\t\t\t\t\t<span class=\"elementor-icon-list-text\">Tous les membres de la commission<\/span>\n\t\t\t\t\t\t\t\t\t\t\t<\/a>\n\t\t\t\t\t\t\t\t\t<\/li>\n\t\t\t\t\t\t<\/ul>\n\t\t\t\t\t\t<\/div>\n\t\t\t\t<\/div>\n\t\t\t\t<\/div>\n\t\t\t\t\t<\/div>\n\t\t\t\t<\/div>\n\t\t<div class=\"elementor-element elementor-element-d4ca919 e-flex e-con-boxed e-con e-parent\" data-id=\"d4ca919\" data-element_type=\"container\" data-e-type=\"container\">\n\t\t\t\t\t<div class=\"e-con-inner\">\n\t\t\t\t\t<\/div>\n\t\t\t\t<\/div>\n\t\t\t\t<\/div>","protected":false},"excerpt":{"rendered":"<p>Apitherapy The importance of apitherapy Apitherapy is a natural medical approach and a recognized part of integrative medicine. It is based on the use of products originating from the beehive. In different parts of the world, apitherapy is practiced and regulated in various ways. The term apitherapy was coined in the United States in 1935 [&hellip;]<\/p>\n","protected":false},"author":1,"featured_media":0,"parent":10,"menu_order":0,"comment_status":"closed","ping_status":"closed","template":"","meta":{"footnotes":""},"class_list":["post-88","page","type-page","status-publish","hentry"],"aioseo_notices":[],"_links":{"self":[{"href":"https:\/\/apimondia.org\/fra\/wp-json\/wp\/v2\/pages\/88","targetHints":{"allow":["GET"]}}],"collection":[{"href":"https:\/\/apimondia.org\/fra\/wp-json\/wp\/v2\/pages"}],"about":[{"href":"https:\/\/apimondia.org\/fra\/wp-json\/wp\/v2\/types\/page"}],"author":[{"embeddable":true,"href":"https:\/\/apimondia.org\/fra\/wp-json\/wp\/v2\/users\/1"}],"replies":[{"embeddable":true,"href":"https:\/\/apimondia.org\/fra\/wp-json\/wp\/v2\/comments?post=88"}],"version-history":[{"count":25,"href":"https:\/\/apimondia.org\/fra\/wp-json\/wp\/v2\/pages\/88\/revisions"}],"predecessor-version":[{"id":2380,"href":"https:\/\/apimondia.org\/fra\/wp-json\/wp\/v2\/pages\/88\/revisions\/2380"}],"up":[{"embeddable":true,"href":"https:\/\/apimondia.org\/fra\/wp-json\/wp\/v2\/pages\/10"}],"wp:attachment":[{"href":"https:\/\/apimondia.org\/fra\/wp-json\/wp\/v2\/media?parent=88"}],"curies":[{"name":"wp","href":"https:\/\/api.w.org\/{rel}","templated":true}]}}