{"id":987,"date":"2025-11-21T10:52:39","date_gmt":"2025-11-21T10:52:39","guid":{"rendered":"https:\/\/apimondia.org\/?page_id=987"},"modified":"2026-02-08T11:24:58","modified_gmt":"2026-02-08T11:24:58","slug":"economy","status":"publish","type":"page","link":"https:\/\/apimondia.org\/fra\/our-work\/economy\/","title":{"rendered":"L'\u00e9conomie"},"content":{"rendered":"<div data-elementor-type=\"wp-page\" data-elementor-id=\"987\" class=\"elementor elementor-987\" data-elementor-post-type=\"page\">\n\t\t\t\t<div class=\"elementor-element elementor-element-fcfe9dd e-flex e-con-boxed e-con e-parent\" data-id=\"fcfe9dd\" data-element_type=\"container\" data-e-type=\"container\">\n\t\t\t\t\t<div class=\"e-con-inner\">\n\t\t\t\t<div class=\"elementor-element elementor-element-85e31db elementor-widget elementor-widget-heading\" data-id=\"85e31db\" data-element_type=\"widget\" data-e-type=\"widget\" data-widget_type=\"heading.default\">\n\t\t\t\t\t<h1 class=\"elementor-heading-title elementor-size-default\">L'\u00e9conomie<\/h1>\t\t\t\t<\/div>\n\t\t\t\t<div class=\"elementor-element elementor-element-30fc929 elementor-widget-divider--view-line elementor-widget elementor-widget-divider\" data-id=\"30fc929\" data-element_type=\"widget\" data-e-type=\"widget\" data-widget_type=\"divider.default\">\n\t\t\t\t\t\t\t<div class=\"elementor-divider\">\n\t\t\t<span class=\"elementor-divider-separator\">\n\t\t\t\t\t\t<\/span>\n\t\t<\/div>\n\t\t\t\t\t\t<\/div>\n\t\t\t\t\t<\/div>\n\t\t\t\t<\/div>\n\t\t<div class=\"elementor-element elementor-element-9510151 e-flex e-con-boxed e-con e-parent\" data-id=\"9510151\" data-element_type=\"container\" data-e-type=\"container\">\n\t\t\t\t\t<div class=\"e-con-inner\">\n\t\t<div class=\"elementor-element elementor-element-e45e3aa e-con-full e-flex e-con e-child\" data-id=\"e45e3aa\" data-element_type=\"container\" data-e-type=\"container\">\n\t\t<div class=\"elementor-element elementor-element-4955e91 e-con-full e-flex e-con e-child\" data-id=\"4955e91\" data-element_type=\"container\" data-e-type=\"container\">\n\t\t\t\t<div class=\"elementor-element elementor-element-c11cd07 elementor-widget elementor-widget-heading\" data-id=\"c11cd07\" data-element_type=\"widget\" data-e-type=\"widget\" data-widget_type=\"heading.default\">\n\t\t\t\t\t<h2 class=\"elementor-heading-title elementor-size-default\">Promouvoir les produits de la ruche<\/h2>\t\t\t\t<\/div>\n\t\t\t\t<div class=\"elementor-element elementor-element-c7489f8 elementor-widget elementor-widget-text-editor\" data-id=\"c7489f8\" data-element_type=\"widget\" data-e-type=\"widget\" data-widget_type=\"text-editor.default\">\n\t\t\t\t\t\t\t\t\t<p>La durabilit\u00e9 \u00e9conomique de nombreuses exploitations apicoles dans le monde est actuellement remise en question par la diminution des rendements des ruches due \u00e0 la d\u00e9t\u00e9rioration de l'environnement, l'augmentation des co\u00fbts de production et les prix insuffisants des produits apicoles authentiques, principalement dus aux diff\u00e9rents modes de fraude sur le miel. Tant que la falsification \u00e0 des fins \u00e9conomiques, la fraude douani\u00e8re et la violation des lois commerciales nationales et internationales persistent, le bien-\u00eatre et la stabilit\u00e9 des apiculteurs du monde entier, la s\u00e9curit\u00e9 alimentaire et la durabilit\u00e9 \u00e9cologique restent menac\u00e9s. Tout en maximisant les efforts dans la lutte contre la fraude au miel, la communaut\u00e9 apicole mondiale doit \u00e9galement revenir de toute urgence \u00e0 un programme positif et proactif afin d'aider \u00e0 prot\u00e9ger le prestige de cet aliment ancien, si li\u00e9 \u00e0 la nature et \u00e0 la sant\u00e9 humaine.<\/p>\t\t\t\t\t\t\t\t<\/div>\n\t\t\t\t<div class=\"elementor-element elementor-element-ce8173c elementor-widget elementor-widget-image\" data-id=\"ce8173c\" data-element_type=\"widget\" data-e-type=\"widget\" data-widget_type=\"image.default\">\n\t\t\t\t\t\t\t\t\t\t\t\t\t\t\t<img fetchpriority=\"high\" decoding=\"async\" width=\"1000\" height=\"750\" src=\"https:\/\/apimondia.org\/wp-content\/uploads\/2026\/02\/DRUMS-22.jpg\" class=\"attachment-large size-large wp-image-2499\" alt=\"\" srcset=\"https:\/\/apimondia.org\/wp-content\/uploads\/2026\/02\/DRUMS-22.jpg 1000w, https:\/\/apimondia.org\/wp-content\/uploads\/2026\/02\/DRUMS-22-400x300.jpg 400w, https:\/\/apimondia.org\/wp-content\/uploads\/2026\/02\/DRUMS-22-768x576.jpg 768w, https:\/\/apimondia.org\/wp-content\/uploads\/2026\/02\/DRUMS-22-16x12.jpg 16w\" sizes=\"(max-width: 1000px) 100vw, 1000px\" \/>\t\t\t\t\t\t\t\t\t\t\t\t\t\t\t<\/div>\n\t\t\t\t<div class=\"elementor-element elementor-element-18b7c2c elementor-widget elementor-widget-heading\" data-id=\"18b7c2c\" data-element_type=\"widget\" data-e-type=\"widget\" data-widget_type=\"heading.default\">\n\t\t\t\t\t<h2 class=\"elementor-heading-title elementor-size-default\">Notre approche<\/h2>\t\t\t\t<\/div>\n\t\t\t\t<div class=\"elementor-element elementor-element-3b80f9a elementor-widget__width-initial elementor-widget elementor-widget-text-editor\" data-id=\"3b80f9a\" data-element_type=\"widget\" data-e-type=\"widget\" data-widget_type=\"text-editor.default\">\n\t\t\t\t\t\t\t\t\t<p>Apimondia promeut le d\u00e9veloppement de produits authentiques de la ruche et toutes sortes d'activit\u00e9s commerciales \u00e9quitables li\u00e9es aux abeilles. Les sujets li\u00e9s \u00e0 l'\u00e9conomie que nous couvrons sont : la gestion (ruchers, industrie), les produits (qualit\u00e9, commercialisation), les march\u00e9s (nationaux, internationaux), la promotion des ventes, les nouveaux produits et entreprises, l'environnement (s\u00e9curit\u00e9 alimentaire, durabilit\u00e9 \u00e9conomique), l'histoire, l'\u00e9ducation, les organisations sectorielles (pour le renforcement de l'\u00e9conomie apicole), et la communication.<\/p><p>Au sein de la Commission, les travaux sont structur\u00e9s de la mani\u00e8re suivante <strong data-start=\"684\" data-end=\"716\">deux sous-commissions sp\u00e9cialis\u00e9es<\/strong>, qui se concentrent sur des domaines th\u00e9matiques sp\u00e9cifiques et soutiennent la mise en \u0153uvre efficace de ces activit\u00e9s.<\/p>\t\t\t\t\t\t\t\t<\/div>\n\t\t\t\t<div class=\"elementor-element elementor-element-797635b elementor-widget elementor-widget-image\" data-id=\"797635b\" data-element_type=\"widget\" data-e-type=\"widget\" data-widget_type=\"image.default\">\n\t\t\t\t\t\t\t\t\t\t\t\t\t\t\t<img decoding=\"async\" width=\"1000\" height=\"640\" src=\"https:\/\/apimondia.org\/wp-content\/uploads\/2026\/02\/Beekeeper-4.jpg\" class=\"attachment-large size-large wp-image-2493\" alt=\"\" srcset=\"https:\/\/apimondia.org\/wp-content\/uploads\/2026\/02\/Beekeeper-4.jpg 1000w, https:\/\/apimondia.org\/wp-content\/uploads\/2026\/02\/Beekeeper-4-768x492.jpg 768w, https:\/\/apimondia.org\/wp-content\/uploads\/2026\/02\/Beekeeper-4-18x12.jpg 18w\" sizes=\"(max-width: 1000px) 100vw, 1000px\" \/>\t\t\t\t\t\t\t\t\t\t\t\t\t\t\t<\/div>\n\t\t\t\t<div class=\"elementor-element elementor-element-52c8e68 elementor-widget elementor-widget-heading\" data-id=\"52c8e68\" data-element_type=\"widget\" data-e-type=\"widget\" data-widget_type=\"heading.default\">\n\t\t\t\t\t<h2 class=\"elementor-heading-title elementor-size-default\">Objet de la sous-commission d'experts analytiques sur l'authenticit\u00e9 du miel<\/h2>\t\t\t\t<\/div>\n\t\t\t\t<div class=\"elementor-element elementor-element-867c571 elementor-widget__width-initial elementor-widget elementor-widget-text-editor\" data-id=\"867c571\" data-element_type=\"widget\" data-e-type=\"widget\" data-widget_type=\"text-editor.default\">\n\t\t\t\t\t\t\t\t\t<p>L'objectif de cette sous-commission est de fournir des conseils scientifiques concernant les tests d'authenticit\u00e9 du miel du point de vue du laboratoire. Elle r\u00e9unit un groupe s\u00e9lectionn\u00e9 d'experts internationaux, qui rassemblent des comp\u00e9tences analytiques en mati\u00e8re d'analyse du miel provenant de diff\u00e9rents points de vue et positions tout au long de la cha\u00eene d'approvisionnement du miel.<\/p><p>Sur la base de son expertise, la sous-commission est charg\u00e9e d'examiner l'\u00e9tat d'avancement des tests d'adult\u00e9ration du miel pour des raisons \u00e9conomiques et d'effectuer des \u00e9valuations des risques concernant de nouveaux facteurs dans la cha\u00eene d'approvisionnement du miel qui pourraient avoir une incidence sur les tests d'authenticit\u00e9.<\/p><p>La sous-commission examinera toujours les nouveaux d\u00e9veloppements, contribuera \u00e0 la mise \u00e0 jour des d\u00e9clarations d'APIMONDIA si n\u00e9cessaire et publiera \u00e9galement des avis scientifiques sur les tests d'authenticit\u00e9 du miel.<\/p><p>Dans la mesure o\u00f9 cela est n\u00e9cessaire, la sous-commission peut \u00e9galement prendre en compte des actions non-laboratoires dans son travail, par exemple la tra\u00e7abilit\u00e9 du miel et l'audit. Outre ses membres scientifiques, la commission peut \u00e9galement inviter des observateurs d'autres commissions ou sous-commissions d'APIMONDIA afin d'assurer l'\u00e9change de connaissances et d'opinions.\u00a0<\/p><p>Le chef du groupe est \u00e9lu chaque ann\u00e9e par ses membres.<\/p>\t\t\t\t\t\t\t\t<\/div>\n\t\t\t\t<div class=\"elementor-element elementor-element-be5af7e elementor-widget elementor-widget-image\" data-id=\"be5af7e\" data-element_type=\"widget\" data-e-type=\"widget\" data-widget_type=\"image.default\">\n\t\t\t\t\t\t\t\t\t\t\t\t\t\t\t<img decoding=\"async\" width=\"1000\" height=\"667\" src=\"https:\/\/apimondia.org\/wp-content\/uploads\/2026\/02\/HONEY-LAB-11.jpg\" class=\"attachment-large size-large wp-image-2494\" alt=\"\" srcset=\"https:\/\/apimondia.org\/wp-content\/uploads\/2026\/02\/HONEY-LAB-11.jpg 1000w, https:\/\/apimondia.org\/wp-content\/uploads\/2026\/02\/HONEY-LAB-11-768x512.jpg 768w, https:\/\/apimondia.org\/wp-content\/uploads\/2026\/02\/HONEY-LAB-11-18x12.jpg 18w\" sizes=\"(max-width: 1000px) 100vw, 1000px\" \/>\t\t\t\t\t\t\t\t\t\t\t\t\t\t\t<\/div>\n\t\t\t\t<div class=\"elementor-element elementor-element-393c807 elementor-widget elementor-widget-heading\" data-id=\"393c807\" data-element_type=\"widget\" data-e-type=\"widget\" data-widget_type=\"heading.default\">\n\t\t\t\t\t<h2 class=\"elementor-heading-title elementor-size-default\">Sous-commission de l'apiculture professionnelle<\/h2>\t\t\t\t<\/div>\n\t\t\t\t<div class=\"elementor-element elementor-element-9d3341f elementor-widget__width-initial elementor-widget elementor-widget-text-editor\" data-id=\"9d3341f\" data-element_type=\"widget\" data-e-type=\"widget\" data-widget_type=\"text-editor.default\">\n\t\t\t\t\t\t\t\t\t<p>Cette sous-commission d'Apimondia repr\u00e9sente les int\u00e9r\u00eats des apiculteurs professionnels.<\/p><p>Les apiculteurs professionnels sont ceux dont les revenus d\u00e9pendent principalement des abeilles.\u00a0<\/p><p>Les activit\u00e9s de la sous-commission recoupent celles de presque toutes les commissions scientifiques et r\u00e9gionales d'Apimondia et ont une communication crois\u00e9e permanente avec la sous-commission des experts analytiques de l'authenticit\u00e9 du miel, \u00e9tant donn\u00e9 que l'adult\u00e9ration \u00e0 des fins \u00e9conomiques a un impact direct sur les prix du miel et met en p\u00e9ril la durabilit\u00e9 de la plupart des op\u00e9rations commerciales.\u00a0 \u00a0<\/p><p>Les objectifs strat\u00e9giques de la sous-commission sont les suivants :<\/p><ul><li style=\"list-style-type: none;\"><ol><li>Renforcer la stabilit\u00e9 du march\u00e9 par la fixation du prix du miel, la pollinisation et d'autres possibilit\u00e9s li\u00e9es \u00e0 l'abeille.<\/li><li>Investir dans l'innovation et la technologie pour am\u00e9liorer la rentabilit\u00e9.<\/li><li>Renforcer la durabilit\u00e9 et la r\u00e9silience environnementale.<\/li><li>D\u00e9veloppement de la main-d'\u0153uvre et repr\u00e9sentation de l'industrie.<\/li><li>Renforcer la confiance des consommateurs et le positionnement sur le march\u00e9.<\/li><\/ol><\/li><\/ul>\t\t\t\t\t\t\t\t<\/div>\n\t\t\t\t<div class=\"elementor-element elementor-element-2273ea4 elementor-widget elementor-widget-image\" data-id=\"2273ea4\" data-element_type=\"widget\" data-e-type=\"widget\" data-widget_type=\"image.default\">\n\t\t\t\t\t\t\t\t\t\t\t\t\t\t\t<img loading=\"lazy\" decoding=\"async\" width=\"1000\" height=\"750\" src=\"https:\/\/apimondia.org\/wp-content\/uploads\/2026\/02\/APIARY-HARVESTED-2.jpg\" class=\"attachment-large size-large wp-image-2500\" alt=\"\" srcset=\"https:\/\/apimondia.org\/wp-content\/uploads\/2026\/02\/APIARY-HARVESTED-2.jpg 1000w, https:\/\/apimondia.org\/wp-content\/uploads\/2026\/02\/APIARY-HARVESTED-2-400x300.jpg 400w, https:\/\/apimondia.org\/wp-content\/uploads\/2026\/02\/APIARY-HARVESTED-2-768x576.jpg 768w, https:\/\/apimondia.org\/wp-content\/uploads\/2026\/02\/APIARY-HARVESTED-2-16x12.jpg 16w\" sizes=\"(max-width: 1000px) 100vw, 1000px\" \/>\t\t\t\t\t\t\t\t\t\t\t\t\t\t\t<\/div>\n\t\t\t\t<\/div>\n\t\t<div class=\"elementor-element elementor-element-e53cb75 e-con-full e-flex e-con e-child\" data-id=\"e53cb75\" data-element_type=\"container\" data-e-type=\"container\">\n\t\t\t\t<div class=\"elementor-element elementor-element-5067a91 elementor-widget elementor-widget-heading\" data-id=\"5067a91\" data-element_type=\"widget\" data-e-type=\"widget\" data-widget_type=\"heading.default\">\n\t\t\t\t\t<h4 class=\"elementor-heading-title elementor-size-default\">Pr\u00e9sident de la commission \u00e9conomique d'Apimondia<\/h4>\t\t\t\t<\/div>\n\t\t\t\t<div class=\"elementor-element elementor-element-fbeaf11 elementor-widget elementor-widget-text-editor\" data-id=\"fbeaf11\" data-element_type=\"widget\" data-e-type=\"widget\" data-widget_type=\"text-editor.default\">\n\t\t\t\t\t\t\t\t\t<p><strong>Norberto Luis Garcia<\/strong><\/p><p>Universidad Nacional del Sur, Bah\u00eda Blanca. ARGENTINE.\u00a0<\/p>\t\t\t\t\t\t\t\t<\/div>\n\t\t\t\t<div class=\"elementor-element elementor-element-c40755b elementor-icon-list--layout-traditional elementor-list-item-link-full_width elementor-widget elementor-widget-icon-list\" data-id=\"c40755b\" data-element_type=\"widget\" data-e-type=\"widget\" data-widget_type=\"icon-list.default\">\n\t\t\t\t\t\t\t<ul class=\"elementor-icon-list-items\">\n\t\t\t\t\t\t\t<li class=\"elementor-icon-list-item\">\n\t\t\t\t\t\t\t\t\t\t\t<span class=\"elementor-icon-list-icon\">\n\t\t\t\t\t\t\t<svg aria-hidden=\"true\" class=\"e-font-icon-svg e-fas-envelope\" viewbox=\"0 0 512 512\" xmlns=\"http:\/\/www.w3.org\/2000\/svg\"><path d=\"M502.3 190.8c3.9-3.1 9.7-.2 9.7 4.7V400c0 26.5-21.5 48-48 48H48c-26.5 0-48-21.5-48-48V195.6c0-5 5.7-7.8 9.7-4.7 22.4 17.4 52.1 39.5 154.1 113.6 21.1 15.4 56.7 47.8 92.2 47.6 35.7.3 72-32.8 92.3-47.6 102-74.1 131.6-96.3 154-113.7zM256 320c23.2.4 56.6-29.2 73.4-41.4 132.7-96.3 142.8-104.7 173.4-128.7 5.8-4.5 9.2-11.5 9.2-18.9v-19c0-26.5-21.5-48-48-48H48C21.5 64 0 85.5 0 112v19c0 7.4 3.4 14.3 9.2 18.9 30.6 23.9 40.7 32.4 173.4 128.7 16.8 12.2 50.2 41.8 73.4 41.4z\"><\/path><\/svg>\t\t\t\t\t\t<\/span>\n\t\t\t\t\t\t\t\t\t\t<span class=\"elementor-icon-list-text\">economy@apimondia.org<\/span>\n\t\t\t\t\t\t\t\t\t<\/li>\n\t\t\t\t\t\t<\/ul>\n\t\t\t\t\t\t<\/div>\n\t\t\t\t<div class=\"elementor-element elementor-element-ce0adb9 elementor-widget elementor-widget-heading\" data-id=\"ce0adb9\" data-element_type=\"widget\" data-e-type=\"widget\" data-widget_type=\"heading.default\">\n\t\t\t\t\t<h4 class=\"elementor-heading-title elementor-size-default\">Vice-pr\u00e9sident et chef de la sous-commission d'experts analytiques sur l'authenticit\u00e9 du miel<\/h4>\t\t\t\t<\/div>\n\t\t\t\t<div class=\"elementor-element elementor-element-69d12f5 elementor-widget elementor-widget-text-editor\" data-id=\"69d12f5\" data-element_type=\"widget\" data-e-type=\"widget\" data-widget_type=\"text-editor.default\">\n\t\t\t\t\t\t\t\t\t<p><strong>Stephan Schwarzinger<\/strong><\/p><p>Directeur du Centre de RMN du Nordbayerisches<br \/>Directeur du Centre de RMN du Nord de la Bavi\u00e8re (NBNC)<br \/>NBNC - Groupe de recherche \u201eCSI - Food Bayreuth\u201c (en anglais)\u201c<\/p><p>Universit\u00e4t Bayreuth, Universitaetsstrasse 30 (NW I), 95447 Bayreuth, Allemagne<\/p>\t\t\t\t\t\t\t\t<\/div>\n\t\t\t\t<div class=\"elementor-element elementor-element-057cbaa elementor-icon-list--layout-traditional elementor-list-item-link-full_width elementor-widget elementor-widget-icon-list\" data-id=\"057cbaa\" data-element_type=\"widget\" data-e-type=\"widget\" data-widget_type=\"icon-list.default\">\n\t\t\t\t\t\t\t<ul class=\"elementor-icon-list-items\">\n\t\t\t\t\t\t\t<li class=\"elementor-icon-list-item\">\n\t\t\t\t\t\t\t\t\t\t\t<span class=\"elementor-icon-list-icon\">\n\t\t\t\t\t\t\t<svg aria-hidden=\"true\" class=\"e-font-icon-svg e-fas-envelope\" viewbox=\"0 0 512 512\" xmlns=\"http:\/\/www.w3.org\/2000\/svg\"><path d=\"M502.3 190.8c3.9-3.1 9.7-.2 9.7 4.7V400c0 26.5-21.5 48-48 48H48c-26.5 0-48-21.5-48-48V195.6c0-5 5.7-7.8 9.7-4.7 22.4 17.4 52.1 39.5 154.1 113.6 21.1 15.4 56.7 47.8 92.2 47.6 35.7.3 72-32.8 92.3-47.6 102-74.1 131.6-96.3 154-113.7zM256 320c23.2.4 56.6-29.2 73.4-41.4 132.7-96.3 142.8-104.7 173.4-128.7 5.8-4.5 9.2-11.5 9.2-18.9v-19c0-26.5-21.5-48-48-48H48C21.5 64 0 85.5 0 112v19c0 7.4 3.4 14.3 9.2 18.9 30.6 23.9 40.7 32.4 173.4 128.7 16.8 12.2 50.2 41.8 73.4 41.4z\"><\/path><\/svg>\t\t\t\t\t\t<\/span>\n\t\t\t\t\t\t\t\t\t\t<span class=\"elementor-icon-list-text\">s.schwarzinger@uni-bayreuth.de<\/span>\n\t\t\t\t\t\t\t\t\t<\/li>\n\t\t\t\t\t\t<\/ul>\n\t\t\t\t\t\t<\/div>\n\t\t\t\t<div class=\"elementor-element elementor-element-aaa919e elementor-widget elementor-widget-heading\" data-id=\"aaa919e\" data-element_type=\"widget\" data-e-type=\"widget\" data-widget_type=\"heading.default\">\n\t\t\t\t\t<h4 class=\"elementor-heading-title elementor-size-default\">Vice-pr\u00e9sident et chef de la sous-commission de l'apiculture professionnelle\n<\/h4>\t\t\t\t<\/div>\n\t\t\t\t<div class=\"elementor-element elementor-element-202868b elementor-widget elementor-widget-text-editor\" data-id=\"202868b\" data-element_type=\"widget\" data-e-type=\"widget\" data-widget_type=\"text-editor.default\">\n\t\t\t\t\t\t\t\t\t<p style=\"text-align: left;\" align=\"center\"><b><span lang=\"EN-GB\" style=\"font-family: 'Arial',sans-serif;\">Rod Scarlett<\/span><\/b><\/p><p style=\"text-align: left;\" align=\"center\"><span lang=\"EN-GB\" style=\"font-family: 'Arial',sans-serif;\">Directeur ex\u00e9cutif Conseil canadien du miel<\/span><\/p><p style=\"text-align: left;\" align=\"center\"><span lang=\"EN-GB\" style=\"font-family: 'Arial',sans-serif;\">Sherwood Park, AB T8E 1H1 - CANADA<\/span><\/p>\t\t\t\t\t\t\t\t<\/div>\n\t\t\t\t<div class=\"elementor-element elementor-element-1d7ca11 elementor-icon-list--layout-traditional elementor-list-item-link-full_width elementor-widget elementor-widget-icon-list\" data-id=\"1d7ca11\" data-element_type=\"widget\" data-e-type=\"widget\" data-widget_type=\"icon-list.default\">\n\t\t\t\t\t\t\t<ul class=\"elementor-icon-list-items\">\n\t\t\t\t\t\t\t<li class=\"elementor-icon-list-item\">\n\t\t\t\t\t\t\t\t\t\t\t<span class=\"elementor-icon-list-icon\">\n\t\t\t\t\t\t\t<svg aria-hidden=\"true\" class=\"e-font-icon-svg e-fas-envelope\" viewbox=\"0 0 512 512\" xmlns=\"http:\/\/www.w3.org\/2000\/svg\"><path d=\"M502.3 190.8c3.9-3.1 9.7-.2 9.7 4.7V400c0 26.5-21.5 48-48 48H48c-26.5 0-48-21.5-48-48V195.6c0-5 5.7-7.8 9.7-4.7 22.4 17.4 52.1 39.5 154.1 113.6 21.1 15.4 56.7 47.8 92.2 47.6 35.7.3 72-32.8 92.3-47.6 102-74.1 131.6-96.3 154-113.7zM256 320c23.2.4 56.6-29.2 73.4-41.4 132.7-96.3 142.8-104.7 173.4-128.7 5.8-4.5 9.2-11.5 9.2-18.9v-19c0-26.5-21.5-48-48-48H48C21.5 64 0 85.5 0 112v19c0 7.4 3.4 14.3 9.2 18.9 30.6 23.9 40.7 32.4 173.4 128.7 16.8 12.2 50.2 41.8 73.4 41.4z\"><\/path><\/svg>\t\t\t\t\t\t<\/span>\n\t\t\t\t\t\t\t\t\t\t<span class=\"elementor-icon-list-text\">chc-ccm@honeycouncil.ca<\/span>\n\t\t\t\t\t\t\t\t\t<\/li>\n\t\t\t\t\t\t<\/ul>\n\t\t\t\t\t\t<\/div>\n\t\t\t\t<\/div>\n\t\t\t\t<\/div>\n\t\t\t\t\t<\/div>\n\t\t\t\t<\/div>\n\t\t\t\t<\/div>","protected":false},"excerpt":{"rendered":"<p>Economy Promoting beehive products The economic sustainability of many beekeeping operations around the world is currently being challenged by decreasing hive yields due to deterioration of the environment, increasing costs of production, and insufficient prices of authentic bee products mainly caused by different modes of honey fraud. As long as economically motivated adulteration, customs fraud [&hellip;]<\/p>\n","protected":false},"author":1,"featured_media":0,"parent":10,"menu_order":0,"comment_status":"closed","ping_status":"closed","template":"","meta":{"footnotes":""},"class_list":["post-987","page","type-page","status-publish","hentry"],"aioseo_notices":[],"_links":{"self":[{"href":"https:\/\/apimondia.org\/fra\/wp-json\/wp\/v2\/pages\/987","targetHints":{"allow":["GET"]}}],"collection":[{"href":"https:\/\/apimondia.org\/fra\/wp-json\/wp\/v2\/pages"}],"about":[{"href":"https:\/\/apimondia.org\/fra\/wp-json\/wp\/v2\/types\/page"}],"author":[{"embeddable":true,"href":"https:\/\/apimondia.org\/fra\/wp-json\/wp\/v2\/users\/1"}],"replies":[{"embeddable":true,"href":"https:\/\/apimondia.org\/fra\/wp-json\/wp\/v2\/comments?post=987"}],"version-history":[{"count":31,"href":"https:\/\/apimondia.org\/fra\/wp-json\/wp\/v2\/pages\/987\/revisions"}],"predecessor-version":[{"id":2621,"href":"https:\/\/apimondia.org\/fra\/wp-json\/wp\/v2\/pages\/987\/revisions\/2621"}],"up":[{"embeddable":true,"href":"https:\/\/apimondia.org\/fra\/wp-json\/wp\/v2\/pages\/10"}],"wp:attachment":[{"href":"https:\/\/apimondia.org\/fra\/wp-json\/wp\/v2\/media?parent=987"}],"curies":[{"name":"wp","href":"https:\/\/api.w.org\/{rel}","templated":true}]}}