{"id":991,"date":"2025-11-21T10:53:25","date_gmt":"2025-11-21T10:53:25","guid":{"rendered":"https:\/\/apimondia.org\/?page_id=991"},"modified":"2026-02-05T15:00:27","modified_gmt":"2026-02-05T15:00:27","slug":"rural-development","status":"publish","type":"page","link":"https:\/\/apimondia.org\/fra\/our-work\/rural-development\/","title":{"rendered":"D\u00e9veloppement rural"},"content":{"rendered":"<div data-elementor-type=\"wp-page\" data-elementor-id=\"991\" class=\"elementor elementor-991\" data-elementor-post-type=\"page\">\n\t\t\t\t<div class=\"elementor-element elementor-element-02bbe5f e-flex e-con-boxed e-con e-parent\" data-id=\"02bbe5f\" data-element_type=\"container\" data-e-type=\"container\">\n\t\t\t\t\t<div class=\"e-con-inner\">\n\t\t\t\t<div class=\"elementor-element elementor-element-8f48eae elementor-widget elementor-widget-heading\" data-id=\"8f48eae\" data-element_type=\"widget\" data-e-type=\"widget\" data-widget_type=\"heading.default\">\n\t\t\t\t\t<h1 class=\"elementor-heading-title elementor-size-default\">D\u00e9veloppement rural<\/h1>\t\t\t\t<\/div>\n\t\t\t\t<div class=\"elementor-element elementor-element-5b06c1a elementor-widget-divider--view-line elementor-widget elementor-widget-divider\" data-id=\"5b06c1a\" data-element_type=\"widget\" data-e-type=\"widget\" data-widget_type=\"divider.default\">\n\t\t\t\t\t\t\t<div class=\"elementor-divider\">\n\t\t\t<span class=\"elementor-divider-separator\">\n\t\t\t\t\t\t<\/span>\n\t\t<\/div>\n\t\t\t\t\t\t<\/div>\n\t\t\t\t\t<\/div>\n\t\t\t\t<\/div>\n\t\t<div class=\"elementor-element elementor-element-6812d2f e-flex e-con-boxed e-con e-parent\" data-id=\"6812d2f\" data-element_type=\"container\" data-e-type=\"container\">\n\t\t\t\t\t<div class=\"e-con-inner\">\n\t\t<div class=\"elementor-element elementor-element-a761187 e-con-full e-flex e-con e-child\" data-id=\"a761187\" data-element_type=\"container\" data-e-type=\"container\">\n\t\t<div class=\"elementor-element elementor-element-63fff3d e-con-full e-flex e-con e-child\" data-id=\"63fff3d\" data-element_type=\"container\" data-e-type=\"container\">\n\t\t\t\t<div class=\"elementor-element elementor-element-fee6fbd elementor-widget elementor-widget-text-editor\" data-id=\"fee6fbd\" data-element_type=\"widget\" data-e-type=\"widget\" data-widget_type=\"text-editor.default\">\n\t\t\t\t\t\t\t\t\t<div class=\"paragraph\">La Commission Apimondia sur le d\u00e9veloppement rural est un r\u00e9seau accueillant qui rassemble des personnes pour partager des connaissances, \u00e9changer des id\u00e9es et apprendre les uns des autres. Nous nous connectons par le biais des congr\u00e8s et symposiums d'Apimondia, ainsi que par des discussions permanentes par courrier \u00e9lectronique entre les \u00e9v\u00e9nements. Ces rencontres attirent non seulement des apiculteurs, mais aussi des professionnels du d\u00e9veloppement et des universitaires, qui contribuent tous \u00e0 une meilleure compr\u00e9hension des abeilles, de l'apiculture et du d\u00e9veloppement durable dans le monde entier.<\/div>\t\t\t\t\t\t\t\t<\/div>\n\t\t\t\t<div class=\"elementor-element elementor-element-8c6bf6a elementor-widget__width-initial elementor-widget elementor-widget-image\" data-id=\"8c6bf6a\" data-element_type=\"widget\" data-e-type=\"widget\" data-widget_type=\"image.default\">\n\t\t\t\t\t\t\t\t\t\t\t\t\t\t\t<img fetchpriority=\"high\" decoding=\"async\" width=\"600\" height=\"450\" src=\"https:\/\/apimondia.org\/wp-content\/uploads\/2026\/01\/Traditional-Hive3.jpg\" class=\"attachment-large size-large wp-image-2357\" alt=\"\" srcset=\"https:\/\/apimondia.org\/wp-content\/uploads\/2026\/01\/Traditional-Hive3.jpg 600w, https:\/\/apimondia.org\/wp-content\/uploads\/2026\/01\/Traditional-Hive3-400x300.jpg 400w, https:\/\/apimondia.org\/wp-content\/uploads\/2026\/01\/Traditional-Hive3-16x12.jpg 16w\" sizes=\"(max-width: 600px) 100vw, 600px\" \/>\t\t\t\t\t\t\t\t\t\t\t\t\t\t\t<\/div>\n\t\t\t\t<\/div>\n\t\t\t\t<div class=\"elementor-element elementor-element-b1a73a2 elementor-widget elementor-widget-heading\" data-id=\"b1a73a2\" data-element_type=\"widget\" data-e-type=\"widget\" data-widget_type=\"heading.default\">\n\t\t\t\t\t<h2 class=\"elementor-heading-title elementor-size-default\">Nos activit\u00e9s<\/h2>\t\t\t\t<\/div>\n\t\t\t\t<div class=\"elementor-element elementor-element-a13b4c2 elementor-widget elementor-widget-text-editor\" data-id=\"a13b4c2\" data-element_type=\"widget\" data-e-type=\"widget\" data-widget_type=\"text-editor.default\">\n\t\t\t\t\t\t\t\t\t<div class=\"paragraph\"><p>En tant qu'apiculteurs, de nombreux membres d'Apimondia reconnaissent l'incroyable pouvoir de l'apiculture dans la r\u00e9duction de la pauvret\u00e9 et l'am\u00e9lioration de la biodiversit\u00e9. L'apiculture ne se limite pas \u00e0 la production de miel : elle soutient les moyens de subsistance, renforce les \u00e9conomies rurales et joue un r\u00f4le crucial dans la protection de notre environnement. C'est pourquoi Apimondia se concentre sur le r\u00f4le et la valeur de l'apiculture dans le d\u00e9veloppement rural :<\/p><ul><li>Soutenir l'apiculture en tant qu'activit\u00e9 peu co\u00fbteuse et \u00e0 fort impact pour les personnes disposant de ressources financi\u00e8res limit\u00e9es<\/li><li>Promouvoir l'utilisation d'esp\u00e8ces d'abeilles indig\u00e8nes et locales<\/li><li>Encourager les pratiques apicoles durables qui pr\u00e9servent les populations d'abeilles mellif\u00e8res et d'abeilles sans dard.<\/li><li>Exploration de la certification biologique et sociale pour les entreprises apicoles<\/li><li>Renforcement des groupes de producteurs et des coop\u00e9ratives<\/li><li>Relever les d\u00e9fis en mati\u00e8re de commerce, de marketing et de politique<\/li><li>Souligner l'importance culturelle de l'apiculture<\/li><li>Reconna\u00eetre l'apiculture comme un \u00e9l\u00e9ment de la gestion durable des for\u00eats<\/li><li>Plaider pour des politiques qui soutiennent les apiculteurs et le commerce \u00e9quitable<\/li><li>D\u00e9montrer le r\u00f4le de l'apiculture dans la s\u00e9curit\u00e9 alimentaire et la r\u00e9duction de la pauvret\u00e9<\/li><\/ul><p>L'apiculture a le potentiel de transformer les communaut\u00e9s en cr\u00e9ant des moyens de subsistance durables tout en prot\u00e9geant la nature. Par l'interm\u00e9diaire de cette Commission, nous souhaitons inspirer et habiliter davantage de personnes \u00e0 faire de l'apiculture un outil de changement positif.<\/p><p>Nous nous r\u00e9jouissons de poursuivre ces conversations et de travailler ensemble pour soutenir les apiculteurs et le d\u00e9veloppement durable dans le monde entier.<\/p><\/div>\t\t\t\t\t\t\t\t<\/div>\n\t\t\t\t<div class=\"elementor-element elementor-element-2111aaa elementor-widget elementor-widget-image\" data-id=\"2111aaa\" data-element_type=\"widget\" data-e-type=\"widget\" data-widget_type=\"image.default\">\n\t\t\t\t\t\t\t\t\t\t\t\t\t\t\t<img decoding=\"async\" width=\"600\" height=\"450\" src=\"https:\/\/apimondia.org\/wp-content\/uploads\/2026\/01\/zDelete-2.jpg\" class=\"attachment-large size-large wp-image-2358\" alt=\"\" srcset=\"https:\/\/apimondia.org\/wp-content\/uploads\/2026\/01\/zDelete-2.jpg 600w, https:\/\/apimondia.org\/wp-content\/uploads\/2026\/01\/zDelete-2-400x300.jpg 400w, https:\/\/apimondia.org\/wp-content\/uploads\/2026\/01\/zDelete-2-16x12.jpg 16w\" sizes=\"(max-width: 600px) 100vw, 600px\" \/>\t\t\t\t\t\t\t\t\t\t\t\t\t\t\t<\/div>\n\t\t\t\t<\/div>\n\t\t<div class=\"elementor-element elementor-element-c56405b e-con-full e-flex e-con e-child\" data-id=\"c56405b\" data-element_type=\"container\" data-e-type=\"container\">\n\t\t<div class=\"elementor-element elementor-element-8f7cd1e e-con-full e-flex e-con e-child\" data-id=\"8f7cd1e\" data-element_type=\"container\" data-e-type=\"container\">\n\t\t\t\t<div class=\"elementor-element elementor-element-55e5311 elementor-widget elementor-widget-heading\" data-id=\"55e5311\" data-element_type=\"widget\" data-e-type=\"widget\" data-widget_type=\"heading.default\">\n\t\t\t\t\t<h4 class=\"elementor-heading-title elementor-size-default\">Pr\u00e9sident de la Commission Apimondia sur le d\u00e9veloppement rural<\/h4>\t\t\t\t<\/div>\n\t\t\t\t<div class=\"elementor-element elementor-element-bcc55b2 elementor-widget elementor-widget-text-editor\" data-id=\"bcc55b2\" data-element_type=\"widget\" data-e-type=\"widget\" data-widget_type=\"text-editor.default\">\n\t\t\t\t\t\t\t\t\t<p><strong>Megan Denver<\/strong><\/p>\t\t\t\t\t\t\t\t<\/div>\n\t\t\t\t<div class=\"elementor-element elementor-element-527a57a elementor-icon-list--layout-traditional elementor-list-item-link-full_width elementor-widget elementor-widget-icon-list\" data-id=\"527a57a\" data-element_type=\"widget\" data-e-type=\"widget\" data-widget_type=\"icon-list.default\">\n\t\t\t\t\t\t\t<ul class=\"elementor-icon-list-items\">\n\t\t\t\t\t\t\t<li class=\"elementor-icon-list-item\">\n\t\t\t\t\t\t\t\t\t\t\t<span class=\"elementor-icon-list-icon\">\n\t\t\t\t\t\t\t<svg aria-hidden=\"true\" class=\"e-font-icon-svg e-fas-envelope\" viewbox=\"0 0 512 512\" xmlns=\"http:\/\/www.w3.org\/2000\/svg\"><path d=\"M502.3 190.8c3.9-3.1 9.7-.2 9.7 4.7V400c0 26.5-21.5 48-48 48H48c-26.5 0-48-21.5-48-48V195.6c0-5 5.7-7.8 9.7-4.7 22.4 17.4 52.1 39.5 154.1 113.6 21.1 15.4 56.7 47.8 92.2 47.6 35.7.3 72-32.8 92.3-47.6 102-74.1 131.6-96.3 154-113.7zM256 320c23.2.4 56.6-29.2 73.4-41.4 132.7-96.3 142.8-104.7 173.4-128.7 5.8-4.5 9.2-11.5 9.2-18.9v-19c0-26.5-21.5-48-48-48H48C21.5 64 0 85.5 0 112v19c0 7.4 3.4 14.3 9.2 18.9 30.6 23.9 40.7 32.4 173.4 128.7 16.8 12.2 50.2 41.8 73.4 41.4z\"><\/path><\/svg>\t\t\t\t\t\t<\/span>\n\t\t\t\t\t\t\t\t\t\t<span class=\"elementor-icon-list-text\">ruraldevelopment@apimondia.org<\/span>\n\t\t\t\t\t\t\t\t\t<\/li>\n\t\t\t\t\t\t<\/ul>\n\t\t\t\t\t\t<\/div>\n\t\t\t\t<\/div>\n\t\t\t\t<\/div>\n\t\t\t\t\t<\/div>\n\t\t\t\t<\/div>\n\t\t\t\t<\/div>","protected":false},"excerpt":{"rendered":"<p>Rural development The Apimondia Commission on Rural Development is a welcoming network that brings people together to share knowledge, exchange ideas, and learn from one another. We connect through Apimondia Congresses and Symposia, as well as ongoing discussions by email between events. These gatherings attract not only beekeepers but also development professionals and academics, all [&hellip;]<\/p>\n","protected":false},"author":1,"featured_media":0,"parent":10,"menu_order":0,"comment_status":"closed","ping_status":"closed","template":"","meta":{"footnotes":""},"class_list":["post-991","page","type-page","status-publish","hentry"],"aioseo_notices":[],"_links":{"self":[{"href":"https:\/\/apimondia.org\/fra\/wp-json\/wp\/v2\/pages\/991","targetHints":{"allow":["GET"]}}],"collection":[{"href":"https:\/\/apimondia.org\/fra\/wp-json\/wp\/v2\/pages"}],"about":[{"href":"https:\/\/apimondia.org\/fra\/wp-json\/wp\/v2\/types\/page"}],"author":[{"embeddable":true,"href":"https:\/\/apimondia.org\/fra\/wp-json\/wp\/v2\/users\/1"}],"replies":[{"embeddable":true,"href":"https:\/\/apimondia.org\/fra\/wp-json\/wp\/v2\/comments?post=991"}],"version-history":[{"count":19,"href":"https:\/\/apimondia.org\/fra\/wp-json\/wp\/v2\/pages\/991\/revisions"}],"predecessor-version":[{"id":2536,"href":"https:\/\/apimondia.org\/fra\/wp-json\/wp\/v2\/pages\/991\/revisions\/2536"}],"up":[{"embeddable":true,"href":"https:\/\/apimondia.org\/fra\/wp-json\/wp\/v2\/pages\/10"}],"wp:attachment":[{"href":"https:\/\/apimondia.org\/fra\/wp-json\/wp\/v2\/media?parent=991"}],"curies":[{"name":"wp","href":"https:\/\/api.w.org\/{rel}","templated":true}]}}