{"id":993,"date":"2025-11-21T10:53:52","date_gmt":"2025-11-21T10:53:52","guid":{"rendered":"https:\/\/apimondia.org\/?page_id=993"},"modified":"2026-02-08T11:20:42","modified_gmt":"2026-02-08T11:20:42","slug":"technology-and-quality","status":"publish","type":"page","link":"https:\/\/apimondia.org\/fra\/our-work\/technology-and-quality\/","title":{"rendered":"Technologie et qualit\u00e9"},"content":{"rendered":"<div data-elementor-type=\"wp-page\" data-elementor-id=\"993\" class=\"elementor elementor-993\" data-elementor-post-type=\"page\">\n\t\t\t\t<div class=\"elementor-element elementor-element-0daa25f e-flex e-con-boxed e-con e-parent\" data-id=\"0daa25f\" data-element_type=\"container\" data-e-type=\"container\">\n\t\t\t\t\t<div class=\"e-con-inner\">\n\t\t\t\t<div class=\"elementor-element elementor-element-3bec16b elementor-widget elementor-widget-heading\" data-id=\"3bec16b\" data-element_type=\"widget\" data-e-type=\"widget\" data-widget_type=\"heading.default\">\n\t\t\t\t\t<h1 class=\"elementor-heading-title elementor-size-default\">Technologie et qualit\u00e9<\/h1>\t\t\t\t<\/div>\n\t\t\t\t<div class=\"elementor-element elementor-element-58668ad elementor-widget-divider--view-line elementor-widget elementor-widget-divider\" data-id=\"58668ad\" data-element_type=\"widget\" data-e-type=\"widget\" data-widget_type=\"divider.default\">\n\t\t\t\t\t\t\t<div class=\"elementor-divider\">\n\t\t\t<span class=\"elementor-divider-separator\">\n\t\t\t\t\t\t<\/span>\n\t\t<\/div>\n\t\t\t\t\t\t<\/div>\n\t\t\t\t\t<\/div>\n\t\t\t\t<\/div>\n\t\t<div class=\"elementor-element elementor-element-54403ac e-flex e-con-boxed e-con e-parent\" data-id=\"54403ac\" data-element_type=\"container\" data-e-type=\"container\">\n\t\t\t\t\t<div class=\"e-con-inner\">\n\t\t<div class=\"elementor-element elementor-element-47b3281 e-con-full e-flex e-con e-child\" data-id=\"47b3281\" data-element_type=\"container\" data-e-type=\"container\">\n\t\t\t\t<div class=\"elementor-element elementor-element-225e032 elementor-widget__width-initial elementor-widget elementor-widget-text-editor\" data-id=\"225e032\" data-element_type=\"widget\" data-e-type=\"widget\" data-widget_type=\"text-editor.default\">\n\t\t\t\t\t\t\t\t\t<p>Le plus grand d\u00e9fi pour les apiculteurs est peut-\u00eatre d'op\u00e9rer dans un environnement o\u00f9 l'intensit\u00e9 agricole augmente et o\u00f9 le changement climatique a un impact n\u00e9gatif. Le paysage des abeilles est d\u00e9termin\u00e9 par le dilemme de l'alimentation d'une population mondiale croissante. Jamais auparavant l'environnement des abeilles n'\u00e9tait devenu aussi hostile dans autant de r\u00e9gions du monde. Les apiculteurs ressentent vivement l'impact de cette situation lorsqu'ils sont confront\u00e9s \u00e0 des probl\u00e8mes tels que l'utilisation de pesticides et de produits chimiques et leur impact sur les abeilles. Apimondia note \u00e9galement que la question de l'environnement est \u00e0 bien des \u00e9gards la plus difficile \u00e0 r\u00e9soudre, mais nous devons continuer \u00e0 nous efforcer d'am\u00e9liorer l'environnement pour que nos abeilles puissent exister et prosp\u00e9rer.<br><br>Le prochain d\u00e9fi \u00e0 la viabilit\u00e9 de l'apiculture est celui de la fraude sur le miel (adult\u00e9ration) sous toutes ses formes et d\u00e9clinaisons. L'adult\u00e9ration du miel (et des produits apicoles en g\u00e9n\u00e9ral) et l'impact qu'elle a sur le march\u00e9 ont conduit \u00e0 un dysfonctionnement de l'\u00e9conomie apicole dans presque tous les coins du monde. La fraude sur le miel menace la base sur laquelle les produits de la ruche de qualit\u00e9 naturelle sont comp\u00e9titifs et, malheureusement, une grande partie de la cha\u00eene de valeur est encore aveugle aux menaces que repr\u00e9sentent le miel et les produits apicoles frauduleux. Apimondia jouera un r\u00f4le de plus en plus important dans la recherche de solutions \u00e0 la fraude au miel \u00e0 l'avenir, car elle est la voix qui repr\u00e9sente les apiculteurs au niveau mondial.<\/p>\t\t\t\t\t\t\t\t<\/div>\n\t\t\t\t<div class=\"elementor-element elementor-element-07d339a elementor-widget elementor-widget-heading\" data-id=\"07d339a\" data-element_type=\"widget\" data-e-type=\"widget\" data-widget_type=\"heading.default\">\n\t\t\t\t\t<h2 class=\"elementor-heading-title elementor-size-default\">Notre mission<\/h2>\t\t\t\t<\/div>\n\t\t\t\t<div class=\"elementor-element elementor-element-d7e7fde elementor-widget elementor-widget-text-editor\" data-id=\"d7e7fde\" data-element_type=\"widget\" data-e-type=\"widget\" data-widget_type=\"text-editor.default\">\n\t\t\t\t\t\t\t\t\t<p>La mission de la Commission est de chercher \u00e0 collecter, traiter et diffuser l'information scientifique disponible afin d'aider les apiculteurs au niveau international pour leur permettre de s'adapter aux nouvelles contraintes environnementales (milieu mellif\u00e8re, march\u00e9, soci\u00e9t\u00e9) dans un esprit de durabilit\u00e9. Une attention particuli\u00e8re est \u00e9galement port\u00e9e au cadre juridique international afin de pr\u00e9server la qualit\u00e9 des produits de la ruche (\u00e9tablissement de d\u00e9finitions et de crit\u00e8res de qualit\u00e9 permettant de limiter les falsifications et d'assurer un d\u00e9veloppement harmonieux de la fili\u00e8re apicole).<\/p><p>Nous menons des consultations pour la valorisation des produits apicoles dans le cadre des normes avec diff\u00e9rentes organisations, telles que\u00a0<a href=\"https:\/\/www.fao.org\/fao-who-codexalimentarius\/en\/\" target=\"_blank\" rel=\"noopener\">Codex Alimentarius<\/a>,\u00a0<a href=\"https:\/\/www.iso.org\/home.html\" target=\"_blank\" rel=\"noopener\">ISO<\/a>,\u00a0<a href=\"http:\/\/www.who.org\/\" target=\"_blank\" rel=\"noopener\">OMS (ORGANISATION MONDIALE DE LA SANT\u00c9)<\/a>,\u00a0<a href=\"http:\/\/www.fao.org\/\" target=\"_blank\" rel=\"noopener\">FAO (ORGANISATION DES NATIONS UNIES POUR L'ALIMENTATION ET L'AGRICULTURE)<\/a>,\u00a0<a href=\"https:\/\/www.feedm.com\/\" target=\"_blank\" rel=\"noopener\">FEEDM<\/a>,\u00a0<a href=\"https:\/\/www.ihc-platform.net\/\" target=\"_blank\" rel=\"noopener\">IHC<\/a>,\u00a0<a href=\"http:\/\/www.hipa.org.uk\/\" target=\"_blank\" rel=\"noopener\">HIPA<\/a>, l'Union europ\u00e9enne, etc.<\/p>\t\t\t\t\t\t\t\t<\/div>\n\t\t\t\t<\/div>\n\t\t<div class=\"elementor-element elementor-element-d3a9920 e-con-full e-flex e-con e-child\" data-id=\"d3a9920\" data-element_type=\"container\" data-e-type=\"container\">\n\t\t\t\t<div class=\"elementor-element elementor-element-3cf2c87 elementor-widget elementor-widget-heading\" data-id=\"3cf2c87\" data-element_type=\"widget\" data-e-type=\"widget\" data-widget_type=\"heading.default\">\n\t\t\t\t\t<h4 class=\"elementor-heading-title elementor-size-default\">Pr\u00e9sident de la Commission de la sant\u00e9 des abeilles d'Apimondia<\/h4>\t\t\t\t<\/div>\n\t\t\t\t<div class=\"elementor-element elementor-element-e8b59a0 elementor-widget elementor-widget-text-editor\" data-id=\"e8b59a0\" data-element_type=\"widget\" data-e-type=\"widget\" data-widget_type=\"text-editor.default\">\n\t\t\t\t\t\t\t\t\t<p><strong>Miguel Vilas Boas<\/strong><\/p><p>D\u00e9partement de l'environnement et des ressources naturelles<br \/>Universit\u00e9 polytechnique de Bragan\u00e7a, Portugal<\/p>\t\t\t\t\t\t\t\t<\/div>\n\t\t\t\t<div class=\"elementor-element elementor-element-88a140b elementor-icon-list--layout-traditional elementor-list-item-link-full_width elementor-widget elementor-widget-icon-list\" data-id=\"88a140b\" data-element_type=\"widget\" data-e-type=\"widget\" data-widget_type=\"icon-list.default\">\n\t\t\t\t\t\t\t<ul class=\"elementor-icon-list-items\">\n\t\t\t\t\t\t\t<li class=\"elementor-icon-list-item\">\n\t\t\t\t\t\t\t\t\t\t\t<span class=\"elementor-icon-list-icon\">\n\t\t\t\t\t\t\t<svg aria-hidden=\"true\" class=\"e-font-icon-svg e-fas-envelope\" viewbox=\"0 0 512 512\" xmlns=\"http:\/\/www.w3.org\/2000\/svg\"><path d=\"M502.3 190.8c3.9-3.1 9.7-.2 9.7 4.7V400c0 26.5-21.5 48-48 48H48c-26.5 0-48-21.5-48-48V195.6c0-5 5.7-7.8 9.7-4.7 22.4 17.4 52.1 39.5 154.1 113.6 21.1 15.4 56.7 47.8 92.2 47.6 35.7.3 72-32.8 92.3-47.6 102-74.1 131.6-96.3 154-113.7zM256 320c23.2.4 56.6-29.2 73.4-41.4 132.7-96.3 142.8-104.7 173.4-128.7 5.8-4.5 9.2-11.5 9.2-18.9v-19c0-26.5-21.5-48-48-48H48C21.5 64 0 85.5 0 112v19c0 7.4 3.4 14.3 9.2 18.9 30.6 23.9 40.7 32.4 173.4 128.7 16.8 12.2 50.2 41.8 73.4 41.4z\"><\/path><\/svg>\t\t\t\t\t\t<\/span>\n\t\t\t\t\t\t\t\t\t\t<span class=\"elementor-icon-list-text\">technology@apimondia.org<\/span>\n\t\t\t\t\t\t\t\t\t<\/li>\n\t\t\t\t\t\t<\/ul>\n\t\t\t\t\t\t<\/div>\n\t\t\t\t<div class=\"elementor-element elementor-element-c0db339 elementor-widget elementor-widget-heading\" data-id=\"c0db339\" data-element_type=\"widget\" data-e-type=\"widget\" data-widget_type=\"heading.default\">\n\t\t\t\t\t<h4 class=\"elementor-heading-title elementor-size-default\">Membres de la Commission\n<\/h4>\t\t\t\t<\/div>\n\t\t\t\t<div class=\"elementor-element elementor-element-29e67f2 elementor-widget elementor-widget-text-editor\" data-id=\"29e67f2\" data-element_type=\"widget\" data-e-type=\"widget\" data-widget_type=\"text-editor.default\">\n\t\t\t\t\t\t\t\t\t<p><strong>Dr. Andresa Berretta<\/strong><\/p><p>Responsable de la recherche, du d\u00e9veloppement et de l'innovation chez Apis Flora Limited<\/p>\t\t\t\t\t\t\t\t<\/div>\n\t\t\t\t<div class=\"elementor-element elementor-element-8d530db elementor-icon-list--layout-traditional elementor-list-item-link-full_width elementor-widget elementor-widget-icon-list\" data-id=\"8d530db\" data-element_type=\"widget\" data-e-type=\"widget\" data-widget_type=\"icon-list.default\">\n\t\t\t\t\t\t\t<ul class=\"elementor-icon-list-items\">\n\t\t\t\t\t\t\t<li class=\"elementor-icon-list-item\">\n\t\t\t\t\t\t\t\t\t\t\t<span class=\"elementor-icon-list-icon\">\n\t\t\t\t\t\t\t<svg aria-hidden=\"true\" class=\"e-font-icon-svg e-fas-envelope\" viewbox=\"0 0 512 512\" xmlns=\"http:\/\/www.w3.org\/2000\/svg\"><path d=\"M502.3 190.8c3.9-3.1 9.7-.2 9.7 4.7V400c0 26.5-21.5 48-48 48H48c-26.5 0-48-21.5-48-48V195.6c0-5 5.7-7.8 9.7-4.7 22.4 17.4 52.1 39.5 154.1 113.6 21.1 15.4 56.7 47.8 92.2 47.6 35.7.3 72-32.8 92.3-47.6 102-74.1 131.6-96.3 154-113.7zM256 320c23.2.4 56.6-29.2 73.4-41.4 132.7-96.3 142.8-104.7 173.4-128.7 5.8-4.5 9.2-11.5 9.2-18.9v-19c0-26.5-21.5-48-48-48H48C21.5 64 0 85.5 0 112v19c0 7.4 3.4 14.3 9.2 18.9 30.6 23.9 40.7 32.4 173.4 128.7 16.8 12.2 50.2 41.8 73.4 41.4z\"><\/path><\/svg>\t\t\t\t\t\t<\/span>\n\t\t\t\t\t\t\t\t\t\t<span class=\"elementor-icon-list-text\">andresa.berretta@apisflora.com.br<\/span>\n\t\t\t\t\t\t\t\t\t<\/li>\n\t\t\t\t\t\t<\/ul>\n\t\t\t\t\t\t<\/div>\n\t\t\t\t<div class=\"elementor-element elementor-element-351e381 elementor-widget elementor-widget-text-editor\" data-id=\"351e381\" data-element_type=\"widget\" data-e-type=\"widget\" data-widget_type=\"text-editor.default\">\n\t\t\t\t\t\t\t\t\t<p><strong>Dra\u017een Lu\u0161i\u0107<\/strong><\/p><p>Facult\u00e9 de m\u00e9decine, Universit\u00e9 de Rijeka, Croatie,<\/p>\t\t\t\t\t\t\t\t<\/div>\n\t\t\t\t<div class=\"elementor-element elementor-element-448ce1f elementor-icon-list--layout-traditional elementor-list-item-link-full_width elementor-widget elementor-widget-icon-list\" data-id=\"448ce1f\" data-element_type=\"widget\" data-e-type=\"widget\" data-widget_type=\"icon-list.default\">\n\t\t\t\t\t\t\t<ul class=\"elementor-icon-list-items\">\n\t\t\t\t\t\t\t<li class=\"elementor-icon-list-item\">\n\t\t\t\t\t\t\t\t\t\t\t<span class=\"elementor-icon-list-icon\">\n\t\t\t\t\t\t\t<svg aria-hidden=\"true\" class=\"e-font-icon-svg e-fas-envelope\" viewbox=\"0 0 512 512\" xmlns=\"http:\/\/www.w3.org\/2000\/svg\"><path d=\"M502.3 190.8c3.9-3.1 9.7-.2 9.7 4.7V400c0 26.5-21.5 48-48 48H48c-26.5 0-48-21.5-48-48V195.6c0-5 5.7-7.8 9.7-4.7 22.4 17.4 52.1 39.5 154.1 113.6 21.1 15.4 56.7 47.8 92.2 47.6 35.7.3 72-32.8 92.3-47.6 102-74.1 131.6-96.3 154-113.7zM256 320c23.2.4 56.6-29.2 73.4-41.4 132.7-96.3 142.8-104.7 173.4-128.7 5.8-4.5 9.2-11.5 9.2-18.9v-19c0-26.5-21.5-48-48-48H48C21.5 64 0 85.5 0 112v19c0 7.4 3.4 14.3 9.2 18.9 30.6 23.9 40.7 32.4 173.4 128.7 16.8 12.2 50.2 41.8 73.4 41.4z\"><\/path><\/svg>\t\t\t\t\t\t<\/span>\n\t\t\t\t\t\t\t\t\t\t<span class=\"elementor-icon-list-text\">drazen.lusic@uniri.hr<\/span>\n\t\t\t\t\t\t\t\t\t<\/li>\n\t\t\t\t\t\t<\/ul>\n\t\t\t\t\t\t<\/div>\n\t\t\t\t<\/div>\n\t\t\t\t\t<\/div>\n\t\t\t\t<\/div>\n\t\t<div class=\"elementor-element elementor-element-6d96d38 e-grid e-con-boxed e-con e-parent\" data-id=\"6d96d38\" data-element_type=\"container\" data-e-type=\"container\">\n\t\t\t\t\t<div class=\"e-con-inner\">\n\t\t<div class=\"elementor-element elementor-element-7ca226f e-con-full e-flex e-con e-child\" data-id=\"7ca226f\" data-element_type=\"container\" data-e-type=\"container\">\n\t\t\t\t<div class=\"elementor-element elementor-element-de2d16e elementor-widget elementor-widget-heading\" data-id=\"de2d16e\" data-element_type=\"widget\" data-e-type=\"widget\" data-widget_type=\"heading.default\">\n\t\t\t\t\t<h4 class=\"elementor-heading-title elementor-size-default\">D\u00e9clarations<\/h4>\t\t\t\t<\/div>\n\t\t\t\t<div class=\"elementor-element elementor-element-738ee15 elementor-widget elementor-widget-image\" data-id=\"738ee15\" data-element_type=\"widget\" data-e-type=\"widget\" data-widget_type=\"image.default\">\n\t\t\t\t\t\t\t\t\t\t\t\t\t\t\t<img fetchpriority=\"high\" decoding=\"async\" width=\"1098\" height=\"621\" src=\"https:\/\/apimondia.org\/wp-content\/uploads\/2025\/11\/1-1.webp\" class=\"attachment-large size-large wp-image-1029\" alt=\"\" srcset=\"https:\/\/apimondia.org\/wp-content\/uploads\/2025\/11\/1-1.webp 1098w, https:\/\/apimondia.org\/wp-content\/uploads\/2025\/11\/1-1-768x434.webp 768w, https:\/\/apimondia.org\/wp-content\/uploads\/2025\/11\/1-1-18x10.webp 18w\" sizes=\"(max-width: 1098px) 100vw, 1098px\" \/>\t\t\t\t\t\t\t\t\t\t\t\t\t\t\t<\/div>\n\t\t\t\t<div class=\"elementor-element elementor-element-d51b2b2 elementor-icon-list--layout-traditional elementor-list-item-link-full_width elementor-widget elementor-widget-icon-list\" data-id=\"d51b2b2\" data-element_type=\"widget\" data-e-type=\"widget\" data-widget_type=\"icon-list.default\">\n\t\t\t\t\t\t\t<ul class=\"elementor-icon-list-items\">\n\t\t\t\t\t\t\t<li class=\"elementor-icon-list-item\">\n\t\t\t\t\t\t\t\t\t\t\t<a href=\"https:\/\/apimondia.org\/wp-content\/uploads\/2025\/11\/APIMONDIA-STATEMENT-2020-FINAL-VERSION.pdf\">\n\n\t\t\t\t\t\t\t\t\t\t\t\t<span class=\"elementor-icon-list-icon\">\n\t\t\t\t\t\t\t<svg aria-hidden=\"true\" class=\"e-font-icon-svg e-fas-download\" viewbox=\"0 0 512 512\" xmlns=\"http:\/\/www.w3.org\/2000\/svg\"><path d=\"M216 0h80c13.3 0 24 10.7 24 24v168h87.7c17.8 0 26.7 21.5 14.1 34.1L269.7 378.3c-7.5 7.5-19.8 7.5-27.3 0L90.1 226.1c-12.6-12.6-3.7-34.1 14.1-34.1H192V24c0-13.3 10.7-24 24-24zm296 376v112c0 13.3-10.7 24-24 24H24c-13.3 0-24-10.7-24-24V376c0-13.3 10.7-24 24-24h146.7l49 49c20.1 20.1 52.5 20.1 72.6 0l49-49H488c13.3 0 24 10.7 24 24zm-124 88c0-11-9-20-20-20s-20 9-20 20 9 20 20 20 20-9 20-20zm64 0c0-11-9-20-20-20s-20 9-20 20 9 20 20 20 20-9 20-20z\"><\/path><\/svg>\t\t\t\t\t\t<\/span>\n\t\t\t\t\t\t\t\t\t\t<span class=\"elementor-icon-list-text\">D\u00e9claration d'Apimondia sur la fraude au miel<\/span>\n\t\t\t\t\t\t\t\t\t\t\t<\/a>\n\t\t\t\t\t\t\t\t\t<\/li>\n\t\t\t\t\t\t<\/ul>\n\t\t\t\t\t\t<\/div>\n\t\t\t\t<div class=\"elementor-element elementor-element-8f8ddb1 elementor-icon-list--layout-traditional elementor-list-item-link-full_width elementor-widget elementor-widget-icon-list\" data-id=\"8f8ddb1\" data-element_type=\"widget\" data-e-type=\"widget\" data-widget_type=\"icon-list.default\">\n\t\t\t\t\t\t\t<ul class=\"elementor-icon-list-items\">\n\t\t\t\t\t\t\t<li class=\"elementor-icon-list-item\">\n\t\t\t\t\t\t\t\t\t\t\t<a href=\"https:\/\/apimondia.org\/wp-content\/uploads\/2025\/11\/APIMONDIA-STATEMENT-2020-FINAL-VERSION.pdf\">\n\n\t\t\t\t\t\t\t\t\t\t\t\t<span class=\"elementor-icon-list-icon\">\n\t\t\t\t\t\t\t<svg aria-hidden=\"true\" class=\"e-font-icon-svg e-fas-download\" viewbox=\"0 0 512 512\" xmlns=\"http:\/\/www.w3.org\/2000\/svg\"><path d=\"M216 0h80c13.3 0 24 10.7 24 24v168h87.7c17.8 0 26.7 21.5 14.1 34.1L269.7 378.3c-7.5 7.5-19.8 7.5-27.3 0L90.1 226.1c-12.6-12.6-3.7-34.1 14.1-34.1H192V24c0-13.3 10.7-24 24-24zm296 376v112c0 13.3-10.7 24-24 24H24c-13.3 0-24-10.7-24-24V376c0-13.3 10.7-24 24-24h146.7l49 49c20.1 20.1 52.5 20.1 72.6 0l49-49H488c13.3 0 24 10.7 24 24zm-124 88c0-11-9-20-20-20s-20 9-20 20 9 20 20 20 20-9 20-20zm64 0c0-11-9-20-20-20s-20 9-20 20 9 20 20 20 20-9 20-20z\"><\/path><\/svg>\t\t\t\t\t\t<\/span>\n\t\t\t\t\t\t\t\t\t\t<span class=\"elementor-icon-list-text\">D\u00e9claration d'Apimondia sur l'affaire antidumping concernant le miel<\/span>\n\t\t\t\t\t\t\t\t\t\t\t<\/a>\n\t\t\t\t\t\t\t\t\t<\/li>\n\t\t\t\t\t\t<\/ul>\n\t\t\t\t\t\t<\/div>\n\t\t\t\t<\/div>\n\t\t<div class=\"elementor-element elementor-element-63959ce e-con-full e-flex e-con e-child\" data-id=\"63959ce\" data-element_type=\"container\" data-e-type=\"container\">\n\t\t\t\t<div class=\"elementor-element elementor-element-47894f3 elementor-widget elementor-widget-heading\" data-id=\"47894f3\" data-element_type=\"widget\" data-e-type=\"widget\" data-widget_type=\"heading.default\">\n\t\t\t\t\t<h4 class=\"elementor-heading-title elementor-size-default\">Ressources<\/h4>\t\t\t\t<\/div>\n\t\t\t\t<div class=\"elementor-element elementor-element-f424c93 elementor-widget elementor-widget-image\" data-id=\"f424c93\" data-element_type=\"widget\" data-e-type=\"widget\" data-widget_type=\"image.default\">\n\t\t\t\t\t\t\t\t\t\t\t\t\t\t\t<img decoding=\"async\" width=\"1098\" height=\"619\" src=\"https:\/\/apimondia.org\/wp-content\/uploads\/2025\/11\/2-1.webp\" class=\"attachment-large size-large wp-image-1030\" alt=\"\" srcset=\"https:\/\/apimondia.org\/wp-content\/uploads\/2025\/11\/2-1.webp 1098w, https:\/\/apimondia.org\/wp-content\/uploads\/2025\/11\/2-1-768x433.webp 768w, https:\/\/apimondia.org\/wp-content\/uploads\/2025\/11\/2-1-18x10.webp 18w\" sizes=\"(max-width: 1098px) 100vw, 1098px\" \/>\t\t\t\t\t\t\t\t\t\t\t\t\t\t\t<\/div>\n\t\t\t\t<div class=\"elementor-element elementor-element-d0b0abb elementor-widget elementor-widget-text-editor\" data-id=\"d0b0abb\" data-element_type=\"widget\" data-e-type=\"widget\" data-widget_type=\"text-editor.default\">\n\t\t\t\t\t\t\t\t\t<p><strong>Ressources<\/strong><br \/>Technologies et pratiques pour les petits producteurs agricoles<\/p>\t\t\t\t\t\t\t\t<\/div>\n\t\t\t\t<\/div>\n\t\t\t\t\t<\/div>\n\t\t\t\t<\/div>\n\t\t\t\t<\/div>","protected":false},"excerpt":{"rendered":"<p>Technology and quality Perhaps the greatest challenge for beekeepers is operating in an&nbsp;environment of increasing agricultural intensity negatively impacted by climate change. The landscape for bees is being driven by the dilemma of feeding a growing global population. Never before has the environment for bees become so hostile in so many parts of the world. [&hellip;]<\/p>\n","protected":false},"author":1,"featured_media":0,"parent":10,"menu_order":0,"comment_status":"closed","ping_status":"closed","template":"","meta":{"footnotes":""},"class_list":["post-993","page","type-page","status-publish","hentry"],"aioseo_notices":[],"_links":{"self":[{"href":"https:\/\/apimondia.org\/fra\/wp-json\/wp\/v2\/pages\/993","targetHints":{"allow":["GET"]}}],"collection":[{"href":"https:\/\/apimondia.org\/fra\/wp-json\/wp\/v2\/pages"}],"about":[{"href":"https:\/\/apimondia.org\/fra\/wp-json\/wp\/v2\/types\/page"}],"author":[{"embeddable":true,"href":"https:\/\/apimondia.org\/fra\/wp-json\/wp\/v2\/users\/1"}],"replies":[{"embeddable":true,"href":"https:\/\/apimondia.org\/fra\/wp-json\/wp\/v2\/comments?post=993"}],"version-history":[{"count":19,"href":"https:\/\/apimondia.org\/fra\/wp-json\/wp\/v2\/pages\/993\/revisions"}],"predecessor-version":[{"id":2612,"href":"https:\/\/apimondia.org\/fra\/wp-json\/wp\/v2\/pages\/993\/revisions\/2612"}],"up":[{"embeddable":true,"href":"https:\/\/apimondia.org\/fra\/wp-json\/wp\/v2\/pages\/10"}],"wp:attachment":[{"href":"https:\/\/apimondia.org\/fra\/wp-json\/wp\/v2\/media?parent=993"}],"curies":[{"name":"wp","href":"https:\/\/api.w.org\/{rel}","templated":true}]}}