{"id":10,"date":"2025-10-22T08:40:03","date_gmt":"2025-10-22T08:40:03","guid":{"rendered":"https:\/\/apimondia.org\/?page_id=10"},"modified":"2026-02-05T00:19:57","modified_gmt":"2026-02-05T00:19:57","slug":"our-work","status":"publish","type":"page","link":"https:\/\/apimondia.org\/prt\/our-work\/","title":{"rendered":"O nosso trabalho"},"content":{"rendered":"<div data-elementor-type=\"wp-page\" data-elementor-id=\"10\" class=\"elementor elementor-10\" data-elementor-post-type=\"page\">\n\t\t\t\t<div class=\"elementor-element elementor-element-b37626e e-flex e-con-boxed e-con e-parent\" data-id=\"b37626e\" data-element_type=\"container\" data-e-type=\"container\">\n\t\t\t\t\t<div class=\"e-con-inner\">\n\t\t\t\t<div class=\"elementor-element elementor-element-35dda47 elementor-widget elementor-widget-heading\" data-id=\"35dda47\" data-element_type=\"widget\" data-e-type=\"widget\" data-widget_type=\"heading.default\">\n\t\t\t\t\t<h1 class=\"elementor-heading-title elementor-size-default\">O nosso trabalho<\/h1>\t\t\t\t<\/div>\n\t\t\t\t<div class=\"elementor-element elementor-element-69556dd elementor-widget-divider--view-line elementor-widget elementor-widget-divider\" data-id=\"69556dd\" data-element_type=\"widget\" data-e-type=\"widget\" data-widget_type=\"divider.default\">\n\t\t\t\t\t\t\t<div class=\"elementor-divider\">\n\t\t\t<span class=\"elementor-divider-separator\">\n\t\t\t\t\t\t<\/span>\n\t\t<\/div>\n\t\t\t\t\t\t<\/div>\n\t\t\t\t\t<\/div>\n\t\t\t\t<\/div>\n\t\t<div class=\"elementor-element elementor-element-a4862ff e-flex e-con-boxed e-con e-parent\" data-id=\"a4862ff\" data-element_type=\"container\" data-e-type=\"container\">\n\t\t\t\t\t<div class=\"e-con-inner\">\n\t\t\t\t<div class=\"elementor-element elementor-element-69bf885 elementor-widget elementor-widget-heading\" data-id=\"69bf885\" data-element_type=\"widget\" data-e-type=\"widget\" data-widget_type=\"heading.default\">\n\t\t\t\t\t<h2 class=\"elementor-heading-title elementor-size-default\">O Apimondia tem sete comiss\u00f5es cient\u00edficas<\/h2>\t\t\t\t<\/div>\n\t\t\t\t<div class=\"elementor-element elementor-element-141f7ed elementor-widget elementor-widget-text-editor\" data-id=\"141f7ed\" data-element_type=\"widget\" data-e-type=\"widget\" data-widget_type=\"text-editor.default\">\n\t\t\t\t\t\t\t\t\t<p data-start=\"426\" data-end=\"703\">A Apimondia opera atrav\u00e9s de <strong data-start=\"470\" data-end=\"502\">sete comiss\u00f5es cient\u00edficas<\/strong>, cada um dedicado a uma disciplina espec\u00edfica. Esta estrutura permite um enfoque cient\u00edfico mais profundo, um melhor interc\u00e2mbio de conhecimentos e o desenvolvimento de recomenda\u00e7\u00f5es de especialistas que apoiam a apicultura em todo o mundo.<\/p>\t\t\t\t\t\t\t\t<\/div>\n\t\t\t\t<div class=\"elementor-element elementor-element-6f4451a elementor-align-center elementor-widget__width-initial elementor-widget elementor-widget-button\" data-id=\"6f4451a\" data-element_type=\"widget\" data-e-type=\"widget\" data-widget_type=\"button.default\">\n\t\t\t\t\t\t\t\t\t\t<a class=\"elementor-button elementor-button-link elementor-size-sm\" href=\"https:\/\/apimondia.org\/prt\/commissions\/\" target=\"_blank\">\n\t\t\t\t\t\t<span class=\"elementor-button-content-wrapper\">\n\t\t\t\t\t\t\t\t\t<span class=\"elementor-button-text\">Mais sobre as Comiss\u00f5es Cient\u00edficas<\/span>\n\t\t\t\t\t<\/span>\n\t\t\t\t\t<\/a>\n\t\t\t\t\t\t\t\t<\/div>\n\t\t\t\t\t<\/div>\n\t\t\t\t<\/div>\n\t\t<div class=\"elementor-element elementor-element-f81c88d e-flex e-con-boxed e-con e-parent\" data-id=\"f81c88d\" data-element_type=\"container\" data-e-type=\"container\">\n\t\t\t\t\t<div class=\"e-con-inner\">\n\t\t<div class=\"elementor-element elementor-element-6eb0102 e-con-full e-flex e-con e-child\" data-id=\"6eb0102\" data-element_type=\"container\" data-e-type=\"container\">\n\t\t\t\t<div class=\"elementor-element elementor-element-d1bb14b elementor-widget elementor-widget-heading\" data-id=\"d1bb14b\" data-element_type=\"widget\" data-e-type=\"widget\" data-widget_type=\"heading.default\">\n\t\t\t\t\t<h2 class=\"elementor-heading-title elementor-size-default\">Apimondia tem cinco comiss\u00f5es regionais<\/h2>\t\t\t\t<\/div>\n\t\t<div class=\"elementor-element elementor-element-69f446c e-con-full e-flex e-con e-child\" data-id=\"69f446c\" data-element_type=\"container\" data-e-type=\"container\">\n\t\t\t\t<div class=\"elementor-element elementor-element-2166c3a elementor-widget elementor-widget-text-editor\" data-id=\"2166c3a\" data-element_type=\"widget\" data-e-type=\"widget\" data-widget_type=\"text-editor.default\">\n\t\t\t\t\t\t\t\t\t<p>A Apimondia trabalha em todo o mundo atrav\u00e9s de Comiss\u00f5es Regionais que prestam apoio \u00e0s associa\u00e7\u00f5es ap\u00edcolas nacionais junto dos seus governos e organiza\u00e7\u00f5es regionais. S\u00e3o ferramentas eficazes para ajudar os apicultores e as suas abelhas em todo o mundo. Existem para:<\/p><ul><li>Assegurar uma melhor coopera\u00e7\u00e3o com as associa\u00e7\u00f5es regionais de apicultores<\/li><li>Oferecer ajuda \u00e0s organiza\u00e7\u00f5es locais e promover os congressos e simp\u00f3sios da Apimondia e outros eventos regionais<\/li><li>Co-presidir mesas redondas durante os Congressos Apimondia<\/li><li>Promover a apicultura junto do grande p\u00fablico<\/li><li>Incentivar a cria\u00e7\u00e3o de associa\u00e7\u00f5es nacionais de apicultores nos pa\u00edses em desenvolvimento<\/li><li>Analisar as necessidades das comunidades ap\u00edcolas locais e coordenar as ac\u00e7\u00f5es de socorro em caso de cat\u00e1strofes naturais ou humanas<\/li><\/ul>\t\t\t\t\t\t\t\t<\/div>\n\t\t\t\t<div class=\"elementor-element elementor-element-0a02191 elementor-align-center elementor-widget__width-initial elementor-widget elementor-widget-button\" data-id=\"0a02191\" data-element_type=\"widget\" data-e-type=\"widget\" data-widget_type=\"button.default\">\n\t\t\t\t\t\t\t\t\t\t<a class=\"elementor-button elementor-button-link elementor-size-sm\" href=\"https:\/\/apimondia.org\/prt\/our-work\/where-we-work\/\" target=\"_blank\">\n\t\t\t\t\t\t<span class=\"elementor-button-content-wrapper\">\n\t\t\t\t\t\t\t\t\t<span class=\"elementor-button-text\">Mais informa\u00e7\u00f5es sobre Onde trabalhamos<\/span>\n\t\t\t\t\t<\/span>\n\t\t\t\t\t<\/a>\n\t\t\t\t\t\t\t\t<\/div>\n\t\t\t\t<\/div>\n\t\t\t\t<\/div>\n\t\t\t\t\t<\/div>\n\t\t\t\t<\/div>\n\t\t<div class=\"elementor-element elementor-element-6dc5bde e-flex e-con-boxed e-con e-parent\" data-id=\"6dc5bde\" data-element_type=\"container\" data-e-type=\"container\">\n\t\t\t\t\t<div class=\"e-con-inner\">\n\t\t\t\t\t<\/div>\n\t\t\t\t<\/div>\n\t\t\t\t<\/div>","protected":false},"excerpt":{"rendered":"<p>Our Work Apimondia Has Seven Scientific Commissions Apimondia operates through seven Scientific Commissions, each dedicated to a specific discipline. This structure allows for deeper scientific focus, better knowledge exchange, and the development of expert recommendations that support beekeeping worldwide. More about Scientific Commissions Apimondia Has Five Regional Commissions Apimondia works across the globe through Regional [&hellip;]<\/p>\n","protected":false},"author":1,"featured_media":0,"parent":0,"menu_order":0,"comment_status":"closed","ping_status":"closed","template":"","meta":{"footnotes":""},"class_list":["post-10","page","type-page","status-publish","hentry"],"aioseo_notices":[],"_links":{"self":[{"href":"https:\/\/apimondia.org\/prt\/wp-json\/wp\/v2\/pages\/10","targetHints":{"allow":["GET"]}}],"collection":[{"href":"https:\/\/apimondia.org\/prt\/wp-json\/wp\/v2\/pages"}],"about":[{"href":"https:\/\/apimondia.org\/prt\/wp-json\/wp\/v2\/types\/page"}],"author":[{"embeddable":true,"href":"https:\/\/apimondia.org\/prt\/wp-json\/wp\/v2\/users\/1"}],"replies":[{"embeddable":true,"href":"https:\/\/apimondia.org\/prt\/wp-json\/wp\/v2\/comments?post=10"}],"version-history":[{"count":50,"href":"https:\/\/apimondia.org\/prt\/wp-json\/wp\/v2\/pages\/10\/revisions"}],"predecessor-version":[{"id":2515,"href":"https:\/\/apimondia.org\/prt\/wp-json\/wp\/v2\/pages\/10\/revisions\/2515"}],"wp:attachment":[{"href":"https:\/\/apimondia.org\/prt\/wp-json\/wp\/v2\/media?parent=10"}],"curies":[{"name":"wp","href":"https:\/\/api.w.org\/{rel}","templated":true}]}}