{"id":1476,"date":"2025-12-02T00:42:29","date_gmt":"2025-12-02T00:42:29","guid":{"rendered":"https:\/\/apimondia.org\/?page_id=1476"},"modified":"2026-02-05T01:05:28","modified_gmt":"2026-02-05T01:05:28","slug":"congress-2027","status":"publish","type":"page","link":"https:\/\/apimondia.org\/prt\/events\/congresses\/congress-2027\/","title":{"rendered":"Congresso Apimondia 2027"},"content":{"rendered":"<div data-elementor-type=\"wp-page\" data-elementor-id=\"1476\" class=\"elementor elementor-1476\" data-elementor-post-type=\"page\">\n\t\t\t\t<div class=\"elementor-element elementor-element-bf3aa77 e-flex e-con-boxed e-con e-parent\" data-id=\"bf3aa77\" data-element_type=\"container\" data-e-type=\"container\">\n\t\t\t\t\t<div class=\"e-con-inner\">\n\t\t\t\t<div class=\"elementor-element elementor-element-1554e2a elementor-widget elementor-widget-heading\" data-id=\"1554e2a\" data-element_type=\"widget\" data-e-type=\"widget\" data-widget_type=\"heading.default\">\n\t\t\t\t\t<h1 class=\"elementor-heading-title elementor-size-default\">Congresso Apimondia 2027<\/h1>\t\t\t\t<\/div>\n\t\t\t\t<div class=\"elementor-element elementor-element-748fcbb elementor-widget-divider--view-line elementor-widget elementor-widget-divider\" data-id=\"748fcbb\" data-element_type=\"widget\" data-e-type=\"widget\" data-widget_type=\"divider.default\">\n\t\t\t\t\t\t\t<div class=\"elementor-divider\">\n\t\t\t<span class=\"elementor-divider-separator\">\n\t\t\t\t\t\t<\/span>\n\t\t<\/div>\n\t\t\t\t\t\t<\/div>\n\t\t\t\t\t<\/div>\n\t\t\t\t<\/div>\n\t\t<div class=\"elementor-element elementor-element-65a671f e-flex e-con-boxed e-con e-parent\" data-id=\"65a671f\" data-element_type=\"container\" data-e-type=\"container\">\n\t\t\t\t\t<div class=\"e-con-inner\">\n\t\t\t\t<div class=\"elementor-element elementor-element-c670160 elementor-widget elementor-widget-heading\" data-id=\"c670160\" data-element_type=\"widget\" data-e-type=\"widget\" data-widget_type=\"heading.default\">\n\t\t\t\t\t<h2 class=\"elementor-heading-title elementor-size-default\">15-19 de novembro de 2027 - Dubai, Emirados \u00c1rabes Unidos<\/h2>\t\t\t\t<\/div>\n\t\t\t\t<div class=\"elementor-element elementor-element-df9d981 elementor-widget elementor-widget-text-editor\" data-id=\"df9d981\" data-element_type=\"widget\" data-e-type=\"widget\" data-widget_type=\"text-editor.default\">\n\t\t\t\t\t\t\t\t\t<p style=\"text-align: start;\"><span style=\"text-align: justify;\">A Associa\u00e7\u00e3o de Apicultores dos EAU, juntamente com a delega\u00e7\u00e3o oficial dos Emirados, convida calorosamente os apicultores, investigadores, l\u00edderes da ind\u00fastria e entusiastas do mel de todo o mundo a juntarem-se a n\u00f3s na celebra\u00e7\u00e3o da 50\u00aa edi\u00e7\u00e3o da&nbsp;<\/span><span style=\"font-weight: bolder; text-align: justify;\">Congresso Ap\u00edcola Internacional da Apimondia<\/span><span style=\"text-align: justify;\">, previsto para ter lugar em&nbsp;<\/span><span style=\"font-weight: bolder; text-align: justify;\">Dubai, Emirados \u00c1rabes Unidos<\/span><span style=\"text-align: justify;\">.<\/span><\/p>\n<p style=\"text-align: start;\">Temos o prazer de anunciar que o&nbsp;<span style=\"font-weight: bolder;\" data-start=\"236\" data-end=\"280\">50\u00ba Congresso Mundial de Apicultura da APIMONDIA<\/span>&nbsp;realizar-se-\u00e1&nbsp;<span style=\"font-weight: bolder;\" data-start=\"294\" data-end=\"334\">de 15 a 19 de novembro de 2027, no Dubai<\/span>. Esta edi\u00e7\u00e3o hist\u00f3rica do congresso promete ser um encontro global verdadeiramente especial para a comunidade ap\u00edcola.<\/p>\n<p style=\"text-align: start;\">Cientistas, investigadores, expositores, apicultores e todas as partes interessadas de todo o mundo s\u00e3o calorosamente convidados a juntarem-se a n\u00f3s neste evento de refer\u00eancia. O congresso proporcionar\u00e1 uma excelente plataforma para o interc\u00e2mbio de conhecimentos cient\u00edficos, inova\u00e7\u00e3o, melhores pr\u00e1ticas e experi\u00eancias em todas as \u00e1reas da apicultura.<\/p>\n<p style=\"text-align: start;\">O Dubai, como cidade anfitri\u00e3 din\u00e2mica e com liga\u00e7\u00f5es internacionais, oferece um excelente cen\u00e1rio para a colabora\u00e7\u00e3o, o trabalho em rede e a inspira\u00e7\u00e3o. Os participantes podem contar com um programa cient\u00edfico rico, uma exposi\u00e7\u00e3o internacional e in\u00fameras oportunidades de contacto com colegas e parceiros de todos os continentes.<\/p>\n<p style=\"text-align: start;\">Incentivamos vivamente todos os interessados em participar a&nbsp;<span style=\"font-weight: bolder;\" data-start=\"1147\" data-end=\"1207\">marcar estas datas nos seus calend\u00e1rios o mais cedo poss\u00edvel<\/span>&nbsp;e come\u00e7ar a planear a sua participa\u00e7\u00e3o neste evento excecional. Mais pormenores sobre o programa, o registo e as oportunidades de exposi\u00e7\u00e3o ser\u00e3o anunciados oportunamente.<\/p>\n<p style=\"text-align: start;\">Estamos ansiosos por vos dar as boas-vindas ao Dubai em 2027!<\/p>\t\t\t\t\t\t\t\t<\/div>\n\t\t\t\t<div class=\"elementor-element elementor-element-eacbad4 elementor-widget elementor-widget-video\" data-id=\"eacbad4\" data-element_type=\"widget\" data-e-type=\"widget\" data-settings=\"{&quot;youtube_url&quot;:&quot;https:\\\/\\\/www.youtube.com\\\/watch?v=-TZ7908oMoE&quot;,&quot;video_type&quot;:&quot;youtube&quot;,&quot;controls&quot;:&quot;yes&quot;}\" data-widget_type=\"video.default\">\n\t\t\t\t\t\t\t<div class=\"elementor-wrapper elementor-open-inline\">\n\t\t\t<div class=\"elementor-video\"><\/div>\t\t<\/div>\n\t\t\t\t\t\t<\/div>\n\t\t\t\t<div class=\"elementor-element elementor-element-4da777f elementor-widget elementor-widget-text-editor\" data-id=\"4da777f\" data-element_type=\"widget\" data-e-type=\"widget\" data-widget_type=\"text-editor.default\">\n\t\t\t\t\t\t\t\t\t<p><span style=\"font-size: 1rem;\">Este encontro hist\u00f3rico reunir\u00e1 a comunidade ap\u00edcola global para partilhar conhecimentos, promover a inova\u00e7\u00e3o e celebrar o papel vital das abelhas nos nossos ecossistemas e economias. Tendo como pano de fundo a mistura din\u00e2mica de tradi\u00e7\u00e3o e modernidade do Dubai, os participantes ter\u00e3o uma experi\u00eancia de hospitalidade de classe mundial, apresenta\u00e7\u00f5es de investiga\u00e7\u00e3o inovadoras e um interc\u00e2mbio cultural sem igual.<\/span><\/p><p>Junte-se a n\u00f3s para moldarmos o futuro da apicultura - juntos no Dubai, em 2027!<\/p>\t\t\t\t\t\t\t\t<\/div>\n\t\t\t\t<div class=\"elementor-element elementor-element-38fd52f elementor-align-center elementor-widget__width-initial elementor-widget elementor-widget-button\" data-id=\"38fd52f\" data-element_type=\"widget\" data-e-type=\"widget\" data-widget_type=\"button.default\">\n\t\t\t\t\t\t\t\t\t\t<a class=\"elementor-button elementor-button-link elementor-size-sm\" href=\"https:\/\/apimondia2027.org\" target=\"_blank\">\n\t\t\t\t\t\t<span class=\"elementor-button-content-wrapper\">\n\t\t\t\t\t\t\t\t\t<span class=\"elementor-button-text\">Visite o s\u00edtio Web do Congresso<\/span>\n\t\t\t\t\t<\/span>\n\t\t\t\t\t<\/a>\n\t\t\t\t\t\t\t\t<\/div>\n\t\t\t\t\t<\/div>\n\t\t\t\t<\/div>\n\t\t\t\t<\/div>","protected":false},"excerpt":{"rendered":"<p>Apimondia Congress 2027 15-19 November 2027 &#8211; Dubai, United Arab Emirates The UAE Beekeepers Association, together with the official Emirati delegation, warmly invites beekeepers, researchers, industry leaders, and honey enthusiasts from around the world to join us in celebrating the 50th edition of the&nbsp;Apimondia International Apicultural Congress, set to take place in&nbsp;Dubai, United Arab Emirates. [&hellip;]<\/p>\n","protected":false},"author":2,"featured_media":0,"parent":9,"menu_order":0,"comment_status":"closed","ping_status":"closed","template":"","meta":{"footnotes":""},"class_list":["post-1476","page","type-page","status-publish","hentry"],"aioseo_notices":[],"_links":{"self":[{"href":"https:\/\/apimondia.org\/prt\/wp-json\/wp\/v2\/pages\/1476","targetHints":{"allow":["GET"]}}],"collection":[{"href":"https:\/\/apimondia.org\/prt\/wp-json\/wp\/v2\/pages"}],"about":[{"href":"https:\/\/apimondia.org\/prt\/wp-json\/wp\/v2\/types\/page"}],"author":[{"embeddable":true,"href":"https:\/\/apimondia.org\/prt\/wp-json\/wp\/v2\/users\/2"}],"replies":[{"embeddable":true,"href":"https:\/\/apimondia.org\/prt\/wp-json\/wp\/v2\/comments?post=1476"}],"version-history":[{"count":10,"href":"https:\/\/apimondia.org\/prt\/wp-json\/wp\/v2\/pages\/1476\/revisions"}],"predecessor-version":[{"id":2524,"href":"https:\/\/apimondia.org\/prt\/wp-json\/wp\/v2\/pages\/1476\/revisions\/2524"}],"up":[{"embeddable":true,"href":"https:\/\/apimondia.org\/prt\/wp-json\/wp\/v2\/pages\/9"}],"wp:attachment":[{"href":"https:\/\/apimondia.org\/prt\/wp-json\/wp\/v2\/media?parent=1476"}],"curies":[{"name":"wp","href":"https:\/\/api.w.org\/{rel}","templated":true}]}}