{"id":1491,"date":"2025-12-02T19:41:47","date_gmt":"2025-12-02T19:41:47","guid":{"rendered":"https:\/\/apimondia.org\/?page_id=1491"},"modified":"2026-02-05T15:05:27","modified_gmt":"2026-02-05T15:05:27","slug":"events","status":"publish","type":"page","link":"https:\/\/apimondia.org\/prt\/events\/","title":{"rendered":"Eventos"},"content":{"rendered":"<div data-elementor-type=\"wp-page\" data-elementor-id=\"1491\" class=\"elementor elementor-1491\" data-elementor-post-type=\"page\">\n\t\t\t\t<div class=\"elementor-element elementor-element-85fb196 e-flex e-con-boxed e-con e-parent\" data-id=\"85fb196\" data-element_type=\"container\" data-e-type=\"container\">\n\t\t\t\t\t<div class=\"e-con-inner\">\n\t\t\t\t<div class=\"elementor-element elementor-element-9fcde3d elementor-widget elementor-widget-heading\" data-id=\"9fcde3d\" data-element_type=\"widget\" data-e-type=\"widget\" data-widget_type=\"heading.default\">\n\t\t\t\t\t<h1 class=\"elementor-heading-title elementor-size-default\">Eventos<\/h1>\t\t\t\t<\/div>\n\t\t\t\t<div class=\"elementor-element elementor-element-5694855 elementor-widget-divider--view-line elementor-widget elementor-widget-divider\" data-id=\"5694855\" data-element_type=\"widget\" data-e-type=\"widget\" data-widget_type=\"divider.default\">\n\t\t\t\t\t\t\t<div class=\"elementor-divider\">\n\t\t\t<span class=\"elementor-divider-separator\">\n\t\t\t\t\t\t<\/span>\n\t\t<\/div>\n\t\t\t\t\t\t<\/div>\n\t\t\t\t\t<\/div>\n\t\t\t\t<\/div>\n\t\t<div class=\"elementor-element elementor-element-0e6bdc2 e-flex e-con-boxed e-con e-parent\" data-id=\"0e6bdc2\" data-element_type=\"container\" data-e-type=\"container\">\n\t\t\t\t\t<div class=\"e-con-inner\">\n\t\t\t\t<div class=\"elementor-element elementor-element-bcc0274 elementor-widget elementor-widget-heading\" data-id=\"bcc0274\" data-element_type=\"widget\" data-e-type=\"widget\" data-widget_type=\"heading.default\">\n\t\t\t\t\t<h2 class=\"elementor-heading-title elementor-size-default\">Congresso Ap\u00edcola Internacional da Apimondia<\/h2>\t\t\t\t<\/div>\n\t\t<div class=\"elementor-element elementor-element-e840dd7 e-con-full e-flex e-con e-child\" data-id=\"e840dd7\" data-element_type=\"container\" data-e-type=\"container\">\n\t\t<div class=\"elementor-element elementor-element-1f712b0 e-con-full e-flex e-con e-child\" data-id=\"1f712b0\" data-element_type=\"container\" data-e-type=\"container\">\n\t\t\t\t<div class=\"elementor-element elementor-element-ff734e0 elementor-widget elementor-widget-text-editor\" data-id=\"ff734e0\" data-element_type=\"widget\" data-e-type=\"widget\" data-widget_type=\"text-editor.default\">\n\t\t\t\t\t\t\t\t\t<p class=\"paragraph\">Um dos nossos principais objectivos \u00e9 facilitar o interc\u00e2mbio de informa\u00e7\u00f5es e debates atrav\u00e9s da organiza\u00e7\u00e3o de Congressos e Simp\u00f3sios, onde apicultores, cientistas, comerciantes de mel, agentes de desenvolvimento, t\u00e9cnicos e autoridades se encontram para ouvir, discutir e aprender uns com os outros.<\/p><p class=\"paragraph\"><strong>O 50\u00ba Congresso Apimondia<\/strong> realizar-se-\u00e1 em <strong>Dubai em 2027<\/strong>.<\/p>\t\t\t\t\t\t\t\t<\/div>\n\t\t<div class=\"elementor-element elementor-element-1e2c99b e-con-full e-flex e-con e-child\" data-id=\"1e2c99b\" data-element_type=\"container\" data-e-type=\"container\">\n\t\t\t\t<div class=\"elementor-element elementor-element-19765eb elementor-align-left elementor-widget__width-initial elementor-mobile-align-center elementor-widget elementor-widget-button\" data-id=\"19765eb\" data-element_type=\"widget\" data-e-type=\"widget\" data-widget_type=\"button.default\">\n\t\t\t\t\t\t\t\t\t\t<a class=\"elementor-button elementor-button-link elementor-size-sm\" href=\"https:\/\/apimondia.org\/prt\/events\/congresses\/congress-2027\/\">\n\t\t\t\t\t\t<span class=\"elementor-button-content-wrapper\">\n\t\t\t\t\t\t\t\t\t<span class=\"elementor-button-text\">Mais sobre o Congresso 2027<\/span>\n\t\t\t\t\t<\/span>\n\t\t\t\t\t<\/a>\n\t\t\t\t\t\t\t\t<\/div>\n\t\t\t\t<div class=\"elementor-element elementor-element-6d07c10 elementor-align-left elementor-widget__width-initial elementor-mobile-align-center elementor-widget elementor-widget-button\" data-id=\"6d07c10\" data-element_type=\"widget\" data-e-type=\"widget\" data-widget_type=\"button.default\">\n\t\t\t\t\t\t\t\t\t\t<a class=\"elementor-button elementor-button-link elementor-size-sm\" href=\"https:\/\/apimondia.org\/prt\/events\/congresses\/\">\n\t\t\t\t\t\t<span class=\"elementor-button-content-wrapper\">\n\t\t\t\t\t\t\t\t\t<span class=\"elementor-button-text\">Ver todos os Congressos<\/span>\n\t\t\t\t\t<\/span>\n\t\t\t\t\t<\/a>\n\t\t\t\t\t\t\t\t<\/div>\n\t\t\t\t<\/div>\n\t\t\t\t<\/div>\n\t\t<div class=\"elementor-element elementor-element-5eef8a9 e-con-full e-flex e-con e-child\" data-id=\"5eef8a9\" data-element_type=\"container\" data-e-type=\"container\">\n\t\t\t\t<div class=\"elementor-element elementor-element-c6a9780 elementor-widget elementor-widget-image\" data-id=\"c6a9780\" data-element_type=\"widget\" data-e-type=\"widget\" data-widget_type=\"image.default\">\n\t\t\t\t\t\t\t\t\t\t\t\t\t\t\t\t<a href=\"https:\/\/apimondia.org\/prt\/congresses-events\/congress-2027\/\">\n\t\t\t\t\t\t\t<img fetchpriority=\"high\" decoding=\"async\" width=\"637\" height=\"237\" src=\"https:\/\/apimondia.org\/wp-content\/uploads\/2025\/11\/logo.webp\" class=\"attachment-large size-large wp-image-1219\" alt=\"\" srcset=\"https:\/\/apimondia.org\/wp-content\/uploads\/2025\/11\/logo.webp 637w, https:\/\/apimondia.org\/wp-content\/uploads\/2025\/11\/logo-18x7.webp 18w\" sizes=\"(max-width: 637px) 100vw, 637px\" \/>\t\t\t\t\t\t\t\t<\/a>\n\t\t\t\t\t\t\t\t\t\t\t\t\t\t\t<\/div>\n\t\t\t\t<\/div>\n\t\t\t\t<\/div>\n\t\t\t\t\t<\/div>\n\t\t\t\t<\/div>\n\t\t<div class=\"elementor-element elementor-element-1c25459 e-flex e-con-boxed e-con e-child\" data-id=\"1c25459\" data-element_type=\"container\" data-e-type=\"container\">\n\t\t\t\t\t<div class=\"e-con-inner\">\n\t\t<div class=\"elementor-element elementor-element-c3003c2 e-con-full e-flex e-con e-child\" data-id=\"c3003c2\" data-element_type=\"container\" data-e-type=\"container\" data-settings=\"{&quot;background_background&quot;:&quot;classic&quot;}\">\n\t\t\t\t<div class=\"elementor-element elementor-element-8e3ccaa elementor-widget elementor-widget-heading\" data-id=\"8e3ccaa\" data-element_type=\"widget\" data-e-type=\"widget\" data-widget_type=\"heading.default\">\n\t\t\t\t\t<h2 class=\"elementor-heading-title elementor-size-default\">Candidatar-se a acolher um Congresso Apimondia<\/h2>\t\t\t\t<\/div>\n\t\t\t\t<div class=\"elementor-element elementor-element-5c1e922 elementor-widget-divider--view-line elementor-widget elementor-widget-divider\" data-id=\"5c1e922\" data-element_type=\"widget\" data-e-type=\"widget\" data-widget_type=\"divider.default\">\n\t\t\t\t\t\t\t<div class=\"elementor-divider\">\n\t\t\t<span class=\"elementor-divider-separator\">\n\t\t\t\t\t\t<\/span>\n\t\t<\/div>\n\t\t\t\t\t\t<\/div>\n\t\t\t\t<div class=\"elementor-element elementor-element-ae711cf elementor-widget elementor-widget-text-editor\" data-id=\"ae711cf\" data-element_type=\"widget\" data-e-type=\"widget\" data-widget_type=\"text-editor.default\">\n\t\t\t\t\t\t\t\t\t<p>Saiba como preparar e apresentar uma proposta bem sucedida para acolher um futuro Congresso Apimondia.<\/p>\t\t\t\t\t\t\t\t<\/div>\n\t\t\t\t<div class=\"elementor-element elementor-element-bf238a9 elementor-align-center elementor-widget__width-initial elementor-widget elementor-widget-button\" data-id=\"bf238a9\" data-element_type=\"widget\" data-e-type=\"widget\" data-widget_type=\"button.default\">\n\t\t\t\t\t\t\t\t\t\t<a class=\"elementor-button elementor-button-link elementor-size-sm\" href=\"https:\/\/apimondia.org\/wp-content\/uploads\/2025\/12\/apimondia_guidelines_congress.pdf\">\n\t\t\t\t\t\t<span class=\"elementor-button-content-wrapper\">\n\t\t\t\t\t\t<span class=\"elementor-button-icon\">\n\t\t\t\t<svg aria-hidden=\"true\" class=\"e-font-icon-svg e-fas-download\" viewbox=\"0 0 512 512\" xmlns=\"http:\/\/www.w3.org\/2000\/svg\"><path d=\"M216 0h80c13.3 0 24 10.7 24 24v168h87.7c17.8 0 26.7 21.5 14.1 34.1L269.7 378.3c-7.5 7.5-19.8 7.5-27.3 0L90.1 226.1c-12.6-12.6-3.7-34.1 14.1-34.1H192V24c0-13.3 10.7-24 24-24zm296 376v112c0 13.3-10.7 24-24 24H24c-13.3 0-24-10.7-24-24V376c0-13.3 10.7-24 24-24h146.7l49 49c20.1 20.1 52.5 20.1 72.6 0l49-49H488c13.3 0 24 10.7 24 24zm-124 88c0-11-9-20-20-20s-20 9-20 20 9 20 20 20 20-9 20-20zm64 0c0-11-9-20-20-20s-20 9-20 20 9 20 20 20 20-9 20-20z\"><\/path><\/svg>\t\t\t<\/span>\n\t\t\t\t\t\t\t\t\t<span class=\"elementor-button-text\">Diretrizes<\/span>\n\t\t\t\t\t<\/span>\n\t\t\t\t\t<\/a>\n\t\t\t\t\t\t\t\t<\/div>\n\t\t\t\t<\/div>\n\t\t\t\t\t<\/div>\n\t\t\t\t<\/div>\n\t\t<div class=\"elementor-element elementor-element-8d3c22c e-flex e-con-boxed e-con e-parent\" data-id=\"8d3c22c\" data-element_type=\"container\" data-e-type=\"container\">\n\t\t\t\t\t<div class=\"e-con-inner\">\n\t\t\t\t<div class=\"elementor-element elementor-element-a1f4ab3 elementor-widget elementor-widget-heading\" data-id=\"a1f4ab3\" data-element_type=\"widget\" data-e-type=\"widget\" data-widget_type=\"heading.default\">\n\t\t\t\t\t<h2 class=\"elementor-heading-title elementor-size-default\">Simp\u00f3sios Apimondia<\/h2>\t\t\t\t<\/div>\n\t\t<div class=\"elementor-element elementor-element-1d8c146 e-con-full e-flex e-con e-child\" data-id=\"1d8c146\" data-element_type=\"container\" data-e-type=\"container\">\n\t\t<div class=\"elementor-element elementor-element-2d6fd32 e-con-full e-flex e-con e-child\" data-id=\"2d6fd32\" data-element_type=\"container\" data-e-type=\"container\">\n\t\t\t\t<div class=\"elementor-element elementor-element-1108124 elementor-widget elementor-widget-text-editor\" data-id=\"1108124\" data-element_type=\"widget\" data-e-type=\"widget\" data-widget_type=\"text-editor.default\">\n\t\t\t\t\t\t\t\t\t<p data-start=\"233\" data-end=\"576\">Os simp\u00f3sios Apimondia re\u00fanem investigadores, apicultores, especialistas da ind\u00fastria e decisores pol\u00edticos para abordar os actuais desafios e oportunidades na apicultura. Estes eventos servem como plataformas espec\u00edficas para apresentar descobertas cient\u00edficas, discutir tend\u00eancias emergentes e partilhar conhecimentos pr\u00e1ticos que apoiam a comunidade ap\u00edcola global.<\/p><p data-start=\"584\" data-end=\"958\">Cada simp\u00f3sio \u00e9 organizado em coopera\u00e7\u00e3o com parceiros locais e destaca t\u00f3picos de relev\u00e2ncia regional e internacional - desde a sa\u00fade das abelhas, poliniza\u00e7\u00e3o e gest\u00e3o sustent\u00e1vel at\u00e9 \u00e0 inova\u00e7\u00e3o, programas de desenvolvimento e pol\u00edtica setorial. Para al\u00e9m das contribui\u00e7\u00f5es cient\u00edficas, os simp\u00f3sios incluem frequentemente workshops, visitas de campo e oportunidades de interc\u00e2mbio profissional.<\/p><p data-start=\"966\" data-end=\"1120\">Explore os nossos pr\u00f3ximos simp\u00f3sios, iniciativas em curso e relat\u00f3rios de eventos anteriores para se manter informado sobre os \u00faltimos desenvolvimentos que moldam o futuro da apicultura.<\/p>\t\t\t\t\t\t\t\t<\/div>\n\t\t\t\t<div class=\"elementor-element elementor-element-2f701f1 elementor-align-left elementor-widget__width-initial elementor-mobile-align-center elementor-widget elementor-widget-button\" data-id=\"2f701f1\" data-element_type=\"widget\" data-e-type=\"widget\" data-widget_type=\"button.default\">\n\t\t\t\t\t\t\t\t\t\t<a class=\"elementor-button elementor-button-link elementor-size-sm\" href=\"https:\/\/apimondia.org\/prt\/events\/symposia\/\">\n\t\t\t\t\t\t<span class=\"elementor-button-content-wrapper\">\n\t\t\t\t\t\t\t\t\t<span class=\"elementor-button-text\">Ver todos os Simp\u00f3sios<\/span>\n\t\t\t\t\t<\/span>\n\t\t\t\t\t<\/a>\n\t\t\t\t\t\t\t\t<\/div>\n\t\t\t\t<\/div>\n\t\t<div class=\"elementor-element elementor-element-1194a6f e-con-full e-flex e-con e-child\" data-id=\"1194a6f\" data-element_type=\"container\" data-e-type=\"container\">\n\t\t\t\t<div class=\"elementor-element elementor-element-cb0f61e elementor-widget elementor-widget-image\" data-id=\"cb0f61e\" data-element_type=\"widget\" data-e-type=\"widget\" data-widget_type=\"image.default\">\n\t\t\t\t\t\t\t\t\t\t\t\t\t\t\t\t<a href=\"https:\/\/apimondia.org\/prt\/congresses-events\/congress-2027\/\">\n\t\t\t\t\t\t\t<img decoding=\"async\" width=\"1100\" height=\"502\" src=\"https:\/\/apimondia.org\/wp-content\/uploads\/2021\/09\/symposium-2021.png\" class=\"attachment-large size-large wp-image-1845\" alt=\"\" srcset=\"https:\/\/apimondia.org\/wp-content\/uploads\/2021\/09\/symposium-2021.png 1100w, https:\/\/apimondia.org\/wp-content\/uploads\/2021\/09\/symposium-2021-768x350.png 768w, https:\/\/apimondia.org\/wp-content\/uploads\/2021\/09\/symposium-2021-18x8.png 18w\" sizes=\"(max-width: 1100px) 100vw, 1100px\" \/>\t\t\t\t\t\t\t\t<\/a>\n\t\t\t\t\t\t\t\t\t\t\t\t\t\t\t<\/div>\n\t\t\t\t<\/div>\n\t\t\t\t<\/div>\n\t\t\t\t\t<\/div>\n\t\t\t\t<\/div>\n\t\t<div class=\"elementor-element elementor-element-001cacd e-flex e-con-boxed e-con e-parent\" data-id=\"001cacd\" data-element_type=\"container\" data-e-type=\"container\">\n\t\t\t\t\t<div class=\"e-con-inner\">\n\t\t\t\t<div class=\"elementor-element elementor-element-ee5a616 elementor-widget elementor-widget-heading\" data-id=\"ee5a616\" data-element_type=\"widget\" data-e-type=\"widget\" data-widget_type=\"heading.default\">\n\t\t\t\t\t<h2 class=\"elementor-heading-title elementor-size-default\">Dia Mundial da Abelha<\/h2>\t\t\t\t<\/div>\n\t\t<div class=\"elementor-element elementor-element-616fa51 e-con-full e-flex e-con e-child\" data-id=\"616fa51\" data-element_type=\"container\" data-e-type=\"container\">\n\t\t<div class=\"elementor-element elementor-element-51680bb e-con-full e-flex e-con e-child\" data-id=\"51680bb\" data-element_type=\"container\" data-e-type=\"container\">\n\t\t\t\t<div class=\"elementor-element elementor-element-846e8d6 elementor-widget elementor-widget-text-editor\" data-id=\"846e8d6\" data-element_type=\"widget\" data-e-type=\"widget\" data-widget_type=\"text-editor.default\">\n\t\t\t\t\t\t\t\t\t<p data-start=\"276\" data-end=\"728\">O Dia Mundial das Abelhas, celebrado todos os anos em <strong>20 de maio<\/strong>, O Dia Mundial dos Polinizadores, celebrado em 2008, destaca o papel essencial das abelhas e de outros polinizadores na garantia da seguran\u00e7a alimentar, na manuten\u00e7\u00e3o da biodiversidade e no apoio a ecossistemas saud\u00e1veis. Criada por iniciativa da Eslov\u00e9nia e adoptada pelas Na\u00e7\u00f5es Unidas, constitui uma oportunidade importante para chamar a aten\u00e7\u00e3o para os desafios que os polinizadores enfrentam em todo o mundo - desde a perda de habitat e as altera\u00e7\u00f5es clim\u00e1ticas at\u00e9 \u00e0s pr\u00e1ticas agr\u00edcolas insustent\u00e1veis.<\/p><p data-start=\"736\" data-end=\"1024\">O dia serve de plataforma para partilhar conhecimentos, refor\u00e7ar a coopera\u00e7\u00e3o e promover medidas pr\u00e1ticas que apoiem os apicultores e protejam as popula\u00e7\u00f5es de polinizadores. Saiba mais sobre as origens do Dia Mundial das Abelhas, o seu significado global e as actividades organizadas em todo o mundo.<\/p>\t\t\t\t\t\t\t\t<\/div>\n\t\t\t\t<div class=\"elementor-element elementor-element-368353c elementor-align-left elementor-widget__width-initial elementor-mobile-align-center elementor-widget elementor-widget-button\" data-id=\"368353c\" data-element_type=\"widget\" data-e-type=\"widget\" data-widget_type=\"button.default\">\n\t\t\t\t\t\t\t\t\t\t<a class=\"elementor-button elementor-button-link elementor-size-sm\" href=\"https:\/\/apimondia.org\/prt\/events\/world-bee-day\/\">\n\t\t\t\t\t\t<span class=\"elementor-button-content-wrapper\">\n\t\t\t\t\t\t\t\t\t<span class=\"elementor-button-text\">Saiba mais<\/span>\n\t\t\t\t\t<\/span>\n\t\t\t\t\t<\/a>\n\t\t\t\t\t\t\t\t<\/div>\n\t\t\t\t<\/div>\n\t\t<div class=\"elementor-element elementor-element-c5dc1ce e-con-full e-flex e-con e-child\" data-id=\"c5dc1ce\" data-element_type=\"container\" data-e-type=\"container\">\n\t\t\t\t<div class=\"elementor-element elementor-element-d312fc4 elementor-widget elementor-widget-image\" data-id=\"d312fc4\" data-element_type=\"widget\" data-e-type=\"widget\" data-widget_type=\"image.default\">\n\t\t\t\t\t\t\t\t\t\t\t\t\t\t\t\t<a href=\"https:\/\/apimondia.org\/prt\/congresses-events\/congress-2027\/\">\n\t\t\t\t\t\t\t<img decoding=\"async\" width=\"800\" height=\"800\" src=\"https:\/\/apimondia.org\/wp-content\/uploads\/2025\/12\/wbd2_orig.webp\" class=\"attachment-large size-large wp-image-1557\" alt=\"\" srcset=\"https:\/\/apimondia.org\/wp-content\/uploads\/2025\/12\/wbd2_orig.webp 800w, https:\/\/apimondia.org\/wp-content\/uploads\/2025\/12\/wbd2_orig-768x768.webp 768w, https:\/\/apimondia.org\/wp-content\/uploads\/2025\/12\/wbd2_orig-12x12.webp 12w\" sizes=\"(max-width: 800px) 100vw, 800px\" \/>\t\t\t\t\t\t\t\t<\/a>\n\t\t\t\t\t\t\t\t\t\t\t\t\t\t\t<\/div>\n\t\t\t\t<\/div>\n\t\t\t\t<\/div>\n\t\t\t\t\t<\/div>\n\t\t\t\t<\/div>\n\t\t\t\t<\/div>","protected":false},"excerpt":{"rendered":"<p>Events Apimondia International Apicultural Congress One of our main objectives is to facilitate the exchange of information and discussions by organizing Congresses and Symposia, where beekeepers, scientists, honey-traders, agents for development, technicians and authorities meet to listen, discuss and learn from one another. The 50th Apimondia Congress will be held in Dubai in 2027. More [&hellip;]<\/p>\n","protected":false},"author":2,"featured_media":0,"parent":0,"menu_order":0,"comment_status":"closed","ping_status":"closed","template":"","meta":{"footnotes":""},"class_list":["post-1491","page","type-page","status-publish","hentry"],"aioseo_notices":[],"_links":{"self":[{"href":"https:\/\/apimondia.org\/prt\/wp-json\/wp\/v2\/pages\/1491","targetHints":{"allow":["GET"]}}],"collection":[{"href":"https:\/\/apimondia.org\/prt\/wp-json\/wp\/v2\/pages"}],"about":[{"href":"https:\/\/apimondia.org\/prt\/wp-json\/wp\/v2\/types\/page"}],"author":[{"embeddable":true,"href":"https:\/\/apimondia.org\/prt\/wp-json\/wp\/v2\/users\/2"}],"replies":[{"embeddable":true,"href":"https:\/\/apimondia.org\/prt\/wp-json\/wp\/v2\/comments?post=1491"}],"version-history":[{"count":13,"href":"https:\/\/apimondia.org\/prt\/wp-json\/wp\/v2\/pages\/1491\/revisions"}],"predecessor-version":[{"id":2539,"href":"https:\/\/apimondia.org\/prt\/wp-json\/wp\/v2\/pages\/1491\/revisions\/2539"}],"wp:attachment":[{"href":"https:\/\/apimondia.org\/prt\/wp-json\/wp\/v2\/media?parent=1491"}],"curies":[{"name":"wp","href":"https:\/\/api.w.org\/{rel}","templated":true}]}}