{"id":1976,"date":"2025-12-03T22:57:28","date_gmt":"2025-12-03T22:57:28","guid":{"rendered":"https:\/\/apimondia.org\/?page_id=1976"},"modified":"2026-02-05T00:11:34","modified_gmt":"2026-02-05T00:11:34","slug":"logo-guidelines","status":"publish","type":"page","link":"https:\/\/apimondia.org\/prt\/logo-guidelines\/","title":{"rendered":"Diretrizes para o log\u00f3tipo"},"content":{"rendered":"<div data-elementor-type=\"wp-page\" data-elementor-id=\"1976\" class=\"elementor elementor-1976\" data-elementor-post-type=\"page\">\n\t\t\t\t<div class=\"elementor-element elementor-element-be5be70 e-flex e-con-boxed e-con e-parent\" data-id=\"be5be70\" data-element_type=\"container\" data-e-type=\"container\">\n\t\t\t\t\t<div class=\"e-con-inner\">\n\t\t\t\t<div class=\"elementor-element elementor-element-acb043a elementor-widget elementor-widget-heading\" data-id=\"acb043a\" data-element_type=\"widget\" data-e-type=\"widget\" data-widget_type=\"heading.default\">\n\t\t\t\t\t<h1 class=\"elementor-heading-title elementor-size-default\">Diretrizes para o log\u00f3tipo<\/h1>\t\t\t\t<\/div>\n\t\t\t\t<div class=\"elementor-element elementor-element-722524c elementor-widget-divider--view-line elementor-widget elementor-widget-divider\" data-id=\"722524c\" data-element_type=\"widget\" data-e-type=\"widget\" data-widget_type=\"divider.default\">\n\t\t\t\t\t\t\t<div class=\"elementor-divider\">\n\t\t\t<span class=\"elementor-divider-separator\">\n\t\t\t\t\t\t<\/span>\n\t\t<\/div>\n\t\t\t\t\t\t<\/div>\n\t\t\t\t\t<\/div>\n\t\t\t\t<\/div>\n\t\t<div class=\"elementor-element elementor-element-4a4e888 e-flex e-con-boxed e-con e-parent\" data-id=\"4a4e888\" data-element_type=\"container\" data-e-type=\"container\">\n\t\t\t\t\t<div class=\"e-con-inner\">\n\t\t\t\t<div class=\"elementor-element elementor-element-52e115b elementor-widget elementor-widget-heading\" data-id=\"52e115b\" data-element_type=\"widget\" data-e-type=\"widget\" data-widget_type=\"heading.default\">\n\t\t\t\t\t<h2 class=\"elementor-heading-title elementor-size-default\">Log\u00f3tipo<\/h2>\t\t\t\t<\/div>\n\t\t<div class=\"elementor-element elementor-element-61bbb8e e-con-full e-flex e-con e-child\" data-id=\"61bbb8e\" data-element_type=\"container\" data-e-type=\"container\">\n\t\t<div class=\"elementor-element elementor-element-6e81e82 e-con-full e-flex e-con e-child\" data-id=\"6e81e82\" data-element_type=\"container\" data-e-type=\"container\">\n\t\t\t\t<div class=\"elementor-element elementor-element-337e9fe elementor-widget elementor-widget-text-editor\" data-id=\"337e9fe\" data-element_type=\"widget\" data-e-type=\"widget\" data-widget_type=\"text-editor.default\">\n\t\t\t\t\t\t\t\t\t<p><br \/>Para maximizar a sua presen\u00e7a visual, o log\u00f3tipo requer uma \u00e1rea circundante livre de qualquer elemento gr\u00e1fico ou texto. Este espa\u00e7o livre deve ser sempre igual a metade da largura do log\u00f3tipo.<\/p><p>O log\u00f3tipo do Apimondia pode ser utilizado em conjunto com outro log\u00f3tipo ou emblema para sugerir uma associa\u00e7\u00e3o entre o Apimondia e outras organiza\u00e7\u00f5es, projectos ou iniciativas. Quando o log\u00f3tipo \u00e9 utilizado com outros log\u00f3tipos ou emblemas, deve ser deixado espa\u00e7o suficiente \u00e0 volta do log\u00f3tipo do Apimondia para o demonstrar claramente como uma organiza\u00e7\u00e3o separada e distinta.<\/p><p>Por favor <a href=\"https:\/\/apimondia.org\/prt\/contact\/\">entrar em contacto<\/a> se pretender utilizar o log\u00f3tipo.<\/p>\t\t\t\t\t\t\t\t<\/div>\n\t\t\t\t<\/div>\n\t\t<div class=\"elementor-element elementor-element-21c6e62 e-con-full e-flex e-con e-child\" data-id=\"21c6e62\" data-element_type=\"container\" data-e-type=\"container\">\n\t\t\t\t<div class=\"elementor-element elementor-element-ec9902c elementor-widget elementor-widget-image\" data-id=\"ec9902c\" data-element_type=\"widget\" data-e-type=\"widget\" data-widget_type=\"image.default\">\n\t\t\t\t\t\t\t\t\t\t\t\t\t\t\t<img fetchpriority=\"high\" decoding=\"async\" width=\"370\" height=\"370\" src=\"https:\/\/apimondia.org\/wp-content\/uploads\/2025\/10\/apimondia-logo-small-1.webp\" class=\"attachment-large size-large wp-image-27\" alt=\"Apimondia logo\" srcset=\"https:\/\/apimondia.org\/wp-content\/uploads\/2025\/10\/apimondia-logo-small-1.webp 370w, https:\/\/apimondia.org\/wp-content\/uploads\/2025\/10\/apimondia-logo-small-1-12x12.webp 12w\" sizes=\"(max-width: 370px) 100vw, 370px\" \/>\t\t\t\t\t\t\t\t\t\t\t\t\t\t\t<\/div>\n\t\t\t\t<\/div>\n\t\t\t\t<\/div>\n\t\t\t\t\t<\/div>\n\t\t\t\t<\/div>\n\t\t<div class=\"elementor-element elementor-element-8cf9ab2 e-flex e-con-boxed e-con e-parent\" data-id=\"8cf9ab2\" data-element_type=\"container\" data-e-type=\"container\">\n\t\t\t\t\t<div class=\"e-con-inner\">\n\t\t\t\t<div class=\"elementor-element elementor-element-950fcb2 elementor-widget elementor-widget-heading\" data-id=\"950fcb2\" data-element_type=\"widget\" data-e-type=\"widget\" data-widget_type=\"heading.default\">\n\t\t\t\t\t<h2 class=\"elementor-heading-title elementor-size-default\">Paleta de cores<\/h2>\t\t\t\t<\/div>\n\t\t<div class=\"elementor-element elementor-element-ea45f8f e-grid e-con-full e-con e-child\" data-id=\"ea45f8f\" data-element_type=\"container\" data-e-type=\"container\">\n\t\t<div class=\"elementor-element elementor-element-b89a4fc e-con-full e-flex e-con e-child\" data-id=\"b89a4fc\" data-element_type=\"container\" data-e-type=\"container\">\n\t\t<div class=\"elementor-element elementor-element-01fe249 e-con-full e-flex e-con e-child\" data-id=\"01fe249\" data-element_type=\"container\" data-e-type=\"container\" data-settings=\"{&quot;background_background&quot;:&quot;classic&quot;}\">\n\t\t\t\t<\/div>\n\t\t\t\t<div class=\"elementor-element elementor-element-6a5b88f elementor-widget elementor-widget-text-editor\" data-id=\"6a5b88f\" data-element_type=\"widget\" data-e-type=\"widget\" data-widget_type=\"text-editor.default\">\n\t\t\t\t\t\t\t\t\t<p><strong>HEX<\/strong> #FFBC04<br \/><strong>RGB<\/strong> 255, 188, 4<br \/><strong>CMYK<\/strong> 0, 26, 98, 0<\/p>\t\t\t\t\t\t\t\t<\/div>\n\t\t\t\t<\/div>\n\t\t<div class=\"elementor-element elementor-element-fe75746 e-con-full e-flex e-con e-child\" data-id=\"fe75746\" data-element_type=\"container\" data-e-type=\"container\">\n\t\t<div class=\"elementor-element elementor-element-6e0143a e-con-full e-flex e-con e-child\" data-id=\"6e0143a\" data-element_type=\"container\" data-e-type=\"container\" data-settings=\"{&quot;background_background&quot;:&quot;classic&quot;}\">\n\t\t\t\t<\/div>\n\t\t\t\t<div class=\"elementor-element elementor-element-2616d76 elementor-widget elementor-widget-text-editor\" data-id=\"2616d76\" data-element_type=\"widget\" data-e-type=\"widget\" data-widget_type=\"text-editor.default\">\n\t\t\t\t\t\t\t\t\t<p><strong>HEX<\/strong> #017EFF<br \/><strong>RGB<\/strong> 1, 126, 255<br \/>\u200b<strong>CMYK<\/strong> 99, 50, 0, 0<\/p>\t\t\t\t\t\t\t\t<\/div>\n\t\t\t\t<\/div>\n\t\t<div class=\"elementor-element elementor-element-237ef91 e-con-full e-flex e-con e-child\" data-id=\"237ef91\" data-element_type=\"container\" data-e-type=\"container\">\n\t\t<div class=\"elementor-element elementor-element-46539f6 e-con-full e-flex e-con e-child\" data-id=\"46539f6\" data-element_type=\"container\" data-e-type=\"container\" data-settings=\"{&quot;background_background&quot;:&quot;classic&quot;}\">\n\t\t\t\t<\/div>\n\t\t\t\t<div class=\"elementor-element elementor-element-4609fe4 elementor-widget elementor-widget-text-editor\" data-id=\"4609fe4\" data-element_type=\"widget\" data-e-type=\"widget\" data-widget_type=\"text-editor.default\">\n\t\t\t\t\t\t\t\t\t<p><strong>HEX<\/strong> #0A0A0A<br \/><strong>RGB<\/strong> 10, 10, 10<br \/><strong>CMYK<\/strong> 0, 0, 0, 96<\/p>\t\t\t\t\t\t\t\t<\/div>\n\t\t\t\t<\/div>\n\t\t<div class=\"elementor-element elementor-element-692dc37 e-con-full e-flex e-con e-child\" data-id=\"692dc37\" data-element_type=\"container\" data-e-type=\"container\">\n\t\t<div class=\"elementor-element elementor-element-74fb5aa e-con-full e-flex e-con e-child\" data-id=\"74fb5aa\" data-element_type=\"container\" data-e-type=\"container\" data-settings=\"{&quot;background_background&quot;:&quot;classic&quot;}\">\n\t\t\t\t<\/div>\n\t\t\t\t<div class=\"elementor-element elementor-element-67c348f elementor-widget elementor-widget-text-editor\" data-id=\"67c348f\" data-element_type=\"widget\" data-e-type=\"widget\" data-widget_type=\"text-editor.default\">\n\t\t\t\t\t\t\t\t\t<p><strong>HEX<\/strong> #8CBA80<br \/><strong>RGB<\/strong> 140, 186, 128<br \/>\u200b<strong>CMYK<\/strong> 24, 0, 31, 27<\/p>\t\t\t\t\t\t\t\t<\/div>\n\t\t\t\t<\/div>\n\t\t<div class=\"elementor-element elementor-element-37c6c77 e-con-full e-flex e-con e-child\" data-id=\"37c6c77\" data-element_type=\"container\" data-e-type=\"container\">\n\t\t<div class=\"elementor-element elementor-element-41ff971 e-con-full e-flex e-con e-child\" data-id=\"41ff971\" data-element_type=\"container\" data-e-type=\"container\" data-settings=\"{&quot;background_background&quot;:&quot;classic&quot;}\">\n\t\t\t\t<\/div>\n\t\t\t\t<div class=\"elementor-element elementor-element-5d84265 elementor-widget elementor-widget-text-editor\" data-id=\"5d84265\" data-element_type=\"widget\" data-e-type=\"widget\" data-widget_type=\"text-editor.default\">\n\t\t\t\t\t\t\t\t\t<p><strong>HEX<\/strong> #E3170A<br \/><strong>RGB<\/strong> 227, 23, 10<br \/><strong>CMYK<\/strong> 0, 89, 95, 10\u00a0<\/p>\t\t\t\t\t\t\t\t<\/div>\n\t\t\t\t<\/div>\n\t\t\t\t<\/div>\n\t\t\t\t\t<\/div>\n\t\t\t\t<\/div>\n\t\t\t\t<\/div>","protected":false},"excerpt":{"rendered":"<p>Logo guidelines Logo To maximize its visual presence the logotype requires a surrounding area clear of any graphic element or text. This clear space should always be equal to half the width of the logo. \u200bThe Apimondia logo can be used in conjunction with another logo or emblem to suggest an association between Apimondia and [&hellip;]<\/p>\n","protected":false},"author":2,"featured_media":0,"parent":0,"menu_order":0,"comment_status":"closed","ping_status":"closed","template":"","meta":{"footnotes":""},"class_list":["post-1976","page","type-page","status-publish","hentry"],"aioseo_notices":[],"_links":{"self":[{"href":"https:\/\/apimondia.org\/prt\/wp-json\/wp\/v2\/pages\/1976","targetHints":{"allow":["GET"]}}],"collection":[{"href":"https:\/\/apimondia.org\/prt\/wp-json\/wp\/v2\/pages"}],"about":[{"href":"https:\/\/apimondia.org\/prt\/wp-json\/wp\/v2\/types\/page"}],"author":[{"embeddable":true,"href":"https:\/\/apimondia.org\/prt\/wp-json\/wp\/v2\/users\/2"}],"replies":[{"embeddable":true,"href":"https:\/\/apimondia.org\/prt\/wp-json\/wp\/v2\/comments?post=1976"}],"version-history":[{"count":4,"href":"https:\/\/apimondia.org\/prt\/wp-json\/wp\/v2\/pages\/1976\/revisions"}],"predecessor-version":[{"id":1980,"href":"https:\/\/apimondia.org\/prt\/wp-json\/wp\/v2\/pages\/1976\/revisions\/1980"}],"wp:attachment":[{"href":"https:\/\/apimondia.org\/prt\/wp-json\/wp\/v2\/media?parent=1976"}],"curies":[{"name":"wp","href":"https:\/\/api.w.org\/{rel}","templated":true}]}}