{"id":2416,"date":"2026-02-02T15:28:55","date_gmt":"2026-02-02T15:28:55","guid":{"rendered":"https:\/\/apimondia.org\/?page_id=2416"},"modified":"2026-02-02T15:33:21","modified_gmt":"2026-02-02T15:33:21","slug":"terms-and-conditions","status":"publish","type":"page","link":"https:\/\/apimondia.org\/prt\/terms-and-conditions\/","title":{"rendered":"Termos e condi\u00e7\u00f5es"},"content":{"rendered":"<p><em>\u00daltima atualiza\u00e7\u00e3o: 2.2.2026<\/em><\/p>\n\n\n\n<h2 class=\"wp-block-heading\" style=\"font-size:22px\">1. Introdu\u00e7\u00e3o<\/h2>\n\n\n\n<p>Os presentes Termos e Condi\u00e7\u00f5es regem o acesso e a utiliza\u00e7\u00e3o do s\u00edtio Web gerido por <strong>Apimondia - Federa\u00e7\u00e3o Internacional das Associa\u00e7\u00f5es de Apicultores<\/strong> (\u201cApimondia\u201d, \u201cn\u00f3s\u201d, \u201cnosso\u201d, \u201cnos\u201d).<\/p>\n\n\n\n<p>Ao aceder ou utilizar este s\u00edtio Web, o utilizador aceita ficar vinculado aos presentes Termos e Condi\u00e7\u00f5es. Se n\u00e3o concordar, deve abster-se de utilizar o s\u00edtio Web.<\/p>\n\n\n\n<h2 class=\"wp-block-heading\" style=\"font-size:22px\">2. Sobre o Apimondia<\/h2>\n\n\n\n<p>A Apimondia \u00e9 uma organiza\u00e7\u00e3o internacional sem fins lucrativos que facilita a troca de informa\u00e7\u00f5es e o di\u00e1logo no sector ap\u00edcola mundial.<\/p>\n\n\n\n<p>As suas actividades incluem a organiza\u00e7\u00e3o de congressos e simp\u00f3sios internacionais e a representa\u00e7\u00e3o das organiza\u00e7\u00f5es ap\u00edcolas atrav\u00e9s de publica\u00e7\u00f5es e da defesa de causas.<\/p>\n\n\n\n<p>Para mais informa\u00e7\u00f5es, consultar o s\u00edtio Web:<br><a href=\"https:\/\/apimondia.org\/prt\/about\/\">https:\/\/apimondia.org\/about<\/a><\/p>\n\n\n\n<h2 class=\"wp-block-heading\" style=\"font-size:22px\">3. Utiliza\u00e7\u00e3o do s\u00edtio Web<\/h2>\n\n\n\n<p>O s\u00edtio Web s\u00f3 pode ser utilizado para fins legais e de forma coerente com os seus objectivos informativos e educativos.<\/p>\n\n\n\n<p>Os utilizadores concordam em n\u00e3o o fazer:<\/p>\n\n\n\n<ul class=\"wp-block-list\">\n<li>utilizar indevidamente o s\u00edtio Web ou o seu conte\u00fado,<\/li>\n\n\n\n<li>interferir com o seu funcionamento t\u00e9cnico ou com a sua seguran\u00e7a,<\/li>\n\n\n\n<li>tentar aceder sem autoriza\u00e7\u00e3o \u00e0s \u00e1reas administrativas,<\/li>\n\n\n\n<li>utilizar o s\u00edtio Web de uma forma que infrinja as leis ou regulamentos aplic\u00e1veis.<\/li>\n<\/ul>\n\n\n\n<h2 class=\"wp-block-heading\" style=\"font-size:22px\">4. Conte\u00fado e propriedade intelectual<\/h2>\n\n\n\n<p>Salvo indica\u00e7\u00e3o em contr\u00e1rio, todos os conte\u00fados publicados neste s\u00edtio Web - incluindo textos, documentos, imagens, gr\u00e1ficos, log\u00f3tipos e publica\u00e7\u00f5es - s\u00e3o propriedade de <strong>propriedade da Apimondia ou \u00e9 utilizado sob licen\u00e7a v\u00e1lida<\/strong> e est\u00e1 protegido por direitos de autor e outras leis de propriedade intelectual.<\/p>\n\n\n\n<p>S\u00e3o fornecidos conte\u00fados e documentos para <strong>apenas para fins informativos e educativos<\/strong>.<br>\u00c9 permitida a partilha n\u00e3o comercial <strong>com a devida atribui\u00e7\u00e3o a Apimondia<\/strong>, Salvo indica\u00e7\u00e3o em contr\u00e1rio.<br>Qualquer utiliza\u00e7\u00e3o comercial, reprodu\u00e7\u00e3o, distribui\u00e7\u00e3o ou modifica\u00e7\u00e3o do conte\u00fado requer <strong>autoriza\u00e7\u00e3o pr\u00e9via por escrito<\/strong> de Apimondia.<\/p>\n\n\n\n<h2 class=\"wp-block-heading\" style=\"font-size:22px\">5. Ades\u00e3o<\/h2>\n\n\n\n<p>Os pedidos de ades\u00e3o podem ser apresentados atrav\u00e9s do s\u00edtio Web.<\/p>\n\n\n\n<ul class=\"wp-block-list\">\n<li>A apresenta\u00e7\u00e3o de um pedido de ades\u00e3o n\u00e3o constitui uma aceita\u00e7\u00e3o.<\/li>\n\n\n\n<li>A aprova\u00e7\u00e3o da ades\u00e3o \u00e9 efectuada manualmente e est\u00e1 sujeita aos estatutos e regulamentos internos da Apimondia.<\/li>\n\n\n\n<li>As taxas de ades\u00e3o, quando aplic\u00e1veis, n\u00e3o s\u00e3o processadas atrav\u00e9s deste s\u00edtio Web.<\/li>\n<\/ul>\n\n\n\n<p>Os direitos e obriga\u00e7\u00f5es dos membros s\u00e3o regidos por documentos internos distintos e n\u00e3o s\u00e3o regulados pelos presentes Termos e Condi\u00e7\u00f5es.<\/p>\n\n\n\n<h2 class=\"wp-block-heading\" style=\"font-size:22px\">6. Boletim informativo e comunica\u00e7\u00f5es<\/h2>\n\n\n\n<p>Os utilizadores podem subscrever voluntariamente boletins informativos ou comunica\u00e7\u00f5es informativas.<\/p>\n\n\n\n<p>O consentimento pode ser retirado a qualquer momento, utilizando a liga\u00e7\u00e3o de anula\u00e7\u00e3o da subscri\u00e7\u00e3o inclu\u00edda nas comunica\u00e7\u00f5es ou contactando diretamente a Apimondia.<\/p>\n\n\n\n<h2 class=\"wp-block-heading\" style=\"font-size:22px\">7. Liga\u00e7\u00f5es externas<\/h2>\n\n\n\n<p>Este s\u00edtio Web pode conter liga\u00e7\u00f5es a s\u00edtios Web de terceiros para fins informativos.<\/p>\n\n\n\n<p>A Apimondia n\u00e3o controla e n\u00e3o \u00e9 respons\u00e1vel pelo conte\u00fado, exatid\u00e3o ou pr\u00e1ticas de s\u00edtios Web externos. O acesso a esses s\u00edtios Web \u00e9 feito por conta e risco do utilizador.<\/p>\n\n\n\n<h2 class=\"wp-block-heading\" style=\"font-size:22px\">8. Exonera\u00e7\u00e3o de responsabilidade<\/h2>\n\n\n\n<p>As informa\u00e7\u00f5es publicadas neste s\u00edtio Web s\u00e3o fornecidas de boa f\u00e9 e apenas para fins informativos gerais.<\/p>\n\n\n\n<p>A Apimondia n\u00e3o d\u00e1 garantias quanto \u00e0 exaustividade, exatid\u00e3o ou fiabilidade do conte\u00fado e n\u00e3o ser\u00e1 respons\u00e1vel por ac\u00e7\u00f5es ou decis\u00f5es tomadas com base nas informa\u00e7\u00f5es publicadas neste s\u00edtio Web.<\/p>\n\n\n\n<h2 class=\"wp-block-heading\" style=\"font-size:22px\">9. Disponibilidade e altera\u00e7\u00f5es<\/h2>\n\n\n\n<p>A Apimondia reserva-se o direito de modificar, atualizar ou eliminar o conte\u00fado do s\u00edtio Web em qualquer momento e de restringir ou suspender o acesso por raz\u00f5es t\u00e9cnicas ou organizacionais.<\/p>\n\n\n\n<p>N\u00e3o \u00e9 dada qualquer garantia de que o s\u00edtio Web esteja dispon\u00edvel sem interrup\u00e7\u00f5es.<\/p>\n\n\n\n<h2 class=\"wp-block-heading\" style=\"font-size:22px\">10. Privacidade e cookies<\/h2>\n\n\n\n<p>O tratamento dos dados pessoais rege-se pelas normas da Apimondia <strong>Pol\u00edtica de privacidade<\/strong>.<br>As informa\u00e7\u00f5es relativas \u00e0 utiliza\u00e7\u00e3o de cookies s\u00e3o fornecidas na sec\u00e7\u00e3o <strong>Pol\u00edtica de cookies<\/strong>.<\/p>\n\n\n\n<p>Ao utilizar este s\u00edtio Web, o utilizador reconhece e aceita estas pol\u00edticas.<\/p>\n\n\n\n<h2 class=\"wp-block-heading\" style=\"font-size:22px\">11. Direito aplic\u00e1vel e jurisdi\u00e7\u00e3o<\/h2>\n\n\n\n<p>Os presentes Termos e Condi\u00e7\u00f5es s\u00e3o regidos pelas leis de <strong>It\u00e1lia<\/strong>.<\/p>\n\n\n\n<p>Quaisquer lit\u00edgios decorrentes ou relacionados com a utiliza\u00e7\u00e3o deste s\u00edtio Web ser\u00e3o da exclusiva compet\u00eancia do <strong>tribunais de Roma, It\u00e1lia<\/strong>.<\/p>\n\n\n\n<h2 class=\"wp-block-heading\" style=\"font-size:22px\">12. Contacto<\/h2>\n\n\n\n<p>Para quaisquer quest\u00f5es relativas aos presentes Termos e Condi\u00e7\u00f5es, contactar:<br><strong><a>info@apimondia.org<\/a><\/strong><\/p>\n\n\n\n<p><\/p>","protected":false},"excerpt":{"rendered":"<p>Last updated: 2.2.2026 1. Introduction These Terms &amp; Conditions govern access to and use of the website operated by Apimondia \u2013 International Federation of Beekeepers\u2019 Associations (\u201cApimondia\u201d, \u201cwe\u201d, \u201cour\u201d, \u201cus\u201d). By accessing or using this website, you agree to be bound by these Terms &amp; Conditions. If you do not agree, please refrain from using [&hellip;]<\/p>\n","protected":false},"author":2,"featured_media":0,"parent":0,"menu_order":0,"comment_status":"closed","ping_status":"closed","template":"","meta":{"footnotes":""},"class_list":["post-2416","page","type-page","status-publish","hentry"],"aioseo_notices":[],"_links":{"self":[{"href":"https:\/\/apimondia.org\/prt\/wp-json\/wp\/v2\/pages\/2416","targetHints":{"allow":["GET"]}}],"collection":[{"href":"https:\/\/apimondia.org\/prt\/wp-json\/wp\/v2\/pages"}],"about":[{"href":"https:\/\/apimondia.org\/prt\/wp-json\/wp\/v2\/types\/page"}],"author":[{"embeddable":true,"href":"https:\/\/apimondia.org\/prt\/wp-json\/wp\/v2\/users\/2"}],"replies":[{"embeddable":true,"href":"https:\/\/apimondia.org\/prt\/wp-json\/wp\/v2\/comments?post=2416"}],"version-history":[{"count":2,"href":"https:\/\/apimondia.org\/prt\/wp-json\/wp\/v2\/pages\/2416\/revisions"}],"predecessor-version":[{"id":2419,"href":"https:\/\/apimondia.org\/prt\/wp-json\/wp\/v2\/pages\/2416\/revisions\/2419"}],"wp:attachment":[{"href":"https:\/\/apimondia.org\/prt\/wp-json\/wp\/v2\/media?parent=2416"}],"curies":[{"name":"wp","href":"https:\/\/api.w.org\/{rel}","templated":true}]}}