{"id":3,"date":"2025-10-22T08:17:17","date_gmt":"2025-10-22T08:17:17","guid":{"rendered":"https:\/\/apimondia.org\/?page_id=3"},"modified":"2026-02-02T15:34:52","modified_gmt":"2026-02-02T15:34:52","slug":"privacy-policy","status":"publish","type":"page","link":"https:\/\/apimondia.org\/prt\/privacy-policy\/","title":{"rendered":"Pol\u00edtica de privacidade"},"content":{"rendered":"<p><em>\u00daltima atualiza\u00e7\u00e3o: 2.2.2026<\/em><\/p>\n\n\n\n<h2 class=\"wp-block-heading\" style=\"font-size:22px\">1. Introdu\u00e7\u00e3o<\/h2>\n\n\n\n<p>A Apimondia - Federa\u00e7\u00e3o Internacional das Associa\u00e7\u00f5es de Apicultores (\u2019Apimondia\u201c, \u201dn\u00f3s\u201c, \u201dnosso\u201c, \u201dnos\u201c) respeita a sua privacidade e est\u00e1 empenhada em proteger os seus dados pessoais.<\/p>\n\n\n\n<p>Esta Pol\u00edtica de Privacidade explica como recolhemos, utilizamos, armazenamos e protegemos as informa\u00e7\u00f5es pessoais quando visita o nosso s\u00edtio Web ou interage connosco atrav\u00e9s dos nossos servi\u00e7os online.<\/p>\n\n\n\n<p>A Apimondia desenvolve actividades a n\u00edvel internacional e trata os dados pessoais em conformidade com <strong>Regulamento Geral sobre a Prote\u00e7\u00e3o de Dados da UE (RGPD)<\/strong> e outras leis de prote\u00e7\u00e3o de dados aplic\u00e1veis.<\/p>\n\n\n\n<h2 class=\"wp-block-heading\" style=\"font-size:22px\">2. Controlador de dados<\/h2>\n\n\n\n<p><strong>Apimondia - Federa\u00e7\u00e3o Internacional das Associa\u00e7\u00f5es de Apicultores<\/strong><br>Corso Vittorio Emanuele 101<br>I-00186 Roma, It\u00e1lia<\/p>\n\n\n\n<p>Correio eletr\u00f3nico: <strong><a>info@apimondia.org<\/a><\/strong><\/p>\n\n\n\n<p>Este endere\u00e7o de contacto serve tamb\u00e9m como ponto de contacto para todas as quest\u00f5es de privacidade e prote\u00e7\u00e3o de dados.<\/p>\n\n\n\n<h2 class=\"wp-block-heading\" style=\"font-size:22px\">3. Dados pessoais que recolhemos<\/h2>\n\n\n\n<p>Podemos recolher e processar as seguintes categorias de dados pessoais:<\/p>\n\n\n\n<h3 class=\"wp-block-heading\" style=\"font-size:20px\">a) Formul\u00e1rios de contacto<\/h3>\n\n\n\n<p>Quando nos contactar atrav\u00e9s do s\u00edtio Web, poderemos recolher:<\/p>\n\n\n\n<ul class=\"wp-block-list\">\n<li>Nome pr\u00f3prio e apelido<\/li>\n\n\n\n<li>Endere\u00e7o de correio eletr\u00f3nico<\/li>\n\n\n\n<li>Pa\u00eds<\/li>\n\n\n\n<li>Conte\u00fado da mensagem<\/li>\n<\/ul>\n\n\n\n<h3 class=\"wp-block-heading\" style=\"font-size:20px\">b) Pedidos de ades\u00e3o (\u201cTornar-se membro\u201d)<\/h3>\n\n\n\n<p>Quando se candidata a membro, podemos recolher:<\/p>\n\n\n\n<ul class=\"wp-block-list\">\n<li>Nome pr\u00f3prio e apelido<\/li>\n\n\n\n<li>Endere\u00e7o de correio eletr\u00f3nico<\/li>\n\n\n\n<li>N\u00famero de telefone<\/li>\n\n\n\n<li>Nome da organiza\u00e7\u00e3o<\/li>\n\n\n\n<li>N\u00famero de membros da organiza\u00e7\u00e3o<\/li>\n\n\n\n<li>Tipo de inscri\u00e7\u00e3o<\/li>\n<\/ul>\n\n\n\n<h3 class=\"wp-block-heading\" style=\"font-size:20px\">c) Subscri\u00e7\u00e3o do boletim informativo<\/h3>\n\n\n\n<p>Ao subscrever a nossa newsletter, recolhemos:<\/p>\n\n\n\n<ul class=\"wp-block-list\">\n<li>Endere\u00e7o de correio eletr\u00f3nico<\/li>\n<\/ul>\n\n\n\n<p>O fornecimento de dados pessoais \u00e9 volunt\u00e1rio, mas \u00e9 necess\u00e1rio para nos permitir responder a quest\u00f5es, processar pedidos de ades\u00e3o ou enviar boletins informativos.<\/p>\n\n\n\n<h2 class=\"wp-block-heading\" style=\"font-size:22px\">4. Objetivo e base jur\u00eddica do tratamento<\/h2>\n\n\n\n<p>Os dados pessoais s\u00e3o tratados para as seguintes finalidades:<\/p>\n\n\n\n<ul class=\"wp-block-list\">\n<li>Responder a pedidos de informa\u00e7\u00e3o e comunica\u00e7\u00f5es<\/li>\n\n\n\n<li>Processamento de pedidos de ades\u00e3o<\/li>\n\n\n\n<li>Gerir as comunica\u00e7\u00f5es com os membros e as partes interessadas<\/li>\n\n\n\n<li>Envio de boletins informativos e actualiza\u00e7\u00f5es informativas (se tiver sido dado o consentimento)<\/li>\n\n\n\n<li>Assegurar o bom funcionamento t\u00e9cnico do s\u00edtio Web<\/li>\n<\/ul>\n\n\n\n<p>As bases legais para o processamento s\u00e3o:<\/p>\n\n\n\n<ul class=\"wp-block-list\">\n<li><strong>Consentimento<\/strong> (Artigo 6.\u00ba, n.\u00ba 1, al\u00ednea a), do RGPD)<\/li>\n\n\n\n<li><strong>Interesses leg\u00edtimos<\/strong> (artigo 6.\u00ba, n.\u00ba 1, al\u00ednea f), do RGPD), como a comunica\u00e7\u00e3o organizacional e a administra\u00e7\u00e3o do s\u00edtio Web<\/li>\n\n\n\n<li><strong>Necessidade contratual<\/strong> (artigo 6.\u00ba, n.\u00ba 1, al\u00ednea b), do RGPD), se aplic\u00e1vel em rela\u00e7\u00e3o a quest\u00f5es de filia\u00e7\u00e3o<\/li>\n<\/ul>\n\n\n\n<h2 class=\"wp-block-heading\" style=\"font-size:22px\">5. Biscoitos<\/h2>\n\n\n\n<p>O nosso s\u00edtio Web utiliza cookies que s\u00e3o <strong>estritamente necess\u00e1rio<\/strong> para o bom funcionamento e a seguran\u00e7a do s\u00edtio Web.<\/p>\n\n\n\n<p>\u00c9 implementada uma solu\u00e7\u00e3o de consentimento de cookies para informar os utilizadores sobre a utiliza\u00e7\u00e3o de cookies e para gerir as prefer\u00eancias de acordo com os regulamentos de prote\u00e7\u00e3o de dados aplic\u00e1veis.<\/p>\n\n\n\n<p>Neste momento:<\/p>\n\n\n\n<ul class=\"wp-block-list\">\n<li>apenas <strong>biscoitos essenciais<\/strong> s\u00e3o utilizados,<\/li>\n\n\n\n<li>n\u00e3o est\u00e3o activos cookies anal\u00edticos ou de marketing,<\/li>\n\n\n\n<li>n\u00e3o s\u00e3o utilizados cookies para fins de rastreio ou defini\u00e7\u00e3o de perfis.<\/li>\n<\/ul>\n\n\n\n<p>Informa\u00e7\u00f5es pormenorizadas sobre os cookies utilizados neste s\u00edtio Web est\u00e3o dispon\u00edveis na nossa <strong>Pol\u00edtica de cookies<\/strong>, acess\u00edvel em:<br><a href=\"https:\/\/apimondia.org\/prt\/cookie-policy-eu\/\">https:\/\/apimondia.org\/cookie-policy-eu\/<\/a><\/p>\n\n\n\n<p>Os utilizadores podem gerir as suas prefer\u00eancias de cookies a qualquer momento atrav\u00e9s da interface de defini\u00e7\u00f5es de cookies.<\/p>\n\n\n\n<h2 class=\"wp-block-heading\" style=\"font-size:22px\">6. Partilha de dados e terceiros<\/h2>\n\n\n\n<p>A Apimondia faz <strong>n\u00e3o vender, alugar ou trocar dados pessoais<\/strong>.<\/p>\n\n\n\n<p>Os dados pessoais podem ser acess\u00edveis a prestadores de servi\u00e7os de confian\u00e7a apenas para fins t\u00e9cnicos e operacionais, como por exemplo:<\/p>\n\n\n\n<ul class=\"wp-block-list\">\n<li>fornecedores de alojamento de s\u00edtios Web,<\/li>\n\n\n\n<li>fornecedores de servi\u00e7os de correio eletr\u00f3nico.<\/li>\n<\/ul>\n\n\n\n<p>Esses fornecedores processam os dados pessoais apenas sob as nossas instru\u00e7\u00f5es e em conformidade com as leis de prote\u00e7\u00e3o de dados aplic\u00e1veis.<\/p>\n\n\n\n<h2 class=\"wp-block-heading\" style=\"font-size:22px\">7. Transfer\u00eancias internacionais de dados<\/h2>\n\n\n\n<p>Sendo uma organiza\u00e7\u00e3o internacional, alguns dados pessoais podem ser processados ou acedidos fora da Uni\u00e3o Europeia.<\/p>\n\n\n\n<p>Quando aplic\u00e1vel, s\u00e3o aplicadas salvaguardas adequadas para garantir que essas transfer\u00eancias cumprem os requisitos do RGPD e que os dados pessoais permanecem adequadamente protegidos.<\/p>\n\n\n\n<h2 class=\"wp-block-heading\" style=\"font-size:22px\">8. Conserva\u00e7\u00e3o de dados<\/h2>\n\n\n\n<p>Os dados pessoais s\u00e3o conservados apenas durante o tempo necess\u00e1rio para cumprir as finalidades para as quais foram recolhidos, exceto se for exigido ou permitido por lei um per\u00edodo de conserva\u00e7\u00e3o mais longo.<\/p>\n\n\n\n<h2 class=\"wp-block-heading\" style=\"font-size:22px\">9. Os seus direitos<\/h2>\n\n\n\n<p>Ao abrigo do RGPD, o utilizador tem o direito de:<\/p>\n\n\n\n<ul class=\"wp-block-list\">\n<li>aceder aos seus dados pessoais,<\/li>\n\n\n\n<li>solicitar a corre\u00e7\u00e3o de dados inexactos ou incompletos,<\/li>\n\n\n\n<li>solicitar a elimina\u00e7\u00e3o dos seus dados pessoais,<\/li>\n\n\n\n<li>restringir ou opor-se ao tratamento,<\/li>\n\n\n\n<li>retirar o consentimento em qualquer altura,<\/li>\n\n\n\n<li>solicitar a portabilidade dos dados.<\/li>\n<\/ul>\n\n\n\n<p>Os pedidos podem ser enviados para: <strong><a>info@apimondia.org<\/a><\/strong><\/p>\n\n\n\n<h2 class=\"wp-block-heading\" style=\"font-size:22px\">10. Seguran\u00e7a dos dados<\/h2>\n\n\n\n<p>Aplicamos medidas t\u00e9cnicas e organizativas adequadas para proteger os dados pessoais contra o acesso n\u00e3o autorizado, a perda, a utiliza\u00e7\u00e3o indevida ou a altera\u00e7\u00e3o.<\/p>\n\n\n\n<h2 class=\"wp-block-heading\" style=\"font-size:22px\">11. Altera\u00e7\u00f5es \u00e0 presente pol\u00edtica de privacidade<\/h2>\n\n\n\n<p>A Apimondia reserva-se o direito de atualizar a presente Pol\u00edtica de Privacidade conforme necess\u00e1rio para refletir altera\u00e7\u00f5es legais, t\u00e9cnicas ou organizacionais.<\/p>\n\n\n\n<p>Quaisquer actualiza\u00e7\u00f5es ser\u00e3o publicadas nesta p\u00e1gina com uma data revista de \u201c\u00daltima atualiza\u00e7\u00e3o\u201d.<\/p>\n\n\n\n<h2 class=\"wp-block-heading\" style=\"font-size:22px\">12. Contacto<\/h2>\n\n\n\n<p>Para quaisquer quest\u00f5es relacionadas com esta Pol\u00edtica de Privacidade ou com o tratamento de dados pessoais, contacte:<br><strong><a>info@apimondia.org<\/a><\/strong><\/p>","protected":false},"excerpt":{"rendered":"<p>Last updated: 2.2.2026 1. Introduction Apimondia \u2013 International Federation of Beekeepers\u2019 Associations (\u201cApimondia\u201d, \u201cwe\u201d, \u201cour\u201d, \u201cus\u201d) respects your privacy and is committed to protecting your personal data. This Privacy Policy explains how we collect, use, store and protect personal information when you visit our website or interact with us through our online services. Apimondia operates [&hellip;]<\/p>\n","protected":false},"author":1,"featured_media":0,"parent":0,"menu_order":0,"comment_status":"closed","ping_status":"open","template":"","meta":{"footnotes":""},"class_list":["post-3","page","type-page","status-publish","hentry"],"aioseo_notices":[],"_links":{"self":[{"href":"https:\/\/apimondia.org\/prt\/wp-json\/wp\/v2\/pages\/3","targetHints":{"allow":["GET"]}}],"collection":[{"href":"https:\/\/apimondia.org\/prt\/wp-json\/wp\/v2\/pages"}],"about":[{"href":"https:\/\/apimondia.org\/prt\/wp-json\/wp\/v2\/types\/page"}],"author":[{"embeddable":true,"href":"https:\/\/apimondia.org\/prt\/wp-json\/wp\/v2\/users\/1"}],"replies":[{"embeddable":true,"href":"https:\/\/apimondia.org\/prt\/wp-json\/wp\/v2\/comments?post=3"}],"version-history":[{"count":3,"href":"https:\/\/apimondia.org\/prt\/wp-json\/wp\/v2\/pages\/3\/revisions"}],"predecessor-version":[{"id":2421,"href":"https:\/\/apimondia.org\/prt\/wp-json\/wp\/v2\/pages\/3\/revisions\/2421"}],"wp:attachment":[{"href":"https:\/\/apimondia.org\/prt\/wp-json\/wp\/v2\/media?parent=3"}],"curies":[{"name":"wp","href":"https:\/\/api.w.org\/{rel}","templated":true}]}}