{"id":66,"date":"2025-10-22T11:32:36","date_gmt":"2025-10-22T11:32:36","guid":{"rendered":"https:\/\/apimondia.org\/?page_id=66"},"modified":"2026-02-05T00:43:16","modified_gmt":"2026-02-05T00:43:16","slug":"where-we-work","status":"publish","type":"page","link":"https:\/\/apimondia.org\/prt\/our-work\/where-we-work\/","title":{"rendered":"Onde trabalhamos"},"content":{"rendered":"<div data-elementor-type=\"wp-page\" data-elementor-id=\"66\" class=\"elementor elementor-66\" data-elementor-post-type=\"page\">\n\t\t\t\t<div class=\"elementor-element elementor-element-03f62a5 e-flex e-con-boxed e-con e-parent\" data-id=\"03f62a5\" data-element_type=\"container\" data-e-type=\"container\">\n\t\t\t\t\t<div class=\"e-con-inner\">\n\t\t\t\t<div class=\"elementor-element elementor-element-245953f elementor-widget elementor-widget-heading\" data-id=\"245953f\" data-element_type=\"widget\" data-e-type=\"widget\" data-widget_type=\"heading.default\">\n\t\t\t\t\t<h1 class=\"elementor-heading-title elementor-size-default\">Onde trabalhamos<\/h1>\t\t\t\t<\/div>\n\t\t\t\t<div class=\"elementor-element elementor-element-05c7804 elementor-widget-divider--view-line elementor-widget elementor-widget-divider\" data-id=\"05c7804\" data-element_type=\"widget\" data-e-type=\"widget\" data-widget_type=\"divider.default\">\n\t\t\t\t\t\t\t<div class=\"elementor-divider\">\n\t\t\t<span class=\"elementor-divider-separator\">\n\t\t\t\t\t\t<\/span>\n\t\t<\/div>\n\t\t\t\t\t\t<\/div>\n\t\t<div class=\"elementor-element elementor-element-800d9cf e-con-full e-flex e-con e-child\" data-id=\"800d9cf\" data-element_type=\"container\" data-e-type=\"container\">\n\t\t\t\t<div class=\"elementor-element elementor-element-324480a elementor-widget elementor-widget-text-editor\" data-id=\"324480a\" data-element_type=\"widget\" data-e-type=\"widget\" data-widget_type=\"text-editor.default\">\n\t\t\t\t\t\t\t\t\t<p>A Apimondia trabalha em todo o mundo atrav\u00e9s de Comiss\u00f5es Regionais que prestam apoio \u00e0s associa\u00e7\u00f5es ap\u00edcolas nacionais junto dos seus governos e organiza\u00e7\u00f5es regionais. S\u00e3o ferramentas eficazes para ajudar os apicultores e as suas abelhas em todo o mundo. Existem para:<\/p><ul><li>Assegurar uma melhor coopera\u00e7\u00e3o com as associa\u00e7\u00f5es regionais de apicultores<\/li><li>Oferecer ajuda \u00e0s organiza\u00e7\u00f5es locais e promover os congressos e simp\u00f3sios da Apimondia e outros eventos regionais<\/li><li>Co-presidir mesas redondas durante os Congressos Apimondia<\/li><li>Promover a apicultura junto do grande p\u00fablico<\/li><li>Incentivar a cria\u00e7\u00e3o de associa\u00e7\u00f5es nacionais de apicultores nos pa\u00edses em desenvolvimento<\/li><li>Analisar as necessidades das comunidades ap\u00edcolas locais e coordenar as ac\u00e7\u00f5es de socorro em caso de cat\u00e1strofes naturais ou humanas<\/li><\/ul>\t\t\t\t\t\t\t\t<\/div>\n\t\t\t\t<\/div>\n\t\t\t\t\t<\/div>\n\t\t\t\t<\/div>\n\t\t<div class=\"elementor-element elementor-element-cd8f80b e-flex e-con-boxed e-con e-parent\" data-id=\"cd8f80b\" data-element_type=\"container\" data-e-type=\"container\">\n\t\t\t\t\t<div class=\"e-con-inner\">\n\t\t\t\t<div class=\"elementor-element elementor-element-506bd9d elementor-widget elementor-widget-heading\" data-id=\"506bd9d\" data-element_type=\"widget\" data-e-type=\"widget\" data-widget_type=\"heading.default\">\n\t\t\t\t\t<h2 class=\"elementor-heading-title elementor-size-default\">Comiss\u00f5es regionais do Apimondia<\/h2>\t\t\t\t<\/div>\n\t\t<div class=\"elementor-element elementor-element-25c5100 e-grid e-con-full e-con e-child\" data-id=\"25c5100\" data-element_type=\"container\" data-e-type=\"container\">\n\t\t<a class=\"elementor-element elementor-element-ea40b0c e-con-full e-flex e-con e-child\" data-id=\"ea40b0c\" data-element_type=\"container\" data-e-type=\"container\" href=\"https:\/\/apimondia.org\/prt\/about\/where-we-work\/africa\/\">\n\t\t\t\t<div class=\"elementor-element elementor-element-32af6f2 elementor-widget elementor-widget-image\" data-id=\"32af6f2\" data-element_type=\"widget\" data-e-type=\"widget\" data-widget_type=\"image.default\">\n\t\t\t\t\t\t\t\t\t\t\t\t\t\t\t<img fetchpriority=\"high\" decoding=\"async\" width=\"768\" height=\"429\" src=\"https:\/\/apimondia.org\/wp-content\/uploads\/2025\/10\/Africa-768x429.webp\" class=\"attachment-medium_large size-medium_large wp-image-208\" alt=\"\" srcset=\"https:\/\/apimondia.org\/wp-content\/uploads\/2025\/10\/Africa-768x429.webp 768w, https:\/\/apimondia.org\/wp-content\/uploads\/2025\/10\/Africa-18x10.webp 18w, https:\/\/apimondia.org\/wp-content\/uploads\/2025\/10\/Africa.webp 1098w\" sizes=\"(max-width: 768px) 100vw, 768px\" \/>\t\t\t\t\t\t\t\t\t\t\t\t\t\t\t<\/div>\n\t\t\t\t<div class=\"elementor-element elementor-element-3570f0f elementor-widget elementor-widget-heading\" data-id=\"3570f0f\" data-element_type=\"widget\" data-e-type=\"widget\" data-widget_type=\"heading.default\">\n\t\t\t\t\t<h3 class=\"elementor-heading-title elementor-size-default\">\u00c1frica<\/h3>\t\t\t\t<\/div>\n\t\t\t\t<\/a>\n\t\t<a class=\"elementor-element elementor-element-d5e4f60 e-con-full e-flex e-con e-child\" data-id=\"d5e4f60\" data-element_type=\"container\" data-e-type=\"container\" href=\"https:\/\/apimondia.org\/prt\/about\/where-we-work\/americas\/\">\n\t\t\t\t<div class=\"elementor-element elementor-element-ce76039 elementor-widget elementor-widget-image\" data-id=\"ce76039\" data-element_type=\"widget\" data-e-type=\"widget\" data-widget_type=\"image.default\">\n\t\t\t\t\t\t\t\t\t\t\t\t\t\t\t<img decoding=\"async\" width=\"638\" height=\"361\" src=\"https:\/\/apimondia.org\/wp-content\/uploads\/2025\/10\/Americas.webp\" class=\"attachment-medium_large size-medium_large wp-image-209\" alt=\"\" srcset=\"https:\/\/apimondia.org\/wp-content\/uploads\/2025\/10\/Americas.webp 638w, https:\/\/apimondia.org\/wp-content\/uploads\/2025\/10\/Americas-18x10.webp 18w\" sizes=\"(max-width: 638px) 100vw, 638px\" \/>\t\t\t\t\t\t\t\t\t\t\t\t\t\t\t<\/div>\n\t\t\t\t<div class=\"elementor-element elementor-element-74186ad elementor-widget elementor-widget-heading\" data-id=\"74186ad\" data-element_type=\"widget\" data-e-type=\"widget\" data-widget_type=\"heading.default\">\n\t\t\t\t\t<h3 class=\"elementor-heading-title elementor-size-default\">Am\u00e9ricas<\/h3>\t\t\t\t<\/div>\n\t\t\t\t<\/a>\n\t\t<a class=\"elementor-element elementor-element-0c548a4 e-con-full e-flex e-con e-child\" data-id=\"0c548a4\" data-element_type=\"container\" data-e-type=\"container\" href=\"https:\/\/apimondia.org\/prt\/about\/where-we-work\/asia\/\">\n\t\t\t\t<div class=\"elementor-element elementor-element-f230e68 elementor-widget elementor-widget-image\" data-id=\"f230e68\" data-element_type=\"widget\" data-e-type=\"widget\" data-widget_type=\"image.default\">\n\t\t\t\t\t\t\t\t\t\t\t\t\t\t\t<img decoding=\"async\" width=\"768\" height=\"442\" src=\"https:\/\/apimondia.org\/wp-content\/uploads\/2025\/10\/Asia-768x442.jpg\" class=\"attachment-medium_large size-medium_large wp-image-210\" alt=\"\" srcset=\"https:\/\/apimondia.org\/wp-content\/uploads\/2025\/10\/Asia-768x442.jpg 768w, https:\/\/apimondia.org\/wp-content\/uploads\/2025\/10\/Asia-18x10.jpg 18w, https:\/\/apimondia.org\/wp-content\/uploads\/2025\/10\/Asia.webp 997w\" sizes=\"(max-width: 768px) 100vw, 768px\" \/>\t\t\t\t\t\t\t\t\t\t\t\t\t\t\t<\/div>\n\t\t\t\t<div class=\"elementor-element elementor-element-ac54dca elementor-widget elementor-widget-heading\" data-id=\"ac54dca\" data-element_type=\"widget\" data-e-type=\"widget\" data-widget_type=\"heading.default\">\n\t\t\t\t\t<h3 class=\"elementor-heading-title elementor-size-default\">\u00c1sia<\/h3>\t\t\t\t<\/div>\n\t\t\t\t<\/a>\n\t\t<a class=\"elementor-element elementor-element-0897b22 e-con-full e-flex e-con e-child\" data-id=\"0897b22\" data-element_type=\"container\" data-e-type=\"container\" href=\"https:\/\/apimondia.org\/prt\/about\/where-we-work\/europe\/\">\n\t\t\t\t<div class=\"elementor-element elementor-element-90c58a4 elementor-widget elementor-widget-image\" data-id=\"90c58a4\" data-element_type=\"widget\" data-e-type=\"widget\" data-widget_type=\"image.default\">\n\t\t\t\t\t\t\t\t\t\t\t\t\t\t\t<img loading=\"lazy\" decoding=\"async\" width=\"636\" height=\"360\" src=\"https:\/\/apimondia.org\/wp-content\/uploads\/2025\/10\/Europe.webp\" class=\"attachment-medium_large size-medium_large wp-image-211\" alt=\"\" srcset=\"https:\/\/apimondia.org\/wp-content\/uploads\/2025\/10\/Europe.webp 636w, https:\/\/apimondia.org\/wp-content\/uploads\/2025\/10\/Europe-18x10.webp 18w\" sizes=\"(max-width: 636px) 100vw, 636px\" \/>\t\t\t\t\t\t\t\t\t\t\t\t\t\t\t<\/div>\n\t\t\t\t<div class=\"elementor-element elementor-element-1e7fcd0 elementor-widget elementor-widget-heading\" data-id=\"1e7fcd0\" data-element_type=\"widget\" data-e-type=\"widget\" data-widget_type=\"heading.default\">\n\t\t\t\t\t<h3 class=\"elementor-heading-title elementor-size-default\">Europa<\/h3>\t\t\t\t<\/div>\n\t\t\t\t<\/a>\n\t\t<a class=\"elementor-element elementor-element-2d12b22 e-con-full e-flex e-con e-child\" data-id=\"2d12b22\" data-element_type=\"container\" data-e-type=\"container\" href=\"https:\/\/apimondia.org\/prt\/about\/where-we-work\/oceania\/\">\n\t\t\t\t<div class=\"elementor-element elementor-element-625d14d elementor-widget elementor-widget-image\" data-id=\"625d14d\" data-element_type=\"widget\" data-e-type=\"widget\" data-widget_type=\"image.default\">\n\t\t\t\t\t\t\t\t\t\t\t\t\t\t\t<img loading=\"lazy\" decoding=\"async\" width=\"636\" height=\"360\" src=\"https:\/\/apimondia.org\/wp-content\/uploads\/2025\/10\/Oceania.webp\" class=\"attachment-medium_large size-medium_large wp-image-212\" alt=\"\" srcset=\"https:\/\/apimondia.org\/wp-content\/uploads\/2025\/10\/Oceania.webp 636w, https:\/\/apimondia.org\/wp-content\/uploads\/2025\/10\/Oceania-18x10.webp 18w\" sizes=\"(max-width: 636px) 100vw, 636px\" \/>\t\t\t\t\t\t\t\t\t\t\t\t\t\t\t<\/div>\n\t\t\t\t<div class=\"elementor-element elementor-element-41a2f41 elementor-widget elementor-widget-heading\" data-id=\"41a2f41\" data-element_type=\"widget\" data-e-type=\"widget\" data-widget_type=\"heading.default\">\n\t\t\t\t\t<h3 class=\"elementor-heading-title elementor-size-default\">Oce\u00e2nia<\/h3>\t\t\t\t<\/div>\n\t\t\t\t<\/a>\n\t\t\t\t<\/div>\n\t\t\t\t\t<\/div>\n\t\t\t\t<\/div>\n\t\t\t\t<\/div>","protected":false},"excerpt":{"rendered":"<p>Where we work Apimondia works across the globe through Regional Commissions which\u00a0provide support to national beekeeping associations with their governments and regional organisations. They\u00a0are effective tools to help beekeepers and their bees worldwide. They are there to: Assure better co-operation with regional beekeeping associations Offer help to local organisations and promote Apimondia congresses and symposia [&hellip;]<\/p>\n","protected":false},"author":1,"featured_media":0,"parent":10,"menu_order":0,"comment_status":"closed","ping_status":"closed","template":"","meta":{"footnotes":""},"class_list":["post-66","page","type-page","status-publish","hentry"],"aioseo_notices":[],"_links":{"self":[{"href":"https:\/\/apimondia.org\/prt\/wp-json\/wp\/v2\/pages\/66","targetHints":{"allow":["GET"]}}],"collection":[{"href":"https:\/\/apimondia.org\/prt\/wp-json\/wp\/v2\/pages"}],"about":[{"href":"https:\/\/apimondia.org\/prt\/wp-json\/wp\/v2\/types\/page"}],"author":[{"embeddable":true,"href":"https:\/\/apimondia.org\/prt\/wp-json\/wp\/v2\/users\/1"}],"replies":[{"embeddable":true,"href":"https:\/\/apimondia.org\/prt\/wp-json\/wp\/v2\/comments?post=66"}],"version-history":[{"count":38,"href":"https:\/\/apimondia.org\/prt\/wp-json\/wp\/v2\/pages\/66\/revisions"}],"predecessor-version":[{"id":1520,"href":"https:\/\/apimondia.org\/prt\/wp-json\/wp\/v2\/pages\/66\/revisions\/1520"}],"up":[{"embeddable":true,"href":"https:\/\/apimondia.org\/prt\/wp-json\/wp\/v2\/pages\/10"}],"wp:attachment":[{"href":"https:\/\/apimondia.org\/prt\/wp-json\/wp\/v2\/media?parent=66"}],"curies":[{"name":"wp","href":"https:\/\/api.w.org\/{rel}","templated":true}]}}