{"id":743,"date":"2025-11-12T10:17:37","date_gmt":"2025-11-12T10:17:37","guid":{"rendered":"https:\/\/apimondia.org\/?page_id=743"},"modified":"2026-03-10T09:31:06","modified_gmt":"2026-03-10T09:31:06","slug":"buzz-of-transformation","status":"publish","type":"page","link":"https:\/\/apimondia.org\/prt\/buzz-of-transformation\/","title":{"rendered":"Buzz da Transforma\u00e7\u00e3o"},"content":{"rendered":"<div data-elementor-type=\"wp-page\" data-elementor-id=\"743\" class=\"elementor elementor-743\" data-elementor-post-type=\"page\">\n\t\t\t\t<div class=\"elementor-element elementor-element-e6fe6f0 e-flex e-con-boxed e-con e-parent\" data-id=\"e6fe6f0\" data-element_type=\"container\" data-e-type=\"container\">\n\t\t\t\t\t<div class=\"e-con-inner\">\n\t\t\t\t<div class=\"elementor-element elementor-element-aca56e6 elementor-widget elementor-widget-heading\" data-id=\"aca56e6\" data-element_type=\"widget\" data-e-type=\"widget\" data-widget_type=\"heading.default\">\n\t\t\t\t\t<h1 class=\"elementor-heading-title elementor-size-default\">O zumbido da transforma\u00e7\u00e3o<\/h1>\t\t\t\t<\/div>\n\t\t\t\t<div class=\"elementor-element elementor-element-0e31c88 elementor-widget-divider--view-line elementor-widget elementor-widget-divider\" data-id=\"0e31c88\" data-element_type=\"widget\" data-e-type=\"widget\" data-widget_type=\"divider.default\">\n\t\t\t\t\t\t\t<div class=\"elementor-divider\">\n\t\t\t<span class=\"elementor-divider-separator\">\n\t\t\t\t\t\t<\/span>\n\t\t<\/div>\n\t\t\t\t\t\t<\/div>\n\t\t\t\t<div class=\"elementor-element elementor-element-516874c elementor-widget elementor-widget-text-editor\" data-id=\"516874c\" data-element_type=\"widget\" data-e-type=\"widget\" data-widget_type=\"text-editor.default\">\n\t\t\t\t\t\t\t\t\t<p>Uma s\u00e9rie documental global inspiradora que celebra a forma como pessoas comuns alcan\u00e7am o extraordin\u00e1rio atrav\u00e9s da sua liga\u00e7\u00e3o com as abelhas...<\/p>\t\t\t\t\t\t\t\t<\/div>\n\t\t\t\t\t<\/div>\n\t\t\t\t<\/div>\n\t\t<div class=\"elementor-element elementor-element-a37cd1a e-flex e-con-boxed e-con e-parent\" data-id=\"a37cd1a\" data-element_type=\"container\" data-e-type=\"container\">\n\t\t\t\t\t<div class=\"e-con-inner\">\n\t\t\t\t<div class=\"elementor-element elementor-element-6084e34 elementor-widget elementor-widget-heading\" data-id=\"6084e34\" data-element_type=\"widget\" data-e-type=\"widget\" data-widget_type=\"heading.default\">\n\t\t\t\t\t<h2 class=\"elementor-heading-title elementor-size-default\">Um document\u00e1rio sobre abelhas, pessoas, biodiversidade e o nosso futuro<\/h2>\t\t\t\t<\/div>\n\t\t\t\t<div class=\"elementor-element elementor-element-85234b9 elementor-widget elementor-widget-text-editor\" data-id=\"85234b9\" data-element_type=\"widget\" data-e-type=\"widget\" data-widget_type=\"text-editor.default\">\n\t\t\t\t\t\t\t\t\t<p><em>O zumbido da transforma\u00e7\u00e3o<\/em> \u00e9 uma s\u00e9rie documental inovadora que explora as liga\u00e7\u00f5es profundas entre as abelhas, os ecossistemas e a procura de um futuro sustent\u00e1vel por parte da humanidade. Atrav\u00e9s de uma cinematografia deslumbrante e de uma narrativa convincente, o filme ir\u00e1 lan\u00e7ar luz sobre os desafios que os polinizadores enfrentam, a fragilidade da biodiversidade e as solu\u00e7\u00f5es arrojadas que nos podem conduzir ao equil\u00edbrio ecol\u00f3gico.<\/p>\t\t\t\t\t\t\t\t<\/div>\n\t\t\t\t<div class=\"elementor-element elementor-element-deeee91 elementor-widget elementor-widget-image\" data-id=\"deeee91\" data-element_type=\"widget\" data-e-type=\"widget\" data-widget_type=\"image.default\">\n\t\t\t\t\t\t\t\t\t\t\t\t\t\t\t\t<a href=\"https:\/\/www.youtube.com\/watch?v=--QlvP4QYhI&#038;t=8s\">\n\t\t\t\t\t\t\t<img fetchpriority=\"high\" decoding=\"async\" width=\"860\" height=\"485\" src=\"https:\/\/apimondia.org\/wp-content\/uploads\/2026\/03\/Posnetek-zaslona-2026-03-10-102601.png\" class=\"attachment-large size-large wp-image-2817\" alt=\"\" srcset=\"https:\/\/apimondia.org\/wp-content\/uploads\/2026\/03\/Posnetek-zaslona-2026-03-10-102601.png 860w, https:\/\/apimondia.org\/wp-content\/uploads\/2026\/03\/Posnetek-zaslona-2026-03-10-102601-768x433.png 768w, https:\/\/apimondia.org\/wp-content\/uploads\/2026\/03\/Posnetek-zaslona-2026-03-10-102601-18x10.png 18w\" sizes=\"(max-width: 860px) 100vw, 860px\" \/>\t\t\t\t\t\t\t\t<\/a>\n\t\t\t\t\t\t\t\t\t\t\t\t\t\t\t<\/div>\n\t\t\t\t<div class=\"elementor-element elementor-element-3b05bd8 elementor-widget elementor-widget-text-editor\" data-id=\"3b05bd8\" data-element_type=\"widget\" data-e-type=\"widget\" data-widget_type=\"text-editor.default\">\n\t\t\t\t\t\t\t\t\t<p><em>Realizada por uma equipa diversificada de cineastas talentosos de todos os continentes, a s\u00e9rie traz \u00e0 tona perspectivas locais \u00fanicas, oferecendo uma vis\u00e3o caleidosc\u00f3pica da liga\u00e7\u00e3o da humanidade com estes polinizadores vitais.<\/em><\/p>\n<p>Na sua ess\u00eancia, T<em>o burburinho da transforma\u00e7\u00e3o<\/em> \u00e9 um apelo \u00e0 a\u00e7\u00e3o. Destaca indiv\u00edduos e comunidades inspiradores que est\u00e3o a redefinir a sua rela\u00e7\u00e3o com a natureza - restaurando habitats, remodelando a agricultura e defendendo um futuro onde tanto os humanos como os polinizadores prosperam. Este filme n\u00e3o se limita a informar; d\u00e1 esperan\u00e7a e capacita o p\u00fablico a fazer parte da mudan\u00e7a.<\/p>\t\t\t\t\t\t\t\t<\/div>\n\t\t\t\t<div class=\"elementor-element elementor-element-3353ba1 elementor-widget elementor-widget-heading\" data-id=\"3353ba1\" data-element_type=\"widget\" data-e-type=\"widget\" data-widget_type=\"heading.default\">\n\t\t\t\t\t<h2 class=\"elementor-heading-title elementor-size-default\">Porque \u00e9 que este projeto \u00e9 importante<\/h2>\t\t\t\t<\/div>\n\t\t\t\t<div class=\"elementor-element elementor-element-99d5bc9 elementor-widget elementor-widget-text-editor\" data-id=\"99d5bc9\" data-element_type=\"widget\" data-e-type=\"widget\" data-widget_type=\"text-editor.default\">\n\t\t\t\t\t\t\t\t\t<p>O decl\u00ednio dos polinizadores n\u00e3o \u00e9 apenas uma crise ambiental - \u00e9 uma amea\u00e7a direta \u00e0 seguran\u00e7a alimentar global, \u00e0 estabilidade econ\u00f3mica e \u00e0 beleza natural do nosso mundo. Sem as abelhas, ecossistemas inteiros desmoronam-se e a pr\u00f3pria base da agricultura est\u00e1 em risco. No entanto, no meio destes desafios,\u00a0<em>O zumbido da transforma\u00e7\u00e3o<\/em>\u00a0mostra uma verdade poderosa: as solu\u00e7\u00f5es existem e come\u00e7am por n\u00f3s.<\/p><p>Apoiar este projeto significa amplificar uma mensagem crucial num momento cr\u00edtico. Significa dar voz \u00e0queles que est\u00e3o na linha da frente da conserva\u00e7\u00e3o, aumentar a sensibiliza\u00e7\u00e3o para a import\u00e2ncia da biodiversidade e inspirar ac\u00e7\u00f5es significativas tanto \u00e0 escala local como global. O seu apoio ajudar\u00e1 a dar vida a esta hist\u00f3ria vital, alcan\u00e7ando audi\u00eancias em todo o mundo e catalisando mudan\u00e7as reais para os polinizadores e para o planeta.<br \/>Junte-se a n\u00f3s para fazer\u00a0<em>O zumbido da transforma\u00e7\u00e3o<\/em>\u00a0mais do que apenas um filme - ajude-nos a transform\u00e1-lo num movimento. Porque quando protegemos as abelhas, protegemos o futuro.<\/p>\t\t\t\t\t\t\t\t<\/div>\n\t\t\t\t\t<\/div>\n\t\t\t\t<\/div>\n\t\t<div class=\"elementor-element elementor-element-bba70e7 e-flex e-con-boxed e-con e-parent\" data-id=\"bba70e7\" data-element_type=\"container\" data-e-type=\"container\">\n\t\t\t\t\t<div class=\"e-con-inner\">\n\t\t<div class=\"elementor-element elementor-element-a14710f e-con-full e-flex e-con e-child\" data-id=\"a14710f\" data-element_type=\"container\" data-e-type=\"container\" data-settings=\"{&quot;background_background&quot;:&quot;classic&quot;}\">\n\t\t\t\t<div class=\"elementor-element elementor-element-243c287 elementor-widget elementor-widget-heading\" data-id=\"243c287\" data-element_type=\"widget\" data-e-type=\"widget\" data-widget_type=\"heading.default\">\n\t\t\t\t\t<h2 class=\"elementor-heading-title elementor-size-default\">Junte-se a n\u00f3s para apoiar o The Buzz of Transformation<\/h2>\t\t\t\t<\/div>\n\t\t\t\t<div class=\"elementor-element elementor-element-9eea49d elementor-widget elementor-widget-text-editor\" data-id=\"9eea49d\" data-element_type=\"widget\" data-e-type=\"widget\" data-widget_type=\"text-editor.default\">\n\t\t\t\t\t\t\t\t\t<p>A sua contribui\u00e7\u00e3o ajudar\u00e1 a dar vida a esta hist\u00f3ria poderosa e a inspirar uma a\u00e7\u00e3o global para proteger as abelhas, a biodiversidade e o nosso futuro.<\/p>\t\t\t\t\t\t\t\t<\/div>\n\t\t<div class=\"elementor-element elementor-element-9f6ae4a e-con-full e-flex e-con e-child\" data-id=\"9f6ae4a\" data-element_type=\"container\" data-e-type=\"container\">\n\t\t\t\t<div class=\"elementor-element elementor-element-a15ec77 elementor-align-center elementor-widget__width-initial elementor-widget elementor-widget-button\" data-id=\"a15ec77\" data-element_type=\"widget\" data-e-type=\"widget\" data-widget_type=\"button.default\">\n\t\t\t\t\t\t\t\t\t\t<a class=\"elementor-button elementor-button-link elementor-size-sm\" href=\"https:\/\/buzzoftransformation.com\/\">\n\t\t\t\t\t\t<span class=\"elementor-button-content-wrapper\">\n\t\t\t\t\t\t\t\t\t<span class=\"elementor-button-text\">Saiba mais e participe<\/span>\n\t\t\t\t\t<\/span>\n\t\t\t\t\t<\/a>\n\t\t\t\t\t\t\t\t<\/div>\n\t\t\t\t<div class=\"elementor-element elementor-element-acdfea1 elementor-align-center elementor-widget__width-initial elementor-widget elementor-widget-button\" data-id=\"acdfea1\" data-element_type=\"widget\" data-e-type=\"widget\" data-widget_type=\"button.default\">\n\t\t\t\t\t\t\t\t\t\t<a class=\"elementor-button elementor-button-link elementor-size-sm\" href=\"https:\/\/www.gofundme.com\/f\/RealHoneyMatters\">\n\t\t\t\t\t\t<span class=\"elementor-button-content-wrapper\">\n\t\t\t\t\t\t\t\t\t<span class=\"elementor-button-text\">Doa\u00e7\u00f5es nos EUA e no mundo<\/span>\n\t\t\t\t\t<\/span>\n\t\t\t\t\t<\/a>\n\t\t\t\t\t\t\t\t<\/div>\n\t\t\t\t<div class=\"elementor-element elementor-element-b0f5cc2 elementor-align-center elementor-widget__width-initial elementor-widget elementor-widget-button\" data-id=\"b0f5cc2\" data-element_type=\"widget\" data-e-type=\"widget\" data-widget_type=\"button.default\">\n\t\t\t\t\t\t\t\t\t\t<a class=\"elementor-button elementor-button-link elementor-size-sm\" href=\"https:\/\/www.gofundme.com\/f\/buzzoftransformation\">\n\t\t\t\t\t\t<span class=\"elementor-button-content-wrapper\">\n\t\t\t\t\t\t\t\t\t<span class=\"elementor-button-text\">Doar UE<\/span>\n\t\t\t\t\t<\/span>\n\t\t\t\t\t<\/a>\n\t\t\t\t\t\t\t\t<\/div>\n\t\t\t\t<\/div>\n\t\t\t\t<\/div>\n\t\t\t\t\t<\/div>\n\t\t\t\t<\/div>\n\t\t<div class=\"elementor-element elementor-element-5522b23 e-flex e-con-boxed e-con e-parent\" data-id=\"5522b23\" data-element_type=\"container\" data-e-type=\"container\">\n\t\t\t\t\t<div class=\"e-con-inner\">\n\t\t\t\t<div class=\"elementor-element elementor-element-8631912 elementor-widget elementor-widget-heading\" data-id=\"8631912\" data-element_type=\"widget\" data-e-type=\"widget\" data-widget_type=\"heading.default\">\n\t\t\t\t\t<h2 class=\"elementor-heading-title elementor-size-default\">Parceiros<\/h2>\t\t\t\t<\/div>\n\t\t<div class=\"elementor-element elementor-element-21eb688 e-grid e-con-full e-con e-child\" data-id=\"21eb688\" data-element_type=\"container\" data-e-type=\"container\">\n\t\t\t\t<div class=\"elementor-element elementor-element-8bac5e8 e-transform elementor-widget elementor-widget-image\" data-id=\"8bac5e8\" data-element_type=\"widget\" data-e-type=\"widget\" data-settings=\"{&quot;_transform_scale_effect_hover&quot;:{&quot;unit&quot;:&quot;px&quot;,&quot;size&quot;:1.03,&quot;sizes&quot;:[]},&quot;_transform_scale_effect_hover_tablet&quot;:{&quot;unit&quot;:&quot;px&quot;,&quot;size&quot;:&quot;&quot;,&quot;sizes&quot;:[]},&quot;_transform_scale_effect_hover_mobile&quot;:{&quot;unit&quot;:&quot;px&quot;,&quot;size&quot;:&quot;&quot;,&quot;sizes&quot;:[]}}\" data-widget_type=\"image.default\">\n\t\t\t\t\t\t\t\t\t\t\t\t\t\t\t\t<a href=\"https:\/\/www.linkedin.com\/company\/q4film\/\">\n\t\t\t\t\t\t\t<img decoding=\"async\" width=\"800\" height=\"600\" src=\"https:\/\/apimondia.org\/wp-content\/uploads\/2025\/11\/q4film_orig.webp\" class=\"attachment-large size-large wp-image-746\" alt=\"\" srcset=\"https:\/\/apimondia.org\/wp-content\/uploads\/2025\/11\/q4film_orig.webp 800w, https:\/\/apimondia.org\/wp-content\/uploads\/2025\/11\/q4film_orig-400x300.webp 400w, https:\/\/apimondia.org\/wp-content\/uploads\/2025\/11\/q4film_orig-768x576.webp 768w, https:\/\/apimondia.org\/wp-content\/uploads\/2025\/11\/q4film_orig-16x12.webp 16w\" sizes=\"(max-width: 800px) 100vw, 800px\" \/>\t\t\t\t\t\t\t\t<\/a>\n\t\t\t\t\t\t\t\t\t\t\t\t\t\t\t<\/div>\n\t\t\t\t<div class=\"elementor-element elementor-element-ea65495 e-transform elementor-widget elementor-widget-image\" data-id=\"ea65495\" data-element_type=\"widget\" data-e-type=\"widget\" data-settings=\"{&quot;_transform_scale_effect_hover&quot;:{&quot;unit&quot;:&quot;px&quot;,&quot;size&quot;:1.03,&quot;sizes&quot;:[]},&quot;_transform_scale_effect_hover_tablet&quot;:{&quot;unit&quot;:&quot;px&quot;,&quot;size&quot;:&quot;&quot;,&quot;sizes&quot;:[]},&quot;_transform_scale_effect_hover_mobile&quot;:{&quot;unit&quot;:&quot;px&quot;,&quot;size&quot;:&quot;&quot;,&quot;sizes&quot;:[]}}\" data-widget_type=\"image.default\">\n\t\t\t\t\t\t\t\t\t\t\t\t\t\t\t\t<a href=\"https:\/\/www.goodify.com\/\">\n\t\t\t\t\t\t\t<img decoding=\"async\" width=\"800\" height=\"600\" src=\"https:\/\/apimondia.org\/wp-content\/uploads\/2025\/11\/goodify_orig.webp\" class=\"attachment-large size-large wp-image-747\" alt=\"\" srcset=\"https:\/\/apimondia.org\/wp-content\/uploads\/2025\/11\/goodify_orig.webp 800w, https:\/\/apimondia.org\/wp-content\/uploads\/2025\/11\/goodify_orig-400x300.webp 400w, https:\/\/apimondia.org\/wp-content\/uploads\/2025\/11\/goodify_orig-768x576.webp 768w, https:\/\/apimondia.org\/wp-content\/uploads\/2025\/11\/goodify_orig-16x12.webp 16w\" sizes=\"(max-width: 800px) 100vw, 800px\" \/>\t\t\t\t\t\t\t\t<\/a>\n\t\t\t\t\t\t\t\t\t\t\t\t\t\t\t<\/div>\n\t\t\t\t<div class=\"elementor-element elementor-element-eee79a7 e-transform elementor-widget elementor-widget-image\" data-id=\"eee79a7\" data-element_type=\"widget\" data-e-type=\"widget\" data-settings=\"{&quot;_transform_scale_effect_hover&quot;:{&quot;unit&quot;:&quot;px&quot;,&quot;size&quot;:1.03,&quot;sizes&quot;:[]},&quot;_transform_scale_effect_hover_tablet&quot;:{&quot;unit&quot;:&quot;px&quot;,&quot;size&quot;:&quot;&quot;,&quot;sizes&quot;:[]},&quot;_transform_scale_effect_hover_mobile&quot;:{&quot;unit&quot;:&quot;px&quot;,&quot;size&quot;:&quot;&quot;,&quot;sizes&quot;:[]}}\" data-widget_type=\"image.default\">\n\t\t\t\t\t\t\t\t\t\t\t\t\t\t\t\t<a href=\"https:\/\/apimondia.org\/prt\/\">\n\t\t\t\t\t\t\t<img loading=\"lazy\" decoding=\"async\" width=\"800\" height=\"600\" src=\"https:\/\/apimondia.org\/wp-content\/uploads\/2025\/11\/apimondia_orig.webp\" class=\"attachment-large size-large wp-image-748\" alt=\"\" srcset=\"https:\/\/apimondia.org\/wp-content\/uploads\/2025\/11\/apimondia_orig.webp 800w, https:\/\/apimondia.org\/wp-content\/uploads\/2025\/11\/apimondia_orig-400x300.webp 400w, https:\/\/apimondia.org\/wp-content\/uploads\/2025\/11\/apimondia_orig-768x576.webp 768w, https:\/\/apimondia.org\/wp-content\/uploads\/2025\/11\/apimondia_orig-16x12.webp 16w\" sizes=\"(max-width: 800px) 100vw, 800px\" \/>\t\t\t\t\t\t\t\t<\/a>\n\t\t\t\t\t\t\t\t\t\t\t\t\t\t\t<\/div>\n\t\t\t\t<div class=\"elementor-element elementor-element-43f2c53 e-transform elementor-widget elementor-widget-image\" data-id=\"43f2c53\" data-element_type=\"widget\" data-e-type=\"widget\" data-settings=\"{&quot;_transform_scale_effect_hover&quot;:{&quot;unit&quot;:&quot;px&quot;,&quot;size&quot;:1.03,&quot;sizes&quot;:[]},&quot;_transform_scale_effect_hover_tablet&quot;:{&quot;unit&quot;:&quot;px&quot;,&quot;size&quot;:&quot;&quot;,&quot;sizes&quot;:[]},&quot;_transform_scale_effect_hover_mobile&quot;:{&quot;unit&quot;:&quot;px&quot;,&quot;size&quot;:&quot;&quot;,&quot;sizes&quot;:[]}}\" data-widget_type=\"image.default\">\n\t\t\t\t\t\t\t\t\t\t\t\t\t\t\t\t<a href=\"https:\/\/www.greenwish.com\/\">\n\t\t\t\t\t\t\t<img loading=\"lazy\" decoding=\"async\" width=\"800\" height=\"600\" src=\"https:\/\/apimondia.org\/wp-content\/uploads\/2025\/11\/greenwish_orig.webp\" class=\"attachment-large size-large wp-image-749\" alt=\"\" srcset=\"https:\/\/apimondia.org\/wp-content\/uploads\/2025\/11\/greenwish_orig.webp 800w, https:\/\/apimondia.org\/wp-content\/uploads\/2025\/11\/greenwish_orig-400x300.webp 400w, https:\/\/apimondia.org\/wp-content\/uploads\/2025\/11\/greenwish_orig-768x576.webp 768w, https:\/\/apimondia.org\/wp-content\/uploads\/2025\/11\/greenwish_orig-16x12.webp 16w\" sizes=\"(max-width: 800px) 100vw, 800px\" \/>\t\t\t\t\t\t\t\t<\/a>\n\t\t\t\t\t\t\t\t\t\t\t\t\t\t\t<\/div>\n\t\t\t\t<div class=\"elementor-element elementor-element-7f089ee e-transform elementor-widget elementor-widget-image\" data-id=\"7f089ee\" data-element_type=\"widget\" data-e-type=\"widget\" data-settings=\"{&quot;_transform_scale_effect_hover&quot;:{&quot;unit&quot;:&quot;px&quot;,&quot;size&quot;:1.03,&quot;sizes&quot;:[]},&quot;_transform_scale_effect_hover_tablet&quot;:{&quot;unit&quot;:&quot;px&quot;,&quot;size&quot;:&quot;&quot;,&quot;sizes&quot;:[]},&quot;_transform_scale_effect_hover_mobile&quot;:{&quot;unit&quot;:&quot;px&quot;,&quot;size&quot;:&quot;&quot;,&quot;sizes&quot;:[]}}\" data-widget_type=\"image.default\">\n\t\t\t\t\t\t\t\t\t\t\t\t\t\t\t\t<a href=\"https:\/\/www.izslt.it\/eng\/\">\n\t\t\t\t\t\t\t<img loading=\"lazy\" decoding=\"async\" width=\"800\" height=\"600\" src=\"https:\/\/apimondia.org\/wp-content\/uploads\/2025\/11\/izs_orig.webp\" class=\"attachment-large size-large wp-image-750\" alt=\"\" srcset=\"https:\/\/apimondia.org\/wp-content\/uploads\/2025\/11\/izs_orig.webp 800w, https:\/\/apimondia.org\/wp-content\/uploads\/2025\/11\/izs_orig-400x300.webp 400w, https:\/\/apimondia.org\/wp-content\/uploads\/2025\/11\/izs_orig-768x576.webp 768w, https:\/\/apimondia.org\/wp-content\/uploads\/2025\/11\/izs_orig-16x12.webp 16w\" sizes=\"(max-width: 800px) 100vw, 800px\" \/>\t\t\t\t\t\t\t\t<\/a>\n\t\t\t\t\t\t\t\t\t\t\t\t\t\t\t<\/div>\n\t\t\t\t<\/div>\n\t\t\t\t\t<\/div>\n\t\t\t\t<\/div>\n\t\t\t\t<\/div>","protected":false},"excerpt":{"rendered":"<p>The Buzz of Transformation An inspiring global documentary series celebrating how ordinary people achieve the extraordinary through their connection with bees&#8230; A documentary about bees, people, biodiversity, and our future The Buzz of Transformation is a groundbreaking documentary series that explores the deep connections between bees, ecosystems, and humanity\u2019s quest for a sustainable future. Through [&hellip;]<\/p>\n","protected":false},"author":1,"featured_media":1535,"parent":0,"menu_order":0,"comment_status":"closed","ping_status":"closed","template":"","meta":{"footnotes":""},"class_list":["post-743","page","type-page","status-publish","has-post-thumbnail","hentry"],"aioseo_notices":[],"_links":{"self":[{"href":"https:\/\/apimondia.org\/prt\/wp-json\/wp\/v2\/pages\/743","targetHints":{"allow":["GET"]}}],"collection":[{"href":"https:\/\/apimondia.org\/prt\/wp-json\/wp\/v2\/pages"}],"about":[{"href":"https:\/\/apimondia.org\/prt\/wp-json\/wp\/v2\/types\/page"}],"author":[{"embeddable":true,"href":"https:\/\/apimondia.org\/prt\/wp-json\/wp\/v2\/users\/1"}],"replies":[{"embeddable":true,"href":"https:\/\/apimondia.org\/prt\/wp-json\/wp\/v2\/comments?post=743"}],"version-history":[{"count":48,"href":"https:\/\/apimondia.org\/prt\/wp-json\/wp\/v2\/pages\/743\/revisions"}],"predecessor-version":[{"id":2823,"href":"https:\/\/apimondia.org\/prt\/wp-json\/wp\/v2\/pages\/743\/revisions\/2823"}],"wp:featuredmedia":[{"embeddable":true,"href":"https:\/\/apimondia.org\/prt\/wp-json\/wp\/v2\/media\/1535"}],"wp:attachment":[{"href":"https:\/\/apimondia.org\/prt\/wp-json\/wp\/v2\/media?parent=743"}],"curies":[{"name":"wp","href":"https:\/\/api.w.org\/{rel}","templated":true}]}}