{"id":8,"date":"2025-10-22T08:40:03","date_gmt":"2025-10-22T08:40:03","guid":{"rendered":"https:\/\/apimondia.org\/?page_id=8"},"modified":"2026-02-04T23:41:06","modified_gmt":"2026-02-04T23:41:06","slug":"about","status":"publish","type":"page","link":"https:\/\/apimondia.org\/prt\/about\/","title":{"rendered":"Sobre"},"content":{"rendered":"<div data-elementor-type=\"wp-page\" data-elementor-id=\"8\" class=\"elementor elementor-8\" data-elementor-post-type=\"page\">\n\t\t\t\t<div class=\"elementor-element elementor-element-54ff855 e-flex e-con-boxed e-con e-parent\" data-id=\"54ff855\" data-element_type=\"container\" data-e-type=\"container\">\n\t\t\t\t\t<div class=\"e-con-inner\">\n\t\t\t\t<div class=\"elementor-element elementor-element-dde3c98 elementor-widget elementor-widget-heading\" data-id=\"dde3c98\" data-element_type=\"widget\" data-e-type=\"widget\" data-widget_type=\"heading.default\">\n\t\t\t\t\t<h1 class=\"elementor-heading-title elementor-size-default\">Sobre<\/h1>\t\t\t\t<\/div>\n\t\t\t\t<div class=\"elementor-element elementor-element-7cd2eb5 elementor-widget-divider--view-line elementor-widget elementor-widget-divider\" data-id=\"7cd2eb5\" data-element_type=\"widget\" data-e-type=\"widget\" data-widget_type=\"divider.default\">\n\t\t\t\t\t\t\t<div class=\"elementor-divider\">\n\t\t\t<span class=\"elementor-divider-separator\">\n\t\t\t\t\t\t<\/span>\n\t\t<\/div>\n\t\t\t\t\t\t<\/div>\n\t\t\t\t\t<\/div>\n\t\t\t\t<\/div>\n\t\t<div class=\"elementor-element elementor-element-ceb785f e-flex e-con-boxed e-con e-parent\" data-id=\"ceb785f\" data-element_type=\"container\" data-e-type=\"container\">\n\t\t\t\t\t<div class=\"e-con-inner\">\n\t\t\t\t<div class=\"elementor-element elementor-element-566fc31 elementor-widget elementor-widget-heading\" data-id=\"566fc31\" data-element_type=\"widget\" data-e-type=\"widget\" data-widget_type=\"heading.default\">\n\t\t\t\t\t<h2 class=\"elementor-heading-title elementor-size-default\">A Apimondia \u00e9 a Federa\u00e7\u00e3o Internacional das Associa\u00e7\u00f5es de Apicultores<\/h2>\t\t\t\t<\/div>\n\t\t<div class=\"elementor-element elementor-element-a02e622 e-con-full e-flex e-con e-child\" data-id=\"a02e622\" data-element_type=\"container\" data-e-type=\"container\">\n\t\t<div class=\"elementor-element elementor-element-e8bfbb4 e-con-full e-flex e-con e-child\" data-id=\"e8bfbb4\" data-element_type=\"container\" data-e-type=\"container\">\n\t\t\t\t<div class=\"elementor-element elementor-element-0ac0103 elementor-widget elementor-widget-text-editor\" data-id=\"0ac0103\" data-element_type=\"widget\" data-e-type=\"widget\" data-widget_type=\"text-editor.default\">\n\t\t\t\t\t\t\t\t\t<p><strong>O nosso principal objetivo \u00e9 facilitar a troca de informa\u00e7\u00f5es e discuss\u00f5es atrav\u00e9s da organiza\u00e7\u00e3o de Congressos e Simp\u00f3sios onde apicultores, cientistas, comerciantes de mel, agentes de desenvolvimento, t\u00e9cnicos e legisladores se encontram para ouvir, discutir e aprender uns com os outros. A Apimondia tamb\u00e9m pretende ser a voz oficial das Organiza\u00e7\u00f5es Ap\u00edcolas globais nos assuntos que lhe competem atrav\u00e9s de publica\u00e7\u00f5es, advocacia e representa\u00e7\u00e3o do sector junto das autoridades e outras institui\u00e7\u00f5es relacionadas. <\/strong><\/p><p>A apicultura \u00e9 uma atividade agr\u00edcola que requer muito pouco investimento e pode ser realizada em quase qualquer lugar nas zonas rurais ou periurbanas. \u00c9 uma das produ\u00e7\u00f5es agr\u00edcolas que n\u00e3o necessita de terra. No entanto, exige bons conhecimentos para gerir as col\u00f3nias de abelhas e escolher pr\u00e1ticas adaptadas ao ambiente. \u00c9 necess\u00e1rio ter um bom conhecimento e \u00e9 por isso que a integra\u00e7\u00e3o dos apicultores e a transfer\u00eancia de conhecimentos s\u00e3o extremamente importantes.<\/p><p>Os apicultores re\u00fanem-se em diferentes organiza\u00e7\u00f5es e n\u00edveis. Estas associa\u00e7\u00f5es ligam-se globalmente a federa\u00e7\u00f5es regionais e, finalmente, \u00e0 Apimondia, que \u00e9 a Federa\u00e7\u00e3o Internacional das Associa\u00e7\u00f5es de Apicultores.<\/p><p>A Apimondia \u00e9 uma organiza\u00e7\u00e3o n\u00e3o governamental que re\u00fane apicultores, fabricantes de equipamento ap\u00edcola e uma grande variedade de cientistas envolvidos na apicultura, apiterapia, poliniza\u00e7\u00e3o, desenvolvimento e economia.<\/p>\t\t\t\t\t\t\t\t<\/div>\n\t\t\t\t<\/div>\n\t\t<div class=\"elementor-element elementor-element-d0d92ac e-con-full e-flex e-con e-child\" data-id=\"d0d92ac\" data-element_type=\"container\" data-e-type=\"container\" data-settings=\"{&quot;background_background&quot;:&quot;classic&quot;}\">\n\t\t\t\t<\/div>\n\t\t\t\t<\/div>\n\t\t\t\t\t<\/div>\n\t\t\t\t<\/div>\n\t\t<div class=\"elementor-element elementor-element-dfff77f e-flex e-con-boxed e-con e-parent\" data-id=\"dfff77f\" data-element_type=\"container\" data-e-type=\"container\">\n\t\t\t\t\t<div class=\"e-con-inner\">\n\t\t<div class=\"elementor-element elementor-element-615aa16 e-con-full e-flex e-con e-child\" data-id=\"615aa16\" data-element_type=\"container\" data-e-type=\"container\" data-settings=\"{&quot;background_background&quot;:&quot;classic&quot;}\">\n\t\t\t\t<div class=\"elementor-element elementor-element-7abdbf8 elementor-widget elementor-widget-heading\" data-id=\"7abdbf8\" data-element_type=\"widget\" data-e-type=\"widget\" data-widget_type=\"heading.default\">\n\t\t\t\t\t<h2 class=\"elementor-heading-title elementor-size-default\">A Apimondia existe para promover o desenvolvimento cient\u00edfico, t\u00e9cnico, ecol\u00f3gico, social e econ\u00f3mico da apicultura<\/h2>\t\t\t\t<\/div>\n\t\t\t\t<\/div>\n\t\t\t\t\t<\/div>\n\t\t\t\t<\/div>\n\t\t<div class=\"elementor-element elementor-element-9533856 e-flex e-con-boxed e-con e-parent\" data-id=\"9533856\" data-element_type=\"container\" data-e-type=\"container\">\n\t\t\t\t\t<div class=\"e-con-inner\">\n\t\t\t\t<div class=\"elementor-element elementor-element-26c4670 elementor-widget elementor-widget-text-editor\" data-id=\"26c4670\" data-element_type=\"widget\" data-e-type=\"widget\" data-widget_type=\"text-editor.default\">\n\t\t\t\t\t\t\t\t\t<p>Em 1893, o Comit\u00e9 Internacional de\u00a0<a href=\"https:\/\/apimondia.org\/prt\/events\/congresses\/\">Congresso Ap\u00edcola<\/a>\u00a0Em 1897, organizou o Primeiro Congresso Internacional de Apicultura em Bruxelas, por ocasi\u00e3o da Feira Mundial. A assist\u00eancia foi enorme, com 636 participantes. Durante esse per\u00edodo, realizou-se em Tervueren a Exposi\u00e7\u00e3o Ap\u00edcola Internacional, com 339 expositores de 10 pa\u00edses europeus.<\/p><p>Desde ent\u00e3o, a Apimondia tem vindo a promover a transfer\u00eancia de conhecimentos e a organizar eventos para apicultores e os Congressos Ap\u00edcolas Internacionais bienais, que s\u00e3o os maiores encontros internacionais de todos os envolvidos na apicultura.<\/p>\t\t\t\t\t\t\t\t<\/div>\n\t\t\t\t<div class=\"elementor-element elementor-element-f2b9059 elementor-align-center elementor-widget__width-initial elementor-widget elementor-widget-button\" data-id=\"f2b9059\" data-element_type=\"widget\" data-e-type=\"widget\" data-widget_type=\"button.default\">\n\t\t\t\t\t\t\t\t\t\t<a class=\"elementor-button elementor-button-link elementor-size-sm\" href=\"https:\/\/apimondia.org\/wp-content\/uploads\/2025\/11\/statutes_2024-en.doc\" target=\"_blank\">\n\t\t\t\t\t\t<span class=\"elementor-button-content-wrapper\">\n\t\t\t\t\t\t<span class=\"elementor-button-icon\">\n\t\t\t\t<svg aria-hidden=\"true\" class=\"e-font-icon-svg e-fas-download\" viewbox=\"0 0 512 512\" xmlns=\"http:\/\/www.w3.org\/2000\/svg\"><path d=\"M216 0h80c13.3 0 24 10.7 24 24v168h87.7c17.8 0 26.7 21.5 14.1 34.1L269.7 378.3c-7.5 7.5-19.8 7.5-27.3 0L90.1 226.1c-12.6-12.6-3.7-34.1 14.1-34.1H192V24c0-13.3 10.7-24 24-24zm296 376v112c0 13.3-10.7 24-24 24H24c-13.3 0-24-10.7-24-24V376c0-13.3 10.7-24 24-24h146.7l49 49c20.1 20.1 52.5 20.1 72.6 0l49-49H488c13.3 0 24 10.7 24 24zm-124 88c0-11-9-20-20-20s-20 9-20 20 9 20 20 20 20-9 20-20zm64 0c0-11-9-20-20-20s-20 9-20 20 9 20 20 20 20-9 20-20z\"><\/path><\/svg>\t\t\t<\/span>\n\t\t\t\t\t\t\t\t\t<span class=\"elementor-button-text\">Estatutos do Apimondia<\/span>\n\t\t\t\t\t<\/span>\n\t\t\t\t\t<\/a>\n\t\t\t\t\t\t\t\t<\/div>\n\t\t<div class=\"elementor-element elementor-element-e5c916d e-con-full e-flex e-con e-child\" data-id=\"e5c916d\" data-element_type=\"container\" data-e-type=\"container\">\n\t\t<div class=\"elementor-element elementor-element-e6cb33c e-con-full e-flex e-con e-child\" data-id=\"e6cb33c\" data-element_type=\"container\" data-e-type=\"container\" data-settings=\"{&quot;background_background&quot;:&quot;classic&quot;}\">\n\t\t\t\t<div class=\"elementor-element elementor-element-20d9ae4 elementor-widget elementor-widget-heading\" data-id=\"20d9ae4\" data-element_type=\"widget\" data-e-type=\"widget\" data-widget_type=\"heading.default\">\n\t\t\t\t\t<h2 class=\"elementor-heading-title elementor-size-default\">Participar<\/h2>\t\t\t\t<\/div>\n\t\t\t\t<div class=\"elementor-element elementor-element-921f274 elementor-widget-divider--view-line elementor-widget elementor-widget-divider\" data-id=\"921f274\" data-element_type=\"widget\" data-e-type=\"widget\" data-widget_type=\"divider.default\">\n\t\t\t\t\t\t\t<div class=\"elementor-divider\">\n\t\t\t<span class=\"elementor-divider-separator\">\n\t\t\t\t\t\t<\/span>\n\t\t<\/div>\n\t\t\t\t\t\t<\/div>\n\t\t\t\t<div class=\"elementor-element elementor-element-d1f6078 elementor-widget elementor-widget-text-editor\" data-id=\"d1f6078\" data-element_type=\"widget\" data-e-type=\"widget\" data-widget_type=\"text-editor.default\">\n\t\t\t\t\t\t\t\t\t<p>Fa\u00e7a parte da nossa comunidade ap\u00edcola global e ajude a moldar o futuro da apicultura.<\/p>\t\t\t\t\t\t\t\t<\/div>\n\t\t\t\t<div class=\"elementor-element elementor-element-41cf5de elementor-align-center elementor-widget__width-initial elementor-widget elementor-widget-button\" data-id=\"41cf5de\" data-element_type=\"widget\" data-e-type=\"widget\" data-widget_type=\"button.default\">\n\t\t\t\t\t\t\t\t\t\t<a class=\"elementor-button elementor-button-link elementor-size-sm\" href=\"https:\/\/apimondia.org\/prt\/get-involved\/\">\n\t\t\t\t\t\t<span class=\"elementor-button-content-wrapper\">\n\t\t\t\t\t\t<span class=\"elementor-button-icon\">\n\t\t\t\t<svg aria-hidden=\"true\" class=\"e-font-icon-svg e-fas-user-plus\" viewbox=\"0 0 640 512\" xmlns=\"http:\/\/www.w3.org\/2000\/svg\"><path d=\"M624 208h-64v-64c0-8.8-7.2-16-16-16h-32c-8.8 0-16 7.2-16 16v64h-64c-8.8 0-16 7.2-16 16v32c0 8.8 7.2 16 16 16h64v64c0 8.8 7.2 16 16 16h32c8.8 0 16-7.2 16-16v-64h64c8.8 0 16-7.2 16-16v-32c0-8.8-7.2-16-16-16zm-400 48c70.7 0 128-57.3 128-128S294.7 0 224 0 96 57.3 96 128s57.3 128 128 128zm89.6 32h-16.7c-22.2 10.2-46.9 16-72.9 16s-50.6-5.8-72.9-16h-16.7C60.2 288 0 348.2 0 422.4V464c0 26.5 21.5 48 48 48h352c26.5 0 48-21.5 48-48v-41.6c0-74.2-60.2-134.4-134.4-134.4z\"><\/path><\/svg>\t\t\t<\/span>\n\t\t\t\t\t\t\t\t\t<span class=\"elementor-button-text\">Junte-se a n\u00f3s<\/span>\n\t\t\t\t\t<\/span>\n\t\t\t\t\t<\/a>\n\t\t\t\t\t\t\t\t<\/div>\n\t\t\t\t<\/div>\n\t\t\t\t<\/div>\n\t\t\t\t\t<\/div>\n\t\t\t\t<\/div>\n\t\t\t\t<\/div>","protected":false},"excerpt":{"rendered":"<p>About Apimondia is the International Federation of Beekeepers\u2019 Associations Our main objective is to facilitate the exchange of information and discussions by organizing Congresses and Symposium where beekeepers, scientists, honey-traders, agents for development, technicians and legislators meet to listen, discuss and learn from one another. Apimondia also aims to constitute the official voice of global [&hellip;]<\/p>\n","protected":false},"author":1,"featured_media":368,"parent":0,"menu_order":0,"comment_status":"closed","ping_status":"closed","template":"","meta":{"footnotes":""},"class_list":["post-8","page","type-page","status-publish","has-post-thumbnail","hentry"],"aioseo_notices":[],"_links":{"self":[{"href":"https:\/\/apimondia.org\/prt\/wp-json\/wp\/v2\/pages\/8","targetHints":{"allow":["GET"]}}],"collection":[{"href":"https:\/\/apimondia.org\/prt\/wp-json\/wp\/v2\/pages"}],"about":[{"href":"https:\/\/apimondia.org\/prt\/wp-json\/wp\/v2\/types\/page"}],"author":[{"embeddable":true,"href":"https:\/\/apimondia.org\/prt\/wp-json\/wp\/v2\/users\/1"}],"replies":[{"embeddable":true,"href":"https:\/\/apimondia.org\/prt\/wp-json\/wp\/v2\/comments?post=8"}],"version-history":[{"count":66,"href":"https:\/\/apimondia.org\/prt\/wp-json\/wp\/v2\/pages\/8\/revisions"}],"predecessor-version":[{"id":2512,"href":"https:\/\/apimondia.org\/prt\/wp-json\/wp\/v2\/pages\/8\/revisions\/2512"}],"wp:featuredmedia":[{"embeddable":true,"href":"https:\/\/apimondia.org\/prt\/wp-json\/wp\/v2\/media\/368"}],"wp:attachment":[{"href":"https:\/\/apimondia.org\/prt\/wp-json\/wp\/v2\/media?parent=8"}],"curies":[{"name":"wp","href":"https:\/\/api.w.org\/{rel}","templated":true}]}}