{"id":88,"date":"2025-10-22T11:43:01","date_gmt":"2025-10-22T11:43:01","guid":{"rendered":"https:\/\/apimondia.org\/?page_id=88"},"modified":"2026-02-05T00:22:27","modified_gmt":"2026-02-05T00:22:27","slug":"apitherapy","status":"publish","type":"page","link":"https:\/\/apimondia.org\/prt\/our-work\/apitherapy\/","title":{"rendered":"Apiterapia"},"content":{"rendered":"<div data-elementor-type=\"wp-page\" data-elementor-id=\"88\" class=\"elementor elementor-88\" data-elementor-post-type=\"page\">\n\t\t\t\t<div class=\"elementor-element elementor-element-dbc2b48 e-flex e-con-boxed e-con e-parent\" data-id=\"dbc2b48\" data-element_type=\"container\" data-e-type=\"container\">\n\t\t\t\t\t<div class=\"e-con-inner\">\n\t\t\t\t<div class=\"elementor-element elementor-element-670156d elementor-widget elementor-widget-heading\" data-id=\"670156d\" data-element_type=\"widget\" data-e-type=\"widget\" data-widget_type=\"heading.default\">\n\t\t\t\t\t<h1 class=\"elementor-heading-title elementor-size-default\">Apiterapia<\/h1>\t\t\t\t<\/div>\n\t\t\t\t<div class=\"elementor-element elementor-element-4e4ed9e elementor-widget-divider--view-line elementor-widget elementor-widget-divider\" data-id=\"4e4ed9e\" data-element_type=\"widget\" data-e-type=\"widget\" data-widget_type=\"divider.default\">\n\t\t\t\t\t\t\t<div class=\"elementor-divider\">\n\t\t\t<span class=\"elementor-divider-separator\">\n\t\t\t\t\t\t<\/span>\n\t\t<\/div>\n\t\t\t\t\t\t<\/div>\n\t\t\t\t\t<\/div>\n\t\t\t\t<\/div>\n\t\t<div class=\"elementor-element elementor-element-6fe55de e-flex e-con-boxed e-con e-parent\" data-id=\"6fe55de\" data-element_type=\"container\" data-e-type=\"container\">\n\t\t\t\t\t<div class=\"e-con-inner\">\n\t\t<div class=\"elementor-element elementor-element-73ce6e3 e-con-full e-flex e-con e-child\" data-id=\"73ce6e3\" data-element_type=\"container\" data-e-type=\"container\">\n\t\t<div class=\"elementor-element elementor-element-7266629 e-con-full e-flex e-con e-child\" data-id=\"7266629\" data-element_type=\"container\" data-e-type=\"container\">\n\t\t\t\t<div class=\"elementor-element elementor-element-de69932 elementor-widget elementor-widget-heading\" data-id=\"de69932\" data-element_type=\"widget\" data-e-type=\"widget\" data-widget_type=\"heading.default\">\n\t\t\t\t\t<h2 class=\"elementor-heading-title elementor-size-default\">A import\u00e2ncia da apiterapia<\/h2>\t\t\t\t<\/div>\n\t\t\t\t<div class=\"elementor-element elementor-element-22e4de3 elementor-widget__width-initial elementor-widget elementor-widget-text-editor\" data-id=\"22e4de3\" data-element_type=\"widget\" data-e-type=\"widget\" data-widget_type=\"text-editor.default\">\n\t\t\t\t\t\t\t\t\t<p>A apiterapia \u00e9 uma abordagem m\u00e9dica natural e uma parte reconhecida da medicina integrativa. Baseia-se na utiliza\u00e7\u00e3o de produtos provenientes da colmeia.<\/p><p>Em diferentes partes do mundo, a apiterapia \u00e9 praticada e regulamentada de v\u00e1rias formas. O termo <em>apiterapia<\/em> foi cunhado nos Estados Unidos em 1935 pelo Dr. Bodog F. Beck. Nessa altura, referia-se especificamente \u00e0 terapia com veneno de abelha, utilizando picadas diretas de abelha. Mais tarde, o conceito de apiterapia tornou-se mais amplo e inclui agora a utiliza\u00e7\u00e3o de mel, p\u00f3len, p\u00e3o de abelha, pr\u00f3polis, geleia real, cera de abelha, veneno de abelha, larvas de zang\u00e3o e de rainha, abelhas oper\u00e1rias secas, larvas de tra\u00e7a vax, ar da colmeia e todos os outros efeitos resultantes da proximidade de uma col\u00f3nia de abelhas, como por exemplo o som e a vibra\u00e7\u00e3o.<\/p><p>Enquanto parte da medicina integrativa, a apiterapia \u00e9 regulamentada de forma diferente consoante os pa\u00edses. Em alguns pa\u00edses, ap\u00f3s a obten\u00e7\u00e3o de um diploma universit\u00e1rio de medicina, os investigadores podem prosseguir estudos de doutoramento no dom\u00ednio da apiterapia. Noutros pa\u00edses, as universidades de medicina oferecem cursos de apiterapia, enquanto noutros pa\u00edses v\u00e1rias universidades oferecem programas complementares ou de forma\u00e7\u00e3o cont\u00ednua. Nalgumas regi\u00f5es, a apiterapia \u00e9 praticada no \u00e2mbito da profiss\u00e3o de naturopatia.<\/p><p>A investiga\u00e7\u00e3o, incluindo ensaios cl\u00ednicos controlados e aleat\u00f3rios, demonstrou efeitos positivos da apiterapia, incluindo durante o per\u00edodo da COVID-19.<\/p><p>Como m\u00e9todo terap\u00eautico natural, a apiterapia pode proporcionar benef\u00edcios significativos para pessoas de todas as idades, desde crian\u00e7as a adultos e idosos. A sua aplica\u00e7\u00e3o vai desde a utiliza\u00e7\u00e3o quotidiana (<em>api-nutri\u00e7\u00e3o<\/em>) atrav\u00e9s da preven\u00e7\u00e3o, tratamento e reabilita\u00e7\u00e3o.<\/p><p>O desenvolvimento do conhecimento em apiterapia abrange todos os n\u00edveis: investiga\u00e7\u00e3o de base, investiga\u00e7\u00e3o das propriedades dos produtos ap\u00edcolas, estudos de casos e ensaios cl\u00ednicos. Estas actividades aumentam o valor dos produtos ap\u00edcolas e contribuem para uma maior valoriza\u00e7\u00e3o do trabalho dos apicultores.<\/p><p>A nossa abordagem baseia-se no conhecimento coletivo das organiza\u00e7\u00f5es membros da Apimondia em todo o mundo. Ao conectar diversas experi\u00eancias e conhecimentos, promovemos sinergias - onde o conhecimento combinado cria maior valor do que as contribui\u00e7\u00f5es individuais isoladas.<\/p>\t\t\t\t\t\t\t\t<\/div>\n\t\t\t\t<div class=\"elementor-element elementor-element-e6d5c65 elementor-widget elementor-widget-heading\" data-id=\"e6d5c65\" data-element_type=\"widget\" data-e-type=\"widget\" data-widget_type=\"heading.default\">\n\t\t\t\t\t<h2 class=\"elementor-heading-title elementor-size-default\">A nossa abordagem<\/h2>\t\t\t\t<\/div>\n\t\t\t\t<div class=\"elementor-element elementor-element-6623638 elementor-widget elementor-widget-text-editor\" data-id=\"6623638\" data-element_type=\"widget\" data-e-type=\"widget\" data-widget_type=\"text-editor.default\">\n\t\t\t\t\t\t\t\t\t<p>A nossa miss\u00e3o \u00e9 ajudar as pessoas a adquirir conhecimentos fi\u00e1veis e baseados em provas sobre a apiterapia como uma abordagem natural \u00e0 sa\u00fade. O nosso objetivo \u00e9 sensibilizar e valorizar os produtos da colmeia e o seu papel no apoio \u00e0 sa\u00fade, equil\u00edbrio e longevidade, tanto para os seres humanos como para os animais, em harmonia com a vis\u00e3o da Organiza\u00e7\u00e3o Mundial de Sa\u00fade para a medicina integrativa.<\/p>\t\t\t\t\t\t\t\t<\/div>\n\t\t\t\t<div class=\"elementor-element elementor-element-2d54c57 elementor-widget elementor-widget-heading\" data-id=\"2d54c57\" data-element_type=\"widget\" data-e-type=\"widget\" data-widget_type=\"heading.default\">\n\t\t\t\t\t<h2 class=\"elementor-heading-title elementor-size-default\">Os nossos valores<\/h2>\t\t\t\t<\/div>\n\t\t\t\t<div class=\"elementor-element elementor-element-1a9fb51 elementor-widget elementor-widget-text-editor\" data-id=\"1a9fb51\" data-element_type=\"widget\" data-e-type=\"widget\" data-widget_type=\"text-editor.default\">\n\t\t\t\t\t\t\t\t\t<ul><li>Valorizamos a integridade cient\u00edfica e o conhecimento baseado em provas, respeitando simultaneamente a sabedoria das pr\u00e1ticas tradicionais.<\/li><li>Acreditamos na utiliza\u00e7\u00e3o respons\u00e1vel e \u00e9tica dos produtos ap\u00edcolas, no respeito pela natureza, pelas abelhas e pela biodiversidade.<\/li><li>Apoiamos a colabora\u00e7\u00e3o entre investigadores, profissionais de sa\u00fade, apicultores e educadores em todo o mundo.<\/li><li>Estamos empenhados na educa\u00e7\u00e3o, na transpar\u00eancia e na partilha de conhecimentos em benef\u00edcio da sa\u00fade humana e animal.<\/li><li>Reconhecemos e honramos o trabalho dos apicultores, cuja dedica\u00e7\u00e3o \u00e9 essencial para a qualidade e sustentabilidade da apiterapia.<\/li><\/ul>\t\t\t\t\t\t\t\t<\/div>\n\t\t\t\t<div class=\"elementor-element elementor-element-149a649 elementor-widget elementor-widget-image\" data-id=\"149a649\" data-element_type=\"widget\" data-e-type=\"widget\" data-widget_type=\"image.default\">\n\t\t\t\t\t\t\t\t\t\t\t\t\t\t\t<img fetchpriority=\"high\" decoding=\"async\" width=\"600\" height=\"600\" src=\"https:\/\/apimondia.org\/wp-content\/uploads\/2026\/01\/apitherapy-3-2.png\" class=\"attachment-large size-large wp-image-2369\" alt=\"\" srcset=\"https:\/\/apimondia.org\/wp-content\/uploads\/2026\/01\/apitherapy-3-2.png 600w, https:\/\/apimondia.org\/wp-content\/uploads\/2026\/01\/apitherapy-3-2-12x12.png 12w\" sizes=\"(max-width: 600px) 100vw, 600px\" \/>\t\t\t\t\t\t\t\t\t\t\t\t\t\t\t<\/div>\n\t\t\t\t<div class=\"elementor-element elementor-element-de391f8 elementor-widget elementor-widget-heading\" data-id=\"de391f8\" data-element_type=\"widget\" data-e-type=\"widget\" data-widget_type=\"heading.default\">\n\t\t\t\t\t<h2 class=\"elementor-heading-title elementor-size-default\">Os efeitos da apiterapia<\/h2>\t\t\t\t<\/div>\n\t\t\t\t<div class=\"elementor-element elementor-element-f9d415f elementor-widget elementor-widget-text-editor\" data-id=\"f9d415f\" data-element_type=\"widget\" data-e-type=\"widget\" data-widget_type=\"text-editor.default\">\n\t\t\t\t\t\t\t\t\t<p>Os efeitos da apiterapia podem ser classificados em v\u00e1rios n\u00edveis:<\/p><ol><li><strong>Ensaios cl\u00ednicos.<\/strong>Estes ensaios utilizam observa\u00e7\u00f5es altamente precisas e dados de doentes estatisticamente significativos para provar a efic\u00e1cia de um m\u00e9todo de tratamento.<\/li><li><strong>Estudos de casos.<\/strong>Estes demonstram efeitos em pacientes em que o terapeuta processa um ou mais casos individuais.<\/li><li><strong>Experi\u00eancias com animais.<\/strong>Neste caso, observa-se um mecanismo espec\u00edfico de a\u00e7\u00e3o ou de efic\u00e1cia.<\/li><li><strong>Observa\u00e7\u00f5es tradicionais\/Folk.<\/strong>Trata-se de casos que se encontram na literatura popular ou que t\u00eam uma base hist\u00f3rica. S\u00e3o semelhantes \u00e0 categoria de medicamentos tradicionais \u00e0 base de plantas da UE, em que a indica\u00e7\u00e3o se baseia numa utiliza\u00e7\u00e3o bem estabelecida, geralmente conhecida e generalizada h\u00e1 mais de 15 anos (como o ch\u00e1 de camomila).<\/li><li><strong>Observa\u00e7\u00f5es sobre culturas celulares ou linhas gen\u00e9ticas.<\/strong>Estes estudos constituem o pilar fundamental de todas as experi\u00eancias de n\u00edvel superior.<\/li><\/ol><p>O n\u00edvel cient\u00edfico mais elevado \u00e9 representado por\u00a0<strong>revis\u00f5es sistem\u00e1ticas<\/strong>, que filtram e tiram conclus\u00f5es submetendo a uma cr\u00edtica pormenorizada ensaios cl\u00ednicos repetidos que investigam o mesmo fen\u00f3meno - idealmente realizados de forma independente em v\u00e1rios locais. Aqui, uma investiga\u00e7\u00e3o organizacional verdadeiramente independente poderia fornecer uma garantia.<\/p><p>A apiterapia est\u00e1 intimamente ligada a outros dom\u00ednios das abelhas e da apicultura. A obten\u00e7\u00e3o de excelentes efeitos na sa\u00fade s\u00f3 \u00e9 poss\u00edvel com:<\/p><ul><li><strong>Mat\u00e9rias-primas de alta qualidade<\/strong>(Qualidade),<\/li><li><strong>Produtos corretamente preparados,<\/strong><\/li><li>Mat\u00e9rias-primas produzidas por\u00a0<strong>abelhas saud\u00e1veis e sem contamina\u00e7\u00e3o<\/strong>(sa\u00fade) num\u00a0<strong>ambiente adequado e seguro<\/strong>\u00a0(Desenvolvimento rural) de\u00a0<strong>flores n\u00e3o contaminadas<\/strong>\u00a0(poliniza\u00e7\u00e3o).<\/li><\/ul><p>Por conseguinte, as aplica\u00e7\u00f5es apiterap\u00eauticas requerem uma ampla base de conhecimentos, para al\u00e9m de respeitarem as diferentes regulamenta\u00e7\u00f5es legais de cada pa\u00eds.<\/p>\t\t\t\t\t\t\t\t<\/div>\n\t\t\t\t<div class=\"elementor-element elementor-element-98498b0 elementor-widget elementor-widget-image\" data-id=\"98498b0\" data-element_type=\"widget\" data-e-type=\"widget\" data-widget_type=\"image.default\">\n\t\t\t\t\t\t\t\t\t\t\t\t\t\t\t<img decoding=\"async\" width=\"600\" height=\"600\" src=\"https:\/\/apimondia.org\/wp-content\/uploads\/2026\/01\/apitherapy-2-3.png\" class=\"attachment-large size-large wp-image-2370\" alt=\"\" srcset=\"https:\/\/apimondia.org\/wp-content\/uploads\/2026\/01\/apitherapy-2-3.png 600w, https:\/\/apimondia.org\/wp-content\/uploads\/2026\/01\/apitherapy-2-3-12x12.png 12w\" sizes=\"(max-width: 600px) 100vw, 600px\" \/>\t\t\t\t\t\t\t\t\t\t\t\t\t\t\t<\/div>\n\t\t\t\t<\/div>\n\t\t<div class=\"elementor-element elementor-element-12df1ff e-con-full e-flex e-con e-child\" data-id=\"12df1ff\" data-element_type=\"container\" data-e-type=\"container\">\n\t\t\t\t<div class=\"elementor-element elementor-element-8194dff elementor-widget elementor-widget-heading\" data-id=\"8194dff\" data-element_type=\"widget\" data-e-type=\"widget\" data-widget_type=\"heading.default\">\n\t\t\t\t\t<h4 class=\"elementor-heading-title elementor-size-default\">Presidente da Comiss\u00e3o de Apiterapia de Apimondia<\/h4>\t\t\t\t<\/div>\n\t\t\t\t<div class=\"elementor-element elementor-element-71f47c0 elementor-widget elementor-widget-text-editor\" data-id=\"71f47c0\" data-element_type=\"widget\" data-e-type=\"widget\" data-widget_type=\"text-editor.default\">\n\t\t\t\t\t\t\t\t\t<p><strong>Dr. J\u00e1nos K\u00f6rmendy-R\u00e1cz<\/strong><br \/>Vice-presidente do Comit\u00e9 de Especialidade de Apiterapia da Federa\u00e7\u00e3o Mundial das Associa\u00e7\u00f5es de Medicina Chinesa<br \/>Presidente da Associa\u00e7\u00e3o H\u00fangara de Apiterapia<\/p><p>Hungria<\/p>\t\t\t\t\t\t\t\t<\/div>\n\t\t\t\t<div class=\"elementor-element elementor-element-f2e2b45 elementor-icon-list--layout-traditional elementor-list-item-link-full_width elementor-widget elementor-widget-icon-list\" data-id=\"f2e2b45\" data-element_type=\"widget\" data-e-type=\"widget\" data-widget_type=\"icon-list.default\">\n\t\t\t\t\t\t\t<ul class=\"elementor-icon-list-items\">\n\t\t\t\t\t\t\t<li class=\"elementor-icon-list-item\">\n\t\t\t\t\t\t\t\t\t\t\t<span class=\"elementor-icon-list-icon\">\n\t\t\t\t\t\t\t<svg aria-hidden=\"true\" class=\"e-font-icon-svg e-fas-envelope\" viewbox=\"0 0 512 512\" xmlns=\"http:\/\/www.w3.org\/2000\/svg\"><path d=\"M502.3 190.8c3.9-3.1 9.7-.2 9.7 4.7V400c0 26.5-21.5 48-48 48H48c-26.5 0-48-21.5-48-48V195.6c0-5 5.7-7.8 9.7-4.7 22.4 17.4 52.1 39.5 154.1 113.6 21.1 15.4 56.7 47.8 92.2 47.6 35.7.3 72-32.8 92.3-47.6 102-74.1 131.6-96.3 154-113.7zM256 320c23.2.4 56.6-29.2 73.4-41.4 132.7-96.3 142.8-104.7 173.4-128.7 5.8-4.5 9.2-11.5 9.2-18.9v-19c0-26.5-21.5-48-48-48H48C21.5 64 0 85.5 0 112v19c0 7.4 3.4 14.3 9.2 18.9 30.6 23.9 40.7 32.4 173.4 128.7 16.8 12.2 50.2 41.8 73.4 41.4z\"><\/path><\/svg>\t\t\t\t\t\t<\/span>\n\t\t\t\t\t\t\t\t\t\t<span class=\"elementor-icon-list-text\">apitherapy@apimondia.org<\/span>\n\t\t\t\t\t\t\t\t\t<\/li>\n\t\t\t\t\t\t<\/ul>\n\t\t\t\t\t\t<\/div>\n\t\t\t\t<div class=\"elementor-element elementor-element-87dc52f elementor-widget elementor-widget-heading\" data-id=\"87dc52f\" data-element_type=\"widget\" data-e-type=\"widget\" data-widget_type=\"heading.default\">\n\t\t\t\t\t<h4 class=\"elementor-heading-title elementor-size-default\">Membros da Comiss\u00e3o<\/h4>\t\t\t\t<\/div>\n\t\t\t\t<div class=\"elementor-element elementor-element-a803dcf elementor-widget elementor-widget-text-editor\" data-id=\"a803dcf\" data-element_type=\"widget\" data-e-type=\"widget\" data-widget_type=\"text-editor.default\">\n\t\t\t\t\t\t\t\t\t<p><strong>Dra. Cristina Mateescu PhD.<\/strong><\/p><p>2015 - 2023 Presidente da Comiss\u00e3o Cient\u00edfica de Apiterapia da APIMONDIA<br \/>2016 - Instituto Nacional de Investiga\u00e7\u00e3o e Desenvolvimento dos Recursos Biol\u00f3gicos Alimentares - IBA Bucareste<br \/>2011 - 2015 vice-presidente da Comiss\u00e3o Cient\u00edfica de Apiterapia<br \/>2010 - Instituto de Investiga\u00e7\u00e3o e Desenvolvimento Ap\u00edcola<\/p>\t\t\t\t\t\t\t\t<\/div>\n\t\t\t\t<div class=\"elementor-element elementor-element-46ed94c elementor-widget elementor-widget-text-editor\" data-id=\"46ed94c\" data-element_type=\"widget\" data-e-type=\"widget\" data-widget_type=\"text-editor.default\">\n\t\t\t\t\t\t\t\t\t<p><strong>Prof. Li Wanyao<\/strong><\/p><p>Professor de Medicina Tradicional Chinesa, Universidade de Medicina Chinesa de Guangzhou, supervisor de doutoramento.<\/p>\t\t\t\t\t\t\t\t<\/div>\n\t\t\t\t<div class=\"elementor-element elementor-element-f5b453f elementor-widget elementor-widget-text-editor\" data-id=\"f5b453f\" data-element_type=\"widget\" data-e-type=\"widget\" data-widget_type=\"text-editor.default\">\n\t\t\t\t\t\t\t\t\t<p><strong>Prof. Dr. Badiaa Lyoussi<\/strong><br \/>Chefe do Laborat\u00f3rio de Subst\u00e2ncias Naturais, Farmacologia, Ambiente, Modela\u00e7\u00e3o, Sa\u00fade e Qualidade de Vida (SNAMOPEQ), <br \/>Universidade Sidi Mohamed Ben Abdallah, Fez<\/p>\t\t\t\t\t\t\t\t<\/div>\n\t\t\t\t<div class=\"elementor-element elementor-element-7495fd1 elementor-widget elementor-widget-text-editor\" data-id=\"7495fd1\" data-element_type=\"widget\" data-e-type=\"widget\" data-widget_type=\"text-editor.default\">\n\t\t\t\t\t\t\t\t\t<p><strong>dr. MD. Cristina Aosan<\/strong><\/p>\t\t\t\t\t\t\t\t<\/div>\n\t\t\t\t<div class=\"elementor-element elementor-element-72bbe58 elementor-widget elementor-widget-text-editor\" data-id=\"72bbe58\" data-element_type=\"widget\" data-e-type=\"widget\" data-widget_type=\"text-editor.default\">\n\t\t\t\t\t\t\t\t\t<p><strong>Dr. Nicolas Cardinault PhD. <\/strong><br \/>Doutoramento em nutri\u00e7\u00e3o humana pela Faculdade de Medicina de Clermont-ferrand, Fran\u00e7a<\/p>\t\t\t\t\t\t\t\t<\/div>\n\t\t\t\t<div class=\"elementor-element elementor-element-0ae17ac elementor-widget elementor-widget-text-editor\" data-id=\"0ae17ac\" data-element_type=\"widget\" data-e-type=\"widget\" data-widget_type=\"text-editor.default\">\n\t\t\t\t\t\t\t\t\t<p><strong>Prof. Dr. MD. Ali Timu\u00e7in Atayo\u011flu<\/strong><br \/>Universidade Medipol, Istambul<\/p>\t\t\t\t\t\t\t\t<\/div>\n\t\t\t\t<div class=\"elementor-element elementor-element-e6bdc2c elementor-widget elementor-widget-text-editor\" data-id=\"e6bdc2c\" data-element_type=\"widget\" data-e-type=\"widget\" data-widget_type=\"text-editor.default\">\n\t\t\t\t\t\t\t\t\t<p><strong>Dr. Vet. Mar\u00eda Alejandra L\u00f3pez Pazos <\/strong><br \/>M\u00e9dico veterin\u00e1rio<br \/>Diplomado em Medicina Chinesa; Apiterapeuta<\/p>\t\t\t\t\t\t\t\t<\/div>\n\t\t\t\t<div class=\"elementor-element elementor-element-7952761 elementor-icon-list--layout-traditional elementor-list-item-link-full_width elementor-widget elementor-widget-icon-list\" data-id=\"7952761\" data-element_type=\"widget\" data-e-type=\"widget\" data-widget_type=\"icon-list.default\">\n\t\t\t\t\t\t\t<ul class=\"elementor-icon-list-items\">\n\t\t\t\t\t\t\t<li class=\"elementor-icon-list-item\">\n\t\t\t\t\t\t\t\t\t\t\t<a href=\"https:\/\/apys.info\/index.php\/scientific-commission-on-apitherapy\/\">\n\n\t\t\t\t\t\t\t\t\t\t\t\t<span class=\"elementor-icon-list-icon\">\n\t\t\t\t\t\t\t<svg aria-hidden=\"true\" class=\"e-font-icon-svg e-fas-link\" viewbox=\"0 0 512 512\" xmlns=\"http:\/\/www.w3.org\/2000\/svg\"><path d=\"M326.612 185.391c59.747 59.809 58.927 155.698.36 214.59-.11.12-.24.25-.36.37l-67.2 67.2c-59.27 59.27-155.699 59.262-214.96 0-59.27-59.26-59.27-155.7 0-214.96l37.106-37.106c9.84-9.84 26.786-3.3 27.294 10.606.648 17.722 3.826 35.527 9.69 52.721 1.986 5.822.567 12.262-3.783 16.612l-13.087 13.087c-28.026 28.026-28.905 73.66-1.155 101.96 28.024 28.579 74.086 28.749 102.325.51l67.2-67.19c28.191-28.191 28.073-73.757 0-101.83-3.701-3.694-7.429-6.564-10.341-8.569a16.037 16.037 0 0 1-6.947-12.606c-.396-10.567 3.348-21.456 11.698-29.806l21.054-21.055c5.521-5.521 14.182-6.199 20.584-1.731a152.482 152.482 0 0 1 20.522 17.197zM467.547 44.449c-59.261-59.262-155.69-59.27-214.96 0l-67.2 67.2c-.12.12-.25.25-.36.37-58.566 58.892-59.387 154.781.36 214.59a152.454 152.454 0 0 0 20.521 17.196c6.402 4.468 15.064 3.789 20.584-1.731l21.054-21.055c8.35-8.35 12.094-19.239 11.698-29.806a16.037 16.037 0 0 0-6.947-12.606c-2.912-2.005-6.64-4.875-10.341-8.569-28.073-28.073-28.191-73.639 0-101.83l67.2-67.19c28.239-28.239 74.3-28.069 102.325.51 27.75 28.3 26.872 73.934-1.155 101.96l-13.087 13.087c-4.35 4.35-5.769 10.79-3.783 16.612 5.864 17.194 9.042 34.999 9.69 52.721.509 13.906 17.454 20.446 27.294 10.606l37.106-37.106c59.271-59.259 59.271-155.699.001-214.959z\"><\/path><\/svg>\t\t\t\t\t\t<\/span>\n\t\t\t\t\t\t\t\t\t\t<span class=\"elementor-icon-list-text\">Todos os membros da comiss\u00e3o<\/span>\n\t\t\t\t\t\t\t\t\t\t\t<\/a>\n\t\t\t\t\t\t\t\t\t<\/li>\n\t\t\t\t\t\t<\/ul>\n\t\t\t\t\t\t<\/div>\n\t\t\t\t<\/div>\n\t\t\t\t<\/div>\n\t\t\t\t\t<\/div>\n\t\t\t\t<\/div>\n\t\t<div class=\"elementor-element elementor-element-d4ca919 e-flex e-con-boxed e-con e-parent\" data-id=\"d4ca919\" data-element_type=\"container\" data-e-type=\"container\">\n\t\t\t\t\t<div class=\"e-con-inner\">\n\t\t\t\t\t<\/div>\n\t\t\t\t<\/div>\n\t\t\t\t<\/div>","protected":false},"excerpt":{"rendered":"<p>Apitherapy The importance of apitherapy Apitherapy is a natural medical approach and a recognized part of integrative medicine. It is based on the use of products originating from the beehive. In different parts of the world, apitherapy is practiced and regulated in various ways. The term apitherapy was coined in the United States in 1935 [&hellip;]<\/p>\n","protected":false},"author":1,"featured_media":0,"parent":10,"menu_order":0,"comment_status":"closed","ping_status":"closed","template":"","meta":{"footnotes":""},"class_list":["post-88","page","type-page","status-publish","hentry"],"aioseo_notices":[],"_links":{"self":[{"href":"https:\/\/apimondia.org\/prt\/wp-json\/wp\/v2\/pages\/88","targetHints":{"allow":["GET"]}}],"collection":[{"href":"https:\/\/apimondia.org\/prt\/wp-json\/wp\/v2\/pages"}],"about":[{"href":"https:\/\/apimondia.org\/prt\/wp-json\/wp\/v2\/types\/page"}],"author":[{"embeddable":true,"href":"https:\/\/apimondia.org\/prt\/wp-json\/wp\/v2\/users\/1"}],"replies":[{"embeddable":true,"href":"https:\/\/apimondia.org\/prt\/wp-json\/wp\/v2\/comments?post=88"}],"version-history":[{"count":25,"href":"https:\/\/apimondia.org\/prt\/wp-json\/wp\/v2\/pages\/88\/revisions"}],"predecessor-version":[{"id":2380,"href":"https:\/\/apimondia.org\/prt\/wp-json\/wp\/v2\/pages\/88\/revisions\/2380"}],"up":[{"embeddable":true,"href":"https:\/\/apimondia.org\/prt\/wp-json\/wp\/v2\/pages\/10"}],"wp:attachment":[{"href":"https:\/\/apimondia.org\/prt\/wp-json\/wp\/v2\/media?parent=88"}],"curies":[{"name":"wp","href":"https:\/\/api.w.org\/{rel}","templated":true}]}}