{"id":987,"date":"2025-11-21T10:52:39","date_gmt":"2025-11-21T10:52:39","guid":{"rendered":"https:\/\/apimondia.org\/?page_id=987"},"modified":"2026-02-08T11:24:58","modified_gmt":"2026-02-08T11:24:58","slug":"economy","status":"publish","type":"page","link":"https:\/\/apimondia.org\/prt\/our-work\/economy\/","title":{"rendered":"Economia"},"content":{"rendered":"<div data-elementor-type=\"wp-page\" data-elementor-id=\"987\" class=\"elementor elementor-987\" data-elementor-post-type=\"page\">\n\t\t\t\t<div class=\"elementor-element elementor-element-fcfe9dd e-flex e-con-boxed e-con e-parent\" data-id=\"fcfe9dd\" data-element_type=\"container\" data-e-type=\"container\">\n\t\t\t\t\t<div class=\"e-con-inner\">\n\t\t\t\t<div class=\"elementor-element elementor-element-85e31db elementor-widget elementor-widget-heading\" data-id=\"85e31db\" data-element_type=\"widget\" data-e-type=\"widget\" data-widget_type=\"heading.default\">\n\t\t\t\t\t<h1 class=\"elementor-heading-title elementor-size-default\">Economia<\/h1>\t\t\t\t<\/div>\n\t\t\t\t<div class=\"elementor-element elementor-element-30fc929 elementor-widget-divider--view-line elementor-widget elementor-widget-divider\" data-id=\"30fc929\" data-element_type=\"widget\" data-e-type=\"widget\" data-widget_type=\"divider.default\">\n\t\t\t\t\t\t\t<div class=\"elementor-divider\">\n\t\t\t<span class=\"elementor-divider-separator\">\n\t\t\t\t\t\t<\/span>\n\t\t<\/div>\n\t\t\t\t\t\t<\/div>\n\t\t\t\t\t<\/div>\n\t\t\t\t<\/div>\n\t\t<div class=\"elementor-element elementor-element-9510151 e-flex e-con-boxed e-con e-parent\" data-id=\"9510151\" data-element_type=\"container\" data-e-type=\"container\">\n\t\t\t\t\t<div class=\"e-con-inner\">\n\t\t<div class=\"elementor-element elementor-element-e45e3aa e-con-full e-flex e-con e-child\" data-id=\"e45e3aa\" data-element_type=\"container\" data-e-type=\"container\">\n\t\t<div class=\"elementor-element elementor-element-4955e91 e-con-full e-flex e-con e-child\" data-id=\"4955e91\" data-element_type=\"container\" data-e-type=\"container\">\n\t\t\t\t<div class=\"elementor-element elementor-element-c11cd07 elementor-widget elementor-widget-heading\" data-id=\"c11cd07\" data-element_type=\"widget\" data-e-type=\"widget\" data-widget_type=\"heading.default\">\n\t\t\t\t\t<h2 class=\"elementor-heading-title elementor-size-default\">Promo\u00e7\u00e3o dos produtos da colmeia<\/h2>\t\t\t\t<\/div>\n\t\t\t\t<div class=\"elementor-element elementor-element-c7489f8 elementor-widget elementor-widget-text-editor\" data-id=\"c7489f8\" data-element_type=\"widget\" data-e-type=\"widget\" data-widget_type=\"text-editor.default\">\n\t\t\t\t\t\t\t\t\t<p>A sustentabilidade econ\u00f3mica de muitas explora\u00e7\u00f5es ap\u00edcolas em todo o mundo est\u00e1 atualmente a ser posta em causa pela diminui\u00e7\u00e3o do rendimento das colmeias devido \u00e0 deteriora\u00e7\u00e3o do ambiente, pelo aumento dos custos de produ\u00e7\u00e3o e pelos pre\u00e7os insuficientes dos produtos ap\u00edcolas aut\u00eanticos, causados principalmente por diferentes formas de fraude no mel. Enquanto persistirem a adultera\u00e7\u00e3o por motivos econ\u00f3micos, a fraude aduaneira e a viola\u00e7\u00e3o das leis comerciais internacionais e nacionais, o bem-estar e a estabilidade dos apicultores mundiais, a seguran\u00e7a alimentar e a sustentabilidade ecol\u00f3gica continuam em perigo. Ao mesmo tempo que maximiza os esfor\u00e7os no combate \u00e0 fraude no mel, a comunidade ap\u00edcola mundial tamb\u00e9m precisa urgentemente de voltar a uma agenda positiva e proactiva, a fim de ajudar a proteger o prest\u00edgio deste alimento ancestral, t\u00e3o relacionado com a natureza e a sa\u00fade humana.<\/p>\t\t\t\t\t\t\t\t<\/div>\n\t\t\t\t<div class=\"elementor-element elementor-element-ce8173c elementor-widget elementor-widget-image\" data-id=\"ce8173c\" data-element_type=\"widget\" data-e-type=\"widget\" data-widget_type=\"image.default\">\n\t\t\t\t\t\t\t\t\t\t\t\t\t\t\t<img fetchpriority=\"high\" decoding=\"async\" width=\"1000\" height=\"750\" src=\"https:\/\/apimondia.org\/wp-content\/uploads\/2026\/02\/DRUMS-22.jpg\" class=\"attachment-large size-large wp-image-2499\" alt=\"\" srcset=\"https:\/\/apimondia.org\/wp-content\/uploads\/2026\/02\/DRUMS-22.jpg 1000w, https:\/\/apimondia.org\/wp-content\/uploads\/2026\/02\/DRUMS-22-400x300.jpg 400w, https:\/\/apimondia.org\/wp-content\/uploads\/2026\/02\/DRUMS-22-768x576.jpg 768w, https:\/\/apimondia.org\/wp-content\/uploads\/2026\/02\/DRUMS-22-16x12.jpg 16w\" sizes=\"(max-width: 1000px) 100vw, 1000px\" \/>\t\t\t\t\t\t\t\t\t\t\t\t\t\t\t<\/div>\n\t\t\t\t<div class=\"elementor-element elementor-element-18b7c2c elementor-widget elementor-widget-heading\" data-id=\"18b7c2c\" data-element_type=\"widget\" data-e-type=\"widget\" data-widget_type=\"heading.default\">\n\t\t\t\t\t<h2 class=\"elementor-heading-title elementor-size-default\">A nossa abordagem<\/h2>\t\t\t\t<\/div>\n\t\t\t\t<div class=\"elementor-element elementor-element-3b80f9a elementor-widget__width-initial elementor-widget elementor-widget-text-editor\" data-id=\"3b80f9a\" data-element_type=\"widget\" data-e-type=\"widget\" data-widget_type=\"text-editor.default\">\n\t\t\t\t\t\t\t\t\t<p>A Apimondia promove o desenvolvimento de produtos ap\u00edcolas aut\u00eanticos e todo o tipo de actividades comerciais justas relacionadas com as abelhas. Os assuntos relacionados com a economia que abordamos s\u00e3o: gest\u00e3o (api\u00e1rios, ind\u00fastria), produtos (qualidade, comercializa\u00e7\u00e3o), mercados (nacional, internacional), promo\u00e7\u00e3o de vendas, novos produtos e neg\u00f3cios, ambiente (seguran\u00e7a alimentar, sustentabilidade econ\u00f3mica), hist\u00f3ria, educa\u00e7\u00e3o, organiza\u00e7\u00f5es sectoriais (para o fortalecimento da economia ap\u00edcola) e comunica\u00e7\u00e3o.<\/p><p>No \u00e2mbito da Comiss\u00e3o, o trabalho \u00e9 estruturado da seguinte forma <strong data-start=\"684\" data-end=\"716\">duas subcomiss\u00f5es espec\u00edficas<\/strong>, que se centram em \u00e1reas tem\u00e1ticas espec\u00edficas e apoiam a execu\u00e7\u00e3o efectiva destas actividades.<\/p>\t\t\t\t\t\t\t\t<\/div>\n\t\t\t\t<div class=\"elementor-element elementor-element-797635b elementor-widget elementor-widget-image\" data-id=\"797635b\" data-element_type=\"widget\" data-e-type=\"widget\" data-widget_type=\"image.default\">\n\t\t\t\t\t\t\t\t\t\t\t\t\t\t\t<img decoding=\"async\" width=\"1000\" height=\"640\" src=\"https:\/\/apimondia.org\/wp-content\/uploads\/2026\/02\/Beekeeper-4.jpg\" class=\"attachment-large size-large wp-image-2493\" alt=\"\" srcset=\"https:\/\/apimondia.org\/wp-content\/uploads\/2026\/02\/Beekeeper-4.jpg 1000w, https:\/\/apimondia.org\/wp-content\/uploads\/2026\/02\/Beekeeper-4-768x492.jpg 768w, https:\/\/apimondia.org\/wp-content\/uploads\/2026\/02\/Beekeeper-4-18x12.jpg 18w\" sizes=\"(max-width: 1000px) 100vw, 1000px\" \/>\t\t\t\t\t\t\t\t\t\t\t\t\t\t\t<\/div>\n\t\t\t\t<div class=\"elementor-element elementor-element-52c8e68 elementor-widget elementor-widget-heading\" data-id=\"52c8e68\" data-element_type=\"widget\" data-e-type=\"widget\" data-widget_type=\"heading.default\">\n\t\t\t\t\t<h2 class=\"elementor-heading-title elementor-size-default\">Objetivo da Subcomiss\u00e3o de Peritos Anal\u00edticos para a Autenticidade do Mel<\/h2>\t\t\t\t<\/div>\n\t\t\t\t<div class=\"elementor-element elementor-element-867c571 elementor-widget__width-initial elementor-widget elementor-widget-text-editor\" data-id=\"867c571\" data-element_type=\"widget\" data-e-type=\"widget\" data-widget_type=\"text-editor.default\">\n\t\t\t\t\t\t\t\t\t<p>O objetivo desta subcomiss\u00e3o \u00e9 fornecer orienta\u00e7\u00f5es cient\u00edficas sobre os testes de autenticidade do mel numa perspetiva laboratorial. Re\u00fane um grupo selecionado de peritos internacionais, que re\u00fanem conhecimentos anal\u00edticos em mat\u00e9ria de testes do mel a partir de v\u00e1rias perspectivas e posi\u00e7\u00f5es ao longo da cadeia de abastecimento do mel.<\/p><p>Com base nos seus conhecimentos especializados, a subcomiss\u00e3o est\u00e1 encarregada de rever o estado da arte dos testes de adultera\u00e7\u00e3o do mel por motivos econ\u00f3micos e de realizar avalia\u00e7\u00f5es de risco relativas a novos factores na cadeia de abastecimento do mel que possam ter impacto nos testes de autenticidade.<\/p><p>A subcomiss\u00e3o ter\u00e1 sempre em conta os novos desenvolvimentos, ajudar\u00e1 a atualizar as declara\u00e7\u00f5es da APIMONDIA quando necess\u00e1rio e publicar\u00e1 tamb\u00e9m pareceres cient\u00edficos sobre os testes de autenticidade do mel.<\/p><p>Na medida do necess\u00e1rio, a subcomiss\u00e3o pode igualmente considerar no seu trabalho ac\u00e7\u00f5es n\u00e3o laboratoriais, por exemplo, a rastreabilidade e a auditoria do mel. Para al\u00e9m dos seus membros cient\u00edficos, o comit\u00e9 pode igualmente convidar observadores de outras comiss\u00f5es ou subcomiss\u00f5es da APIMONDIA, a fim de assegurar o interc\u00e2mbio de conhecimentos e opini\u00f5es.\u00a0<\/p><p>O l\u00edder do grupo \u00e9 eleito anualmente pelos seus membros.<\/p>\t\t\t\t\t\t\t\t<\/div>\n\t\t\t\t<div class=\"elementor-element elementor-element-be5af7e elementor-widget elementor-widget-image\" data-id=\"be5af7e\" data-element_type=\"widget\" data-e-type=\"widget\" data-widget_type=\"image.default\">\n\t\t\t\t\t\t\t\t\t\t\t\t\t\t\t<img decoding=\"async\" width=\"1000\" height=\"667\" src=\"https:\/\/apimondia.org\/wp-content\/uploads\/2026\/02\/HONEY-LAB-11.jpg\" class=\"attachment-large size-large wp-image-2494\" alt=\"\" srcset=\"https:\/\/apimondia.org\/wp-content\/uploads\/2026\/02\/HONEY-LAB-11.jpg 1000w, https:\/\/apimondia.org\/wp-content\/uploads\/2026\/02\/HONEY-LAB-11-768x512.jpg 768w, https:\/\/apimondia.org\/wp-content\/uploads\/2026\/02\/HONEY-LAB-11-18x12.jpg 18w\" sizes=\"(max-width: 1000px) 100vw, 1000px\" \/>\t\t\t\t\t\t\t\t\t\t\t\t\t\t\t<\/div>\n\t\t\t\t<div class=\"elementor-element elementor-element-393c807 elementor-widget elementor-widget-heading\" data-id=\"393c807\" data-element_type=\"widget\" data-e-type=\"widget\" data-widget_type=\"heading.default\">\n\t\t\t\t\t<h2 class=\"elementor-heading-title elementor-size-default\">Subcomiss\u00e3o da Apicultura Profissional<\/h2>\t\t\t\t<\/div>\n\t\t\t\t<div class=\"elementor-element elementor-element-9d3341f elementor-widget__width-initial elementor-widget elementor-widget-text-editor\" data-id=\"9d3341f\" data-element_type=\"widget\" data-e-type=\"widget\" data-widget_type=\"text-editor.default\">\n\t\t\t\t\t\t\t\t\t<p>A Subcomiss\u00e3o Apimondia representa os interesses dos apicultores profissionais.<\/p><p>Os apicultores profissionais s\u00e3o aqueles cujo rendimento depende maioritariamente das abelhas.\u00a0<\/p><p>As actividades da Subcomiss\u00e3o s\u00e3o transversais a quase todas as Comiss\u00f5es Cient\u00edficas e Regionais da Apimondia e t\u00eam uma comunica\u00e7\u00e3o cruzada permanente com a Subcomiss\u00e3o de Peritos Anal\u00edticos para a Autenticidade do Mel, uma vez que as adultera\u00e7\u00f5es por motivos econ\u00f3micos t\u00eam um impacto direto nos pre\u00e7os do mel e p\u00f5em em risco a sustentabilidade da maioria das opera\u00e7\u00f5es comerciais.\u00a0 \u00a0<\/p><p>Os objectivos estrat\u00e9gicos da Subcomiss\u00e3o s\u00e3o os seguintes<\/p><ul><li style=\"list-style-type: none;\"><ol><li>Refor\u00e7ar a estabilidade do mercado atrav\u00e9s da fixa\u00e7\u00e3o do pre\u00e7o do mel, da poliniza\u00e7\u00e3o e de outras oportunidades relacionadas com as abelhas.<\/li><li>Investir em inova\u00e7\u00e3o e tecnologia para melhorar a rendibilidade.<\/li><li>Refor\u00e7ar a sustentabilidade e a resili\u00eancia ambiental.<\/li><li>Desenvolvimento da for\u00e7a de trabalho e representa\u00e7\u00e3o da ind\u00fastria.<\/li><li>Refor\u00e7ar a confian\u00e7a do consumidor e o posicionamento no mercado.<\/li><\/ol><\/li><\/ul>\t\t\t\t\t\t\t\t<\/div>\n\t\t\t\t<div class=\"elementor-element elementor-element-2273ea4 elementor-widget elementor-widget-image\" data-id=\"2273ea4\" data-element_type=\"widget\" data-e-type=\"widget\" data-widget_type=\"image.default\">\n\t\t\t\t\t\t\t\t\t\t\t\t\t\t\t<img loading=\"lazy\" decoding=\"async\" width=\"1000\" height=\"750\" src=\"https:\/\/apimondia.org\/wp-content\/uploads\/2026\/02\/APIARY-HARVESTED-2.jpg\" class=\"attachment-large size-large wp-image-2500\" alt=\"\" srcset=\"https:\/\/apimondia.org\/wp-content\/uploads\/2026\/02\/APIARY-HARVESTED-2.jpg 1000w, https:\/\/apimondia.org\/wp-content\/uploads\/2026\/02\/APIARY-HARVESTED-2-400x300.jpg 400w, https:\/\/apimondia.org\/wp-content\/uploads\/2026\/02\/APIARY-HARVESTED-2-768x576.jpg 768w, https:\/\/apimondia.org\/wp-content\/uploads\/2026\/02\/APIARY-HARVESTED-2-16x12.jpg 16w\" sizes=\"(max-width: 1000px) 100vw, 1000px\" \/>\t\t\t\t\t\t\t\t\t\t\t\t\t\t\t<\/div>\n\t\t\t\t<\/div>\n\t\t<div class=\"elementor-element elementor-element-e53cb75 e-con-full e-flex e-con e-child\" data-id=\"e53cb75\" data-element_type=\"container\" data-e-type=\"container\">\n\t\t\t\t<div class=\"elementor-element elementor-element-5067a91 elementor-widget elementor-widget-heading\" data-id=\"5067a91\" data-element_type=\"widget\" data-e-type=\"widget\" data-widget_type=\"heading.default\">\n\t\t\t\t\t<h4 class=\"elementor-heading-title elementor-size-default\">Presidente da Comiss\u00e3o Econ\u00f3mica Apimondia<\/h4>\t\t\t\t<\/div>\n\t\t\t\t<div class=\"elementor-element elementor-element-fbeaf11 elementor-widget elementor-widget-text-editor\" data-id=\"fbeaf11\" data-element_type=\"widget\" data-e-type=\"widget\" data-widget_type=\"text-editor.default\">\n\t\t\t\t\t\t\t\t\t<p><strong>Norberto Luis Garcia<\/strong><\/p><p>Universidad Nacional del Sur, Bah\u00eda Blanca. ARGENTINA.\u00a0<\/p>\t\t\t\t\t\t\t\t<\/div>\n\t\t\t\t<div class=\"elementor-element elementor-element-c40755b elementor-icon-list--layout-traditional elementor-list-item-link-full_width elementor-widget elementor-widget-icon-list\" data-id=\"c40755b\" data-element_type=\"widget\" data-e-type=\"widget\" data-widget_type=\"icon-list.default\">\n\t\t\t\t\t\t\t<ul class=\"elementor-icon-list-items\">\n\t\t\t\t\t\t\t<li class=\"elementor-icon-list-item\">\n\t\t\t\t\t\t\t\t\t\t\t<span class=\"elementor-icon-list-icon\">\n\t\t\t\t\t\t\t<svg aria-hidden=\"true\" class=\"e-font-icon-svg e-fas-envelope\" viewbox=\"0 0 512 512\" xmlns=\"http:\/\/www.w3.org\/2000\/svg\"><path d=\"M502.3 190.8c3.9-3.1 9.7-.2 9.7 4.7V400c0 26.5-21.5 48-48 48H48c-26.5 0-48-21.5-48-48V195.6c0-5 5.7-7.8 9.7-4.7 22.4 17.4 52.1 39.5 154.1 113.6 21.1 15.4 56.7 47.8 92.2 47.6 35.7.3 72-32.8 92.3-47.6 102-74.1 131.6-96.3 154-113.7zM256 320c23.2.4 56.6-29.2 73.4-41.4 132.7-96.3 142.8-104.7 173.4-128.7 5.8-4.5 9.2-11.5 9.2-18.9v-19c0-26.5-21.5-48-48-48H48C21.5 64 0 85.5 0 112v19c0 7.4 3.4 14.3 9.2 18.9 30.6 23.9 40.7 32.4 173.4 128.7 16.8 12.2 50.2 41.8 73.4 41.4z\"><\/path><\/svg>\t\t\t\t\t\t<\/span>\n\t\t\t\t\t\t\t\t\t\t<span class=\"elementor-icon-list-text\">economy@apimondia.org<\/span>\n\t\t\t\t\t\t\t\t\t<\/li>\n\t\t\t\t\t\t<\/ul>\n\t\t\t\t\t\t<\/div>\n\t\t\t\t<div class=\"elementor-element elementor-element-ce0adb9 elementor-widget elementor-widget-heading\" data-id=\"ce0adb9\" data-element_type=\"widget\" data-e-type=\"widget\" data-widget_type=\"heading.default\">\n\t\t\t\t\t<h4 class=\"elementor-heading-title elementor-size-default\">Vice-Presidente e L\u00edder da Subcomiss\u00e3o de Peritos Anal\u00edticos para a Autenticidade do Mel<\/h4>\t\t\t\t<\/div>\n\t\t\t\t<div class=\"elementor-element elementor-element-69d12f5 elementor-widget elementor-widget-text-editor\" data-id=\"69d12f5\" data-element_type=\"widget\" data-e-type=\"widget\" data-widget_type=\"text-editor.default\">\n\t\t\t\t\t\t\t\t\t<p><strong>Prof. Dr. Stephan Schwarzinger<\/strong><\/p><p>Diretor do Centro Nordbayerisches NMR Zentrum<br \/>Diretor do Centro NMR do Norte da Baviera (NBNC)<br \/>NBNC - Grupo de Investiga\u00e7\u00e3o \u201eCSI - Food Bayreuth\u201c<\/p><p>Universit\u00e4t Bayreuth, Universitaetsstrasse 30 (NW I), 95447 Bayreuth, Alemanha<\/p>\t\t\t\t\t\t\t\t<\/div>\n\t\t\t\t<div class=\"elementor-element elementor-element-057cbaa elementor-icon-list--layout-traditional elementor-list-item-link-full_width elementor-widget elementor-widget-icon-list\" data-id=\"057cbaa\" data-element_type=\"widget\" data-e-type=\"widget\" data-widget_type=\"icon-list.default\">\n\t\t\t\t\t\t\t<ul class=\"elementor-icon-list-items\">\n\t\t\t\t\t\t\t<li class=\"elementor-icon-list-item\">\n\t\t\t\t\t\t\t\t\t\t\t<span class=\"elementor-icon-list-icon\">\n\t\t\t\t\t\t\t<svg aria-hidden=\"true\" class=\"e-font-icon-svg e-fas-envelope\" viewbox=\"0 0 512 512\" xmlns=\"http:\/\/www.w3.org\/2000\/svg\"><path d=\"M502.3 190.8c3.9-3.1 9.7-.2 9.7 4.7V400c0 26.5-21.5 48-48 48H48c-26.5 0-48-21.5-48-48V195.6c0-5 5.7-7.8 9.7-4.7 22.4 17.4 52.1 39.5 154.1 113.6 21.1 15.4 56.7 47.8 92.2 47.6 35.7.3 72-32.8 92.3-47.6 102-74.1 131.6-96.3 154-113.7zM256 320c23.2.4 56.6-29.2 73.4-41.4 132.7-96.3 142.8-104.7 173.4-128.7 5.8-4.5 9.2-11.5 9.2-18.9v-19c0-26.5-21.5-48-48-48H48C21.5 64 0 85.5 0 112v19c0 7.4 3.4 14.3 9.2 18.9 30.6 23.9 40.7 32.4 173.4 128.7 16.8 12.2 50.2 41.8 73.4 41.4z\"><\/path><\/svg>\t\t\t\t\t\t<\/span>\n\t\t\t\t\t\t\t\t\t\t<span class=\"elementor-icon-list-text\">s.schwarzinger@uni-bayreuth.de<\/span>\n\t\t\t\t\t\t\t\t\t<\/li>\n\t\t\t\t\t\t<\/ul>\n\t\t\t\t\t\t<\/div>\n\t\t\t\t<div class=\"elementor-element elementor-element-aaa919e elementor-widget elementor-widget-heading\" data-id=\"aaa919e\" data-element_type=\"widget\" data-e-type=\"widget\" data-widget_type=\"heading.default\">\n\t\t\t\t\t<h4 class=\"elementor-heading-title elementor-size-default\">Vice-presidente e l\u00edder da Subcomiss\u00e3o Apicultura Profissional\n<\/h4>\t\t\t\t<\/div>\n\t\t\t\t<div class=\"elementor-element elementor-element-202868b elementor-widget elementor-widget-text-editor\" data-id=\"202868b\" data-element_type=\"widget\" data-e-type=\"widget\" data-widget_type=\"text-editor.default\">\n\t\t\t\t\t\t\t\t\t<p style=\"text-align: left;\" align=\"center\"><b><span lang=\"EN-GB\" style=\"font-family: 'Arial',sans-serif;\">Rod Scarlett<\/span><\/b><\/p><p style=\"text-align: left;\" align=\"center\"><span lang=\"EN-GB\" style=\"font-family: 'Arial',sans-serif;\">Diretor Executivo do Conselho Canadiano do Mel<\/span><\/p><p style=\"text-align: left;\" align=\"center\"><span lang=\"EN-GB\" style=\"font-family: 'Arial',sans-serif;\">Sherwood Park, AB T8E 1H1 - CANAD\u00c1<\/span><\/p>\t\t\t\t\t\t\t\t<\/div>\n\t\t\t\t<div class=\"elementor-element elementor-element-1d7ca11 elementor-icon-list--layout-traditional elementor-list-item-link-full_width elementor-widget elementor-widget-icon-list\" data-id=\"1d7ca11\" data-element_type=\"widget\" data-e-type=\"widget\" data-widget_type=\"icon-list.default\">\n\t\t\t\t\t\t\t<ul class=\"elementor-icon-list-items\">\n\t\t\t\t\t\t\t<li class=\"elementor-icon-list-item\">\n\t\t\t\t\t\t\t\t\t\t\t<span class=\"elementor-icon-list-icon\">\n\t\t\t\t\t\t\t<svg aria-hidden=\"true\" class=\"e-font-icon-svg e-fas-envelope\" viewbox=\"0 0 512 512\" xmlns=\"http:\/\/www.w3.org\/2000\/svg\"><path d=\"M502.3 190.8c3.9-3.1 9.7-.2 9.7 4.7V400c0 26.5-21.5 48-48 48H48c-26.5 0-48-21.5-48-48V195.6c0-5 5.7-7.8 9.7-4.7 22.4 17.4 52.1 39.5 154.1 113.6 21.1 15.4 56.7 47.8 92.2 47.6 35.7.3 72-32.8 92.3-47.6 102-74.1 131.6-96.3 154-113.7zM256 320c23.2.4 56.6-29.2 73.4-41.4 132.7-96.3 142.8-104.7 173.4-128.7 5.8-4.5 9.2-11.5 9.2-18.9v-19c0-26.5-21.5-48-48-48H48C21.5 64 0 85.5 0 112v19c0 7.4 3.4 14.3 9.2 18.9 30.6 23.9 40.7 32.4 173.4 128.7 16.8 12.2 50.2 41.8 73.4 41.4z\"><\/path><\/svg>\t\t\t\t\t\t<\/span>\n\t\t\t\t\t\t\t\t\t\t<span class=\"elementor-icon-list-text\">chc-ccm@honeycouncil.ca<\/span>\n\t\t\t\t\t\t\t\t\t<\/li>\n\t\t\t\t\t\t<\/ul>\n\t\t\t\t\t\t<\/div>\n\t\t\t\t<\/div>\n\t\t\t\t<\/div>\n\t\t\t\t\t<\/div>\n\t\t\t\t<\/div>\n\t\t\t\t<\/div>","protected":false},"excerpt":{"rendered":"<p>Economy Promoting beehive products The economic sustainability of many beekeeping operations around the world is currently being challenged by decreasing hive yields due to deterioration of the environment, increasing costs of production, and insufficient prices of authentic bee products mainly caused by different modes of honey fraud. As long as economically motivated adulteration, customs fraud [&hellip;]<\/p>\n","protected":false},"author":1,"featured_media":0,"parent":10,"menu_order":0,"comment_status":"closed","ping_status":"closed","template":"","meta":{"footnotes":""},"class_list":["post-987","page","type-page","status-publish","hentry"],"aioseo_notices":[],"_links":{"self":[{"href":"https:\/\/apimondia.org\/prt\/wp-json\/wp\/v2\/pages\/987","targetHints":{"allow":["GET"]}}],"collection":[{"href":"https:\/\/apimondia.org\/prt\/wp-json\/wp\/v2\/pages"}],"about":[{"href":"https:\/\/apimondia.org\/prt\/wp-json\/wp\/v2\/types\/page"}],"author":[{"embeddable":true,"href":"https:\/\/apimondia.org\/prt\/wp-json\/wp\/v2\/users\/1"}],"replies":[{"embeddable":true,"href":"https:\/\/apimondia.org\/prt\/wp-json\/wp\/v2\/comments?post=987"}],"version-history":[{"count":31,"href":"https:\/\/apimondia.org\/prt\/wp-json\/wp\/v2\/pages\/987\/revisions"}],"predecessor-version":[{"id":2621,"href":"https:\/\/apimondia.org\/prt\/wp-json\/wp\/v2\/pages\/987\/revisions\/2621"}],"up":[{"embeddable":true,"href":"https:\/\/apimondia.org\/prt\/wp-json\/wp\/v2\/pages\/10"}],"wp:attachment":[{"href":"https:\/\/apimondia.org\/prt\/wp-json\/wp\/v2\/media?parent=987"}],"curies":[{"name":"wp","href":"https:\/\/api.w.org\/{rel}","templated":true}]}}