{"id":989,"date":"2025-11-21T10:53:05","date_gmt":"2025-11-21T10:53:05","guid":{"rendered":"https:\/\/apimondia.org\/?page_id=989"},"modified":"2026-02-05T00:36:48","modified_gmt":"2026-02-05T00:36:48","slug":"pollination-and-flora","status":"publish","type":"page","link":"https:\/\/apimondia.org\/prt\/our-work\/pollination-and-flora\/","title":{"rendered":"Poliniza\u00e7\u00e3o e flora"},"content":{"rendered":"<div data-elementor-type=\"wp-page\" data-elementor-id=\"989\" class=\"elementor elementor-989\" data-elementor-post-type=\"page\">\n\t\t\t\t<div class=\"elementor-element elementor-element-b524106 e-flex e-con-boxed e-con e-parent\" data-id=\"b524106\" data-element_type=\"container\" data-e-type=\"container\">\n\t\t\t\t\t<div class=\"e-con-inner\">\n\t\t\t\t<div class=\"elementor-element elementor-element-59b670a elementor-widget elementor-widget-heading\" data-id=\"59b670a\" data-element_type=\"widget\" data-e-type=\"widget\" data-widget_type=\"heading.default\">\n\t\t\t\t\t<h1 class=\"elementor-heading-title elementor-size-default\">Poliniza\u00e7\u00e3o e flora<\/h1>\t\t\t\t<\/div>\n\t\t\t\t<div class=\"elementor-element elementor-element-558a357 elementor-widget-divider--view-line elementor-widget elementor-widget-divider\" data-id=\"558a357\" data-element_type=\"widget\" data-e-type=\"widget\" data-widget_type=\"divider.default\">\n\t\t\t\t\t\t\t<div class=\"elementor-divider\">\n\t\t\t<span class=\"elementor-divider-separator\">\n\t\t\t\t\t\t<\/span>\n\t\t<\/div>\n\t\t\t\t\t\t<\/div>\n\t\t\t\t\t<\/div>\n\t\t\t\t<\/div>\n\t\t<div class=\"elementor-element elementor-element-52aaca2 e-flex e-con-boxed e-con e-parent\" data-id=\"52aaca2\" data-element_type=\"container\" data-e-type=\"container\">\n\t\t\t\t\t<div class=\"e-con-inner\">\n\t\t<div class=\"elementor-element elementor-element-97eb3a5 e-con-full e-flex e-con e-child\" data-id=\"97eb3a5\" data-element_type=\"container\" data-e-type=\"container\">\n\t\t\t\t<div class=\"elementor-element elementor-element-8f4dd69 elementor-widget elementor-widget-heading\" data-id=\"8f4dd69\" data-element_type=\"widget\" data-e-type=\"widget\" data-widget_type=\"heading.default\">\n\t\t\t\t\t<h2 class=\"elementor-heading-title elementor-size-default\">O papel fundamental das abelhas<\/h2>\t\t\t\t<\/div>\n\t\t\t\t<div class=\"elementor-element elementor-element-362b585 elementor-widget__width-initial elementor-widget elementor-widget-text-editor\" data-id=\"362b585\" data-element_type=\"widget\" data-e-type=\"widget\" data-widget_type=\"text-editor.default\">\n\t\t\t\t\t\t\t\t\t<p>Os insectos polinizadores mais conhecidos s\u00e3o as abelhas, especialmente a abelha mel\u00edfera (Apis mellifera), mas outras abelhas Apis e n\u00e3o Apis (por exemplo, os abelh\u00f5es) s\u00e3o tamb\u00e9m excelentes polinizadores. A atividade dos polinizadores sustenta os ambientes ricos em vegeta\u00e7\u00e3o que constituem a maioria dos ecossistemas terrestres. O correto funcionamento destes habitats e os seus benef\u00edcios s\u00e3o essenciais para a manuten\u00e7\u00e3o de todas as formas de vida no planeta. Um dos contributos mais importantes da natureza para as pessoas \u00e9 a poliniza\u00e7\u00e3o de v\u00e1rias culturas fundamentais para o consumo humano e para as economias de muitas regi\u00f5es. No entanto, os servi\u00e7os de poliniza\u00e7\u00e3o natural est\u00e3o a diminuir em diferentes partes do mundo, porque h\u00e1 menos polinizadores ou menos diversidade nas suas comunidades. Quando h\u00e1 um d\u00e9fice neste dom\u00ednio, a resposta t\u00edpica aos baixos rendimentos agr\u00edcolas da\u00ed resultantes \u00e9 a expans\u00e3o da \u00e1rea cultivada e a aplica\u00e7\u00e3o de m\u00e9todos agr\u00edcolas inadequados. Esta \u00e9 uma abordagem comum na intensifica\u00e7\u00e3o convencional e cria press\u00f5es ambientais que levam a mais perdas de recursos naturais, prejudicando ainda mais comunidades de polinizadores.<\/p>\t\t\t\t\t\t\t\t<\/div>\n\t\t\t\t<div class=\"elementor-element elementor-element-bc8b980 elementor-widget elementor-widget-heading\" data-id=\"bc8b980\" data-element_type=\"widget\" data-e-type=\"widget\" data-widget_type=\"heading.default\">\n\t\t\t\t\t<h2 class=\"elementor-heading-title elementor-size-default\">A nossa abordagem<\/h2>\t\t\t\t<\/div>\n\t\t\t\t<div class=\"elementor-element elementor-element-e600ced elementor-widget elementor-widget-text-editor\" data-id=\"e600ced\" data-element_type=\"widget\" data-e-type=\"widget\" data-widget_type=\"text-editor.default\">\n\t\t\t\t\t\t\t\t\t<p>A Apimondia est\u00e1 a trabalhar para desenvolver conhecimentos te\u00f3ricos e pr\u00e1ticos sobre temas como a biologia das diferentes esp\u00e9cies de polinizadores, carater\u00edsticas comportamentais, ecologia das comunidades de polinizadores, valor tang\u00edvel e intang\u00edvel dos seus servi\u00e7os em ambientes cultivados e naturais, pr\u00e1ticas amigas dos polinizadores e percep\u00e7\u00f5es dos produtores, entre muitos outros. Gra\u00e7as a esta investiga\u00e7\u00e3o, o valor das diferentes comunidades de polinizadores para a poliniza\u00e7\u00e3o das culturas tem sido cada vez mais reconhecido, demonstrando a extens\u00e3o estimada da sua perda e facilitando a quantifica\u00e7\u00e3o dos custos e benef\u00edcios das pr\u00e1ticas favor\u00e1veis aos polinizadores. A import\u00e2ncia de preservar os habitats naturais dos polinizadores e de aumentar a biodiversidade para reduzir os factores de produ\u00e7\u00e3o sint\u00e9ticos e criar um agroecossistema saud\u00e1vel e resistente \u00e9 tamb\u00e9m uma \u00e1rea de investiga\u00e7\u00e3o fundamental.<\/p><p>Estamos a fazer progressos na compreens\u00e3o das causas e consequ\u00eancias da mortalidade das abelhas. Esta tarefa \u00e9 realizada atrav\u00e9s do estudo da nutri\u00e7\u00e3o e toxicologia das abelhas, do levantamento de diferentes regi\u00f5es, da cria\u00e7\u00e3o de cons\u00f3rcios de apicultores e do desenvolvimento de projectos de investiga\u00e7\u00e3o.<\/p><p>Toda esta informa\u00e7\u00e3o \u00e9 uma ferramenta valiosa para a conce\u00e7\u00e3o e implementa\u00e7\u00e3o de planos de gest\u00e3o que promovam a presen\u00e7a de polinizadores em ambientes naturais e produtivos. Por exemplo, a Apimondia contribuiu para o desenvolvimento de diretrizes e protocolos da FAO para a avalia\u00e7\u00e3o socioecon\u00f3mica de pr\u00e1ticas favor\u00e1veis aos polinizadores e lan\u00e7ou v\u00e1rias iniciativas em pequenas explora\u00e7\u00f5es familiares de pa\u00edses em desenvolvimento.<\/p><p>Participamos tamb\u00e9m em plataformas intergovernamentais, trabalhando com associa\u00e7\u00f5es da sociedade civil e estabelecendo contactos com agentes pol\u00edticos para discutir pol\u00edticas pendentes e para aproximar as necessidades dos produtores, apicultores e consumidores dos f\u00f3runs de discuss\u00e3o. Algumas das principais actividades incluem a participa\u00e7\u00e3o em simp\u00f3sios, a elabora\u00e7\u00e3o de projectos de lei de regulamenta\u00e7\u00e3o da apicultura e o desenvolvimento de relat\u00f3rios para os decisores pol\u00edticos que d\u00e3o uma ideia da situa\u00e7\u00e3o atual dos polinizadores em todo o mundo.<\/p>\t\t\t\t\t\t\t\t<\/div>\n\t\t\t\t<\/div>\n\t\t<div class=\"elementor-element elementor-element-72dd885 e-con-full e-flex e-con e-child\" data-id=\"72dd885\" data-element_type=\"container\" data-e-type=\"container\">\n\t\t\t\t<div class=\"elementor-element elementor-element-dcbc5d2 elementor-icon-list--layout-traditional elementor-list-item-link-full_width elementor-widget elementor-widget-icon-list\" data-id=\"dcbc5d2\" data-element_type=\"widget\" data-e-type=\"widget\" data-widget_type=\"icon-list.default\">\n\t\t\t\t\t\t\t<ul class=\"elementor-icon-list-items\">\n\t\t\t\t\t\t\t<li class=\"elementor-icon-list-item\">\n\t\t\t\t\t\t\t\t\t\t\t<a href=\"https:\/\/apimondia.org\/wp-content\/uploads\/2025\/11\/pbf-comission.pdf\">\n\n\t\t\t\t\t\t\t\t\t\t\t\t<span class=\"elementor-icon-list-icon\">\n\t\t\t\t\t\t\t<svg aria-hidden=\"true\" class=\"e-font-icon-svg e-fas-download\" viewbox=\"0 0 512 512\" xmlns=\"http:\/\/www.w3.org\/2000\/svg\"><path d=\"M216 0h80c13.3 0 24 10.7 24 24v168h87.7c17.8 0 26.7 21.5 14.1 34.1L269.7 378.3c-7.5 7.5-19.8 7.5-27.3 0L90.1 226.1c-12.6-12.6-3.7-34.1 14.1-34.1H192V24c0-13.3 10.7-24 24-24zm296 376v112c0 13.3-10.7 24-24 24H24c-13.3 0-24-10.7-24-24V376c0-13.3 10.7-24 24-24h146.7l49 49c20.1 20.1 52.5 20.1 72.6 0l49-49H488c13.3 0 24 10.7 24 24zm-124 88c0-11-9-20-20-20s-20 9-20 20 9 20 20 20 20-9 20-20zm64 0c0-11-9-20-20-20s-20 9-20 20 9 20 20 20 20-9 20-20z\"><\/path><\/svg>\t\t\t\t\t\t<\/span>\n\t\t\t\t\t\t\t\t\t\t<span class=\"elementor-icon-list-text\">Membros da Comiss\u00e3o<\/span>\n\t\t\t\t\t\t\t\t\t\t\t<\/a>\n\t\t\t\t\t\t\t\t\t<\/li>\n\t\t\t\t\t\t<\/ul>\n\t\t\t\t\t\t<\/div>\n\t\t\t\t<\/div>\n\t\t\t\t\t<\/div>\n\t\t\t\t<\/div>\n\t\t<div class=\"elementor-element elementor-element-2a4a071 e-grid e-con-boxed e-con e-parent\" data-id=\"2a4a071\" data-element_type=\"container\" data-e-type=\"container\">\n\t\t\t\t\t<div class=\"e-con-inner\">\n\t\t<div class=\"elementor-element elementor-element-cb99625 e-con-full e-flex e-con e-child\" data-id=\"cb99625\" data-element_type=\"container\" data-e-type=\"container\">\n\t\t\t\t<div class=\"elementor-element elementor-element-6cd45f0 elementor-widget elementor-widget-heading\" data-id=\"6cd45f0\" data-element_type=\"widget\" data-e-type=\"widget\" data-widget_type=\"heading.default\">\n\t\t\t\t\t<h4 class=\"elementor-heading-title elementor-size-default\">O papel crucial dos habitats naturais para os polinizadores<\/h4>\t\t\t\t<\/div>\n\t\t\t\t<div class=\"elementor-element elementor-element-9b0aa03 elementor-widget elementor-widget-video\" data-id=\"9b0aa03\" data-element_type=\"widget\" data-e-type=\"widget\" data-settings=\"{&quot;youtube_url&quot;:&quot;https:\\\/\\\/www.youtube.com\\\/watch?v=2tVY1gsjxL8&quot;,&quot;lazy_load&quot;:&quot;yes&quot;,&quot;video_type&quot;:&quot;youtube&quot;,&quot;controls&quot;:&quot;yes&quot;}\" data-widget_type=\"video.default\">\n\t\t\t\t\t\t\t<div class=\"elementor-wrapper elementor-open-inline\">\n\t\t\t<div class=\"elementor-video\"><\/div>\t\t<\/div>\n\t\t\t\t\t\t<\/div>\n\t\t\t\t<\/div>\n\t\t<div class=\"elementor-element elementor-element-52c1ccd e-con-full e-flex e-con e-child\" data-id=\"52c1ccd\" data-element_type=\"container\" data-e-type=\"container\">\n\t\t\t\t<div class=\"elementor-element elementor-element-bd22e6a elementor-widget elementor-widget-heading\" data-id=\"bd22e6a\" data-element_type=\"widget\" data-e-type=\"widget\" data-widget_type=\"heading.default\">\n\t\t\t\t\t<h4 class=\"elementor-heading-title elementor-size-default\">A beleza oculta da poliniza\u00e7\u00e3o<\/h4>\t\t\t\t<\/div>\n\t\t\t\t<div class=\"elementor-element elementor-element-19fef7e elementor-widget elementor-widget-video\" data-id=\"19fef7e\" data-element_type=\"widget\" data-e-type=\"widget\" data-settings=\"{&quot;youtube_url&quot;:&quot;https:\\\/\\\/www.youtube.com\\\/watch?v=eqsXc_aefKI&quot;,&quot;lazy_load&quot;:&quot;yes&quot;,&quot;video_type&quot;:&quot;youtube&quot;,&quot;controls&quot;:&quot;yes&quot;}\" data-widget_type=\"video.default\">\n\t\t\t\t\t\t\t<div class=\"elementor-wrapper elementor-open-inline\">\n\t\t\t<div class=\"elementor-video\"><\/div>\t\t<\/div>\n\t\t\t\t\t\t<\/div>\n\t\t\t\t<\/div>\n\t\t<div class=\"elementor-element elementor-element-48a19f6 e-con-full e-flex e-con e-child\" data-id=\"48a19f6\" data-element_type=\"container\" data-e-type=\"container\">\n\t\t\t\t<div class=\"elementor-element elementor-element-c8c7547 elementor-widget elementor-widget-heading\" data-id=\"c8c7547\" data-element_type=\"widget\" data-e-type=\"widget\" data-widget_type=\"heading.default\">\n\t\t\t\t\t<h4 class=\"elementor-heading-title elementor-size-default\">A import\u00e2ncia dos servi\u00e7os de poliniza\u00e7\u00e3o das abelhas<\/h4>\t\t\t\t<\/div>\n\t\t\t\t<div class=\"elementor-element elementor-element-3712636 elementor-widget elementor-widget-video\" data-id=\"3712636\" data-element_type=\"widget\" data-e-type=\"widget\" data-settings=\"{&quot;youtube_url&quot;:&quot;https:\\\/\\\/www.youtube.com\\\/watch?v=U060o1XFRCE&quot;,&quot;lazy_load&quot;:&quot;yes&quot;,&quot;video_type&quot;:&quot;youtube&quot;,&quot;controls&quot;:&quot;yes&quot;}\" data-widget_type=\"video.default\">\n\t\t\t\t\t\t\t<div class=\"elementor-wrapper elementor-open-inline\">\n\t\t\t<div class=\"elementor-video\"><\/div>\t\t<\/div>\n\t\t\t\t\t\t<\/div>\n\t\t\t\t<\/div>\n\t\t\t\t\t<\/div>\n\t\t\t\t<\/div>\n\t\t<div class=\"elementor-element elementor-element-8b3eaeb e-flex e-con-boxed e-con e-parent\" data-id=\"8b3eaeb\" data-element_type=\"container\" data-e-type=\"container\">\n\t\t\t\t\t<div class=\"e-con-inner\">\n\t\t<div class=\"elementor-element elementor-element-d11d016 e-con-full e-flex e-con e-child\" data-id=\"d11d016\" data-element_type=\"container\" data-e-type=\"container\">\n\t\t<div class=\"elementor-element elementor-element-60ece76 e-con-full e-flex e-con e-child\" data-id=\"60ece76\" data-element_type=\"container\" data-e-type=\"container\" data-settings=\"{&quot;background_background&quot;:&quot;classic&quot;}\">\n\t\t\t\t<div class=\"elementor-element elementor-element-2137a92 elementor-widget elementor-widget-heading\" data-id=\"2137a92\" data-element_type=\"widget\" data-e-type=\"widget\" data-widget_type=\"heading.default\">\n\t\t\t\t\t<h2 class=\"elementor-heading-title elementor-size-default\">Diretrizes<\/h2>\t\t\t\t<\/div>\n\t\t\t\t<div class=\"elementor-element elementor-element-29d1fad elementor-widget-divider--view-line elementor-widget elementor-widget-divider\" data-id=\"29d1fad\" data-element_type=\"widget\" data-e-type=\"widget\" data-widget_type=\"divider.default\">\n\t\t\t\t\t\t\t<div class=\"elementor-divider\">\n\t\t\t<span class=\"elementor-divider-separator\">\n\t\t\t\t\t\t<\/span>\n\t\t<\/div>\n\t\t\t\t\t\t<\/div>\n\t\t\t\t<div class=\"elementor-element elementor-element-a0a1895 elementor-widget elementor-widget-text-editor\" data-id=\"a0a1895\" data-element_type=\"widget\" data-e-type=\"widget\" data-widget_type=\"text-editor.default\">\n\t\t\t\t\t\t\t\t\t<p>Boas pr\u00e1ticas ap\u00edcolas para uma apicultura sustent\u00e1vel<\/p>\t\t\t\t\t\t\t\t<\/div>\n\t\t\t\t<div class=\"elementor-element elementor-element-d7a588b elementor-align-center elementor-widget__width-initial elementor-widget elementor-widget-button\" data-id=\"d7a588b\" data-element_type=\"widget\" data-e-type=\"widget\" data-widget_type=\"button.default\">\n\t\t\t\t\t\t\t\t\t\t<a class=\"elementor-button elementor-button-link elementor-size-sm\" href=\"https:\/\/openknowledge.fao.org\/items\/44bbf61a-eec9-46fa-9d74-0f791e592571\">\n\t\t\t\t\t\t<span class=\"elementor-button-content-wrapper\">\n\t\t\t\t\t\t\t\t\t<span class=\"elementor-button-text\">Saiba mais<\/span>\n\t\t\t\t\t<\/span>\n\t\t\t\t\t<\/a>\n\t\t\t\t\t\t\t\t<\/div>\n\t\t\t\t<\/div>\n\t\t\t\t<\/div>\n\t\t\t\t\t<\/div>\n\t\t\t\t<\/div>\n\t\t\t\t<\/div>","protected":false},"excerpt":{"rendered":"<p>Pollination and flora The critical role of bees The best-known pollinating insects are bees, especially the honeybee (Apis mellifera), but other Apis and non-Apis bees (e.g., bumblebees) are also excellent pollinators. Pollinator activity supports the vegetation-rich environments that make up most terrestrial ecosystems. The proper functioning of these habitats and their benefits are essential for [&hellip;]<\/p>\n","protected":false},"author":1,"featured_media":0,"parent":10,"menu_order":0,"comment_status":"closed","ping_status":"closed","template":"","meta":{"footnotes":""},"class_list":["post-989","page","type-page","status-publish","hentry"],"aioseo_notices":[],"_links":{"self":[{"href":"https:\/\/apimondia.org\/prt\/wp-json\/wp\/v2\/pages\/989","targetHints":{"allow":["GET"]}}],"collection":[{"href":"https:\/\/apimondia.org\/prt\/wp-json\/wp\/v2\/pages"}],"about":[{"href":"https:\/\/apimondia.org\/prt\/wp-json\/wp\/v2\/types\/page"}],"author":[{"embeddable":true,"href":"https:\/\/apimondia.org\/prt\/wp-json\/wp\/v2\/users\/1"}],"replies":[{"embeddable":true,"href":"https:\/\/apimondia.org\/prt\/wp-json\/wp\/v2\/comments?post=989"}],"version-history":[{"count":16,"href":"https:\/\/apimondia.org\/prt\/wp-json\/wp\/v2\/pages\/989\/revisions"}],"predecessor-version":[{"id":1211,"href":"https:\/\/apimondia.org\/prt\/wp-json\/wp\/v2\/pages\/989\/revisions\/1211"}],"up":[{"embeddable":true,"href":"https:\/\/apimondia.org\/prt\/wp-json\/wp\/v2\/pages\/10"}],"wp:attachment":[{"href":"https:\/\/apimondia.org\/prt\/wp-json\/wp\/v2\/media?parent=989"}],"curies":[{"name":"wp","href":"https:\/\/api.w.org\/{rel}","templated":true}]}}