{"id":991,"date":"2025-11-21T10:53:25","date_gmt":"2025-11-21T10:53:25","guid":{"rendered":"https:\/\/apimondia.org\/?page_id=991"},"modified":"2026-02-05T15:00:27","modified_gmt":"2026-02-05T15:00:27","slug":"rural-development","status":"publish","type":"page","link":"https:\/\/apimondia.org\/prt\/our-work\/rural-development\/","title":{"rendered":"Desenvolvimento rural"},"content":{"rendered":"<div data-elementor-type=\"wp-page\" data-elementor-id=\"991\" class=\"elementor elementor-991\" data-elementor-post-type=\"page\">\n\t\t\t\t<div class=\"elementor-element elementor-element-02bbe5f e-flex e-con-boxed e-con e-parent\" data-id=\"02bbe5f\" data-element_type=\"container\" data-e-type=\"container\">\n\t\t\t\t\t<div class=\"e-con-inner\">\n\t\t\t\t<div class=\"elementor-element elementor-element-8f48eae elementor-widget elementor-widget-heading\" data-id=\"8f48eae\" data-element_type=\"widget\" data-e-type=\"widget\" data-widget_type=\"heading.default\">\n\t\t\t\t\t<h1 class=\"elementor-heading-title elementor-size-default\">Desenvolvimento rural<\/h1>\t\t\t\t<\/div>\n\t\t\t\t<div class=\"elementor-element elementor-element-5b06c1a elementor-widget-divider--view-line elementor-widget elementor-widget-divider\" data-id=\"5b06c1a\" data-element_type=\"widget\" data-e-type=\"widget\" data-widget_type=\"divider.default\">\n\t\t\t\t\t\t\t<div class=\"elementor-divider\">\n\t\t\t<span class=\"elementor-divider-separator\">\n\t\t\t\t\t\t<\/span>\n\t\t<\/div>\n\t\t\t\t\t\t<\/div>\n\t\t\t\t\t<\/div>\n\t\t\t\t<\/div>\n\t\t<div class=\"elementor-element elementor-element-6812d2f e-flex e-con-boxed e-con e-parent\" data-id=\"6812d2f\" data-element_type=\"container\" data-e-type=\"container\">\n\t\t\t\t\t<div class=\"e-con-inner\">\n\t\t<div class=\"elementor-element elementor-element-a761187 e-con-full e-flex e-con e-child\" data-id=\"a761187\" data-element_type=\"container\" data-e-type=\"container\">\n\t\t<div class=\"elementor-element elementor-element-63fff3d e-con-full e-flex e-con e-child\" data-id=\"63fff3d\" data-element_type=\"container\" data-e-type=\"container\">\n\t\t\t\t<div class=\"elementor-element elementor-element-fee6fbd elementor-widget elementor-widget-text-editor\" data-id=\"fee6fbd\" data-element_type=\"widget\" data-e-type=\"widget\" data-widget_type=\"text-editor.default\">\n\t\t\t\t\t\t\t\t\t<div class=\"paragraph\">A Comiss\u00e3o Apimondia de Desenvolvimento Rural \u00e9 uma rede acolhedora que re\u00fane pessoas para partilhar conhecimentos, trocar ideias e aprender umas com as outras. A nossa liga\u00e7\u00e3o \u00e9 feita atrav\u00e9s dos Congressos e Simp\u00f3sios da Apimondia, bem como atrav\u00e9s de discuss\u00f5es cont\u00ednuas por correio eletr\u00f3nico entre eventos. Estes encontros atraem n\u00e3o s\u00f3 apicultores, mas tamb\u00e9m profissionais de desenvolvimento e acad\u00e9micos, que contribuem para uma compreens\u00e3o mais profunda das abelhas, da apicultura e do desenvolvimento sustent\u00e1vel em todo o mundo.<\/div>\t\t\t\t\t\t\t\t<\/div>\n\t\t\t\t<div class=\"elementor-element elementor-element-8c6bf6a elementor-widget__width-initial elementor-widget elementor-widget-image\" data-id=\"8c6bf6a\" data-element_type=\"widget\" data-e-type=\"widget\" data-widget_type=\"image.default\">\n\t\t\t\t\t\t\t\t\t\t\t\t\t\t\t<img fetchpriority=\"high\" decoding=\"async\" width=\"600\" height=\"450\" src=\"https:\/\/apimondia.org\/wp-content\/uploads\/2026\/01\/Traditional-Hive3.jpg\" class=\"attachment-large size-large wp-image-2357\" alt=\"\" srcset=\"https:\/\/apimondia.org\/wp-content\/uploads\/2026\/01\/Traditional-Hive3.jpg 600w, https:\/\/apimondia.org\/wp-content\/uploads\/2026\/01\/Traditional-Hive3-400x300.jpg 400w, https:\/\/apimondia.org\/wp-content\/uploads\/2026\/01\/Traditional-Hive3-16x12.jpg 16w\" sizes=\"(max-width: 600px) 100vw, 600px\" \/>\t\t\t\t\t\t\t\t\t\t\t\t\t\t\t<\/div>\n\t\t\t\t<\/div>\n\t\t\t\t<div class=\"elementor-element elementor-element-b1a73a2 elementor-widget elementor-widget-heading\" data-id=\"b1a73a2\" data-element_type=\"widget\" data-e-type=\"widget\" data-widget_type=\"heading.default\">\n\t\t\t\t\t<h2 class=\"elementor-heading-title elementor-size-default\">As nossas actividades<\/h2>\t\t\t\t<\/div>\n\t\t\t\t<div class=\"elementor-element elementor-element-a13b4c2 elementor-widget elementor-widget-text-editor\" data-id=\"a13b4c2\" data-element_type=\"widget\" data-e-type=\"widget\" data-widget_type=\"text-editor.default\">\n\t\t\t\t\t\t\t\t\t<div class=\"paragraph\"><p>Como apicultores, muitos membros da Apimondia reconhecer\u00e3o o incr\u00edvel poder da apicultura para reduzir a pobreza e aumentar a biodiversidade. A apicultura \u00e9 mais do que apenas a produ\u00e7\u00e3o de mel - ela apoia os meios de subsist\u00eancia, fortalece as economias rurais e desempenha um papel crucial na prote\u00e7\u00e3o do nosso ambiente. \u00c9 por isso que a Apimondia se concentra no papel e no valor da apicultura no desenvolvimento rural, incluindo:<\/p><ul><li>Apoiar a apicultura como uma atividade de baixo custo e de grande impacto para as pessoas com recursos financeiros limitados<\/li><li>Promover a utiliza\u00e7\u00e3o de esp\u00e9cies de abelhas ind\u00edgenas e locais<\/li><li>Incentivar pr\u00e1ticas ap\u00edcolas sustent\u00e1veis que conservem as popula\u00e7\u00f5es de abelhas mel\u00edferas e de abelhas sem ferr\u00e3o<\/li><li>Explorar a certifica\u00e7\u00e3o biol\u00f3gica e social das empresas ap\u00edcolas<\/li><li>Refor\u00e7o dos agrupamentos de produtores e das cooperativas<\/li><li>Responder aos desafios comerciais, de marketing e pol\u00edticos<\/li><li>Destacar o significado cultural da apicultura<\/li><li>Reconhecer a apicultura como parte da gest\u00e3o sustent\u00e1vel das florestas<\/li><li>Defesa de pol\u00edticas que apoiem os apicultores e o com\u00e9rcio justo<\/li><li>Demonstrar o papel da apicultura na seguran\u00e7a alimentar e na redu\u00e7\u00e3o da pobreza<\/li><\/ul><p>A apicultura tem o potencial de transformar as comunidades, criando meios de subsist\u00eancia sustent\u00e1veis e protegendo a natureza. Atrav\u00e9s desta Comiss\u00e3o, o nosso objetivo \u00e9 inspirar e capacitar mais pessoas para aproveitarem a apicultura como uma ferramenta para uma mudan\u00e7a positiva.<\/p><p>Estamos ansiosos por continuar estas conversas e trabalhar em conjunto para apoiar os apicultores e o desenvolvimento sustent\u00e1vel em todo o mundo.<\/p><\/div>\t\t\t\t\t\t\t\t<\/div>\n\t\t\t\t<div class=\"elementor-element elementor-element-2111aaa elementor-widget elementor-widget-image\" data-id=\"2111aaa\" data-element_type=\"widget\" data-e-type=\"widget\" data-widget_type=\"image.default\">\n\t\t\t\t\t\t\t\t\t\t\t\t\t\t\t<img decoding=\"async\" width=\"600\" height=\"450\" src=\"https:\/\/apimondia.org\/wp-content\/uploads\/2026\/01\/zDelete-2.jpg\" class=\"attachment-large size-large wp-image-2358\" alt=\"\" srcset=\"https:\/\/apimondia.org\/wp-content\/uploads\/2026\/01\/zDelete-2.jpg 600w, https:\/\/apimondia.org\/wp-content\/uploads\/2026\/01\/zDelete-2-400x300.jpg 400w, https:\/\/apimondia.org\/wp-content\/uploads\/2026\/01\/zDelete-2-16x12.jpg 16w\" sizes=\"(max-width: 600px) 100vw, 600px\" \/>\t\t\t\t\t\t\t\t\t\t\t\t\t\t\t<\/div>\n\t\t\t\t<\/div>\n\t\t<div class=\"elementor-element elementor-element-c56405b e-con-full e-flex e-con e-child\" data-id=\"c56405b\" data-element_type=\"container\" data-e-type=\"container\">\n\t\t<div class=\"elementor-element elementor-element-8f7cd1e e-con-full e-flex e-con e-child\" data-id=\"8f7cd1e\" data-element_type=\"container\" data-e-type=\"container\">\n\t\t\t\t<div class=\"elementor-element elementor-element-55e5311 elementor-widget elementor-widget-heading\" data-id=\"55e5311\" data-element_type=\"widget\" data-e-type=\"widget\" data-widget_type=\"heading.default\">\n\t\t\t\t\t<h4 class=\"elementor-heading-title elementor-size-default\">Presidente da Comiss\u00e3o Apimondia de Desenvolvimento Rural<\/h4>\t\t\t\t<\/div>\n\t\t\t\t<div class=\"elementor-element elementor-element-bcc55b2 elementor-widget elementor-widget-text-editor\" data-id=\"bcc55b2\" data-element_type=\"widget\" data-e-type=\"widget\" data-widget_type=\"text-editor.default\">\n\t\t\t\t\t\t\t\t\t<p><strong>Megan Denver<\/strong><\/p>\t\t\t\t\t\t\t\t<\/div>\n\t\t\t\t<div class=\"elementor-element elementor-element-527a57a elementor-icon-list--layout-traditional elementor-list-item-link-full_width elementor-widget elementor-widget-icon-list\" data-id=\"527a57a\" data-element_type=\"widget\" data-e-type=\"widget\" data-widget_type=\"icon-list.default\">\n\t\t\t\t\t\t\t<ul class=\"elementor-icon-list-items\">\n\t\t\t\t\t\t\t<li class=\"elementor-icon-list-item\">\n\t\t\t\t\t\t\t\t\t\t\t<span class=\"elementor-icon-list-icon\">\n\t\t\t\t\t\t\t<svg aria-hidden=\"true\" class=\"e-font-icon-svg e-fas-envelope\" viewbox=\"0 0 512 512\" xmlns=\"http:\/\/www.w3.org\/2000\/svg\"><path d=\"M502.3 190.8c3.9-3.1 9.7-.2 9.7 4.7V400c0 26.5-21.5 48-48 48H48c-26.5 0-48-21.5-48-48V195.6c0-5 5.7-7.8 9.7-4.7 22.4 17.4 52.1 39.5 154.1 113.6 21.1 15.4 56.7 47.8 92.2 47.6 35.7.3 72-32.8 92.3-47.6 102-74.1 131.6-96.3 154-113.7zM256 320c23.2.4 56.6-29.2 73.4-41.4 132.7-96.3 142.8-104.7 173.4-128.7 5.8-4.5 9.2-11.5 9.2-18.9v-19c0-26.5-21.5-48-48-48H48C21.5 64 0 85.5 0 112v19c0 7.4 3.4 14.3 9.2 18.9 30.6 23.9 40.7 32.4 173.4 128.7 16.8 12.2 50.2 41.8 73.4 41.4z\"><\/path><\/svg>\t\t\t\t\t\t<\/span>\n\t\t\t\t\t\t\t\t\t\t<span class=\"elementor-icon-list-text\">ruraldevelopment@apimondia.org<\/span>\n\t\t\t\t\t\t\t\t\t<\/li>\n\t\t\t\t\t\t<\/ul>\n\t\t\t\t\t\t<\/div>\n\t\t\t\t<\/div>\n\t\t\t\t<\/div>\n\t\t\t\t\t<\/div>\n\t\t\t\t<\/div>\n\t\t\t\t<\/div>","protected":false},"excerpt":{"rendered":"<p>Rural development The Apimondia Commission on Rural Development is a welcoming network that brings people together to share knowledge, exchange ideas, and learn from one another. We connect through Apimondia Congresses and Symposia, as well as ongoing discussions by email between events. These gatherings attract not only beekeepers but also development professionals and academics, all [&hellip;]<\/p>\n","protected":false},"author":1,"featured_media":0,"parent":10,"menu_order":0,"comment_status":"closed","ping_status":"closed","template":"","meta":{"footnotes":""},"class_list":["post-991","page","type-page","status-publish","hentry"],"aioseo_notices":[],"_links":{"self":[{"href":"https:\/\/apimondia.org\/prt\/wp-json\/wp\/v2\/pages\/991","targetHints":{"allow":["GET"]}}],"collection":[{"href":"https:\/\/apimondia.org\/prt\/wp-json\/wp\/v2\/pages"}],"about":[{"href":"https:\/\/apimondia.org\/prt\/wp-json\/wp\/v2\/types\/page"}],"author":[{"embeddable":true,"href":"https:\/\/apimondia.org\/prt\/wp-json\/wp\/v2\/users\/1"}],"replies":[{"embeddable":true,"href":"https:\/\/apimondia.org\/prt\/wp-json\/wp\/v2\/comments?post=991"}],"version-history":[{"count":19,"href":"https:\/\/apimondia.org\/prt\/wp-json\/wp\/v2\/pages\/991\/revisions"}],"predecessor-version":[{"id":2536,"href":"https:\/\/apimondia.org\/prt\/wp-json\/wp\/v2\/pages\/991\/revisions\/2536"}],"up":[{"embeddable":true,"href":"https:\/\/apimondia.org\/prt\/wp-json\/wp\/v2\/pages\/10"}],"wp:attachment":[{"href":"https:\/\/apimondia.org\/prt\/wp-json\/wp\/v2\/media?parent=991"}],"curies":[{"name":"wp","href":"https:\/\/api.w.org\/{rel}","templated":true}]}}