{"id":993,"date":"2025-11-21T10:53:52","date_gmt":"2025-11-21T10:53:52","guid":{"rendered":"https:\/\/apimondia.org\/?page_id=993"},"modified":"2026-02-08T11:20:42","modified_gmt":"2026-02-08T11:20:42","slug":"technology-and-quality","status":"publish","type":"page","link":"https:\/\/apimondia.org\/prt\/our-work\/technology-and-quality\/","title":{"rendered":"Tecnologia e qualidade"},"content":{"rendered":"<div data-elementor-type=\"wp-page\" data-elementor-id=\"993\" class=\"elementor elementor-993\" data-elementor-post-type=\"page\">\n\t\t\t\t<div class=\"elementor-element elementor-element-0daa25f e-flex e-con-boxed e-con e-parent\" data-id=\"0daa25f\" data-element_type=\"container\" data-e-type=\"container\">\n\t\t\t\t\t<div class=\"e-con-inner\">\n\t\t\t\t<div class=\"elementor-element elementor-element-3bec16b elementor-widget elementor-widget-heading\" data-id=\"3bec16b\" data-element_type=\"widget\" data-e-type=\"widget\" data-widget_type=\"heading.default\">\n\t\t\t\t\t<h1 class=\"elementor-heading-title elementor-size-default\">Tecnologia e qualidade<\/h1>\t\t\t\t<\/div>\n\t\t\t\t<div class=\"elementor-element elementor-element-58668ad elementor-widget-divider--view-line elementor-widget elementor-widget-divider\" data-id=\"58668ad\" data-element_type=\"widget\" data-e-type=\"widget\" data-widget_type=\"divider.default\">\n\t\t\t\t\t\t\t<div class=\"elementor-divider\">\n\t\t\t<span class=\"elementor-divider-separator\">\n\t\t\t\t\t\t<\/span>\n\t\t<\/div>\n\t\t\t\t\t\t<\/div>\n\t\t\t\t\t<\/div>\n\t\t\t\t<\/div>\n\t\t<div class=\"elementor-element elementor-element-54403ac e-flex e-con-boxed e-con e-parent\" data-id=\"54403ac\" data-element_type=\"container\" data-e-type=\"container\">\n\t\t\t\t\t<div class=\"e-con-inner\">\n\t\t<div class=\"elementor-element elementor-element-47b3281 e-con-full e-flex e-con e-child\" data-id=\"47b3281\" data-element_type=\"container\" data-e-type=\"container\">\n\t\t\t\t<div class=\"elementor-element elementor-element-225e032 elementor-widget__width-initial elementor-widget elementor-widget-text-editor\" data-id=\"225e032\" data-element_type=\"widget\" data-e-type=\"widget\" data-widget_type=\"text-editor.default\">\n\t\t\t\t\t\t\t\t\t<p>Talvez o maior desafio para os apicultores seja operar num ambiente de crescente intensidade agr\u00edcola, negativamente afetado pelas altera\u00e7\u00f5es clim\u00e1ticas. A paisagem para as abelhas est\u00e1 a ser impulsionada pelo dilema de alimentar uma popula\u00e7\u00e3o global em crescimento. Nunca antes o ambiente para as abelhas se tornou t\u00e3o hostil em tantas partes do mundo. O impacto \u00e9 sentido de forma muito intensa pelos apicultores, que t\u00eam de lidar com quest\u00f5es como a utiliza\u00e7\u00e3o de pesticidas e produtos qu\u00edmicos e o seu impacto nas abelhas. A Apimondia tamb\u00e9m observa que a quest\u00e3o do ambiente \u00e9, em muitos aspectos, a mais dif\u00edcil de resolver, mas temos de continuar a lutar por um ambiente melhor para as nossas abelhas existirem e prosperarem.<br><br>O pr\u00f3ximo desafio \u00e0 viabilidade da apicultura \u00e9 a fraude (adultera\u00e7\u00e3o) do mel, nas suas v\u00e1rias formas e declina\u00e7\u00f5es. A adultera\u00e7\u00e3o do mel (e dos produtos ap\u00edcolas em geral) e o impacto no mercado que produz conduziram a uma economia ap\u00edcola disfuncional em quase todos os cantos do mundo. A fraude no mel amea\u00e7a a base sobre a qual os produtos ap\u00edcolas de qualidade natural competem e, infelizmente, grande parte da cadeia de valor ainda est\u00e1 cega \u00e0s amea\u00e7as do mel e dos produtos ap\u00edcolas fraudulentos. A Apimondia desempenhar\u00e1 um papel cada vez mais importante na procura de solu\u00e7\u00f5es para a fraude do mel no futuro, uma vez que \u00e9 a voz que representa os apicultores a n\u00edvel mundial.<\/p>\t\t\t\t\t\t\t\t<\/div>\n\t\t\t\t<div class=\"elementor-element elementor-element-07d339a elementor-widget elementor-widget-heading\" data-id=\"07d339a\" data-element_type=\"widget\" data-e-type=\"widget\" data-widget_type=\"heading.default\">\n\t\t\t\t\t<h2 class=\"elementor-heading-title elementor-size-default\">A nossa miss\u00e3o<\/h2>\t\t\t\t<\/div>\n\t\t\t\t<div class=\"elementor-element elementor-element-d7e7fde elementor-widget elementor-widget-text-editor\" data-id=\"d7e7fde\" data-element_type=\"widget\" data-e-type=\"widget\" data-widget_type=\"text-editor.default\">\n\t\t\t\t\t\t\t\t\t<p>A miss\u00e3o da Comiss\u00e3o consiste em procurar recolher, tratar e divulgar as informa\u00e7\u00f5es cient\u00edficas dispon\u00edveis para ajudar os apicultores a n\u00edvel internacional, a fim de lhes permitir adaptarem-se \u00e0s novas exig\u00eancias ambientais (ambiente mel\u00edfero, mercado, sociedade) num esp\u00edrito de sustentabilidade. \u00c9 igualmente dada especial aten\u00e7\u00e3o ao quadro jur\u00eddico internacional, a fim de preservar a qualidade dos produtos da colmeia (estabelecimento de defini\u00e7\u00f5es e crit\u00e9rios de qualidade que permitam limitar as adultera\u00e7\u00f5es e assegurar o desenvolvimento harmonioso do sector ap\u00edcola).<\/p><p>Efectuamos consultas para o melhoramento dos produtos ap\u00edcolas no \u00e2mbito das normas com v\u00e1rias organiza\u00e7\u00f5es, tais como\u00a0<a href=\"https:\/\/www.fao.org\/fao-who-codexalimentarius\/en\/\" target=\"_blank\" rel=\"noopener\">Codex Alimentarius<\/a>,\u00a0<a href=\"https:\/\/www.iso.org\/home.html\" target=\"_blank\" rel=\"noopener\">ISO<\/a>,\u00a0<a href=\"http:\/\/www.who.org\/\" target=\"_blank\" rel=\"noopener\">OMS<\/a>,\u00a0<a href=\"http:\/\/www.fao.org\/\" target=\"_blank\" rel=\"noopener\">FAO<\/a>,\u00a0<a href=\"https:\/\/www.feedm.com\/\" target=\"_blank\" rel=\"noopener\">FEEDM<\/a>,\u00a0<a href=\"https:\/\/www.ihc-platform.net\/\" target=\"_blank\" rel=\"noopener\">IHC<\/a>,\u00a0<a href=\"http:\/\/www.hipa.org.uk\/\" target=\"_blank\" rel=\"noopener\">HIPA<\/a>, Uni\u00e3o Europeia, etc.<\/p>\t\t\t\t\t\t\t\t<\/div>\n\t\t\t\t<\/div>\n\t\t<div class=\"elementor-element elementor-element-d3a9920 e-con-full e-flex e-con e-child\" data-id=\"d3a9920\" data-element_type=\"container\" data-e-type=\"container\">\n\t\t\t\t<div class=\"elementor-element elementor-element-3cf2c87 elementor-widget elementor-widget-heading\" data-id=\"3cf2c87\" data-element_type=\"widget\" data-e-type=\"widget\" data-widget_type=\"heading.default\">\n\t\t\t\t\t<h4 class=\"elementor-heading-title elementor-size-default\">Presidente da Comiss\u00e3o de Sa\u00fade das Abelhas da Apimondia<\/h4>\t\t\t\t<\/div>\n\t\t\t\t<div class=\"elementor-element elementor-element-e8b59a0 elementor-widget elementor-widget-text-editor\" data-id=\"e8b59a0\" data-element_type=\"widget\" data-e-type=\"widget\" data-widget_type=\"text-editor.default\">\n\t\t\t\t\t\t\t\t\t<p><strong>Prof. Miguel Vilas Boas<\/strong><\/p><p>Departamento do Ambiente e dos Recursos Naturais<br \/>Universidade Polit\u00e9cnica de Bragan\u00e7a, Portugal<\/p>\t\t\t\t\t\t\t\t<\/div>\n\t\t\t\t<div class=\"elementor-element elementor-element-88a140b elementor-icon-list--layout-traditional elementor-list-item-link-full_width elementor-widget elementor-widget-icon-list\" data-id=\"88a140b\" data-element_type=\"widget\" data-e-type=\"widget\" data-widget_type=\"icon-list.default\">\n\t\t\t\t\t\t\t<ul class=\"elementor-icon-list-items\">\n\t\t\t\t\t\t\t<li class=\"elementor-icon-list-item\">\n\t\t\t\t\t\t\t\t\t\t\t<span class=\"elementor-icon-list-icon\">\n\t\t\t\t\t\t\t<svg aria-hidden=\"true\" class=\"e-font-icon-svg e-fas-envelope\" viewbox=\"0 0 512 512\" xmlns=\"http:\/\/www.w3.org\/2000\/svg\"><path d=\"M502.3 190.8c3.9-3.1 9.7-.2 9.7 4.7V400c0 26.5-21.5 48-48 48H48c-26.5 0-48-21.5-48-48V195.6c0-5 5.7-7.8 9.7-4.7 22.4 17.4 52.1 39.5 154.1 113.6 21.1 15.4 56.7 47.8 92.2 47.6 35.7.3 72-32.8 92.3-47.6 102-74.1 131.6-96.3 154-113.7zM256 320c23.2.4 56.6-29.2 73.4-41.4 132.7-96.3 142.8-104.7 173.4-128.7 5.8-4.5 9.2-11.5 9.2-18.9v-19c0-26.5-21.5-48-48-48H48C21.5 64 0 85.5 0 112v19c0 7.4 3.4 14.3 9.2 18.9 30.6 23.9 40.7 32.4 173.4 128.7 16.8 12.2 50.2 41.8 73.4 41.4z\"><\/path><\/svg>\t\t\t\t\t\t<\/span>\n\t\t\t\t\t\t\t\t\t\t<span class=\"elementor-icon-list-text\">technology@apimondia.org<\/span>\n\t\t\t\t\t\t\t\t\t<\/li>\n\t\t\t\t\t\t<\/ul>\n\t\t\t\t\t\t<\/div>\n\t\t\t\t<div class=\"elementor-element elementor-element-c0db339 elementor-widget elementor-widget-heading\" data-id=\"c0db339\" data-element_type=\"widget\" data-e-type=\"widget\" data-widget_type=\"heading.default\">\n\t\t\t\t\t<h4 class=\"elementor-heading-title elementor-size-default\">Membros da Comiss\u00e3o\n<\/h4>\t\t\t\t<\/div>\n\t\t\t\t<div class=\"elementor-element elementor-element-29e67f2 elementor-widget elementor-widget-text-editor\" data-id=\"29e67f2\" data-element_type=\"widget\" data-e-type=\"widget\" data-widget_type=\"text-editor.default\">\n\t\t\t\t\t\t\t\t\t<p><strong>Dra. Andresa Berretta<\/strong><\/p><p>Diretor de Investiga\u00e7\u00e3o, Desenvolvimento e Inova\u00e7\u00e3o da Apis Flora Limited<\/p>\t\t\t\t\t\t\t\t<\/div>\n\t\t\t\t<div class=\"elementor-element elementor-element-8d530db elementor-icon-list--layout-traditional elementor-list-item-link-full_width elementor-widget elementor-widget-icon-list\" data-id=\"8d530db\" data-element_type=\"widget\" data-e-type=\"widget\" data-widget_type=\"icon-list.default\">\n\t\t\t\t\t\t\t<ul class=\"elementor-icon-list-items\">\n\t\t\t\t\t\t\t<li class=\"elementor-icon-list-item\">\n\t\t\t\t\t\t\t\t\t\t\t<span class=\"elementor-icon-list-icon\">\n\t\t\t\t\t\t\t<svg aria-hidden=\"true\" class=\"e-font-icon-svg e-fas-envelope\" viewbox=\"0 0 512 512\" xmlns=\"http:\/\/www.w3.org\/2000\/svg\"><path d=\"M502.3 190.8c3.9-3.1 9.7-.2 9.7 4.7V400c0 26.5-21.5 48-48 48H48c-26.5 0-48-21.5-48-48V195.6c0-5 5.7-7.8 9.7-4.7 22.4 17.4 52.1 39.5 154.1 113.6 21.1 15.4 56.7 47.8 92.2 47.6 35.7.3 72-32.8 92.3-47.6 102-74.1 131.6-96.3 154-113.7zM256 320c23.2.4 56.6-29.2 73.4-41.4 132.7-96.3 142.8-104.7 173.4-128.7 5.8-4.5 9.2-11.5 9.2-18.9v-19c0-26.5-21.5-48-48-48H48C21.5 64 0 85.5 0 112v19c0 7.4 3.4 14.3 9.2 18.9 30.6 23.9 40.7 32.4 173.4 128.7 16.8 12.2 50.2 41.8 73.4 41.4z\"><\/path><\/svg>\t\t\t\t\t\t<\/span>\n\t\t\t\t\t\t\t\t\t\t<span class=\"elementor-icon-list-text\">andresa.berretta@apisflora.com.br<\/span>\n\t\t\t\t\t\t\t\t\t<\/li>\n\t\t\t\t\t\t<\/ul>\n\t\t\t\t\t\t<\/div>\n\t\t\t\t<div class=\"elementor-element elementor-element-351e381 elementor-widget elementor-widget-text-editor\" data-id=\"351e381\" data-element_type=\"widget\" data-e-type=\"widget\" data-widget_type=\"text-editor.default\">\n\t\t\t\t\t\t\t\t\t<p><strong>Dra\u017een Lu\u0161i\u0107<\/strong><\/p><p>Faculdade de Medicina, Universidade de Rijeka, Cro\u00e1cia,<\/p>\t\t\t\t\t\t\t\t<\/div>\n\t\t\t\t<div class=\"elementor-element elementor-element-448ce1f elementor-icon-list--layout-traditional elementor-list-item-link-full_width elementor-widget elementor-widget-icon-list\" data-id=\"448ce1f\" data-element_type=\"widget\" data-e-type=\"widget\" data-widget_type=\"icon-list.default\">\n\t\t\t\t\t\t\t<ul class=\"elementor-icon-list-items\">\n\t\t\t\t\t\t\t<li class=\"elementor-icon-list-item\">\n\t\t\t\t\t\t\t\t\t\t\t<span class=\"elementor-icon-list-icon\">\n\t\t\t\t\t\t\t<svg aria-hidden=\"true\" class=\"e-font-icon-svg e-fas-envelope\" viewbox=\"0 0 512 512\" xmlns=\"http:\/\/www.w3.org\/2000\/svg\"><path d=\"M502.3 190.8c3.9-3.1 9.7-.2 9.7 4.7V400c0 26.5-21.5 48-48 48H48c-26.5 0-48-21.5-48-48V195.6c0-5 5.7-7.8 9.7-4.7 22.4 17.4 52.1 39.5 154.1 113.6 21.1 15.4 56.7 47.8 92.2 47.6 35.7.3 72-32.8 92.3-47.6 102-74.1 131.6-96.3 154-113.7zM256 320c23.2.4 56.6-29.2 73.4-41.4 132.7-96.3 142.8-104.7 173.4-128.7 5.8-4.5 9.2-11.5 9.2-18.9v-19c0-26.5-21.5-48-48-48H48C21.5 64 0 85.5 0 112v19c0 7.4 3.4 14.3 9.2 18.9 30.6 23.9 40.7 32.4 173.4 128.7 16.8 12.2 50.2 41.8 73.4 41.4z\"><\/path><\/svg>\t\t\t\t\t\t<\/span>\n\t\t\t\t\t\t\t\t\t\t<span class=\"elementor-icon-list-text\">drazen.lusic@uniri.hr<\/span>\n\t\t\t\t\t\t\t\t\t<\/li>\n\t\t\t\t\t\t<\/ul>\n\t\t\t\t\t\t<\/div>\n\t\t\t\t<\/div>\n\t\t\t\t\t<\/div>\n\t\t\t\t<\/div>\n\t\t<div class=\"elementor-element elementor-element-6d96d38 e-grid e-con-boxed e-con e-parent\" data-id=\"6d96d38\" data-element_type=\"container\" data-e-type=\"container\">\n\t\t\t\t\t<div class=\"e-con-inner\">\n\t\t<div class=\"elementor-element elementor-element-7ca226f e-con-full e-flex e-con e-child\" data-id=\"7ca226f\" data-element_type=\"container\" data-e-type=\"container\">\n\t\t\t\t<div class=\"elementor-element elementor-element-de2d16e elementor-widget elementor-widget-heading\" data-id=\"de2d16e\" data-element_type=\"widget\" data-e-type=\"widget\" data-widget_type=\"heading.default\">\n\t\t\t\t\t<h4 class=\"elementor-heading-title elementor-size-default\">Declara\u00e7\u00f5es<\/h4>\t\t\t\t<\/div>\n\t\t\t\t<div class=\"elementor-element elementor-element-738ee15 elementor-widget elementor-widget-image\" data-id=\"738ee15\" data-element_type=\"widget\" data-e-type=\"widget\" data-widget_type=\"image.default\">\n\t\t\t\t\t\t\t\t\t\t\t\t\t\t\t<img fetchpriority=\"high\" decoding=\"async\" width=\"1098\" height=\"621\" src=\"https:\/\/apimondia.org\/wp-content\/uploads\/2025\/11\/1-1.webp\" class=\"attachment-large size-large wp-image-1029\" alt=\"\" srcset=\"https:\/\/apimondia.org\/wp-content\/uploads\/2025\/11\/1-1.webp 1098w, https:\/\/apimondia.org\/wp-content\/uploads\/2025\/11\/1-1-768x434.webp 768w, https:\/\/apimondia.org\/wp-content\/uploads\/2025\/11\/1-1-18x10.webp 18w\" sizes=\"(max-width: 1098px) 100vw, 1098px\" \/>\t\t\t\t\t\t\t\t\t\t\t\t\t\t\t<\/div>\n\t\t\t\t<div class=\"elementor-element elementor-element-d51b2b2 elementor-icon-list--layout-traditional elementor-list-item-link-full_width elementor-widget elementor-widget-icon-list\" data-id=\"d51b2b2\" data-element_type=\"widget\" data-e-type=\"widget\" data-widget_type=\"icon-list.default\">\n\t\t\t\t\t\t\t<ul class=\"elementor-icon-list-items\">\n\t\t\t\t\t\t\t<li class=\"elementor-icon-list-item\">\n\t\t\t\t\t\t\t\t\t\t\t<a href=\"https:\/\/apimondia.org\/wp-content\/uploads\/2025\/11\/APIMONDIA-STATEMENT-2020-FINAL-VERSION.pdf\">\n\n\t\t\t\t\t\t\t\t\t\t\t\t<span class=\"elementor-icon-list-icon\">\n\t\t\t\t\t\t\t<svg aria-hidden=\"true\" class=\"e-font-icon-svg e-fas-download\" viewbox=\"0 0 512 512\" xmlns=\"http:\/\/www.w3.org\/2000\/svg\"><path d=\"M216 0h80c13.3 0 24 10.7 24 24v168h87.7c17.8 0 26.7 21.5 14.1 34.1L269.7 378.3c-7.5 7.5-19.8 7.5-27.3 0L90.1 226.1c-12.6-12.6-3.7-34.1 14.1-34.1H192V24c0-13.3 10.7-24 24-24zm296 376v112c0 13.3-10.7 24-24 24H24c-13.3 0-24-10.7-24-24V376c0-13.3 10.7-24 24-24h146.7l49 49c20.1 20.1 52.5 20.1 72.6 0l49-49H488c13.3 0 24 10.7 24 24zm-124 88c0-11-9-20-20-20s-20 9-20 20 9 20 20 20 20-9 20-20zm64 0c0-11-9-20-20-20s-20 9-20 20 9 20 20 20 20-9 20-20z\"><\/path><\/svg>\t\t\t\t\t\t<\/span>\n\t\t\t\t\t\t\t\t\t\t<span class=\"elementor-icon-list-text\">Declara\u00e7\u00e3o da Apimondia sobre a fraude no sector do mel<\/span>\n\t\t\t\t\t\t\t\t\t\t\t<\/a>\n\t\t\t\t\t\t\t\t\t<\/li>\n\t\t\t\t\t\t<\/ul>\n\t\t\t\t\t\t<\/div>\n\t\t\t\t<div class=\"elementor-element elementor-element-8f8ddb1 elementor-icon-list--layout-traditional elementor-list-item-link-full_width elementor-widget elementor-widget-icon-list\" data-id=\"8f8ddb1\" data-element_type=\"widget\" data-e-type=\"widget\" data-widget_type=\"icon-list.default\">\n\t\t\t\t\t\t\t<ul class=\"elementor-icon-list-items\">\n\t\t\t\t\t\t\t<li class=\"elementor-icon-list-item\">\n\t\t\t\t\t\t\t\t\t\t\t<a href=\"https:\/\/apimondia.org\/wp-content\/uploads\/2025\/11\/APIMONDIA-STATEMENT-2020-FINAL-VERSION.pdf\">\n\n\t\t\t\t\t\t\t\t\t\t\t\t<span class=\"elementor-icon-list-icon\">\n\t\t\t\t\t\t\t<svg aria-hidden=\"true\" class=\"e-font-icon-svg e-fas-download\" viewbox=\"0 0 512 512\" xmlns=\"http:\/\/www.w3.org\/2000\/svg\"><path d=\"M216 0h80c13.3 0 24 10.7 24 24v168h87.7c17.8 0 26.7 21.5 14.1 34.1L269.7 378.3c-7.5 7.5-19.8 7.5-27.3 0L90.1 226.1c-12.6-12.6-3.7-34.1 14.1-34.1H192V24c0-13.3 10.7-24 24-24zm296 376v112c0 13.3-10.7 24-24 24H24c-13.3 0-24-10.7-24-24V376c0-13.3 10.7-24 24-24h146.7l49 49c20.1 20.1 52.5 20.1 72.6 0l49-49H488c13.3 0 24 10.7 24 24zm-124 88c0-11-9-20-20-20s-20 9-20 20 9 20 20 20 20-9 20-20zm64 0c0-11-9-20-20-20s-20 9-20 20 9 20 20 20 20-9 20-20z\"><\/path><\/svg>\t\t\t\t\t\t<\/span>\n\t\t\t\t\t\t\t\t\t\t<span class=\"elementor-icon-list-text\">Declara\u00e7\u00e3o da Apimondia sobre o processo anti-dumping relativo ao mel<\/span>\n\t\t\t\t\t\t\t\t\t\t\t<\/a>\n\t\t\t\t\t\t\t\t\t<\/li>\n\t\t\t\t\t\t<\/ul>\n\t\t\t\t\t\t<\/div>\n\t\t\t\t<\/div>\n\t\t<div class=\"elementor-element elementor-element-63959ce e-con-full e-flex e-con e-child\" data-id=\"63959ce\" data-element_type=\"container\" data-e-type=\"container\">\n\t\t\t\t<div class=\"elementor-element elementor-element-47894f3 elementor-widget elementor-widget-heading\" data-id=\"47894f3\" data-element_type=\"widget\" data-e-type=\"widget\" data-widget_type=\"heading.default\">\n\t\t\t\t\t<h4 class=\"elementor-heading-title elementor-size-default\">Recursos<\/h4>\t\t\t\t<\/div>\n\t\t\t\t<div class=\"elementor-element elementor-element-f424c93 elementor-widget elementor-widget-image\" data-id=\"f424c93\" data-element_type=\"widget\" data-e-type=\"widget\" data-widget_type=\"image.default\">\n\t\t\t\t\t\t\t\t\t\t\t\t\t\t\t<img decoding=\"async\" width=\"1098\" height=\"619\" src=\"https:\/\/apimondia.org\/wp-content\/uploads\/2025\/11\/2-1.webp\" class=\"attachment-large size-large wp-image-1030\" alt=\"\" srcset=\"https:\/\/apimondia.org\/wp-content\/uploads\/2025\/11\/2-1.webp 1098w, https:\/\/apimondia.org\/wp-content\/uploads\/2025\/11\/2-1-768x433.webp 768w, https:\/\/apimondia.org\/wp-content\/uploads\/2025\/11\/2-1-18x10.webp 18w\" sizes=\"(max-width: 1098px) 100vw, 1098px\" \/>\t\t\t\t\t\t\t\t\t\t\t\t\t\t\t<\/div>\n\t\t\t\t<div class=\"elementor-element elementor-element-d0b0abb elementor-widget elementor-widget-text-editor\" data-id=\"d0b0abb\" data-element_type=\"widget\" data-e-type=\"widget\" data-widget_type=\"text-editor.default\">\n\t\t\t\t\t\t\t\t\t<p><strong>Recursos<\/strong><br \/>Tecnologias e pr\u00e1ticas para pequenos produtores agr\u00edcolas<\/p>\t\t\t\t\t\t\t\t<\/div>\n\t\t\t\t<\/div>\n\t\t\t\t\t<\/div>\n\t\t\t\t<\/div>\n\t\t\t\t<\/div>","protected":false},"excerpt":{"rendered":"<p>Technology and quality Perhaps the greatest challenge for beekeepers is operating in an&nbsp;environment of increasing agricultural intensity negatively impacted by climate change. The landscape for bees is being driven by the dilemma of feeding a growing global population. Never before has the environment for bees become so hostile in so many parts of the world. [&hellip;]<\/p>\n","protected":false},"author":1,"featured_media":0,"parent":10,"menu_order":0,"comment_status":"closed","ping_status":"closed","template":"","meta":{"footnotes":""},"class_list":["post-993","page","type-page","status-publish","hentry"],"aioseo_notices":[],"_links":{"self":[{"href":"https:\/\/apimondia.org\/prt\/wp-json\/wp\/v2\/pages\/993","targetHints":{"allow":["GET"]}}],"collection":[{"href":"https:\/\/apimondia.org\/prt\/wp-json\/wp\/v2\/pages"}],"about":[{"href":"https:\/\/apimondia.org\/prt\/wp-json\/wp\/v2\/types\/page"}],"author":[{"embeddable":true,"href":"https:\/\/apimondia.org\/prt\/wp-json\/wp\/v2\/users\/1"}],"replies":[{"embeddable":true,"href":"https:\/\/apimondia.org\/prt\/wp-json\/wp\/v2\/comments?post=993"}],"version-history":[{"count":19,"href":"https:\/\/apimondia.org\/prt\/wp-json\/wp\/v2\/pages\/993\/revisions"}],"predecessor-version":[{"id":2612,"href":"https:\/\/apimondia.org\/prt\/wp-json\/wp\/v2\/pages\/993\/revisions\/2612"}],"up":[{"embeddable":true,"href":"https:\/\/apimondia.org\/prt\/wp-json\/wp\/v2\/pages\/10"}],"wp:attachment":[{"href":"https:\/\/apimondia.org\/prt\/wp-json\/wp\/v2\/media?parent=993"}],"curies":[{"name":"wp","href":"https:\/\/api.w.org\/{rel}","templated":true}]}}